{"id":12,"date":"2017-12-14T10:14:44","date_gmt":"2017-12-14T09:14:44","guid":{"rendered":"https:\/\/www.qualidanse.fr\/magasin-aubagne\/?page_id=12"},"modified":"2025-01-16T12:18:03","modified_gmt":"2025-01-16T11:18:03","slug":"marques","status":"publish","type":"page","link":"https:\/\/www.qualidanse.fr\/magasin-aubagne\/marques\/","title":{"rendered":"Marques"},"content":{"rendered":"<h2 style=\"text-align: center\"><strong>Dans votre boutique DANSE Aubagne,<\/strong><\/h2>\n<h2 style=\"text-align: center\"><strong> vous trouverez les plus grandes marques de danse<\/strong><\/h2>\n<p>&nbsp;<\/p>\n<p>Notre boutique distribue <strong>les plus grandes marque<\/strong>s du monde de la danse<span style=\"font-size: 1rem\">\u00a0et reste toujours \u00e0 la recherche de nouveaut\u00e9s pour vous offrir le meilleur choix possible.<\/span><\/p>\n<p>Gaynor Minden, Temps Danse, So Dan\u00e7a, Merlet, Degas,\u00a0 Werner Kern et Rosso latino sont des<strong> marques labellis\u00e9es Qualidanse<\/strong> et sont \u00e9videment pr\u00e9sentes dans notre boutique.<\/p>\n<p>DANSE\u00a0 vous propose \u00e9galement d&rsquo;autres grandes marques telles que Bloch, Ballet Rosa, Deha, Wear Moi, Grishko, R Class, Sansha, Artiligne &#8230;pour la danse classique, jazz et contemporain.<\/p>\n<p>Pour les danses \u00e0 deux nous avons choisis pour vous le fait main et le savoir faire artisanal de la marque Rosso Latino. De sublimes cuirs italiens alliant <strong>confort exceptionnel et esth\u00e9tique<\/strong>.<\/p>\n<p>D&rsquo;autres grandes marques comme Capezio, Bullet Pointe, Charles, LidMag, Dance Tech, El petit Ballet sauront vous combler avec une tr\u00e8s large gamme de chaussures, de texile, d\u2019accessoires, cadeaux&#8230;..<\/p>\n<p>La boutique est sensible \u00e0 la<strong> provenance des produits<\/strong> que nous vous proposons. C&rsquo;est pourquoi nous recherchons avant tout des articles fabriqu\u00e9s en France ou du moins dans l&rsquo;union europ\u00e9enne.<\/p>\n<p>Chaque ann\u00e9e, nous participons \u00e0 diff\u00e9rents <strong>salons professionnels<\/strong> dans l&rsquo;optique de trouver sans cesse des nouveaut\u00e9s \u00e0 vous faire d\u00e9couvrir. Cherchant \u00e0 connaitre les derni\u00e8res innovations et\u00a0 l\u2019\u00e9volution des\u00a0 produits existants.<\/p>\n<p>Venez d\u00e9couvrir toutes ces marques dans votre boutique, on vous attends<\/p>\n<p>&nbsp;<\/p>\n","protected":false},"excerpt":{"rendered":"<p>Dans votre boutique DANSE Aubagne, vous trouverez les plus grandes marques de danse &nbsp; Notre boutique distribue les plus grandes marques du monde de la danse\u00a0et reste toujours \u00e0 la [&hellip;]<\/p>\n","protected":false},"author":3,"featured_media":0,"parent":0,"menu_order":15,"comment_status":"closed","ping_status":"closed","template":"template-list-marques.php","meta":{"_acf_changed":false,"footnotes":""},"class_list":["post-12","page","type-page","status-publish","hentry","wp-sticky"],"acf":[],"yoast_head":"<!-- This site is optimized with the Yoast SEO plugin v27.5 - https:\/\/yoast.com\/product\/yoast-seo-wordpress\/ -->\n<title>Marques<\/title>\n<meta name=\"robots\" content=\"index, follow, max-snippet:-1, max-image-preview:large, max-video-preview:-1\" \/>\n<link rel=\"canonical\" href=\"https:\/\/www.qualidanse.fr\/magasin-aubagne\/marques\/\" \/>\n<meta property=\"og:locale\" content=\"fr_FR\" \/>\n<meta property=\"og:type\" content=\"article\" \/>\n<meta property=\"og:title\" content=\"Marques\" \/>\n<meta property=\"og:description\" content=\"Dans votre boutique DANSE Aubagne, vous trouverez les plus grandes marques de danse &nbsp; Notre boutique distribue les plus grandes marques du monde de la danse\u00a0et reste toujours \u00e0 la [&hellip;]\" \/>\n<meta property=\"og:url\" content=\"https:\/\/www.qualidanse.fr\/magasin-aubagne\/marques\/\" \/>\n<meta property=\"og:site_name\" content=\"Danse Aubagne\" \/>\n<meta property=\"article:modified_time\" content=\"2025-01-16T11:18:03+00:00\" \/>\n<meta name=\"twitter:card\" content=\"summary_large_image\" \/>\n<meta name=\"twitter:label1\" content=\"Dur\u00e9e de lecture estim\u00e9e\" \/>\n\t<meta name=\"twitter:data1\" content=\"1 minute\" \/>\n<script type=\"application\/ld+json\" class=\"yoast-schema-graph\">{\"@context\":\"https:\\\/\\\/schema.org\",\"@graph\":[{\"@type\":\"WebPage\",\"@id\":\"https:\\\/\\\/www.qualidanse.fr\\\/magasin-aubagne\\\/marques\\\/\",\"url\":\"https:\\\/\\\/www.qualidanse.fr\\\/magasin-aubagne\\\/marques\\\/\",\"name\":\"Marques\",\"isPartOf\":{\"@id\":\"https:\\\/\\\/www.qualidanse.fr\\\/magasin-aubagne\\\/#website\"},\"datePublished\":\"2017-12-14T09:14:44+00:00\",\"dateModified\":\"2025-01-16T11:18:03+00:00\",\"inLanguage\":\"fr-FR\",\"potentialAction\":[{\"@type\":\"ReadAction\",\"target\":[\"https:\\\/\\\/www.qualidanse.fr\\\/magasin-aubagne\\\/marques\\\/\"]}]},{\"@type\":\"WebSite\",\"@id\":\"https:\\\/\\\/www.qualidanse.fr\\\/magasin-aubagne\\\/#website\",\"url\":\"https:\\\/\\\/www.qualidanse.fr\\\/magasin-aubagne\\\/\",\"name\":\"Danse Aubagne\",\"description\":\"\",\"potentialAction\":[{\"@type\":\"SearchAction\",\"target\":{\"@type\":\"EntryPoint\",\"urlTemplate\":\"https:\\\/\\\/www.qualidanse.fr\\\/magasin-aubagne\\\/?s={search_term_string}\"},\"query-input\":{\"@type\":\"PropertyValueSpecification\",\"valueRequired\":true,\"valueName\":\"search_term_string\"}}],\"inLanguage\":\"fr-FR\"}]}<\/script>\n<!-- \/ Yoast SEO plugin. -->","yoast_head_json":{"title":"Marques","robots":{"index":"index","follow":"follow","max-snippet":"max-snippet:-1","max-image-preview":"max-image-preview:large","max-video-preview":"max-video-preview:-1"},"canonical":"https:\/\/www.qualidanse.fr\/magasin-aubagne\/marques\/","og_locale":"fr_FR","og_type":"article","og_title":"Marques","og_description":"Dans votre boutique DANSE Aubagne, vous trouverez les plus grandes marques de danse &nbsp; Notre boutique distribue les plus grandes marques du monde de la danse\u00a0et reste toujours \u00e0 la [&hellip;]","og_url":"https:\/\/www.qualidanse.fr\/magasin-aubagne\/marques\/","og_site_name":"Danse Aubagne","article_modified_time":"2025-01-16T11:18:03+00:00","twitter_card":"summary_large_image","twitter_misc":{"Dur\u00e9e de lecture estim\u00e9e":"1 minute"},"schema":{"@context":"https:\/\/schema.org","@graph":[{"@type":"WebPage","@id":"https:\/\/www.qualidanse.fr\/magasin-aubagne\/marques\/","url":"https:\/\/www.qualidanse.fr\/magasin-aubagne\/marques\/","name":"Marques","isPartOf":{"@id":"https:\/\/www.qualidanse.fr\/magasin-aubagne\/#website"},"datePublished":"2017-12-14T09:14:44+00:00","dateModified":"2025-01-16T11:18:03+00:00","inLanguage":"fr-FR","potentialAction":[{"@type":"ReadAction","target":["https:\/\/www.qualidanse.fr\/magasin-aubagne\/marques\/"]}]},{"@type":"WebSite","@id":"https:\/\/www.qualidanse.fr\/magasin-aubagne\/#website","url":"https:\/\/www.qualidanse.fr\/magasin-aubagne\/","name":"Danse Aubagne","description":"","potentialAction":[{"@type":"SearchAction","target":{"@type":"EntryPoint","urlTemplate":"https:\/\/www.qualidanse.fr\/magasin-aubagne\/?s={search_term_string}"},"query-input":{"@type":"PropertyValueSpecification","valueRequired":true,"valueName":"search_term_string"}}],"inLanguage":"fr-FR"}]}},"_links":{"self":[{"href":"https:\/\/www.qualidanse.fr\/magasin-aubagne\/wp-json\/wp\/v2\/pages\/12","targetHints":{"allow":["GET"]}}],"collection":[{"href":"https:\/\/www.qualidanse.fr\/magasin-aubagne\/wp-json\/wp\/v2\/pages"}],"about":[{"href":"https:\/\/www.qualidanse.fr\/magasin-aubagne\/wp-json\/wp\/v2\/types\/page"}],"author":[{"embeddable":true,"href":"https:\/\/www.qualidanse.fr\/magasin-aubagne\/wp-json\/wp\/v2\/users\/3"}],"replies":[{"embeddable":true,"href":"https:\/\/www.qualidanse.fr\/magasin-aubagne\/wp-json\/wp\/v2\/comments?post=12"}],"version-history":[{"count":9,"href":"https:\/\/www.qualidanse.fr\/magasin-aubagne\/wp-json\/wp\/v2\/pages\/12\/revisions"}],"predecessor-version":[{"id":480,"href":"https:\/\/www.qualidanse.fr\/magasin-aubagne\/wp-json\/wp\/v2\/pages\/12\/revisions\/480"}],"wp:attachment":[{"href":"https:\/\/www.qualidanse.fr\/magasin-aubagne\/wp-json\/wp\/v2\/media?parent=12"}],"curies":[{"name":"wp","href":"https:\/\/api.w.org\/{rel}","templated":true}]}}