{"id":454,"date":"2024-04-10T18:04:11","date_gmt":"2024-04-10T16:04:11","guid":{"rendered":"https:\/\/www.qualidanse.fr\/magasin-aubagne\/?page_id=454"},"modified":"2025-01-16T13:00:44","modified_gmt":"2025-01-16T12:00:44","slug":"454-2","status":"publish","type":"page","link":"https:\/\/www.qualidanse.fr\/magasin-aubagne\/marques\/454-2\/","title":{"rendered":"WERNER KERN"},"content":{"rendered":"<p><strong>Werner Kern est une soci\u00e9t\u00e9 familiale: <\/strong>L&rsquo;Entreprise cr\u00e9\u00e9e par Monsieur Werner Kern en 1954 qui a \u00e9tait repris par ses enfants est une soci\u00e9t\u00e9 sp\u00e9cialis\u00e9e dans la cr\u00e9ation et la fabrication de chaussures de danse.<\/p>\n<p>Elle propose une jolie gamme de chaussures (et de sneakers) <strong>de danse de salon et sportive.<\/strong><\/p>\n<p>Toutes les chaussures de danse Werner Kern sont manufactur\u00e9es dans leur usine en Italie.<\/p>\n<p>Chez Werner Kern\u00a0 vous trouverez diff\u00e9rentes gammes<strong> avec un large choix de mod\u00e8les femmes et \u00e9galement pour MONSIEUR.<\/strong><\/p>\n<p>Chacun d&rsquo;entre vous trouvera\u00a0 une chaussure id\u00e9ale en rapport \u00e0\u00a0 la morphologie de son pied. Diff\u00e9rentes hauteurs de talons, de 3 \u00e0 8cm, des chaussures \u00e0 bouts ouverts\u00a0 ou ferm\u00e9s et des mod\u00e8les plus ou moins larges. <strong>Tout les mod\u00e8les sont pens\u00e9s pour \u00e9pouser au mieux les pieds des danseuses et des danseurs.<\/strong><\/p>\n<p>Werner Kern propose des chaussures de danse tr\u00e8s confortables notamment avec leur\u00a0 ligne sp\u00e9ciale \u2018<strong>confort<\/strong>\u2019 pr\u00e9sentant une semelle pr\u00e9form\u00e9e. Elles sont confectionn\u00e9es dans des cuirs italiens de tr\u00e8s grande qualit\u00e9.<\/p>\n<p>On aime:<\/p>\n<ul>\n<li>le tr\u00e8s grand confort des chaussures,<\/li>\n<li>la capacit\u00e9 \u00e0 tr\u00e8s bien chausser des chaussures,<\/li>\n<li>la facilit\u00e9 de commande d\u2019un mod\u00e8le non pr\u00e9sent en magasin<\/li>\n<\/ul>\n<p><img decoding=\"async\" src=\"https:\/\/www.qualidanse.fr\/wp-inside\/uploads\/sites\/17\/2024\/04\/francis_65_suede_black_c-270x300.jpg\" class=\"aligncenter\" \/><\/p>\n<p>&nbsp;<\/p>\n<p>Il propose aussi une tr\u00e8s joli gamme de chaussure <strong>ANNA KERN<\/strong> alliant confort et qualit\u00e9 \u00e0 des prix tout doux.<\/p>\n<p>&nbsp;<\/p>\n<p>&nbsp;<\/p>\n","protected":false},"excerpt":{"rendered":"<p>Werner Kern est une soci\u00e9t\u00e9 familiale: L&rsquo;Entreprise cr\u00e9\u00e9e par Monsieur Werner Kern en 1954 qui a \u00e9tait repris par ses enfants est une soci\u00e9t\u00e9 sp\u00e9cialis\u00e9e dans la cr\u00e9ation et la [&hellip;]<\/p>\n","protected":false},"author":18,"featured_media":0,"parent":12,"menu_order":0,"comment_status":"closed","ping_status":"closed","template":"template-page-marque.php","meta":{"_acf_changed":false,"footnotes":""},"class_list":["post-454","page","type-page","status-publish","hentry","wp-sticky"],"acf":[],"yoast_head":"<!-- This site is optimized with the Yoast SEO plugin v27.4 - https:\/\/yoast.com\/product\/yoast-seo-wordpress\/ -->\n<title>WERNER KERN<\/title>\n<meta name=\"robots\" content=\"index, follow, max-snippet:-1, max-image-preview:large, max-video-preview:-1\" \/>\n<link rel=\"canonical\" href=\"https:\/\/www.qualidanse.fr\/magasin-aubagne\/marques\/454-2\/\" \/>\n<meta property=\"og:locale\" content=\"fr_FR\" \/>\n<meta property=\"og:type\" content=\"article\" \/>\n<meta property=\"og:title\" content=\"WERNER KERN\" \/>\n<meta property=\"og:description\" content=\"Werner Kern est une soci\u00e9t\u00e9 familiale: L&rsquo;Entreprise cr\u00e9\u00e9e par Monsieur Werner Kern en 1954 qui a \u00e9tait repris par ses enfants est une soci\u00e9t\u00e9 sp\u00e9cialis\u00e9e dans la cr\u00e9ation et la [&hellip;]\" \/>\n<meta property=\"og:url\" content=\"https:\/\/www.qualidanse.fr\/magasin-aubagne\/marques\/454-2\/\" \/>\n<meta property=\"og:site_name\" content=\"Danse Aubagne\" \/>\n<meta property=\"article:modified_time\" content=\"2025-01-16T12:00:44+00:00\" \/>\n<meta property=\"og:image\" content=\"https:\/\/www.qualidanse.fr\/wp-inside\/uploads\/sites\/17\/2024\/04\/francis_65_suede_black_c-270x300.jpg\" \/>\n<meta name=\"twitter:card\" content=\"summary_large_image\" \/>\n<meta name=\"twitter:label1\" content=\"Dur\u00e9e de lecture estim\u00e9e\" \/>\n\t<meta name=\"twitter:data1\" content=\"1 minute\" \/>\n<script type=\"application\/ld+json\" class=\"yoast-schema-graph\">{\"@context\":\"https:\\\/\\\/schema.org\",\"@graph\":[{\"@type\":\"WebPage\",\"@id\":\"https:\\\/\\\/www.qualidanse.fr\\\/magasin-aubagne\\\/marques\\\/454-2\\\/\",\"url\":\"https:\\\/\\\/www.qualidanse.fr\\\/magasin-aubagne\\\/marques\\\/454-2\\\/\",\"name\":\"WERNER KERN\",\"isPartOf\":{\"@id\":\"https:\\\/\\\/www.qualidanse.fr\\\/magasin-aubagne\\\/#website\"},\"primaryImageOfPage\":{\"@id\":\"https:\\\/\\\/www.qualidanse.fr\\\/magasin-aubagne\\\/marques\\\/454-2\\\/#primaryimage\"},\"image\":{\"@id\":\"https:\\\/\\\/www.qualidanse.fr\\\/magasin-aubagne\\\/marques\\\/454-2\\\/#primaryimage\"},\"thumbnailUrl\":\"https:\\\/\\\/www.qualidanse.fr\\\/wp-inside\\\/uploads\\\/sites\\\/17\\\/2024\\\/04\\\/francis_65_suede_black_c-270x300.jpg\",\"datePublished\":\"2024-04-10T16:04:11+00:00\",\"dateModified\":\"2025-01-16T12:00:44+00:00\",\"breadcrumb\":{\"@id\":\"https:\\\/\\\/www.qualidanse.fr\\\/magasin-aubagne\\\/marques\\\/454-2\\\/#breadcrumb\"},\"inLanguage\":\"fr-FR\",\"potentialAction\":[{\"@type\":\"ReadAction\",\"target\":[\"https:\\\/\\\/www.qualidanse.fr\\\/magasin-aubagne\\\/marques\\\/454-2\\\/\"]}]},{\"@type\":\"ImageObject\",\"inLanguage\":\"fr-FR\",\"@id\":\"https:\\\/\\\/www.qualidanse.fr\\\/magasin-aubagne\\\/marques\\\/454-2\\\/#primaryimage\",\"url\":\"https:\\\/\\\/www.qualidanse.fr\\\/wp-inside\\\/uploads\\\/sites\\\/17\\\/2024\\\/04\\\/francis_65_suede_black_c-270x300.jpg\",\"contentUrl\":\"https:\\\/\\\/www.qualidanse.fr\\\/wp-inside\\\/uploads\\\/sites\\\/17\\\/2024\\\/04\\\/francis_65_suede_black_c-270x300.jpg\"},{\"@type\":\"BreadcrumbList\",\"@id\":\"https:\\\/\\\/www.qualidanse.fr\\\/magasin-aubagne\\\/marques\\\/454-2\\\/#breadcrumb\",\"itemListElement\":[{\"@type\":\"ListItem\",\"position\":1,\"name\":\"Marques\",\"item\":\"https:\\\/\\\/www.qualidanse.fr\\\/magasin-aubagne\\\/marques\\\/\"},{\"@type\":\"ListItem\",\"position\":2,\"name\":\"WERNER KERN\"}]},{\"@type\":\"WebSite\",\"@id\":\"https:\\\/\\\/www.qualidanse.fr\\\/magasin-aubagne\\\/#website\",\"url\":\"https:\\\/\\\/www.qualidanse.fr\\\/magasin-aubagne\\\/\",\"name\":\"Danse Aubagne\",\"description\":\"\",\"potentialAction\":[{\"@type\":\"SearchAction\",\"target\":{\"@type\":\"EntryPoint\",\"urlTemplate\":\"https:\\\/\\\/www.qualidanse.fr\\\/magasin-aubagne\\\/?s={search_term_string}\"},\"query-input\":{\"@type\":\"PropertyValueSpecification\",\"valueRequired\":true,\"valueName\":\"search_term_string\"}}],\"inLanguage\":\"fr-FR\"}]}<\/script>\n<!-- \/ Yoast SEO plugin. -->","yoast_head_json":{"title":"WERNER KERN","robots":{"index":"index","follow":"follow","max-snippet":"max-snippet:-1","max-image-preview":"max-image-preview:large","max-video-preview":"max-video-preview:-1"},"canonical":"https:\/\/www.qualidanse.fr\/magasin-aubagne\/marques\/454-2\/","og_locale":"fr_FR","og_type":"article","og_title":"WERNER KERN","og_description":"Werner Kern est une soci\u00e9t\u00e9 familiale: L&rsquo;Entreprise cr\u00e9\u00e9e par Monsieur Werner Kern en 1954 qui a \u00e9tait repris par ses enfants est une soci\u00e9t\u00e9 sp\u00e9cialis\u00e9e dans la cr\u00e9ation et la [&hellip;]","og_url":"https:\/\/www.qualidanse.fr\/magasin-aubagne\/marques\/454-2\/","og_site_name":"Danse Aubagne","article_modified_time":"2025-01-16T12:00:44+00:00","og_image":[{"url":"https:\/\/www.qualidanse.fr\/wp-inside\/uploads\/sites\/17\/2024\/04\/francis_65_suede_black_c-270x300.jpg","type":"","width":"","height":""}],"twitter_card":"summary_large_image","twitter_misc":{"Dur\u00e9e de lecture estim\u00e9e":"1 minute"},"schema":{"@context":"https:\/\/schema.org","@graph":[{"@type":"WebPage","@id":"https:\/\/www.qualidanse.fr\/magasin-aubagne\/marques\/454-2\/","url":"https:\/\/www.qualidanse.fr\/magasin-aubagne\/marques\/454-2\/","name":"WERNER KERN","isPartOf":{"@id":"https:\/\/www.qualidanse.fr\/magasin-aubagne\/#website"},"primaryImageOfPage":{"@id":"https:\/\/www.qualidanse.fr\/magasin-aubagne\/marques\/454-2\/#primaryimage"},"image":{"@id":"https:\/\/www.qualidanse.fr\/magasin-aubagne\/marques\/454-2\/#primaryimage"},"thumbnailUrl":"https:\/\/www.qualidanse.fr\/wp-inside\/uploads\/sites\/17\/2024\/04\/francis_65_suede_black_c-270x300.jpg","datePublished":"2024-04-10T16:04:11+00:00","dateModified":"2025-01-16T12:00:44+00:00","breadcrumb":{"@id":"https:\/\/www.qualidanse.fr\/magasin-aubagne\/marques\/454-2\/#breadcrumb"},"inLanguage":"fr-FR","potentialAction":[{"@type":"ReadAction","target":["https:\/\/www.qualidanse.fr\/magasin-aubagne\/marques\/454-2\/"]}]},{"@type":"ImageObject","inLanguage":"fr-FR","@id":"https:\/\/www.qualidanse.fr\/magasin-aubagne\/marques\/454-2\/#primaryimage","url":"https:\/\/www.qualidanse.fr\/wp-inside\/uploads\/sites\/17\/2024\/04\/francis_65_suede_black_c-270x300.jpg","contentUrl":"https:\/\/www.qualidanse.fr\/wp-inside\/uploads\/sites\/17\/2024\/04\/francis_65_suede_black_c-270x300.jpg"},{"@type":"BreadcrumbList","@id":"https:\/\/www.qualidanse.fr\/magasin-aubagne\/marques\/454-2\/#breadcrumb","itemListElement":[{"@type":"ListItem","position":1,"name":"Marques","item":"https:\/\/www.qualidanse.fr\/magasin-aubagne\/marques\/"},{"@type":"ListItem","position":2,"name":"WERNER KERN"}]},{"@type":"WebSite","@id":"https:\/\/www.qualidanse.fr\/magasin-aubagne\/#website","url":"https:\/\/www.qualidanse.fr\/magasin-aubagne\/","name":"Danse Aubagne","description":"","potentialAction":[{"@type":"SearchAction","target":{"@type":"EntryPoint","urlTemplate":"https:\/\/www.qualidanse.fr\/magasin-aubagne\/?s={search_term_string}"},"query-input":{"@type":"PropertyValueSpecification","valueRequired":true,"valueName":"search_term_string"}}],"inLanguage":"fr-FR"}]}},"_links":{"self":[{"href":"https:\/\/www.qualidanse.fr\/magasin-aubagne\/wp-json\/wp\/v2\/pages\/454","targetHints":{"allow":["GET"]}}],"collection":[{"href":"https:\/\/www.qualidanse.fr\/magasin-aubagne\/wp-json\/wp\/v2\/pages"}],"about":[{"href":"https:\/\/www.qualidanse.fr\/magasin-aubagne\/wp-json\/wp\/v2\/types\/page"}],"author":[{"embeddable":true,"href":"https:\/\/www.qualidanse.fr\/magasin-aubagne\/wp-json\/wp\/v2\/users\/18"}],"replies":[{"embeddable":true,"href":"https:\/\/www.qualidanse.fr\/magasin-aubagne\/wp-json\/wp\/v2\/comments?post=454"}],"version-history":[{"count":4,"href":"https:\/\/www.qualidanse.fr\/magasin-aubagne\/wp-json\/wp\/v2\/pages\/454\/revisions"}],"predecessor-version":[{"id":493,"href":"https:\/\/www.qualidanse.fr\/magasin-aubagne\/wp-json\/wp\/v2\/pages\/454\/revisions\/493"}],"up":[{"embeddable":true,"href":"https:\/\/www.qualidanse.fr\/magasin-aubagne\/wp-json\/wp\/v2\/pages\/12"}],"wp:attachment":[{"href":"https:\/\/www.qualidanse.fr\/magasin-aubagne\/wp-json\/wp\/v2\/media?parent=454"}],"curies":[{"name":"wp","href":"https:\/\/api.w.org\/{rel}","templated":true}]}}