{"id":11,"date":"2017-10-10T14:15:55","date_gmt":"2017-10-10T12:15:55","guid":{"rendered":"https:\/\/www.qualidanse.fr\/biarritz-danse\/?page_id=11"},"modified":"2024-06-17T15:18:44","modified_gmt":"2024-06-17T13:18:44","slug":"marques","status":"publish","type":"page","link":"https:\/\/www.qualidanse.fr\/magasin-biarritz\/marques\/","title":{"rendered":"Marques"},"content":{"rendered":"<p>&nbsp;<\/p>\n<p>&nbsp;<\/p>\n<h2 style=\"text-align: center\">BIARRITZ DANSE, LES MARQUES<\/h2>\n<p><img decoding=\"async\" src=\"https:\/\/www.qualidanse.fr\/wp-inside\/uploads\/sites\/5\/2019\/06\/etiq-3-300x225.jpg\" class=\"size-medium aligncenter\" \/>Biarritz Danse vous fait d\u00e9couvrir les plus grandes marques de danse, et une s\u00e9lection d&rsquo;articles de danse de qualit\u00e9. Nous s\u00e9lectionnons pour vous, des articles de Danse, dont nous avons l&rsquo;assurance de leurs qualit\u00e9s, c&rsquo;est pourquoi nous distribuons plusieurs marques aupr\u00e8s desquelles nous faisons notre propre s\u00e9lection de produits pour vous.<\/p>\n<p>Vous dansez, c&rsquo;est aussi notre passion, alors nous exigeons le meilleur pour tous les danseurs.<\/p>\n<h2>. LES MARQUES LABELLISEES QUALIDANSE<\/h2>\n<p>Biarritz Danse, vous propose les produits des <strong>marques labellis\u00e9es Qualidanse<\/strong>, Dansez Vous, Degas, Gaynor Minden, Merlet, So Dan\u00e7a,Temps Danse.<\/p>\n<p>Ces marques sont des partenaires dans notre r\u00e9seau Qualidanse.<\/p>\n<h2>.LES AUTRES MARQUES CHEZ BIARRITZ DANSE<\/h2>\n<p>Notre devoir en tant que professionnels, est de vous proposer le meilleur de chacune des marques de Danse, c&rsquo;est pourquoi nos partenaires sont aussi les marques Ballet Rosa, Repetto, Grishko, Bloch, Capezio, Bunheads, Mirella, Rosso Latino, Wear Moi, Mikelart&#8230;<\/p>\n<p>Tous les ans, nous souhaitons conna\u00eetre les<strong> \u00e9volutions<\/strong> et <strong>nouveaut\u00e9s<\/strong> de chaque marque, afin de vous faire b\u00e9n\u00e9ficier du meilleur du march\u00e9 de la Danse.<\/p>\n<p>Faites nous confiance, notre choiX r\u00e9pond \u00e0 vos besoins et attentes des professeurs\u00a0 et professionnels.<\/p>\n","protected":false},"excerpt":{"rendered":"<p>&nbsp; &nbsp; BIARRITZ DANSE, LES MARQUES Biarritz Danse vous fait d\u00e9couvrir les plus grandes marques de danse, et une s\u00e9lection d&rsquo;articles de danse de qualit\u00e9. Nous s\u00e9lectionnons pour vous, des [&hellip;]<\/p>\n","protected":false},"author":19,"featured_media":0,"parent":0,"menu_order":20,"comment_status":"closed","ping_status":"closed","template":"template-list-marques.php","meta":{"_acf_changed":false,"footnotes":""},"class_list":["post-11","page","type-page","status-publish","hentry","wp-sticky"],"acf":[],"yoast_head":"<!-- This site is optimized with the Yoast SEO plugin v27.5 - https:\/\/yoast.com\/product\/yoast-seo-wordpress\/ -->\n<title>Marques<\/title>\n<meta name=\"robots\" content=\"index, follow, max-snippet:-1, max-image-preview:large, max-video-preview:-1\" \/>\n<link rel=\"canonical\" href=\"https:\/\/www.qualidanse.fr\/magasin-biarritz\/marques\/\" \/>\n<meta property=\"og:locale\" content=\"fr_FR\" \/>\n<meta property=\"og:type\" content=\"article\" \/>\n<meta property=\"og:title\" content=\"Marques\" \/>\n<meta property=\"og:description\" content=\"&nbsp; &nbsp; BIARRITZ DANSE, LES MARQUES Biarritz Danse vous fait d\u00e9couvrir les plus grandes marques de danse, et une s\u00e9lection d&rsquo;articles de danse de qualit\u00e9. Nous s\u00e9lectionnons pour vous, des [&hellip;]\" \/>\n<meta property=\"og:url\" content=\"https:\/\/www.qualidanse.fr\/magasin-biarritz\/marques\/\" \/>\n<meta property=\"og:site_name\" content=\"Biarritz Danse\" \/>\n<meta property=\"article:modified_time\" content=\"2024-06-17T13:18:44+00:00\" \/>\n<meta property=\"og:image\" content=\"https:\/\/www.qualidanse.fr\/wp-inside\/uploads\/sites\/5\/2019\/06\/etiq-3-300x225.jpg\" \/>\n<meta name=\"twitter:card\" content=\"summary_large_image\" \/>\n<meta name=\"twitter:label1\" content=\"Dur\u00e9e de lecture estim\u00e9e\" \/>\n\t<meta name=\"twitter:data1\" content=\"1 minute\" \/>\n<script type=\"application\/ld+json\" class=\"yoast-schema-graph\">{\"@context\":\"https:\\\/\\\/schema.org\",\"@graph\":[{\"@type\":\"WebPage\",\"@id\":\"https:\\\/\\\/www.qualidanse.fr\\\/magasin-biarritz\\\/marques\\\/\",\"url\":\"https:\\\/\\\/www.qualidanse.fr\\\/magasin-biarritz\\\/marques\\\/\",\"name\":\"Marques\",\"isPartOf\":{\"@id\":\"https:\\\/\\\/www.qualidanse.fr\\\/magasin-biarritz\\\/#website\"},\"primaryImageOfPage\":{\"@id\":\"https:\\\/\\\/www.qualidanse.fr\\\/magasin-biarritz\\\/marques\\\/#primaryimage\"},\"image\":{\"@id\":\"https:\\\/\\\/www.qualidanse.fr\\\/magasin-biarritz\\\/marques\\\/#primaryimage\"},\"thumbnailUrl\":\"https:\\\/\\\/www.qualidanse.fr\\\/wp-inside\\\/uploads\\\/sites\\\/5\\\/2019\\\/06\\\/etiq-3-300x225.jpg\",\"datePublished\":\"2017-10-10T12:15:55+00:00\",\"dateModified\":\"2024-06-17T13:18:44+00:00\",\"inLanguage\":\"fr-FR\",\"potentialAction\":[{\"@type\":\"ReadAction\",\"target\":[\"https:\\\/\\\/www.qualidanse.fr\\\/magasin-biarritz\\\/marques\\\/\"]}]},{\"@type\":\"ImageObject\",\"inLanguage\":\"fr-FR\",\"@id\":\"https:\\\/\\\/www.qualidanse.fr\\\/magasin-biarritz\\\/marques\\\/#primaryimage\",\"url\":\"https:\\\/\\\/www.qualidanse.fr\\\/wp-inside\\\/uploads\\\/sites\\\/5\\\/2019\\\/06\\\/etiq-3-300x225.jpg\",\"contentUrl\":\"https:\\\/\\\/www.qualidanse.fr\\\/wp-inside\\\/uploads\\\/sites\\\/5\\\/2019\\\/06\\\/etiq-3-300x225.jpg\"},{\"@type\":\"WebSite\",\"@id\":\"https:\\\/\\\/www.qualidanse.fr\\\/magasin-biarritz\\\/#website\",\"url\":\"https:\\\/\\\/www.qualidanse.fr\\\/magasin-biarritz\\\/\",\"name\":\"Biarritz Danse\",\"description\":\"\",\"potentialAction\":[{\"@type\":\"SearchAction\",\"target\":{\"@type\":\"EntryPoint\",\"urlTemplate\":\"https:\\\/\\\/www.qualidanse.fr\\\/magasin-biarritz\\\/?s={search_term_string}\"},\"query-input\":{\"@type\":\"PropertyValueSpecification\",\"valueRequired\":true,\"valueName\":\"search_term_string\"}}],\"inLanguage\":\"fr-FR\"}]}<\/script>\n<!-- \/ Yoast SEO plugin. -->","yoast_head_json":{"title":"Marques","robots":{"index":"index","follow":"follow","max-snippet":"max-snippet:-1","max-image-preview":"max-image-preview:large","max-video-preview":"max-video-preview:-1"},"canonical":"https:\/\/www.qualidanse.fr\/magasin-biarritz\/marques\/","og_locale":"fr_FR","og_type":"article","og_title":"Marques","og_description":"&nbsp; &nbsp; BIARRITZ DANSE, LES MARQUES Biarritz Danse vous fait d\u00e9couvrir les plus grandes marques de danse, et une s\u00e9lection d&rsquo;articles de danse de qualit\u00e9. Nous s\u00e9lectionnons pour vous, des [&hellip;]","og_url":"https:\/\/www.qualidanse.fr\/magasin-biarritz\/marques\/","og_site_name":"Biarritz Danse","article_modified_time":"2024-06-17T13:18:44+00:00","og_image":[{"url":"https:\/\/www.qualidanse.fr\/wp-inside\/uploads\/sites\/5\/2019\/06\/etiq-3-300x225.jpg","type":"","width":"","height":""}],"twitter_card":"summary_large_image","twitter_misc":{"Dur\u00e9e de lecture estim\u00e9e":"1 minute"},"schema":{"@context":"https:\/\/schema.org","@graph":[{"@type":"WebPage","@id":"https:\/\/www.qualidanse.fr\/magasin-biarritz\/marques\/","url":"https:\/\/www.qualidanse.fr\/magasin-biarritz\/marques\/","name":"Marques","isPartOf":{"@id":"https:\/\/www.qualidanse.fr\/magasin-biarritz\/#website"},"primaryImageOfPage":{"@id":"https:\/\/www.qualidanse.fr\/magasin-biarritz\/marques\/#primaryimage"},"image":{"@id":"https:\/\/www.qualidanse.fr\/magasin-biarritz\/marques\/#primaryimage"},"thumbnailUrl":"https:\/\/www.qualidanse.fr\/wp-inside\/uploads\/sites\/5\/2019\/06\/etiq-3-300x225.jpg","datePublished":"2017-10-10T12:15:55+00:00","dateModified":"2024-06-17T13:18:44+00:00","inLanguage":"fr-FR","potentialAction":[{"@type":"ReadAction","target":["https:\/\/www.qualidanse.fr\/magasin-biarritz\/marques\/"]}]},{"@type":"ImageObject","inLanguage":"fr-FR","@id":"https:\/\/www.qualidanse.fr\/magasin-biarritz\/marques\/#primaryimage","url":"https:\/\/www.qualidanse.fr\/wp-inside\/uploads\/sites\/5\/2019\/06\/etiq-3-300x225.jpg","contentUrl":"https:\/\/www.qualidanse.fr\/wp-inside\/uploads\/sites\/5\/2019\/06\/etiq-3-300x225.jpg"},{"@type":"WebSite","@id":"https:\/\/www.qualidanse.fr\/magasin-biarritz\/#website","url":"https:\/\/www.qualidanse.fr\/magasin-biarritz\/","name":"Biarritz Danse","description":"","potentialAction":[{"@type":"SearchAction","target":{"@type":"EntryPoint","urlTemplate":"https:\/\/www.qualidanse.fr\/magasin-biarritz\/?s={search_term_string}"},"query-input":{"@type":"PropertyValueSpecification","valueRequired":true,"valueName":"search_term_string"}}],"inLanguage":"fr-FR"}]}},"_links":{"self":[{"href":"https:\/\/www.qualidanse.fr\/magasin-biarritz\/wp-json\/wp\/v2\/pages\/11","targetHints":{"allow":["GET"]}}],"collection":[{"href":"https:\/\/www.qualidanse.fr\/magasin-biarritz\/wp-json\/wp\/v2\/pages"}],"about":[{"href":"https:\/\/www.qualidanse.fr\/magasin-biarritz\/wp-json\/wp\/v2\/types\/page"}],"author":[{"embeddable":true,"href":"https:\/\/www.qualidanse.fr\/magasin-biarritz\/wp-json\/wp\/v2\/users\/19"}],"replies":[{"embeddable":true,"href":"https:\/\/www.qualidanse.fr\/magasin-biarritz\/wp-json\/wp\/v2\/comments?post=11"}],"version-history":[{"count":7,"href":"https:\/\/www.qualidanse.fr\/magasin-biarritz\/wp-json\/wp\/v2\/pages\/11\/revisions"}],"predecessor-version":[{"id":226,"href":"https:\/\/www.qualidanse.fr\/magasin-biarritz\/wp-json\/wp\/v2\/pages\/11\/revisions\/226"}],"wp:attachment":[{"href":"https:\/\/www.qualidanse.fr\/magasin-biarritz\/wp-json\/wp\/v2\/media?parent=11"}],"curies":[{"name":"wp","href":"https:\/\/api.w.org\/{rel}","templated":true}]}}