{"id":218,"date":"2019-06-10T11:00:00","date_gmt":"2019-06-10T09:00:00","guid":{"rendered":"https:\/\/www.qualidanse.fr\/magasin-biarritz\/?page_id=218"},"modified":"2019-06-11T15:36:02","modified_gmt":"2019-06-11T13:36:02","slug":"grishko","status":"publish","type":"page","link":"https:\/\/www.qualidanse.fr\/magasin-biarritz\/marques\/grishko\/","title":{"rendered":"GRISHKO"},"content":{"rendered":"<p><img decoding=\"async\" src=\"https:\/\/www.qualidanse.fr\/wp-inside\/uploads\/sites\/5\/2017\/10\/logo-marque-grishko.png\" alt=\"logo marque Grishko\" class=\"size-full aligncenter\" \/><\/p>\n<p><img decoding=\"async\" src=\"https:\/\/www.qualidanse.fr\/wp-inside\/uploads\/sites\/5\/2019\/06\/justaucorps-mancheslonguesgrishko-215x300.jpg\" class=\"size-medium aligncenter\" \/><\/p>\n<p>La marque Grishko, a \u00e9t\u00e9 cr\u00e9\u00e9e en 1988 \u00e0 Moscou en Russie, par Monsieur Nikolay Grishko.<\/p>\n<p>Biarritz Danse est le premier magasin en France a distribu\u00e9 les<a href=\"http:\/\/www.biarritzdanse.com\/index.php?id_category=3&amp;controller=category\"><strong> pointes Grishko<\/strong><\/a> en 2002.<\/p>\n<p>D\u00e9j\u00e0 18 ans, que nous proposons la<strong> large gamme de\u00a0 pointes Grishko <\/strong>qui permet de r\u00e9pondre aux attentes des danseuses et des professeurs.<\/p>\n<p><img decoding=\"async\" src=\"https:\/\/www.qualidanse.fr\/wp-inside\/uploads\/sites\/5\/2019\/02\/qualidanse-biarritz-danse-photo-08.jpg\" class=\"size-full alignleft\" \/><\/p>\n<p>&nbsp;<\/p>\n<p>Que vous soyez une danseuse d\u00e9butant les pointes ou une danseuse confirm\u00e9e ou professionnelle, Biarritz Danse a le mod\u00e8le pour vous chausser.<\/p>\n<p>Tout au long de l&rsquo;ann\u00e9e, Biarritz Danse dispose d&rsquo;un<strong> stock tr\u00e8s important<\/strong> pour que vous ne soyez jamais en rupture de votre mod\u00e8le de pointes.<b><\/b><\/p>\n<p>&nbsp;<\/p>\n<p>&nbsp;<\/p>\n<p>&nbsp;<\/p>\n<p><img decoding=\"async\" src=\"https:\/\/www.qualidanse.fr\/wp-inside\/uploads\/sites\/5\/2019\/06\/justaucorps-grishko-212x300.jpg\" class=\"size-medium alignleft\" \/><\/p>\n<p>&nbsp;<\/p>\n<p>Dans un deuxi\u00e8me temps, le textile est entr\u00e9 chez Grishko, avec notamment la <strong>Collection Bolshoi Stars<\/strong>, avec des <strong>justaucorps<\/strong> de qualit\u00e9 irr\u00e9prochable et au design incroyable.<\/p>\n<p>Venez d\u00e9couvrir les nouvelles collections d\u00e8s le mois de Juillet chez Biarritz Danse.<\/p>\n","protected":false},"excerpt":{"rendered":"<p>La marque Grishko, a \u00e9t\u00e9 cr\u00e9\u00e9e en 1988 \u00e0 Moscou en Russie, par Monsieur Nikolay Grishko. Biarritz Danse est le premier magasin en France a distribu\u00e9 les pointes Grishko en [&hellip;]<\/p>\n","protected":false},"author":6,"featured_media":0,"parent":11,"menu_order":7,"comment_status":"closed","ping_status":"closed","template":"template-page-marque.php","meta":{"_acf_changed":false,"footnotes":""},"class_list":["post-218","page","type-page","status-publish","hentry","wp-sticky"],"acf":[],"yoast_head":"<!-- This site is optimized with the Yoast SEO plugin v27.5 - https:\/\/yoast.com\/product\/yoast-seo-wordpress\/ -->\n<title>GRISHKO<\/title>\n<meta name=\"robots\" content=\"index, follow, max-snippet:-1, max-image-preview:large, max-video-preview:-1\" \/>\n<link rel=\"canonical\" href=\"https:\/\/www.qualidanse.fr\/magasin-biarritz\/marques\/grishko\/\" \/>\n<meta property=\"og:locale\" content=\"fr_FR\" \/>\n<meta property=\"og:type\" content=\"article\" \/>\n<meta property=\"og:title\" content=\"GRISHKO\" \/>\n<meta property=\"og:description\" content=\"La marque Grishko, a \u00e9t\u00e9 cr\u00e9\u00e9e en 1988 \u00e0 Moscou en Russie, par Monsieur Nikolay Grishko. Biarritz Danse est le premier magasin en France a distribu\u00e9 les pointes Grishko en [&hellip;]\" \/>\n<meta property=\"og:url\" content=\"https:\/\/www.qualidanse.fr\/magasin-biarritz\/marques\/grishko\/\" \/>\n<meta property=\"og:site_name\" content=\"Biarritz Danse\" \/>\n<meta property=\"article:modified_time\" content=\"2019-06-11T13:36:02+00:00\" \/>\n<meta property=\"og:image\" content=\"https:\/\/www.qualidanse.fr\/wp-inside\/uploads\/sites\/5\/2017\/10\/logo-marque-grishko.png\" \/>\n<meta name=\"twitter:card\" content=\"summary_large_image\" \/>\n<meta name=\"twitter:label1\" content=\"Dur\u00e9e de lecture estim\u00e9e\" \/>\n\t<meta name=\"twitter:data1\" content=\"1 minute\" \/>\n<script type=\"application\/ld+json\" class=\"yoast-schema-graph\">{\"@context\":\"https:\\\/\\\/schema.org\",\"@graph\":[{\"@type\":\"WebPage\",\"@id\":\"https:\\\/\\\/www.qualidanse.fr\\\/magasin-biarritz\\\/marques\\\/grishko\\\/\",\"url\":\"https:\\\/\\\/www.qualidanse.fr\\\/magasin-biarritz\\\/marques\\\/grishko\\\/\",\"name\":\"GRISHKO\",\"isPartOf\":{\"@id\":\"https:\\\/\\\/www.qualidanse.fr\\\/magasin-biarritz\\\/#website\"},\"primaryImageOfPage\":{\"@id\":\"https:\\\/\\\/www.qualidanse.fr\\\/magasin-biarritz\\\/marques\\\/grishko\\\/#primaryimage\"},\"image\":{\"@id\":\"https:\\\/\\\/www.qualidanse.fr\\\/magasin-biarritz\\\/marques\\\/grishko\\\/#primaryimage\"},\"thumbnailUrl\":\"https:\\\/\\\/www.qualidanse.fr\\\/wp-inside\\\/uploads\\\/sites\\\/5\\\/2017\\\/10\\\/logo-marque-grishko.png\",\"datePublished\":\"2019-06-10T09:00:00+00:00\",\"dateModified\":\"2019-06-11T13:36:02+00:00\",\"breadcrumb\":{\"@id\":\"https:\\\/\\\/www.qualidanse.fr\\\/magasin-biarritz\\\/marques\\\/grishko\\\/#breadcrumb\"},\"inLanguage\":\"fr-FR\",\"potentialAction\":[{\"@type\":\"ReadAction\",\"target\":[\"https:\\\/\\\/www.qualidanse.fr\\\/magasin-biarritz\\\/marques\\\/grishko\\\/\"]}]},{\"@type\":\"ImageObject\",\"inLanguage\":\"fr-FR\",\"@id\":\"https:\\\/\\\/www.qualidanse.fr\\\/magasin-biarritz\\\/marques\\\/grishko\\\/#primaryimage\",\"url\":\"https:\\\/\\\/www.qualidanse.fr\\\/wp-inside\\\/uploads\\\/sites\\\/5\\\/2017\\\/10\\\/logo-marque-grishko.png\",\"contentUrl\":\"https:\\\/\\\/www.qualidanse.fr\\\/wp-inside\\\/uploads\\\/sites\\\/5\\\/2017\\\/10\\\/logo-marque-grishko.png\"},{\"@type\":\"BreadcrumbList\",\"@id\":\"https:\\\/\\\/www.qualidanse.fr\\\/magasin-biarritz\\\/marques\\\/grishko\\\/#breadcrumb\",\"itemListElement\":[{\"@type\":\"ListItem\",\"position\":1,\"name\":\"Marques\",\"item\":\"https:\\\/\\\/www.qualidanse.fr\\\/magasin-biarritz\\\/marques\\\/\"},{\"@type\":\"ListItem\",\"position\":2,\"name\":\"GRISHKO\"}]},{\"@type\":\"WebSite\",\"@id\":\"https:\\\/\\\/www.qualidanse.fr\\\/magasin-biarritz\\\/#website\",\"url\":\"https:\\\/\\\/www.qualidanse.fr\\\/magasin-biarritz\\\/\",\"name\":\"Biarritz Danse\",\"description\":\"\",\"potentialAction\":[{\"@type\":\"SearchAction\",\"target\":{\"@type\":\"EntryPoint\",\"urlTemplate\":\"https:\\\/\\\/www.qualidanse.fr\\\/magasin-biarritz\\\/?s={search_term_string}\"},\"query-input\":{\"@type\":\"PropertyValueSpecification\",\"valueRequired\":true,\"valueName\":\"search_term_string\"}}],\"inLanguage\":\"fr-FR\"}]}<\/script>\n<!-- \/ Yoast SEO plugin. -->","yoast_head_json":{"title":"GRISHKO","robots":{"index":"index","follow":"follow","max-snippet":"max-snippet:-1","max-image-preview":"max-image-preview:large","max-video-preview":"max-video-preview:-1"},"canonical":"https:\/\/www.qualidanse.fr\/magasin-biarritz\/marques\/grishko\/","og_locale":"fr_FR","og_type":"article","og_title":"GRISHKO","og_description":"La marque Grishko, a \u00e9t\u00e9 cr\u00e9\u00e9e en 1988 \u00e0 Moscou en Russie, par Monsieur Nikolay Grishko. Biarritz Danse est le premier magasin en France a distribu\u00e9 les pointes Grishko en [&hellip;]","og_url":"https:\/\/www.qualidanse.fr\/magasin-biarritz\/marques\/grishko\/","og_site_name":"Biarritz Danse","article_modified_time":"2019-06-11T13:36:02+00:00","og_image":[{"url":"https:\/\/www.qualidanse.fr\/wp-inside\/uploads\/sites\/5\/2017\/10\/logo-marque-grishko.png","type":"","width":"","height":""}],"twitter_card":"summary_large_image","twitter_misc":{"Dur\u00e9e de lecture estim\u00e9e":"1 minute"},"schema":{"@context":"https:\/\/schema.org","@graph":[{"@type":"WebPage","@id":"https:\/\/www.qualidanse.fr\/magasin-biarritz\/marques\/grishko\/","url":"https:\/\/www.qualidanse.fr\/magasin-biarritz\/marques\/grishko\/","name":"GRISHKO","isPartOf":{"@id":"https:\/\/www.qualidanse.fr\/magasin-biarritz\/#website"},"primaryImageOfPage":{"@id":"https:\/\/www.qualidanse.fr\/magasin-biarritz\/marques\/grishko\/#primaryimage"},"image":{"@id":"https:\/\/www.qualidanse.fr\/magasin-biarritz\/marques\/grishko\/#primaryimage"},"thumbnailUrl":"https:\/\/www.qualidanse.fr\/wp-inside\/uploads\/sites\/5\/2017\/10\/logo-marque-grishko.png","datePublished":"2019-06-10T09:00:00+00:00","dateModified":"2019-06-11T13:36:02+00:00","breadcrumb":{"@id":"https:\/\/www.qualidanse.fr\/magasin-biarritz\/marques\/grishko\/#breadcrumb"},"inLanguage":"fr-FR","potentialAction":[{"@type":"ReadAction","target":["https:\/\/www.qualidanse.fr\/magasin-biarritz\/marques\/grishko\/"]}]},{"@type":"ImageObject","inLanguage":"fr-FR","@id":"https:\/\/www.qualidanse.fr\/magasin-biarritz\/marques\/grishko\/#primaryimage","url":"https:\/\/www.qualidanse.fr\/wp-inside\/uploads\/sites\/5\/2017\/10\/logo-marque-grishko.png","contentUrl":"https:\/\/www.qualidanse.fr\/wp-inside\/uploads\/sites\/5\/2017\/10\/logo-marque-grishko.png"},{"@type":"BreadcrumbList","@id":"https:\/\/www.qualidanse.fr\/magasin-biarritz\/marques\/grishko\/#breadcrumb","itemListElement":[{"@type":"ListItem","position":1,"name":"Marques","item":"https:\/\/www.qualidanse.fr\/magasin-biarritz\/marques\/"},{"@type":"ListItem","position":2,"name":"GRISHKO"}]},{"@type":"WebSite","@id":"https:\/\/www.qualidanse.fr\/magasin-biarritz\/#website","url":"https:\/\/www.qualidanse.fr\/magasin-biarritz\/","name":"Biarritz Danse","description":"","potentialAction":[{"@type":"SearchAction","target":{"@type":"EntryPoint","urlTemplate":"https:\/\/www.qualidanse.fr\/magasin-biarritz\/?s={search_term_string}"},"query-input":{"@type":"PropertyValueSpecification","valueRequired":true,"valueName":"search_term_string"}}],"inLanguage":"fr-FR"}]}},"_links":{"self":[{"href":"https:\/\/www.qualidanse.fr\/magasin-biarritz\/wp-json\/wp\/v2\/pages\/218","targetHints":{"allow":["GET"]}}],"collection":[{"href":"https:\/\/www.qualidanse.fr\/magasin-biarritz\/wp-json\/wp\/v2\/pages"}],"about":[{"href":"https:\/\/www.qualidanse.fr\/magasin-biarritz\/wp-json\/wp\/v2\/types\/page"}],"author":[{"embeddable":true,"href":"https:\/\/www.qualidanse.fr\/magasin-biarritz\/wp-json\/wp\/v2\/users\/6"}],"replies":[{"embeddable":true,"href":"https:\/\/www.qualidanse.fr\/magasin-biarritz\/wp-json\/wp\/v2\/comments?post=218"}],"version-history":[{"count":8,"href":"https:\/\/www.qualidanse.fr\/magasin-biarritz\/wp-json\/wp\/v2\/pages\/218\/revisions"}],"predecessor-version":[{"id":240,"href":"https:\/\/www.qualidanse.fr\/magasin-biarritz\/wp-json\/wp\/v2\/pages\/218\/revisions\/240"}],"up":[{"embeddable":true,"href":"https:\/\/www.qualidanse.fr\/magasin-biarritz\/wp-json\/wp\/v2\/pages\/11"}],"wp:attachment":[{"href":"https:\/\/www.qualidanse.fr\/magasin-biarritz\/wp-json\/wp\/v2\/media?parent=218"}],"curies":[{"name":"wp","href":"https:\/\/api.w.org\/{rel}","templated":true}]}}