{"id":118,"date":"2018-08-30T17:06:20","date_gmt":"2018-08-30T15:06:20","guid":{"rendered":"https:\/\/www.qualidanse.fr\/magasin-coppelia-lyon\/?page_id=118"},"modified":"2020-12-15T23:29:56","modified_gmt":"2020-12-15T22:29:56","slug":"merlet","status":"publish","type":"page","link":"https:\/\/www.qualidanse.fr\/magasin-coppelia-lyon\/marques\/merlet\/","title":{"rendered":"MERLET"},"content":{"rendered":"\n\t\t<style type=\"text\/css\">\n\t\t\t#gallery-1 {\n\t\t\t\tmargin: auto;\n\t\t\t}\n\t\t\t#gallery-1 .gallery-item {\n\t\t\t\tfloat: left;\n\t\t\t\tmargin-top: 10px;\n\t\t\t\ttext-align: center;\n\t\t\t\twidth: 33%;\n\t\t\t}\n\t\t\t#gallery-1 img {\n\t\t\t\tborder: 2px solid #cfcfcf;\n\t\t\t}\n\t\t\t#gallery-1 .gallery-caption {\n\t\t\t\tmargin-left: 0;\n\t\t\t}\n\t\t\t\/* see gallery_shortcode() in wp-includes\/media.php *\/\n\t\t<\/style>\n\t\t<div id='gallery-1' class='gallery galleryid-118 gallery-columns-3 gallery-size-medium'><dl class='gallery-item'>\n\t\t\t<dt class='gallery-icon landscape'>\n\t\t\t\t<img loading=\"lazy\" decoding=\"async\" width=\"300\" height=\"168\" src=\"https:\/\/www.qualidanse.fr\/wp-inside\/uploads\/sites\/8\/2019\/05\/perle-actu-2017-300x168.jpg\" class=\"attachment-medium size-medium\" alt=\"\" srcset=\"https:\/\/www.qualidanse.fr\/wp-inside\/uploads\/sites\/8\/2019\/05\/perle-actu-2017-300x168.jpg 300w, https:\/\/www.qualidanse.fr\/wp-inside\/uploads\/sites\/8\/2019\/05\/perle-actu-2017-196x110.jpg 196w, https:\/\/www.qualidanse.fr\/wp-inside\/uploads\/sites\/8\/2019\/05\/perle-actu-2017-392x220.jpg 392w, https:\/\/www.qualidanse.fr\/wp-inside\/uploads\/sites\/8\/2019\/05\/perle-actu-2017-178x100.jpg 178w, https:\/\/www.qualidanse.fr\/wp-inside\/uploads\/sites\/8\/2019\/05\/perle-actu-2017-617x347.jpg 617w, https:\/\/www.qualidanse.fr\/wp-inside\/uploads\/sites\/8\/2019\/05\/perle-actu-2017-330x185.jpg 330w, https:\/\/www.qualidanse.fr\/wp-inside\/uploads\/sites\/8\/2019\/05\/perle-actu-2017-200x112.jpg 200w, https:\/\/www.qualidanse.fr\/wp-inside\/uploads\/sites\/8\/2019\/05\/perle-actu-2017-230x129.jpg 230w, https:\/\/www.qualidanse.fr\/wp-inside\/uploads\/sites\/8\/2019\/05\/perle-actu-2017.jpg 619w\" sizes=\"auto, (max-width: 300px) 100vw, 300px\" \/>\n\t\t\t<\/dt><\/dl><dl class='gallery-item'>\n\t\t\t<dt class='gallery-icon landscape'>\n\t\t\t\t<img loading=\"lazy\" decoding=\"async\" width=\"300\" height=\"199\" src=\"https:\/\/www.qualidanse.fr\/wp-inside\/uploads\/sites\/8\/2019\/05\/5b819867dae1d9ba95bf7aad3c058432-300x199.jpg\" class=\"attachment-medium size-medium\" alt=\"\" srcset=\"https:\/\/www.qualidanse.fr\/wp-inside\/uploads\/sites\/8\/2019\/05\/5b819867dae1d9ba95bf7aad3c058432-300x199.jpg 300w, https:\/\/www.qualidanse.fr\/wp-inside\/uploads\/sites\/8\/2019\/05\/5b819867dae1d9ba95bf7aad3c058432-166x110.jpg 166w, https:\/\/www.qualidanse.fr\/wp-inside\/uploads\/sites\/8\/2019\/05\/5b819867dae1d9ba95bf7aad3c058432-331x220.jpg 331w, https:\/\/www.qualidanse.fr\/wp-inside\/uploads\/sites\/8\/2019\/05\/5b819867dae1d9ba95bf7aad3c058432-151x100.jpg 151w, https:\/\/www.qualidanse.fr\/wp-inside\/uploads\/sites\/8\/2019\/05\/5b819867dae1d9ba95bf7aad3c058432-330x219.jpg 330w, https:\/\/www.qualidanse.fr\/wp-inside\/uploads\/sites\/8\/2019\/05\/5b819867dae1d9ba95bf7aad3c058432-200x133.jpg 200w, https:\/\/www.qualidanse.fr\/wp-inside\/uploads\/sites\/8\/2019\/05\/5b819867dae1d9ba95bf7aad3c058432-226x150.jpg 226w, https:\/\/www.qualidanse.fr\/wp-inside\/uploads\/sites\/8\/2019\/05\/5b819867dae1d9ba95bf7aad3c058432.jpg 500w\" sizes=\"auto, (max-width: 300px) 100vw, 300px\" \/>\n\t\t\t<\/dt><\/dl><dl class='gallery-item'>\n\t\t\t<dt class='gallery-icon landscape'>\n\t\t\t\t<img loading=\"lazy\" decoding=\"async\" width=\"300\" height=\"200\" src=\"https:\/\/www.qualidanse.fr\/wp-inside\/uploads\/sites\/8\/2019\/05\/dsc1373-1024x683-300x200.jpg\" class=\"attachment-medium size-medium\" alt=\"\" srcset=\"https:\/\/www.qualidanse.fr\/wp-inside\/uploads\/sites\/8\/2019\/05\/dsc1373-1024x683-300x200.jpg 300w, https:\/\/www.qualidanse.fr\/wp-inside\/uploads\/sites\/8\/2019\/05\/dsc1373-1024x683-768x512.jpg 768w, https:\/\/www.qualidanse.fr\/wp-inside\/uploads\/sites\/8\/2019\/05\/dsc1373-1024x683.jpg 1024w, https:\/\/www.qualidanse.fr\/wp-inside\/uploads\/sites\/8\/2019\/05\/dsc1373-1024x683-165x110.jpg 165w, https:\/\/www.qualidanse.fr\/wp-inside\/uploads\/sites\/8\/2019\/05\/dsc1373-1024x683-330x220.jpg 330w, https:\/\/www.qualidanse.fr\/wp-inside\/uploads\/sites\/8\/2019\/05\/dsc1373-1024x683-150x100.jpg 150w, https:\/\/www.qualidanse.fr\/wp-inside\/uploads\/sites\/8\/2019\/05\/dsc1373-1024x683-200x133.jpg 200w, https:\/\/www.qualidanse.fr\/wp-inside\/uploads\/sites\/8\/2019\/05\/dsc1373-1024x683-225x150.jpg 225w\" sizes=\"auto, (max-width: 300px) 100vw, 300px\" \/>\n\t\t\t<\/dt><\/dl><br style=\"clear: both\" \/>\n\t\t<\/div>\n\n<h2>Ma\u00eetre chaussonnier depuis 1974<\/h2>\n<p>La marque <a href=\"https:\/\/www.qualidanse.fr\/marque-merlet\/\" target=\"_blank\" rel=\"noopener noreferrer\">MERLET<\/a> a \u00e9t\u00e9 cr\u00e9\u00e9e \u00e0 Limoges en 1974 par Monsieur Merlet, ma\u00eetre chaussonnier. La maison MERLET fabrique aujourd\u2019hui des <strong>chaussons de danse<\/strong>, pointes et demi-pointes mais \u00e9galement des chaussures de danse de salon, des chaussons de<strong> jazz<\/strong> et une ligne de souliers d\u2019int\u00e9rieur en partenariat avec la Galerie de l\u2019Op\u00e9ra National de Paris.<\/p>\n<h2>Merlet disponible chez Coppelia depuis 1974<\/h2>\n<p>La boutique <a href=\"https:\/\/www.qualidanse.fr\/magasin-coppelia-lyon\/\" target=\"_blank\" rel=\"noopener noreferrer\">COPPELIA<\/a> de Lyon f\u00fbt l\u2019une des premi\u00e8res boutiques clientes de la maison MERLET. Cette entreprise fabriquait \u00e0 la base l\u2019ensemble de ses chaussons de <strong>pointes<\/strong> et <strong>demi-pointes<\/strong> en France. Ce n\u2019est h\u00e9las plus le cas aujourd\u2019hui mais certains mod\u00e8les comme les pointes BELLE, ROSE, CLOE et DIVA sont enti\u00e8rement <strong>fabriqu\u00e9es en France<\/strong> dans leurs ateliers, toujours \u00e0 c\u00f4t\u00e9 de Limoges.<\/p>\n<h2>D\u00e9couvrez la gamme de chaussons Merlet en boutique<\/h2>\n<p>Nous travaillons les gammes de <a href=\"https:\/\/www.tenues-de-danse.fr\/tenuesdedansefr-demipointes-xsl-342_260.html\" target=\"_blank\" rel=\"noopener noreferrer\">demi-pointes<\/a> Sylvia, Sophia, Stella, Envol, Everest, Solo et Iva. Pour les <a href=\"https:\/\/www.tenues-de-danse.fr\/tenuesdedansefr-pointes-xsl-342_266.html\" target=\"_blank\" rel=\"noopener noreferrer\">pointes<\/a> : BELLE, CLOE, DIVA, CHORYPHEE et ELISTA. Pour les <a href=\"https:\/\/www.tenues-de-danse.fr\/contemporain-et-jazz-xsl-343.html\" target=\"_blank\" rel=\"noopener noreferrer\">chaussons de jazz<\/a> : GALION et GAPE.<\/p>\n<p>Ces nombreux mod\u00e8les nous permettent de chausser tous les types de pieds.<br \/>\n<img decoding=\"async\" src=\"https:\/\/www.qualidanse.fr\/wp-inside\/uploads\/sites\/8\/2019\/05\/diva-3-300x200.jpg\" class=\"size-medium alignnone\" \/><\/p>\n","protected":false},"excerpt":{"rendered":"<p>Ma\u00eetre chaussonnier depuis 1974 La marque MERLET a \u00e9t\u00e9 cr\u00e9\u00e9e \u00e0 Limoges en 1974 par Monsieur Merlet, ma\u00eetre chaussonnier. La maison MERLET fabrique aujourd\u2019hui des chaussons de danse, pointes et [&hellip;]<\/p>\n","protected":false},"author":3,"featured_media":0,"parent":11,"menu_order":10,"comment_status":"closed","ping_status":"closed","template":"template-page-marque.php","meta":{"_acf_changed":false,"footnotes":""},"class_list":["post-118","page","type-page","status-publish","hentry","wp-sticky"],"acf":[],"yoast_head":"<!-- This site is optimized with the Yoast SEO plugin v27.5 - https:\/\/yoast.com\/product\/yoast-seo-wordpress\/ -->\n<title>Merlet sp\u00e9cialiste du chausson de danse - Copp\u00e9lia Lyon<\/title>\n<meta name=\"description\" content=\"La boutique Copp\u00e9lia de Lyon est d\u00e9positaire des chaussons de danse classique Merlet : demi-pointes et pointes.\" \/>\n<meta name=\"robots\" content=\"index, follow, max-snippet:-1, max-image-preview:large, max-video-preview:-1\" \/>\n<link rel=\"canonical\" href=\"https:\/\/www.qualidanse.fr\/magasin-coppelia-lyon\/marques\/merlet\/\" \/>\n<meta property=\"og:locale\" content=\"fr_FR\" \/>\n<meta property=\"og:type\" content=\"article\" \/>\n<meta property=\"og:title\" content=\"Merlet sp\u00e9cialiste du chausson de danse - Copp\u00e9lia Lyon\" \/>\n<meta property=\"og:description\" content=\"La boutique Copp\u00e9lia de Lyon est d\u00e9positaire des chaussons de danse classique Merlet : demi-pointes et pointes.\" \/>\n<meta property=\"og:url\" content=\"https:\/\/www.qualidanse.fr\/magasin-coppelia-lyon\/marques\/merlet\/\" \/>\n<meta property=\"og:site_name\" content=\"Coppelia\" \/>\n<meta property=\"article:modified_time\" content=\"2020-12-15T22:29:56+00:00\" \/>\n<meta property=\"og:image\" content=\"https:\/\/www.qualidanse.fr\/wp-inside\/uploads\/sites\/8\/2019\/05\/perle-actu-2017-300x168.jpg\" \/>\n<meta name=\"twitter:card\" content=\"summary_large_image\" \/>\n<meta name=\"twitter:label1\" content=\"Dur\u00e9e de lecture estim\u00e9e\" \/>\n\t<meta name=\"twitter:data1\" content=\"1 minute\" \/>\n<script type=\"application\/ld+json\" class=\"yoast-schema-graph\">{\"@context\":\"https:\\\/\\\/schema.org\",\"@graph\":[{\"@type\":\"WebPage\",\"@id\":\"https:\\\/\\\/www.qualidanse.fr\\\/magasin-coppelia-lyon\\\/marques\\\/merlet\\\/\",\"url\":\"https:\\\/\\\/www.qualidanse.fr\\\/magasin-coppelia-lyon\\\/marques\\\/merlet\\\/\",\"name\":\"Merlet sp\u00e9cialiste du chausson de danse - Copp\u00e9lia Lyon\",\"isPartOf\":{\"@id\":\"https:\\\/\\\/www.qualidanse.fr\\\/magasin-coppelia-lyon\\\/#website\"},\"primaryImageOfPage\":{\"@id\":\"https:\\\/\\\/www.qualidanse.fr\\\/magasin-coppelia-lyon\\\/marques\\\/merlet\\\/#primaryimage\"},\"image\":{\"@id\":\"https:\\\/\\\/www.qualidanse.fr\\\/magasin-coppelia-lyon\\\/marques\\\/merlet\\\/#primaryimage\"},\"thumbnailUrl\":\"https:\\\/\\\/www.qualidanse.fr\\\/wp-inside\\\/uploads\\\/sites\\\/8\\\/2019\\\/05\\\/diva-3-300x200.jpg\",\"datePublished\":\"2018-08-30T15:06:20+00:00\",\"dateModified\":\"2020-12-15T22:29:56+00:00\",\"description\":\"La boutique Copp\u00e9lia de Lyon est d\u00e9positaire des chaussons de danse classique Merlet : demi-pointes et pointes.\",\"breadcrumb\":{\"@id\":\"https:\\\/\\\/www.qualidanse.fr\\\/magasin-coppelia-lyon\\\/marques\\\/merlet\\\/#breadcrumb\"},\"inLanguage\":\"fr-FR\",\"potentialAction\":[{\"@type\":\"ReadAction\",\"target\":[\"https:\\\/\\\/www.qualidanse.fr\\\/magasin-coppelia-lyon\\\/marques\\\/merlet\\\/\"]}]},{\"@type\":\"ImageObject\",\"inLanguage\":\"fr-FR\",\"@id\":\"https:\\\/\\\/www.qualidanse.fr\\\/magasin-coppelia-lyon\\\/marques\\\/merlet\\\/#primaryimage\",\"url\":\"https:\\\/\\\/www.qualidanse.fr\\\/wp-inside\\\/uploads\\\/sites\\\/8\\\/2019\\\/05\\\/diva-3-300x200.jpg\",\"contentUrl\":\"https:\\\/\\\/www.qualidanse.fr\\\/wp-inside\\\/uploads\\\/sites\\\/8\\\/2019\\\/05\\\/diva-3-300x200.jpg\"},{\"@type\":\"BreadcrumbList\",\"@id\":\"https:\\\/\\\/www.qualidanse.fr\\\/magasin-coppelia-lyon\\\/marques\\\/merlet\\\/#breadcrumb\",\"itemListElement\":[{\"@type\":\"ListItem\",\"position\":1,\"name\":\"Marques\",\"item\":\"https:\\\/\\\/www.qualidanse.fr\\\/magasin-coppelia-lyon\\\/marques\\\/\"},{\"@type\":\"ListItem\",\"position\":2,\"name\":\"MERLET\"}]},{\"@type\":\"WebSite\",\"@id\":\"https:\\\/\\\/www.qualidanse.fr\\\/magasin-coppelia-lyon\\\/#website\",\"url\":\"https:\\\/\\\/www.qualidanse.fr\\\/magasin-coppelia-lyon\\\/\",\"name\":\"Coppelia\",\"description\":\"\",\"potentialAction\":[{\"@type\":\"SearchAction\",\"target\":{\"@type\":\"EntryPoint\",\"urlTemplate\":\"https:\\\/\\\/www.qualidanse.fr\\\/magasin-coppelia-lyon\\\/?s={search_term_string}\"},\"query-input\":{\"@type\":\"PropertyValueSpecification\",\"valueRequired\":true,\"valueName\":\"search_term_string\"}}],\"inLanguage\":\"fr-FR\"}]}<\/script>\n<!-- \/ Yoast SEO plugin. -->","yoast_head_json":{"title":"Merlet sp\u00e9cialiste du chausson de danse - Copp\u00e9lia Lyon","description":"La boutique Copp\u00e9lia de Lyon est d\u00e9positaire des chaussons de danse classique Merlet : demi-pointes et pointes.","robots":{"index":"index","follow":"follow","max-snippet":"max-snippet:-1","max-image-preview":"max-image-preview:large","max-video-preview":"max-video-preview:-1"},"canonical":"https:\/\/www.qualidanse.fr\/magasin-coppelia-lyon\/marques\/merlet\/","og_locale":"fr_FR","og_type":"article","og_title":"Merlet sp\u00e9cialiste du chausson de danse - Copp\u00e9lia Lyon","og_description":"La boutique Copp\u00e9lia de Lyon est d\u00e9positaire des chaussons de danse classique Merlet : demi-pointes et pointes.","og_url":"https:\/\/www.qualidanse.fr\/magasin-coppelia-lyon\/marques\/merlet\/","og_site_name":"Coppelia","article_modified_time":"2020-12-15T22:29:56+00:00","og_image":[{"url":"https:\/\/www.qualidanse.fr\/wp-inside\/uploads\/sites\/8\/2019\/05\/perle-actu-2017-300x168.jpg","type":"","width":"","height":""}],"twitter_card":"summary_large_image","twitter_misc":{"Dur\u00e9e de lecture estim\u00e9e":"1 minute"},"schema":{"@context":"https:\/\/schema.org","@graph":[{"@type":"WebPage","@id":"https:\/\/www.qualidanse.fr\/magasin-coppelia-lyon\/marques\/merlet\/","url":"https:\/\/www.qualidanse.fr\/magasin-coppelia-lyon\/marques\/merlet\/","name":"Merlet sp\u00e9cialiste du chausson de danse - Copp\u00e9lia Lyon","isPartOf":{"@id":"https:\/\/www.qualidanse.fr\/magasin-coppelia-lyon\/#website"},"primaryImageOfPage":{"@id":"https:\/\/www.qualidanse.fr\/magasin-coppelia-lyon\/marques\/merlet\/#primaryimage"},"image":{"@id":"https:\/\/www.qualidanse.fr\/magasin-coppelia-lyon\/marques\/merlet\/#primaryimage"},"thumbnailUrl":"https:\/\/www.qualidanse.fr\/wp-inside\/uploads\/sites\/8\/2019\/05\/diva-3-300x200.jpg","datePublished":"2018-08-30T15:06:20+00:00","dateModified":"2020-12-15T22:29:56+00:00","description":"La boutique Copp\u00e9lia de Lyon est d\u00e9positaire des chaussons de danse classique Merlet : demi-pointes et pointes.","breadcrumb":{"@id":"https:\/\/www.qualidanse.fr\/magasin-coppelia-lyon\/marques\/merlet\/#breadcrumb"},"inLanguage":"fr-FR","potentialAction":[{"@type":"ReadAction","target":["https:\/\/www.qualidanse.fr\/magasin-coppelia-lyon\/marques\/merlet\/"]}]},{"@type":"ImageObject","inLanguage":"fr-FR","@id":"https:\/\/www.qualidanse.fr\/magasin-coppelia-lyon\/marques\/merlet\/#primaryimage","url":"https:\/\/www.qualidanse.fr\/wp-inside\/uploads\/sites\/8\/2019\/05\/diva-3-300x200.jpg","contentUrl":"https:\/\/www.qualidanse.fr\/wp-inside\/uploads\/sites\/8\/2019\/05\/diva-3-300x200.jpg"},{"@type":"BreadcrumbList","@id":"https:\/\/www.qualidanse.fr\/magasin-coppelia-lyon\/marques\/merlet\/#breadcrumb","itemListElement":[{"@type":"ListItem","position":1,"name":"Marques","item":"https:\/\/www.qualidanse.fr\/magasin-coppelia-lyon\/marques\/"},{"@type":"ListItem","position":2,"name":"MERLET"}]},{"@type":"WebSite","@id":"https:\/\/www.qualidanse.fr\/magasin-coppelia-lyon\/#website","url":"https:\/\/www.qualidanse.fr\/magasin-coppelia-lyon\/","name":"Coppelia","description":"","potentialAction":[{"@type":"SearchAction","target":{"@type":"EntryPoint","urlTemplate":"https:\/\/www.qualidanse.fr\/magasin-coppelia-lyon\/?s={search_term_string}"},"query-input":{"@type":"PropertyValueSpecification","valueRequired":true,"valueName":"search_term_string"}}],"inLanguage":"fr-FR"}]}},"_links":{"self":[{"href":"https:\/\/www.qualidanse.fr\/magasin-coppelia-lyon\/wp-json\/wp\/v2\/pages\/118","targetHints":{"allow":["GET"]}}],"collection":[{"href":"https:\/\/www.qualidanse.fr\/magasin-coppelia-lyon\/wp-json\/wp\/v2\/pages"}],"about":[{"href":"https:\/\/www.qualidanse.fr\/magasin-coppelia-lyon\/wp-json\/wp\/v2\/types\/page"}],"author":[{"embeddable":true,"href":"https:\/\/www.qualidanse.fr\/magasin-coppelia-lyon\/wp-json\/wp\/v2\/users\/3"}],"replies":[{"embeddable":true,"href":"https:\/\/www.qualidanse.fr\/magasin-coppelia-lyon\/wp-json\/wp\/v2\/comments?post=118"}],"version-history":[{"count":4,"href":"https:\/\/www.qualidanse.fr\/magasin-coppelia-lyon\/wp-json\/wp\/v2\/pages\/118\/revisions"}],"predecessor-version":[{"id":586,"href":"https:\/\/www.qualidanse.fr\/magasin-coppelia-lyon\/wp-json\/wp\/v2\/pages\/118\/revisions\/586"}],"up":[{"embeddable":true,"href":"https:\/\/www.qualidanse.fr\/magasin-coppelia-lyon\/wp-json\/wp\/v2\/pages\/11"}],"wp:attachment":[{"href":"https:\/\/www.qualidanse.fr\/magasin-coppelia-lyon\/wp-json\/wp\/v2\/media?parent=118"}],"curies":[{"name":"wp","href":"https:\/\/api.w.org\/{rel}","templated":true}]}}