{"id":124,"date":"2018-08-30T17:08:41","date_gmt":"2018-08-30T15:08:41","guid":{"rendered":"https:\/\/www.qualidanse.fr\/magasin-coppelia-lyon\/?page_id=124"},"modified":"2020-12-16T00:14:57","modified_gmt":"2020-12-15T23:14:57","slug":"so-danca","status":"publish","type":"page","link":"https:\/\/www.qualidanse.fr\/magasin-coppelia-lyon\/marques\/so-danca\/","title":{"rendered":"SO DANCA"},"content":{"rendered":"<p><img decoding=\"async\" src=\"https:\/\/www.qualidanse.fr\/wp-inside\/uploads\/sites\/8\/2019\/05\/e-11060-justaucorps-danse-classique-so-danca-300x300.jpg\" class=\"size-medium aligncenter\" \/><\/p>\n<p>La marque br\u00e9silienne SO DANCA fabrique des v\u00eatements, des chaussures, des chaussons et des accessoires pour la danse. En France, elle a tout d\u2019abord \u00e9t\u00e9 connue pour l\u2019originalit\u00e9 de ses mod\u00e8les de justaucorps et la qualit\u00e9 de ses tissus.<\/p>\n<p>La boutique <a href=\"http:\/\/www.boutique-coppelia.fr\/nos-marques-so-danca-pxl-23_38.html\" target=\"_blank\" rel=\"noopener noreferrer\">COPPELIA<\/a> de Lyon travaille avec SO DANCA depuis plus de 20 ans.<\/p>\n<h2>Une marque originale dans le monde de la danse<\/h2>\n<p>La marque So Dan\u00e7a a toujours fabriqu\u00e9 des <strong>justaucorps originaux de qualit\u00e9<\/strong>. Ce sont en effet les premiers \u00e0 avoir amen\u00e9 cette mode des justaucorps avec bretelles crois\u00e9es ou avec des dos tr\u00e8s travaill\u00e9s. Certains mod\u00e8les se vendent \u00e0 l\u2019identique depuis plus de 15 ans.<\/p>\n<p>Chaque saison nous s\u00e9lectionnons leurs meilleurs mod\u00e8les que vous retrouvez dans nos rayons pour la rentr\u00e9e.<\/p>\n<p>Certains justaucorps incontournables sont devenus des mod\u00e8les r\u00e9f\u00e9renc\u00e9s dans plusieurs \u00e9coles de danse de la r\u00e9gion.<\/p>\n<h2>Des produits iconiques dans le monde de la danse<\/h2>\n<p>Si nous ne pouvons pas travailler en boutique l\u2019ensemble de la gamme So Dan\u00e7a tant les r\u00e9f\u00e9rences sont nombreuses, vous trouverez chez Copp\u00e9lia Lyon des bests sellers et des produits devenus incontournables.<\/p>\n<p>Pour n\u2019en citer que quelques-uns\u00a0:<\/p>\n<ul>\n<li>Le justaucorps doubles bretelles crois\u00e9es<\/li>\n<li>Le justaucorps avec les brillants dans le dos que nous stockons dans tous les coloris disponibles<\/li>\n<li>La gamme de chaussures de caract\u00e8re avec 3 hauteurs de talons<\/li>\n<li>Les demi-pointes disponibles en coloris saumon, noir et chair\/nud<\/li>\n<li>Le ringrave en coton avec bretelles r\u00e9glables et amovibles<\/li>\n<li>Les chaussures de claquettes ont rejoint nos rayons depuis peu<\/li>\n<li>Les incontournables porte-cl\u00e9s pointes disponibles dans tous les coloris, que les petites danseuses se plaisent \u00e0 collectionner<\/li>\n<\/ul>\n<p>La gamme des produits So Dan\u00e7a que nous vous proposons change et \u00e9volue en fonction des envies et des collections.<\/p>\n\n\t\t<style type=\"text\/css\">\n\t\t\t#gallery-1 {\n\t\t\t\tmargin: auto;\n\t\t\t}\n\t\t\t#gallery-1 .gallery-item {\n\t\t\t\tfloat: left;\n\t\t\t\tmargin-top: 10px;\n\t\t\t\ttext-align: center;\n\t\t\t\twidth: 12%;\n\t\t\t}\n\t\t\t#gallery-1 img {\n\t\t\t\tborder: 2px solid #cfcfcf;\n\t\t\t}\n\t\t\t#gallery-1 .gallery-caption {\n\t\t\t\tmargin-left: 0;\n\t\t\t}\n\t\t\t\/* see gallery_shortcode() in wp-includes\/media.php *\/\n\t\t<\/style>\n\t\t<div id='gallery-1' class='gallery galleryid-124 gallery-columns-8 gallery-size-medium'><dl class='gallery-item'>\n\t\t\t<dt class='gallery-icon portrait'>\n\t\t\t\t<img loading=\"lazy\" decoding=\"async\" width=\"104\" height=\"300\" src=\"https:\/\/www.qualidanse.fr\/wp-inside\/uploads\/sites\/8\/2019\/05\/kce-01g-gold-104x300.jpg\" class=\"attachment-medium size-medium\" alt=\"\" srcset=\"https:\/\/www.qualidanse.fr\/wp-inside\/uploads\/sites\/8\/2019\/05\/kce-01g-gold-104x300.jpg 104w, https:\/\/www.qualidanse.fr\/wp-inside\/uploads\/sites\/8\/2019\/05\/kce-01g-gold-356x1024.jpg 356w, https:\/\/www.qualidanse.fr\/wp-inside\/uploads\/sites\/8\/2019\/05\/kce-01g-gold-38x110.jpg 38w, https:\/\/www.qualidanse.fr\/wp-inside\/uploads\/sites\/8\/2019\/05\/kce-01g-gold-35x100.jpg 35w, https:\/\/www.qualidanse.fr\/wp-inside\/uploads\/sites\/8\/2019\/05\/kce-01g-gold-52x150.jpg 52w, https:\/\/www.qualidanse.fr\/wp-inside\/uploads\/sites\/8\/2019\/05\/kce-01g-gold.jpg 376w\" sizes=\"auto, (max-width: 104px) 100vw, 104px\" \/>\n\t\t\t<\/dt><\/dl><dl class='gallery-item'>\n\t\t\t<dt class='gallery-icon portrait'>\n\t\t\t\t<img loading=\"lazy\" decoding=\"async\" width=\"104\" height=\"300\" src=\"https:\/\/www.qualidanse.fr\/wp-inside\/uploads\/sites\/8\/2019\/05\/kce-01g-silver-104x300.jpg\" class=\"attachment-medium size-medium\" alt=\"\" srcset=\"https:\/\/www.qualidanse.fr\/wp-inside\/uploads\/sites\/8\/2019\/05\/kce-01g-silver-104x300.jpg 104w, https:\/\/www.qualidanse.fr\/wp-inside\/uploads\/sites\/8\/2019\/05\/kce-01g-silver-356x1024.jpg 356w, https:\/\/www.qualidanse.fr\/wp-inside\/uploads\/sites\/8\/2019\/05\/kce-01g-silver-38x110.jpg 38w, https:\/\/www.qualidanse.fr\/wp-inside\/uploads\/sites\/8\/2019\/05\/kce-01g-silver-35x100.jpg 35w, https:\/\/www.qualidanse.fr\/wp-inside\/uploads\/sites\/8\/2019\/05\/kce-01g-silver-52x150.jpg 52w, https:\/\/www.qualidanse.fr\/wp-inside\/uploads\/sites\/8\/2019\/05\/kce-01g-silver.jpg 376w\" sizes=\"auto, (max-width: 104px) 100vw, 104px\" \/>\n\t\t\t<\/dt><\/dl><dl class='gallery-item'>\n\t\t\t<dt class='gallery-icon portrait'>\n\t\t\t\t<img loading=\"lazy\" decoding=\"async\" width=\"104\" height=\"300\" src=\"https:\/\/www.qualidanse.fr\/wp-inside\/uploads\/sites\/8\/2019\/05\/kce-01g-blue-104x300.jpg\" class=\"attachment-medium size-medium\" alt=\"\" srcset=\"https:\/\/www.qualidanse.fr\/wp-inside\/uploads\/sites\/8\/2019\/05\/kce-01g-blue-104x300.jpg 104w, https:\/\/www.qualidanse.fr\/wp-inside\/uploads\/sites\/8\/2019\/05\/kce-01g-blue-356x1024.jpg 356w, https:\/\/www.qualidanse.fr\/wp-inside\/uploads\/sites\/8\/2019\/05\/kce-01g-blue-38x110.jpg 38w, https:\/\/www.qualidanse.fr\/wp-inside\/uploads\/sites\/8\/2019\/05\/kce-01g-blue-35x100.jpg 35w, https:\/\/www.qualidanse.fr\/wp-inside\/uploads\/sites\/8\/2019\/05\/kce-01g-blue-52x150.jpg 52w, https:\/\/www.qualidanse.fr\/wp-inside\/uploads\/sites\/8\/2019\/05\/kce-01g-blue.jpg 376w\" sizes=\"auto, (max-width: 104px) 100vw, 104px\" \/>\n\t\t\t<\/dt><\/dl><dl class='gallery-item'>\n\t\t\t<dt class='gallery-icon portrait'>\n\t\t\t\t<img loading=\"lazy\" decoding=\"async\" width=\"104\" height=\"300\" src=\"https:\/\/www.qualidanse.fr\/wp-inside\/uploads\/sites\/8\/2019\/05\/kce-01g-red-104x300.jpg\" class=\"attachment-medium size-medium\" alt=\"\" srcset=\"https:\/\/www.qualidanse.fr\/wp-inside\/uploads\/sites\/8\/2019\/05\/kce-01g-red-104x300.jpg 104w, https:\/\/www.qualidanse.fr\/wp-inside\/uploads\/sites\/8\/2019\/05\/kce-01g-red-356x1024.jpg 356w, https:\/\/www.qualidanse.fr\/wp-inside\/uploads\/sites\/8\/2019\/05\/kce-01g-red-38x110.jpg 38w, https:\/\/www.qualidanse.fr\/wp-inside\/uploads\/sites\/8\/2019\/05\/kce-01g-red-35x100.jpg 35w, https:\/\/www.qualidanse.fr\/wp-inside\/uploads\/sites\/8\/2019\/05\/kce-01g-red-52x150.jpg 52w, https:\/\/www.qualidanse.fr\/wp-inside\/uploads\/sites\/8\/2019\/05\/kce-01g-red.jpg 376w\" sizes=\"auto, (max-width: 104px) 100vw, 104px\" \/>\n\t\t\t<\/dt><\/dl><dl class='gallery-item'>\n\t\t\t<dt class='gallery-icon portrait'>\n\t\t\t\t<img loading=\"lazy\" decoding=\"async\" width=\"104\" height=\"300\" src=\"https:\/\/www.qualidanse.fr\/wp-inside\/uploads\/sites\/8\/2019\/05\/kce-01g-sd-pink-104x300.jpg\" class=\"attachment-medium size-medium\" alt=\"\" srcset=\"https:\/\/www.qualidanse.fr\/wp-inside\/uploads\/sites\/8\/2019\/05\/kce-01g-sd-pink-104x300.jpg 104w, https:\/\/www.qualidanse.fr\/wp-inside\/uploads\/sites\/8\/2019\/05\/kce-01g-sd-pink-356x1024.jpg 356w, https:\/\/www.qualidanse.fr\/wp-inside\/uploads\/sites\/8\/2019\/05\/kce-01g-sd-pink-38x110.jpg 38w, https:\/\/www.qualidanse.fr\/wp-inside\/uploads\/sites\/8\/2019\/05\/kce-01g-sd-pink-35x100.jpg 35w, https:\/\/www.qualidanse.fr\/wp-inside\/uploads\/sites\/8\/2019\/05\/kce-01g-sd-pink-52x150.jpg 52w, https:\/\/www.qualidanse.fr\/wp-inside\/uploads\/sites\/8\/2019\/05\/kce-01g-sd-pink.jpg 376w\" sizes=\"auto, (max-width: 104px) 100vw, 104px\" \/>\n\t\t\t<\/dt><\/dl><dl class='gallery-item'>\n\t\t\t<dt class='gallery-icon portrait'>\n\t\t\t\t<img loading=\"lazy\" decoding=\"async\" width=\"104\" height=\"300\" src=\"https:\/\/www.qualidanse.fr\/wp-inside\/uploads\/sites\/8\/2019\/05\/kce-01g-black-104x300.jpg\" class=\"attachment-medium size-medium\" alt=\"\" srcset=\"https:\/\/www.qualidanse.fr\/wp-inside\/uploads\/sites\/8\/2019\/05\/kce-01g-black-104x300.jpg 104w, https:\/\/www.qualidanse.fr\/wp-inside\/uploads\/sites\/8\/2019\/05\/kce-01g-black-356x1024.jpg 356w, https:\/\/www.qualidanse.fr\/wp-inside\/uploads\/sites\/8\/2019\/05\/kce-01g-black-38x110.jpg 38w, https:\/\/www.qualidanse.fr\/wp-inside\/uploads\/sites\/8\/2019\/05\/kce-01g-black-35x100.jpg 35w, https:\/\/www.qualidanse.fr\/wp-inside\/uploads\/sites\/8\/2019\/05\/kce-01g-black-52x150.jpg 52w, https:\/\/www.qualidanse.fr\/wp-inside\/uploads\/sites\/8\/2019\/05\/kce-01g-black.jpg 376w\" sizes=\"auto, (max-width: 104px) 100vw, 104px\" \/>\n\t\t\t<\/dt><\/dl><dl class='gallery-item'>\n\t\t\t<dt class='gallery-icon portrait'>\n\t\t\t\t<img loading=\"lazy\" decoding=\"async\" width=\"104\" height=\"300\" src=\"https:\/\/www.qualidanse.fr\/wp-inside\/uploads\/sites\/8\/2019\/05\/kce-01g-hotpink-104x300.jpg\" class=\"attachment-medium size-medium\" alt=\"\" srcset=\"https:\/\/www.qualidanse.fr\/wp-inside\/uploads\/sites\/8\/2019\/05\/kce-01g-hotpink-104x300.jpg 104w, https:\/\/www.qualidanse.fr\/wp-inside\/uploads\/sites\/8\/2019\/05\/kce-01g-hotpink-356x1024.jpg 356w, https:\/\/www.qualidanse.fr\/wp-inside\/uploads\/sites\/8\/2019\/05\/kce-01g-hotpink-38x110.jpg 38w, https:\/\/www.qualidanse.fr\/wp-inside\/uploads\/sites\/8\/2019\/05\/kce-01g-hotpink-35x100.jpg 35w, https:\/\/www.qualidanse.fr\/wp-inside\/uploads\/sites\/8\/2019\/05\/kce-01g-hotpink-52x150.jpg 52w, https:\/\/www.qualidanse.fr\/wp-inside\/uploads\/sites\/8\/2019\/05\/kce-01g-hotpink.jpg 376w\" sizes=\"auto, (max-width: 104px) 100vw, 104px\" \/>\n\t\t\t<\/dt><\/dl><dl class='gallery-item'>\n\t\t\t<dt class='gallery-icon portrait'>\n\t\t\t\t<img loading=\"lazy\" decoding=\"async\" width=\"104\" height=\"300\" src=\"https:\/\/www.qualidanse.fr\/wp-inside\/uploads\/sites\/8\/2019\/05\/kce-01g-rose-104x300.jpg\" class=\"attachment-medium size-medium\" alt=\"\" srcset=\"https:\/\/www.qualidanse.fr\/wp-inside\/uploads\/sites\/8\/2019\/05\/kce-01g-rose-104x300.jpg 104w, https:\/\/www.qualidanse.fr\/wp-inside\/uploads\/sites\/8\/2019\/05\/kce-01g-rose-356x1024.jpg 356w, https:\/\/www.qualidanse.fr\/wp-inside\/uploads\/sites\/8\/2019\/05\/kce-01g-rose-38x110.jpg 38w, https:\/\/www.qualidanse.fr\/wp-inside\/uploads\/sites\/8\/2019\/05\/kce-01g-rose-35x100.jpg 35w, https:\/\/www.qualidanse.fr\/wp-inside\/uploads\/sites\/8\/2019\/05\/kce-01g-rose-52x150.jpg 52w, https:\/\/www.qualidanse.fr\/wp-inside\/uploads\/sites\/8\/2019\/05\/kce-01g-rose.jpg 376w\" sizes=\"auto, (max-width: 104px) 100vw, 104px\" \/>\n\t\t\t<\/dt><\/dl><br style=\"clear: both\" \/>\n\t\t<\/div>\n\n","protected":false},"excerpt":{"rendered":"<p>La marque br\u00e9silienne SO DANCA fabrique des v\u00eatements, des chaussures, des chaussons et des accessoires pour la danse. En France, elle a tout d\u2019abord \u00e9t\u00e9 connue pour l\u2019originalit\u00e9 de ses [&hellip;]<\/p>\n","protected":false},"author":3,"featured_media":0,"parent":11,"menu_order":25,"comment_status":"closed","ping_status":"closed","template":"template-page-marque.php","meta":{"_acf_changed":false,"footnotes":""},"class_list":["post-124","page","type-page","status-publish","hentry","wp-sticky"],"acf":[],"yoast_head":"<!-- This site is optimized with the Yoast SEO plugin v27.3 - https:\/\/yoast.com\/product\/yoast-seo-wordpress\/ -->\n<title>SO DANCA dans votre magasin de danse Copp\u00e9lia Lyon<\/title>\n<meta name=\"description\" content=\"Nous ne pr\u00e9sentons plus les best sellers fabriqu\u00e9s par la c\u00e9l\u00e8bre marque br\u00e9silienne que nous distribuons depuis plus de 20 ans !\" \/>\n<meta name=\"robots\" content=\"index, follow, max-snippet:-1, max-image-preview:large, max-video-preview:-1\" \/>\n<link rel=\"canonical\" href=\"https:\/\/www.qualidanse.fr\/magasin-coppelia-lyon\/marques\/so-danca\/\" \/>\n<meta property=\"og:locale\" content=\"fr_FR\" \/>\n<meta property=\"og:type\" content=\"article\" \/>\n<meta property=\"og:title\" content=\"SO DANCA dans votre magasin de danse Copp\u00e9lia Lyon\" \/>\n<meta property=\"og:description\" content=\"Nous ne pr\u00e9sentons plus les best sellers fabriqu\u00e9s par la c\u00e9l\u00e8bre marque br\u00e9silienne que nous distribuons depuis plus de 20 ans !\" \/>\n<meta property=\"og:url\" content=\"https:\/\/www.qualidanse.fr\/magasin-coppelia-lyon\/marques\/so-danca\/\" \/>\n<meta property=\"og:site_name\" content=\"Coppelia\" \/>\n<meta property=\"article:modified_time\" content=\"2020-12-15T23:14:57+00:00\" \/>\n<meta property=\"og:image\" content=\"https:\/\/www.qualidanse.fr\/wp-inside\/uploads\/sites\/8\/2019\/05\/kce-01g-sd-pink-104x300.jpg\" \/>\n<meta name=\"twitter:card\" content=\"summary_large_image\" \/>\n<meta name=\"twitter:label1\" content=\"Dur\u00e9e de lecture estim\u00e9e\" \/>\n\t<meta name=\"twitter:data1\" content=\"2 minutes\" \/>\n<script type=\"application\/ld+json\" class=\"yoast-schema-graph\">{\"@context\":\"https:\\\/\\\/schema.org\",\"@graph\":[{\"@type\":\"WebPage\",\"@id\":\"https:\\\/\\\/www.qualidanse.fr\\\/magasin-coppelia-lyon\\\/marques\\\/so-danca\\\/\",\"url\":\"https:\\\/\\\/www.qualidanse.fr\\\/magasin-coppelia-lyon\\\/marques\\\/so-danca\\\/\",\"name\":\"SO DANCA dans votre magasin de danse Copp\u00e9lia Lyon\",\"isPartOf\":{\"@id\":\"https:\\\/\\\/www.qualidanse.fr\\\/magasin-coppelia-lyon\\\/#website\"},\"primaryImageOfPage\":{\"@id\":\"https:\\\/\\\/www.qualidanse.fr\\\/magasin-coppelia-lyon\\\/marques\\\/so-danca\\\/#primaryimage\"},\"image\":{\"@id\":\"https:\\\/\\\/www.qualidanse.fr\\\/magasin-coppelia-lyon\\\/marques\\\/so-danca\\\/#primaryimage\"},\"thumbnailUrl\":\"https:\\\/\\\/www.qualidanse.fr\\\/wp-inside\\\/uploads\\\/sites\\\/8\\\/2019\\\/05\\\/e-11060-justaucorps-danse-classique-so-danca-300x300.jpg\",\"datePublished\":\"2018-08-30T15:08:41+00:00\",\"dateModified\":\"2020-12-15T23:14:57+00:00\",\"description\":\"Nous ne pr\u00e9sentons plus les best sellers fabriqu\u00e9s par la c\u00e9l\u00e8bre marque br\u00e9silienne que nous distribuons depuis plus de 20 ans !\",\"breadcrumb\":{\"@id\":\"https:\\\/\\\/www.qualidanse.fr\\\/magasin-coppelia-lyon\\\/marques\\\/so-danca\\\/#breadcrumb\"},\"inLanguage\":\"fr-FR\",\"potentialAction\":[{\"@type\":\"ReadAction\",\"target\":[\"https:\\\/\\\/www.qualidanse.fr\\\/magasin-coppelia-lyon\\\/marques\\\/so-danca\\\/\"]}]},{\"@type\":\"ImageObject\",\"inLanguage\":\"fr-FR\",\"@id\":\"https:\\\/\\\/www.qualidanse.fr\\\/magasin-coppelia-lyon\\\/marques\\\/so-danca\\\/#primaryimage\",\"url\":\"https:\\\/\\\/www.qualidanse.fr\\\/wp-inside\\\/uploads\\\/sites\\\/8\\\/2019\\\/05\\\/e-11060-justaucorps-danse-classique-so-danca-300x300.jpg\",\"contentUrl\":\"https:\\\/\\\/www.qualidanse.fr\\\/wp-inside\\\/uploads\\\/sites\\\/8\\\/2019\\\/05\\\/e-11060-justaucorps-danse-classique-so-danca-300x300.jpg\"},{\"@type\":\"BreadcrumbList\",\"@id\":\"https:\\\/\\\/www.qualidanse.fr\\\/magasin-coppelia-lyon\\\/marques\\\/so-danca\\\/#breadcrumb\",\"itemListElement\":[{\"@type\":\"ListItem\",\"position\":1,\"name\":\"Marques\",\"item\":\"https:\\\/\\\/www.qualidanse.fr\\\/magasin-coppelia-lyon\\\/marques\\\/\"},{\"@type\":\"ListItem\",\"position\":2,\"name\":\"SO DANCA\"}]},{\"@type\":\"WebSite\",\"@id\":\"https:\\\/\\\/www.qualidanse.fr\\\/magasin-coppelia-lyon\\\/#website\",\"url\":\"https:\\\/\\\/www.qualidanse.fr\\\/magasin-coppelia-lyon\\\/\",\"name\":\"Coppelia\",\"description\":\"\",\"potentialAction\":[{\"@type\":\"SearchAction\",\"target\":{\"@type\":\"EntryPoint\",\"urlTemplate\":\"https:\\\/\\\/www.qualidanse.fr\\\/magasin-coppelia-lyon\\\/?s={search_term_string}\"},\"query-input\":{\"@type\":\"PropertyValueSpecification\",\"valueRequired\":true,\"valueName\":\"search_term_string\"}}],\"inLanguage\":\"fr-FR\"}]}<\/script>\n<!-- \/ Yoast SEO plugin. -->","yoast_head_json":{"title":"SO DANCA dans votre magasin de danse Copp\u00e9lia Lyon","description":"Nous ne pr\u00e9sentons plus les best sellers fabriqu\u00e9s par la c\u00e9l\u00e8bre marque br\u00e9silienne que nous distribuons depuis plus de 20 ans !","robots":{"index":"index","follow":"follow","max-snippet":"max-snippet:-1","max-image-preview":"max-image-preview:large","max-video-preview":"max-video-preview:-1"},"canonical":"https:\/\/www.qualidanse.fr\/magasin-coppelia-lyon\/marques\/so-danca\/","og_locale":"fr_FR","og_type":"article","og_title":"SO DANCA dans votre magasin de danse Copp\u00e9lia Lyon","og_description":"Nous ne pr\u00e9sentons plus les best sellers fabriqu\u00e9s par la c\u00e9l\u00e8bre marque br\u00e9silienne que nous distribuons depuis plus de 20 ans !","og_url":"https:\/\/www.qualidanse.fr\/magasin-coppelia-lyon\/marques\/so-danca\/","og_site_name":"Coppelia","article_modified_time":"2020-12-15T23:14:57+00:00","og_image":[{"url":"https:\/\/www.qualidanse.fr\/wp-inside\/uploads\/sites\/8\/2019\/05\/kce-01g-sd-pink-104x300.jpg","type":"","width":"","height":""}],"twitter_card":"summary_large_image","twitter_misc":{"Dur\u00e9e de lecture estim\u00e9e":"2 minutes"},"schema":{"@context":"https:\/\/schema.org","@graph":[{"@type":"WebPage","@id":"https:\/\/www.qualidanse.fr\/magasin-coppelia-lyon\/marques\/so-danca\/","url":"https:\/\/www.qualidanse.fr\/magasin-coppelia-lyon\/marques\/so-danca\/","name":"SO DANCA dans votre magasin de danse Copp\u00e9lia Lyon","isPartOf":{"@id":"https:\/\/www.qualidanse.fr\/magasin-coppelia-lyon\/#website"},"primaryImageOfPage":{"@id":"https:\/\/www.qualidanse.fr\/magasin-coppelia-lyon\/marques\/so-danca\/#primaryimage"},"image":{"@id":"https:\/\/www.qualidanse.fr\/magasin-coppelia-lyon\/marques\/so-danca\/#primaryimage"},"thumbnailUrl":"https:\/\/www.qualidanse.fr\/wp-inside\/uploads\/sites\/8\/2019\/05\/e-11060-justaucorps-danse-classique-so-danca-300x300.jpg","datePublished":"2018-08-30T15:08:41+00:00","dateModified":"2020-12-15T23:14:57+00:00","description":"Nous ne pr\u00e9sentons plus les best sellers fabriqu\u00e9s par la c\u00e9l\u00e8bre marque br\u00e9silienne que nous distribuons depuis plus de 20 ans !","breadcrumb":{"@id":"https:\/\/www.qualidanse.fr\/magasin-coppelia-lyon\/marques\/so-danca\/#breadcrumb"},"inLanguage":"fr-FR","potentialAction":[{"@type":"ReadAction","target":["https:\/\/www.qualidanse.fr\/magasin-coppelia-lyon\/marques\/so-danca\/"]}]},{"@type":"ImageObject","inLanguage":"fr-FR","@id":"https:\/\/www.qualidanse.fr\/magasin-coppelia-lyon\/marques\/so-danca\/#primaryimage","url":"https:\/\/www.qualidanse.fr\/wp-inside\/uploads\/sites\/8\/2019\/05\/e-11060-justaucorps-danse-classique-so-danca-300x300.jpg","contentUrl":"https:\/\/www.qualidanse.fr\/wp-inside\/uploads\/sites\/8\/2019\/05\/e-11060-justaucorps-danse-classique-so-danca-300x300.jpg"},{"@type":"BreadcrumbList","@id":"https:\/\/www.qualidanse.fr\/magasin-coppelia-lyon\/marques\/so-danca\/#breadcrumb","itemListElement":[{"@type":"ListItem","position":1,"name":"Marques","item":"https:\/\/www.qualidanse.fr\/magasin-coppelia-lyon\/marques\/"},{"@type":"ListItem","position":2,"name":"SO DANCA"}]},{"@type":"WebSite","@id":"https:\/\/www.qualidanse.fr\/magasin-coppelia-lyon\/#website","url":"https:\/\/www.qualidanse.fr\/magasin-coppelia-lyon\/","name":"Coppelia","description":"","potentialAction":[{"@type":"SearchAction","target":{"@type":"EntryPoint","urlTemplate":"https:\/\/www.qualidanse.fr\/magasin-coppelia-lyon\/?s={search_term_string}"},"query-input":{"@type":"PropertyValueSpecification","valueRequired":true,"valueName":"search_term_string"}}],"inLanguage":"fr-FR"}]}},"_links":{"self":[{"href":"https:\/\/www.qualidanse.fr\/magasin-coppelia-lyon\/wp-json\/wp\/v2\/pages\/124","targetHints":{"allow":["GET"]}}],"collection":[{"href":"https:\/\/www.qualidanse.fr\/magasin-coppelia-lyon\/wp-json\/wp\/v2\/pages"}],"about":[{"href":"https:\/\/www.qualidanse.fr\/magasin-coppelia-lyon\/wp-json\/wp\/v2\/types\/page"}],"author":[{"embeddable":true,"href":"https:\/\/www.qualidanse.fr\/magasin-coppelia-lyon\/wp-json\/wp\/v2\/users\/3"}],"replies":[{"embeddable":true,"href":"https:\/\/www.qualidanse.fr\/magasin-coppelia-lyon\/wp-json\/wp\/v2\/comments?post=124"}],"version-history":[{"count":6,"href":"https:\/\/www.qualidanse.fr\/magasin-coppelia-lyon\/wp-json\/wp\/v2\/pages\/124\/revisions"}],"predecessor-version":[{"id":591,"href":"https:\/\/www.qualidanse.fr\/magasin-coppelia-lyon\/wp-json\/wp\/v2\/pages\/124\/revisions\/591"}],"up":[{"embeddable":true,"href":"https:\/\/www.qualidanse.fr\/magasin-coppelia-lyon\/wp-json\/wp\/v2\/pages\/11"}],"wp:attachment":[{"href":"https:\/\/www.qualidanse.fr\/magasin-coppelia-lyon\/wp-json\/wp\/v2\/media?parent=124"}],"curies":[{"name":"wp","href":"https:\/\/api.w.org\/{rel}","templated":true}]}}