{"id":132,"date":"2018-08-30T17:11:27","date_gmt":"2018-08-30T15:11:27","guid":{"rendered":"https:\/\/www.qualidanse.fr\/magasin-coppelia-lyon\/?page_id=132"},"modified":"2020-12-16T08:58:48","modified_gmt":"2020-12-16T07:58:48","slug":"freed","status":"publish","type":"page","link":"https:\/\/www.qualidanse.fr\/magasin-coppelia-lyon\/marques\/freed\/","title":{"rendered":"FREED OF LONDON"},"content":{"rendered":"<p><img decoding=\"async\" src=\"https:\/\/www.qualidanse.fr\/wp-inside\/uploads\/sites\/8\/2019\/05\/logo-freed.png\" alt=\"freed-coppelia-lyon\" class=\"size-full aligncenter\" \/><\/p>\n<p>La marque FREED a \u00e9t\u00e9 cr\u00e9\u00e9e \u00e0 Londres en 1929. C\u2019est la marque de pointes par excellence !<\/p>\n<p>Seule marque de danse au monde proposant aux danseuses professionnelles la r\u00e9alisation sur mesure de leurs pointes fabriqu\u00e9es enti\u00e8rement \u00e0 la main et \u00e0 base de mat\u00e9riaux traditionnels et biod\u00e9gradables. Les pointes FREED sont les pointes de sc\u00e8ne les plus reconnues \u00e0 travers les ballets du monde entiers.<\/p>\n<p>Retrouvez sur Lyon notre s\u00e9lection de pointes Freed : nous travaillons les classic pro et les classic pro H.<\/p>\n\n\t\t<style type=\"text\/css\">\n\t\t\t#gallery-1 {\n\t\t\t\tmargin: auto;\n\t\t\t}\n\t\t\t#gallery-1 .gallery-item {\n\t\t\t\tfloat: left;\n\t\t\t\tmargin-top: 10px;\n\t\t\t\ttext-align: center;\n\t\t\t\twidth: 50%;\n\t\t\t}\n\t\t\t#gallery-1 img {\n\t\t\t\tborder: 2px solid #cfcfcf;\n\t\t\t}\n\t\t\t#gallery-1 .gallery-caption {\n\t\t\t\tmargin-left: 0;\n\t\t\t}\n\t\t\t\/* see gallery_shortcode() in wp-includes\/media.php *\/\n\t\t<\/style>\n\t\t<div id='gallery-1' class='gallery galleryid-132 gallery-columns-2 gallery-size-200x200'><dl class='gallery-item'>\n\t\t\t<dt class='gallery-icon landscape'>\n\t\t\t\t<a href='https:\/\/www.qualidanse.fr\/magasin-coppelia-lyon\/marques\/freed\/attachment\/547071008\/'><img loading=\"lazy\" decoding=\"async\" width=\"200\" height=\"200\" src=\"https:\/\/www.qualidanse.fr\/wp-inside\/uploads\/sites\/8\/2019\/09\/547071008-200x200.jpg\" class=\"attachment-200x200 size-200x200\" alt=\"\" srcset=\"https:\/\/www.qualidanse.fr\/wp-inside\/uploads\/sites\/8\/2019\/09\/547071008-200x200.jpg 200w, https:\/\/www.qualidanse.fr\/wp-inside\/uploads\/sites\/8\/2019\/09\/547071008-150x150.jpg 150w, https:\/\/www.qualidanse.fr\/wp-inside\/uploads\/sites\/8\/2019\/09\/547071008-110x110.jpg 110w, https:\/\/www.qualidanse.fr\/wp-inside\/uploads\/sites\/8\/2019\/09\/547071008-220x220.jpg 220w, https:\/\/www.qualidanse.fr\/wp-inside\/uploads\/sites\/8\/2019\/09\/547071008-100x100.jpg 100w, https:\/\/www.qualidanse.fr\/wp-inside\/uploads\/sites\/8\/2019\/09\/547071008.jpg 240w\" sizes=\"auto, (max-width: 200px) 100vw, 200px\" \/><\/a>\n\t\t\t<\/dt><\/dl><dl class='gallery-item'>\n\t\t\t<dt class='gallery-icon landscape'>\n\t\t\t\t<a href='https:\/\/www.qualidanse.fr\/magasin-coppelia-lyon\/marques\/freed\/attachment\/pointes-freed-coppelia-lyon\/'><img loading=\"lazy\" decoding=\"async\" width=\"200\" height=\"200\" src=\"https:\/\/www.qualidanse.fr\/wp-inside\/uploads\/sites\/8\/2019\/09\/pointes-freed-coppelia-lyon-200x200.jpg\" class=\"attachment-200x200 size-200x200\" alt=\"\" srcset=\"https:\/\/www.qualidanse.fr\/wp-inside\/uploads\/sites\/8\/2019\/09\/pointes-freed-coppelia-lyon-200x200.jpg 200w, https:\/\/www.qualidanse.fr\/wp-inside\/uploads\/sites\/8\/2019\/09\/pointes-freed-coppelia-lyon-150x150.jpg 150w, https:\/\/www.qualidanse.fr\/wp-inside\/uploads\/sites\/8\/2019\/09\/pointes-freed-coppelia-lyon-300x300.jpg 300w, https:\/\/www.qualidanse.fr\/wp-inside\/uploads\/sites\/8\/2019\/09\/pointes-freed-coppelia-lyon-110x110.jpg 110w, https:\/\/www.qualidanse.fr\/wp-inside\/uploads\/sites\/8\/2019\/09\/pointes-freed-coppelia-lyon-220x220.jpg 220w, https:\/\/www.qualidanse.fr\/wp-inside\/uploads\/sites\/8\/2019\/09\/pointes-freed-coppelia-lyon-100x100.jpg 100w, https:\/\/www.qualidanse.fr\/wp-inside\/uploads\/sites\/8\/2019\/09\/pointes-freed-coppelia-lyon-330x330.jpg 330w, https:\/\/www.qualidanse.fr\/wp-inside\/uploads\/sites\/8\/2019\/09\/pointes-freed-coppelia-lyon.jpg 718w\" sizes=\"auto, (max-width: 200px) 100vw, 200px\" \/><\/a>\n\t\t\t<\/dt><\/dl><br style=\"clear: both\" \/>\n\t\t<\/div>\n\n","protected":false},"excerpt":{"rendered":"<p>La marque FREED a \u00e9t\u00e9 cr\u00e9\u00e9e \u00e0 Londres en 1929. C\u2019est la marque de pointes par excellence ! Seule marque de danse au monde proposant aux danseuses professionnelles la r\u00e9alisation [&hellip;]<\/p>\n","protected":false},"author":3,"featured_media":0,"parent":11,"menu_order":45,"comment_status":"closed","ping_status":"closed","template":"template-page-marque.php","meta":{"_acf_changed":false,"footnotes":""},"class_list":["post-132","page","type-page","status-publish","hentry","wp-sticky"],"acf":[],"yoast_head":"<!-- This site is optimized with the Yoast SEO plugin v27.4 - https:\/\/yoast.com\/product\/yoast-seo-wordpress\/ -->\n<title>FREED OF LONDON retailer - Copp\u00e9lia Lyon<\/title>\n<meta name=\"description\" content=\"Les plus c\u00e9l\u00e8bres pointes Classic et Classic Pro sont disponibles chez Copp\u00e9lia Lyon, votre magasin sp\u00e9cialis\u00e9 en articles de danse depuis 1974.\" \/>\n<meta name=\"robots\" content=\"index, follow, max-snippet:-1, max-image-preview:large, max-video-preview:-1\" \/>\n<link rel=\"canonical\" href=\"https:\/\/www.qualidanse.fr\/magasin-coppelia-lyon\/marques\/freed\/\" \/>\n<meta property=\"og:locale\" content=\"fr_FR\" \/>\n<meta property=\"og:type\" content=\"article\" \/>\n<meta property=\"og:title\" content=\"FREED OF LONDON retailer - Copp\u00e9lia Lyon\" \/>\n<meta property=\"og:description\" content=\"Les plus c\u00e9l\u00e8bres pointes Classic et Classic Pro sont disponibles chez Copp\u00e9lia Lyon, votre magasin sp\u00e9cialis\u00e9 en articles de danse depuis 1974.\" \/>\n<meta property=\"og:url\" content=\"https:\/\/www.qualidanse.fr\/magasin-coppelia-lyon\/marques\/freed\/\" \/>\n<meta property=\"og:site_name\" content=\"Coppelia\" \/>\n<meta property=\"article:modified_time\" content=\"2020-12-16T07:58:48+00:00\" \/>\n<meta property=\"og:image\" content=\"https:\/\/www.qualidanse.fr\/wp-inside\/uploads\/sites\/8\/2019\/09\/547071008-200x200.jpg\" \/>\n<meta name=\"twitter:card\" content=\"summary_large_image\" \/>\n<script type=\"application\/ld+json\" class=\"yoast-schema-graph\">{\"@context\":\"https:\\\/\\\/schema.org\",\"@graph\":[{\"@type\":\"WebPage\",\"@id\":\"https:\\\/\\\/www.qualidanse.fr\\\/magasin-coppelia-lyon\\\/marques\\\/freed\\\/\",\"url\":\"https:\\\/\\\/www.qualidanse.fr\\\/magasin-coppelia-lyon\\\/marques\\\/freed\\\/\",\"name\":\"FREED OF LONDON retailer - Copp\u00e9lia Lyon\",\"isPartOf\":{\"@id\":\"https:\\\/\\\/www.qualidanse.fr\\\/magasin-coppelia-lyon\\\/#website\"},\"primaryImageOfPage\":{\"@id\":\"https:\\\/\\\/www.qualidanse.fr\\\/magasin-coppelia-lyon\\\/marques\\\/freed\\\/#primaryimage\"},\"image\":{\"@id\":\"https:\\\/\\\/www.qualidanse.fr\\\/magasin-coppelia-lyon\\\/marques\\\/freed\\\/#primaryimage\"},\"thumbnailUrl\":\"https:\\\/\\\/www.qualidanse.fr\\\/wp-inside\\\/uploads\\\/sites\\\/8\\\/2019\\\/05\\\/logo-freed.png\",\"datePublished\":\"2018-08-30T15:11:27+00:00\",\"dateModified\":\"2020-12-16T07:58:48+00:00\",\"description\":\"Les plus c\u00e9l\u00e8bres pointes Classic et Classic Pro sont disponibles chez Copp\u00e9lia Lyon, votre magasin sp\u00e9cialis\u00e9 en articles de danse depuis 1974.\",\"breadcrumb\":{\"@id\":\"https:\\\/\\\/www.qualidanse.fr\\\/magasin-coppelia-lyon\\\/marques\\\/freed\\\/#breadcrumb\"},\"inLanguage\":\"fr-FR\",\"potentialAction\":[{\"@type\":\"ReadAction\",\"target\":[\"https:\\\/\\\/www.qualidanse.fr\\\/magasin-coppelia-lyon\\\/marques\\\/freed\\\/\"]}]},{\"@type\":\"ImageObject\",\"inLanguage\":\"fr-FR\",\"@id\":\"https:\\\/\\\/www.qualidanse.fr\\\/magasin-coppelia-lyon\\\/marques\\\/freed\\\/#primaryimage\",\"url\":\"https:\\\/\\\/www.qualidanse.fr\\\/wp-inside\\\/uploads\\\/sites\\\/8\\\/2019\\\/05\\\/logo-freed.png\",\"contentUrl\":\"https:\\\/\\\/www.qualidanse.fr\\\/wp-inside\\\/uploads\\\/sites\\\/8\\\/2019\\\/05\\\/logo-freed.png\"},{\"@type\":\"BreadcrumbList\",\"@id\":\"https:\\\/\\\/www.qualidanse.fr\\\/magasin-coppelia-lyon\\\/marques\\\/freed\\\/#breadcrumb\",\"itemListElement\":[{\"@type\":\"ListItem\",\"position\":1,\"name\":\"Marques\",\"item\":\"https:\\\/\\\/www.qualidanse.fr\\\/magasin-coppelia-lyon\\\/marques\\\/\"},{\"@type\":\"ListItem\",\"position\":2,\"name\":\"FREED OF LONDON\"}]},{\"@type\":\"WebSite\",\"@id\":\"https:\\\/\\\/www.qualidanse.fr\\\/magasin-coppelia-lyon\\\/#website\",\"url\":\"https:\\\/\\\/www.qualidanse.fr\\\/magasin-coppelia-lyon\\\/\",\"name\":\"Coppelia\",\"description\":\"\",\"potentialAction\":[{\"@type\":\"SearchAction\",\"target\":{\"@type\":\"EntryPoint\",\"urlTemplate\":\"https:\\\/\\\/www.qualidanse.fr\\\/magasin-coppelia-lyon\\\/?s={search_term_string}\"},\"query-input\":{\"@type\":\"PropertyValueSpecification\",\"valueRequired\":true,\"valueName\":\"search_term_string\"}}],\"inLanguage\":\"fr-FR\"}]}<\/script>\n<!-- \/ Yoast SEO plugin. -->","yoast_head_json":{"title":"FREED OF LONDON retailer - Copp\u00e9lia Lyon","description":"Les plus c\u00e9l\u00e8bres pointes Classic et Classic Pro sont disponibles chez Copp\u00e9lia Lyon, votre magasin sp\u00e9cialis\u00e9 en articles de danse depuis 1974.","robots":{"index":"index","follow":"follow","max-snippet":"max-snippet:-1","max-image-preview":"max-image-preview:large","max-video-preview":"max-video-preview:-1"},"canonical":"https:\/\/www.qualidanse.fr\/magasin-coppelia-lyon\/marques\/freed\/","og_locale":"fr_FR","og_type":"article","og_title":"FREED OF LONDON retailer - Copp\u00e9lia Lyon","og_description":"Les plus c\u00e9l\u00e8bres pointes Classic et Classic Pro sont disponibles chez Copp\u00e9lia Lyon, votre magasin sp\u00e9cialis\u00e9 en articles de danse depuis 1974.","og_url":"https:\/\/www.qualidanse.fr\/magasin-coppelia-lyon\/marques\/freed\/","og_site_name":"Coppelia","article_modified_time":"2020-12-16T07:58:48+00:00","og_image":[{"url":"https:\/\/www.qualidanse.fr\/wp-inside\/uploads\/sites\/8\/2019\/09\/547071008-200x200.jpg","type":"","width":"","height":""}],"twitter_card":"summary_large_image","schema":{"@context":"https:\/\/schema.org","@graph":[{"@type":"WebPage","@id":"https:\/\/www.qualidanse.fr\/magasin-coppelia-lyon\/marques\/freed\/","url":"https:\/\/www.qualidanse.fr\/magasin-coppelia-lyon\/marques\/freed\/","name":"FREED OF LONDON retailer - Copp\u00e9lia Lyon","isPartOf":{"@id":"https:\/\/www.qualidanse.fr\/magasin-coppelia-lyon\/#website"},"primaryImageOfPage":{"@id":"https:\/\/www.qualidanse.fr\/magasin-coppelia-lyon\/marques\/freed\/#primaryimage"},"image":{"@id":"https:\/\/www.qualidanse.fr\/magasin-coppelia-lyon\/marques\/freed\/#primaryimage"},"thumbnailUrl":"https:\/\/www.qualidanse.fr\/wp-inside\/uploads\/sites\/8\/2019\/05\/logo-freed.png","datePublished":"2018-08-30T15:11:27+00:00","dateModified":"2020-12-16T07:58:48+00:00","description":"Les plus c\u00e9l\u00e8bres pointes Classic et Classic Pro sont disponibles chez Copp\u00e9lia Lyon, votre magasin sp\u00e9cialis\u00e9 en articles de danse depuis 1974.","breadcrumb":{"@id":"https:\/\/www.qualidanse.fr\/magasin-coppelia-lyon\/marques\/freed\/#breadcrumb"},"inLanguage":"fr-FR","potentialAction":[{"@type":"ReadAction","target":["https:\/\/www.qualidanse.fr\/magasin-coppelia-lyon\/marques\/freed\/"]}]},{"@type":"ImageObject","inLanguage":"fr-FR","@id":"https:\/\/www.qualidanse.fr\/magasin-coppelia-lyon\/marques\/freed\/#primaryimage","url":"https:\/\/www.qualidanse.fr\/wp-inside\/uploads\/sites\/8\/2019\/05\/logo-freed.png","contentUrl":"https:\/\/www.qualidanse.fr\/wp-inside\/uploads\/sites\/8\/2019\/05\/logo-freed.png"},{"@type":"BreadcrumbList","@id":"https:\/\/www.qualidanse.fr\/magasin-coppelia-lyon\/marques\/freed\/#breadcrumb","itemListElement":[{"@type":"ListItem","position":1,"name":"Marques","item":"https:\/\/www.qualidanse.fr\/magasin-coppelia-lyon\/marques\/"},{"@type":"ListItem","position":2,"name":"FREED OF LONDON"}]},{"@type":"WebSite","@id":"https:\/\/www.qualidanse.fr\/magasin-coppelia-lyon\/#website","url":"https:\/\/www.qualidanse.fr\/magasin-coppelia-lyon\/","name":"Coppelia","description":"","potentialAction":[{"@type":"SearchAction","target":{"@type":"EntryPoint","urlTemplate":"https:\/\/www.qualidanse.fr\/magasin-coppelia-lyon\/?s={search_term_string}"},"query-input":{"@type":"PropertyValueSpecification","valueRequired":true,"valueName":"search_term_string"}}],"inLanguage":"fr-FR"}]}},"_links":{"self":[{"href":"https:\/\/www.qualidanse.fr\/magasin-coppelia-lyon\/wp-json\/wp\/v2\/pages\/132","targetHints":{"allow":["GET"]}}],"collection":[{"href":"https:\/\/www.qualidanse.fr\/magasin-coppelia-lyon\/wp-json\/wp\/v2\/pages"}],"about":[{"href":"https:\/\/www.qualidanse.fr\/magasin-coppelia-lyon\/wp-json\/wp\/v2\/types\/page"}],"author":[{"embeddable":true,"href":"https:\/\/www.qualidanse.fr\/magasin-coppelia-lyon\/wp-json\/wp\/v2\/users\/3"}],"replies":[{"embeddable":true,"href":"https:\/\/www.qualidanse.fr\/magasin-coppelia-lyon\/wp-json\/wp\/v2\/comments?post=132"}],"version-history":[{"count":7,"href":"https:\/\/www.qualidanse.fr\/magasin-coppelia-lyon\/wp-json\/wp\/v2\/pages\/132\/revisions"}],"predecessor-version":[{"id":594,"href":"https:\/\/www.qualidanse.fr\/magasin-coppelia-lyon\/wp-json\/wp\/v2\/pages\/132\/revisions\/594"}],"up":[{"embeddable":true,"href":"https:\/\/www.qualidanse.fr\/magasin-coppelia-lyon\/wp-json\/wp\/v2\/pages\/11"}],"wp:attachment":[{"href":"https:\/\/www.qualidanse.fr\/magasin-coppelia-lyon\/wp-json\/wp\/v2\/media?parent=132"}],"curies":[{"name":"wp","href":"https:\/\/api.w.org\/{rel}","templated":true}]}}