{"id":5,"date":"2017-10-11T10:59:26","date_gmt":"2017-10-11T08:59:26","guid":{"rendered":"https:\/\/www.qualidanse.fr\/magasin-coppelia-lyon\/?page_id=5"},"modified":"2020-12-15T23:19:20","modified_gmt":"2020-12-15T22:19:20","slug":"accueil","status":"publish","type":"page","link":"https:\/\/www.qualidanse.fr\/magasin-coppelia-lyon\/","title":{"rendered":"Accueil"},"content":{"rendered":"<p>Bienvenue dans votre boutique Copp\u00e9lia \u00e0 Lyon\u00a0: magasin <strong>sp\u00e9cialiste<\/strong> en articles de danse.<\/p>\n<h2>Une \u00e9quipe passionn\u00e9e au service de la danse \u00e0 Lyon<\/h2>\n<p>Notre \u00e9quipe est \u00e0 votre service pour vous conseiller dans le choix de vos tenues, chaussures et chaussons pour la danse. Tout pour la danse, tout pour les danses :<\/p>\n<ul>\n<li><strong>Danse Classique <\/strong>: justaucorps, tuniques, \u00e9chauffement, demi-pointes, pointes, embouts, sacs, combinaisons, accessoires, danseurs, collants<\/li>\n<li><strong>Danse contemporaine <\/strong>: p\u00e9dilles, pantalons, sweats, tops, acad\u00e9miques<\/li>\n<li><strong>Danses De Salon <\/strong>: chaussures<\/li>\n<li><strong>Jazz <\/strong>: bottines, p\u00e9dilles, shorts, pantalons, genouill\u00e8res<\/li>\n<li><strong>Claquettes <\/strong>: chaussures<\/li>\n<li><strong>Flamenco <\/strong>: chaussures<\/li>\n<li><strong>Sportswear <\/strong>: pantalons, tops, tee-shirts, surtuniques<\/li>\n<\/ul>\n<h2>Le choix et la qualit\u00e9 de vos articles de danse<\/h2>\n<p>Nous vous proposons en boutique les plus <strong>grandes marques<\/strong> pour la danse : BALLET ROSA, BASILICA DANCEWEAR, BLOCH, DEGAS, FREED, GAYNOR MINDEN, GRISHKO, LULLI, MDM, MERLET, MIKELART, SHEDDO, SODANCA, TEMPS DANSE.<\/p>\n<p>La boutique est approvisionn\u00e9e tr\u00e8s r\u00e9guli\u00e8rement avec toutes les <strong>nouveaut\u00e9s<\/strong> et <strong>innovations<\/strong> propos\u00e9es par les marques. Chaussons de danse, pointes, demi-pointes, collants de danse, justaucorps de danse, tuniques, tutus, accessoires, cadeaux, cache-c\u0153urs&#8230; vous trouverez en boutique tout ce dont vous pourriez avoir besoin.<\/p>\n<p>Les articles que nous s\u00e9lectionnons soigneusement r\u00e9pondent \u00e0 nos crit\u00e8res exigeants en mati\u00e8re de qualit\u00e9 et d&rsquo;\u00e9thique. Nous attachons une grande importance \u00e0 ce que chaque danseur trouve le produit adapt\u00e9 \u00e0 son niveau de pratique, du d\u00e9butant au professionnel.<\/p>\n<p>Nous proposons une gamme tr\u00e8s large d&rsquo;<strong>articles de danse <\/strong>: du produit <strong>entr\u00e9e de gamme<\/strong> au <strong>produit technique<\/strong> pour r\u00e9pondre \u00e0 toutes vos exigences.<\/p>\n<p>Les <strong>professeurs de danse<\/strong> nous font confiance depuis de nombreuses ann\u00e9es et nous confient le soin de chausser et habiller leurs \u00e9l\u00e8ves. Renseignez-vous, votre \u00e9cole de danse a s\u00fbrement un <strong>partenariat<\/strong> avec la boutique ! Nous connaissons les exigences de chaque professeur pour vous conseiller au mieux.<\/p>\n<h2>Rendez-nous visite \u00e0 c\u00f4t\u00e9 de l&rsquo;Op\u00e9ra de Lyon !<\/h2>\n<p>Vous pratiquez la danse ? Vous aurez s\u00fbrement besoin de nous pour vous \u00e9quiper ! Depuis 1974, la boutique est situ\u00e9e en plein centre ville de Lyon. Parkings et transports en commun sont en acc\u00e8s directs avec la boutique.<\/p>\n<p>En p\u00e9riode de rentr\u00e9e scolaire, nous vous proposons des horaires \u00e9largis pour mieux vous servir.<\/p>\n<p>Nous nous adaptons et nous vous proposons \u00e9galement un service de <a href=\"https:\/\/www.tenues-de-danse.fr\/\" target=\"_blank\" rel=\"noopener noreferrer\">vente en ligne<\/a>. Pour ceux qui ne peuvent pas se d\u00e9placer, n&rsquo;h\u00e9sitez pas ! Le site fonctionne en partenariat avec votre boutique locale pour vous faire b\u00e9n\u00e9ficier de l&rsquo;exp\u00e9rience d&rsquo;une boutique sp\u00e9cialis\u00e9e sans avoir \u00e0 vous d\u00e9placer.<\/p>\n<p>Passionn\u00e9es par la danse, nous partageons notre passion et notre exp\u00e9rience avec vous ! Suivez nos actualit\u00e9s sur <a href=\"https:\/\/www.instagram.com\/boutique_coppelia\/\" target=\"_blank\" rel=\"noopener noreferrer\">Instagram<\/a>, notre page <a href=\"https:\/\/www.facebook.com\/CoppeliaLyon\/\" target=\"_blank\" rel=\"noopener noreferrer\">Facebook<\/a> et notre <a href=\"https:\/\/www.boutique-coppelia.fr\/\" target=\"_blank\" rel=\"noopener noreferrer\">site internet<\/a>.<\/p>\n","protected":false},"excerpt":{"rendered":"<p>Bienvenue dans votre boutique Copp\u00e9lia \u00e0 Lyon\u00a0: magasin sp\u00e9cialiste en articles de danse. Une \u00e9quipe passionn\u00e9e au service de la danse \u00e0 Lyon Notre \u00e9quipe est \u00e0 votre service pour [&hellip;]<\/p>\n","protected":false},"author":9,"featured_media":0,"parent":0,"menu_order":0,"comment_status":"closed","ping_status":"closed","template":"","meta":{"_acf_changed":false,"footnotes":""},"class_list":["post-5","page","type-page","status-publish","hentry","wp-sticky"],"acf":[],"yoast_head":"<!-- This site is optimized with the Yoast SEO plugin v27.4 - https:\/\/yoast.com\/product\/yoast-seo-wordpress\/ -->\n<title>Magasin d&#039;articles de danse \u00e0 Lyon - Boutique Copp\u00e9lia<\/title>\n<meta name=\"description\" content=\"Votre magasin Copp\u00e9lia \u00e0 Lyon, sp\u00e9cialiste en articles de danse, vous propose les plus grandes marques pour tous les styles de danse.\" \/>\n<meta name=\"robots\" content=\"index, follow, max-snippet:-1, max-image-preview:large, max-video-preview:-1\" \/>\n<link rel=\"canonical\" href=\"https:\/\/www.qualidanse.fr\/magasin-coppelia-lyon\/\" \/>\n<meta property=\"og:locale\" content=\"fr_FR\" \/>\n<meta property=\"og:type\" content=\"article\" \/>\n<meta property=\"og:title\" content=\"Magasin d&#039;articles de danse \u00e0 Lyon - Boutique Copp\u00e9lia\" \/>\n<meta property=\"og:description\" content=\"Votre magasin Copp\u00e9lia \u00e0 Lyon, sp\u00e9cialiste en articles de danse, vous propose les plus grandes marques pour tous les styles de danse.\" \/>\n<meta property=\"og:url\" content=\"https:\/\/www.qualidanse.fr\/magasin-coppelia-lyon\/\" \/>\n<meta property=\"og:site_name\" content=\"Coppelia\" \/>\n<meta property=\"article:modified_time\" content=\"2020-12-15T22:19:20+00:00\" \/>\n<meta name=\"twitter:card\" content=\"summary_large_image\" \/>\n<meta name=\"twitter:label1\" content=\"Dur\u00e9e de lecture estim\u00e9e\" \/>\n\t<meta name=\"twitter:data1\" content=\"2 minutes\" \/>\n<script type=\"application\/ld+json\" class=\"yoast-schema-graph\">{\"@context\":\"https:\\\/\\\/schema.org\",\"@graph\":[{\"@type\":\"WebPage\",\"@id\":\"https:\\\/\\\/www.qualidanse.fr\\\/magasin-coppelia-lyon\\\/\",\"url\":\"https:\\\/\\\/www.qualidanse.fr\\\/magasin-coppelia-lyon\\\/\",\"name\":\"Magasin d'articles de danse \u00e0 Lyon - Boutique Copp\u00e9lia\",\"isPartOf\":{\"@id\":\"https:\\\/\\\/www.qualidanse.fr\\\/magasin-coppelia-lyon\\\/#website\"},\"datePublished\":\"2017-10-11T08:59:26+00:00\",\"dateModified\":\"2020-12-15T22:19:20+00:00\",\"description\":\"Votre magasin Copp\u00e9lia \u00e0 Lyon, sp\u00e9cialiste en articles de danse, vous propose les plus grandes marques pour tous les styles de danse.\",\"inLanguage\":\"fr-FR\",\"potentialAction\":[{\"@type\":\"ReadAction\",\"target\":[\"https:\\\/\\\/www.qualidanse.fr\\\/magasin-coppelia-lyon\\\/\"]}]},{\"@type\":\"WebSite\",\"@id\":\"https:\\\/\\\/www.qualidanse.fr\\\/magasin-coppelia-lyon\\\/#website\",\"url\":\"https:\\\/\\\/www.qualidanse.fr\\\/magasin-coppelia-lyon\\\/\",\"name\":\"Coppelia\",\"description\":\"\",\"potentialAction\":[{\"@type\":\"SearchAction\",\"target\":{\"@type\":\"EntryPoint\",\"urlTemplate\":\"https:\\\/\\\/www.qualidanse.fr\\\/magasin-coppelia-lyon\\\/?s={search_term_string}\"},\"query-input\":{\"@type\":\"PropertyValueSpecification\",\"valueRequired\":true,\"valueName\":\"search_term_string\"}}],\"inLanguage\":\"fr-FR\"}]}<\/script>\n<!-- \/ Yoast SEO plugin. -->","yoast_head_json":{"title":"Magasin d'articles de danse \u00e0 Lyon - Boutique Copp\u00e9lia","description":"Votre magasin Copp\u00e9lia \u00e0 Lyon, sp\u00e9cialiste en articles de danse, vous propose les plus grandes marques pour tous les styles de danse.","robots":{"index":"index","follow":"follow","max-snippet":"max-snippet:-1","max-image-preview":"max-image-preview:large","max-video-preview":"max-video-preview:-1"},"canonical":"https:\/\/www.qualidanse.fr\/magasin-coppelia-lyon\/","og_locale":"fr_FR","og_type":"article","og_title":"Magasin d'articles de danse \u00e0 Lyon - Boutique Copp\u00e9lia","og_description":"Votre magasin Copp\u00e9lia \u00e0 Lyon, sp\u00e9cialiste en articles de danse, vous propose les plus grandes marques pour tous les styles de danse.","og_url":"https:\/\/www.qualidanse.fr\/magasin-coppelia-lyon\/","og_site_name":"Coppelia","article_modified_time":"2020-12-15T22:19:20+00:00","twitter_card":"summary_large_image","twitter_misc":{"Dur\u00e9e de lecture estim\u00e9e":"2 minutes"},"schema":{"@context":"https:\/\/schema.org","@graph":[{"@type":"WebPage","@id":"https:\/\/www.qualidanse.fr\/magasin-coppelia-lyon\/","url":"https:\/\/www.qualidanse.fr\/magasin-coppelia-lyon\/","name":"Magasin d'articles de danse \u00e0 Lyon - Boutique Copp\u00e9lia","isPartOf":{"@id":"https:\/\/www.qualidanse.fr\/magasin-coppelia-lyon\/#website"},"datePublished":"2017-10-11T08:59:26+00:00","dateModified":"2020-12-15T22:19:20+00:00","description":"Votre magasin Copp\u00e9lia \u00e0 Lyon, sp\u00e9cialiste en articles de danse, vous propose les plus grandes marques pour tous les styles de danse.","inLanguage":"fr-FR","potentialAction":[{"@type":"ReadAction","target":["https:\/\/www.qualidanse.fr\/magasin-coppelia-lyon\/"]}]},{"@type":"WebSite","@id":"https:\/\/www.qualidanse.fr\/magasin-coppelia-lyon\/#website","url":"https:\/\/www.qualidanse.fr\/magasin-coppelia-lyon\/","name":"Coppelia","description":"","potentialAction":[{"@type":"SearchAction","target":{"@type":"EntryPoint","urlTemplate":"https:\/\/www.qualidanse.fr\/magasin-coppelia-lyon\/?s={search_term_string}"},"query-input":{"@type":"PropertyValueSpecification","valueRequired":true,"valueName":"search_term_string"}}],"inLanguage":"fr-FR"}]}},"_links":{"self":[{"href":"https:\/\/www.qualidanse.fr\/magasin-coppelia-lyon\/wp-json\/wp\/v2\/pages\/5","targetHints":{"allow":["GET"]}}],"collection":[{"href":"https:\/\/www.qualidanse.fr\/magasin-coppelia-lyon\/wp-json\/wp\/v2\/pages"}],"about":[{"href":"https:\/\/www.qualidanse.fr\/magasin-coppelia-lyon\/wp-json\/wp\/v2\/types\/page"}],"author":[{"embeddable":true,"href":"https:\/\/www.qualidanse.fr\/magasin-coppelia-lyon\/wp-json\/wp\/v2\/users\/9"}],"replies":[{"embeddable":true,"href":"https:\/\/www.qualidanse.fr\/magasin-coppelia-lyon\/wp-json\/wp\/v2\/comments?post=5"}],"version-history":[{"count":15,"href":"https:\/\/www.qualidanse.fr\/magasin-coppelia-lyon\/wp-json\/wp\/v2\/pages\/5\/revisions"}],"predecessor-version":[{"id":583,"href":"https:\/\/www.qualidanse.fr\/magasin-coppelia-lyon\/wp-json\/wp\/v2\/pages\/5\/revisions\/583"}],"wp:attachment":[{"href":"https:\/\/www.qualidanse.fr\/magasin-coppelia-lyon\/wp-json\/wp\/v2\/media?parent=5"}],"curies":[{"name":"wp","href":"https:\/\/api.w.org\/{rel}","templated":true}]}}