{"id":12,"date":"2017-10-11T11:40:09","date_gmt":"2017-10-11T09:40:09","guid":{"rendered":"https:\/\/www.qualidanse.fr\/magasin-evry\/?page_id=12"},"modified":"2019-07-19T08:54:15","modified_gmt":"2019-07-19T06:54:15","slug":"marques","status":"publish","type":"page","link":"https:\/\/www.qualidanse.fr\/magasin-evry\/marques\/","title":{"rendered":"Les Marques"},"content":{"rendered":"<p><strong>Toujours \u00e0 l&rsquo;\u00e9coute de vos besoins<\/strong>, je ne cesse de chercher des grandes marques de qualit\u00e9 pour satisfaire votre demande.<\/p>\n<h2>Vous pourrez trouver en magasin :<\/h2>\n<p><strong>AINSLIE, ARTILIGNE, BAILAREM, BALLET ROSA, CAPEZIO, DANSEZ-VOUS, DEGAS, GRISHKO, MDM, REPETTO, SANSHA, SO DANCA, VICARD, WEAR MOI<\/strong>\u00a0pour la danse classique<\/p>\n<p style=\"text-align: center\"><img decoding=\"async\" src=\"https:\/\/www.qualidanse.fr\/wp-inside\/uploads\/sites\/9\/2019\/07\/8cae6641105459dd3c818ef845474ffc-ballet-silhouette-january--191x300.jpg\" class=\"size-medium aligncenter\" \/><\/p>\n<p><strong>ANNA KERN, DIAMANT, FREED, INTERNATIONAL DANCE SHOES, MERLET, NUEVA EPOCA, PORT DANCE, REAL DANCE, RUMMOS, WERNER KERN<\/strong> pour les Chaussures de Danses de Loisirs, la Salsa, la Kizomba, la Bachata, le Tango Argentin, le West Coast Swing, la Danse Sportive (Latines et Standards), les Claquettes, le Lindy Hop, le Boogie Woogie, la Country, le Rock et les Chaussures de Mariage<\/p>\n<p><img decoding=\"async\" src=\"https:\/\/www.qualidanse.fr\/wp-inside\/uploads\/sites\/9\/2019\/07\/photo1-240x300.jpg\" class=\"size-medium aligncenter\" \/><\/p>\n<p><strong>INTERMEZZO, MALY, PRIDANCE, RUMPF, SHEDDO<\/strong> pour les V\u00eatements et Accessoires pour la danse<\/p>\n<p><img decoding=\"async\" src=\"https:\/\/www.qualidanse.fr\/wp-inside\/uploads\/sites\/9\/2019\/07\/silhouette-danse-tango-salsa_7232-302-300x210.jpg\" class=\"size-medium aligncenter\" \/><\/p>\n<p><strong>DVILLENA, STYL CREATION, VENTURELLI<\/strong>\u00a0pour la GRS<\/p>\n<p><img decoding=\"async\" src=\"https:\/\/www.qualidanse.fr\/wp-inside\/uploads\/sites\/9\/2019\/07\/grs_ruban-300x300.jpg\" class=\"size-medium aligncenter\" \/><\/p>\n<p><strong>HAPPY DANCE<\/strong> pour le Flamenco, le Patinage et le Roller<\/p>\n<p><img decoding=\"async\" src=\"https:\/\/www.qualidanse.fr\/wp-inside\/uploads\/sites\/9\/2019\/07\/40067-300x300.png\" class=\"size-medium aligncenter\" \/><\/p>\n<p><strong>TEMPS DANSE<\/strong> pour le Jazz, le Pilates, le Yoga et le Fitness<\/p>\n<p><img decoding=\"async\" src=\"https:\/\/www.qualidanse.fr\/wp-inside\/uploads\/sites\/9\/2019\/07\/e720fcde06899e579b1ff45e69a2f528-250x300.jpg\" class=\"size-medium aligncenter\" \/><\/p>\n<p><strong>DRAGON FLY<\/strong> pour la Pole Dance<\/p>\n<p><img decoding=\"async\" src=\"https:\/\/www.qualidanse.fr\/wp-inside\/uploads\/sites\/9\/2019\/07\/gallery-292x300.jpg\" class=\"size-medium aligncenter\" \/><\/p>\n<p><strong>LIKE G, MIKELART<\/strong> pour des Id\u00e9es de Cadeaux<\/p>\n<p><img decoding=\"async\" src=\"https:\/\/www.qualidanse.fr\/wp-inside\/uploads\/sites\/9\/2019\/07\/23538-300x300.png\" class=\"size-medium aligncenter\" \/><\/p>\n<p>Tous ces fournisseurs poss\u00e8dent \u00e9galement des <strong>articles pour d&rsquo;autres activit\u00e9s<\/strong>, j&rsquo;ai simplement cit\u00e9 le <strong>domaine principal me concernant<\/strong>.<\/p>\n<h2>Alors n&rsquo;h\u00e9sitez pas \u00e0 venir en boutique,<\/h2>\n<p>pour d\u00e9couvrir cette <strong>large gamme d&rsquo;articles de haute qualit\u00e9<\/strong>, obtenir des <strong>conseils personnalis\u00e9s<\/strong>, et repartir en <strong>toute confiance<\/strong> sur le produit achet\u00e9.<\/p>\n<p>Passionn\u00e9e par mon m\u00e9tier, <strong>l&rsquo;accueil chaleureux, le sourire et le professionnalisme<\/strong> sont au RV.<\/p>\n<p>Que vous soyez <strong>d\u00e9butant, interm\u00e9diaire ou exp\u00e9riment\u00e9<\/strong>, vous trouverez forc\u00e9ment l&rsquo;article dont vous savez besoin, donc n&rsquo;h\u00e9sitez pas \u00e0 venir me rencontrer !<\/p>\n","protected":false},"excerpt":{"rendered":"<p>Toujours \u00e0 l&rsquo;\u00e9coute de vos besoins, je ne cesse de chercher des grandes marques de qualit\u00e9 pour satisfaire votre demande. Vous pourrez trouver en magasin : AINSLIE, ARTILIGNE, BAILAREM, BALLET [&hellip;]<\/p>\n","protected":false},"author":19,"featured_media":0,"parent":0,"menu_order":0,"comment_status":"closed","ping_status":"closed","template":"template-list-marques.php","meta":{"_acf_changed":false,"footnotes":""},"class_list":["post-12","page","type-page","status-publish","hentry","wp-sticky"],"acf":[],"yoast_head":"<!-- This site is optimized with the Yoast SEO plugin v27.5 - https:\/\/yoast.com\/product\/yoast-seo-wordpress\/ -->\n<title>Les Marques<\/title>\n<meta name=\"robots\" content=\"index, follow, max-snippet:-1, max-image-preview:large, max-video-preview:-1\" \/>\n<link rel=\"canonical\" href=\"https:\/\/www.qualidanse.fr\/magasin-evry\/marques\/\" \/>\n<meta property=\"og:locale\" content=\"fr_FR\" \/>\n<meta property=\"og:type\" content=\"article\" \/>\n<meta property=\"og:title\" content=\"Les Marques\" \/>\n<meta property=\"og:description\" content=\"Toujours \u00e0 l&rsquo;\u00e9coute de vos besoins, je ne cesse de chercher des grandes marques de qualit\u00e9 pour satisfaire votre demande. Vous pourrez trouver en magasin : AINSLIE, ARTILIGNE, BAILAREM, BALLET [&hellip;]\" \/>\n<meta property=\"og:url\" content=\"https:\/\/www.qualidanse.fr\/magasin-evry\/marques\/\" \/>\n<meta property=\"og:site_name\" content=\"Le Monde de la Danse\" \/>\n<meta property=\"article:modified_time\" content=\"2019-07-19T06:54:15+00:00\" \/>\n<meta property=\"og:image\" content=\"https:\/\/www.qualidanse.fr\/wp-inside\/uploads\/sites\/9\/2019\/07\/8cae6641105459dd3c818ef845474ffc-ballet-silhouette-january--191x300.jpg\" \/>\n<meta name=\"twitter:card\" content=\"summary_large_image\" \/>\n<meta name=\"twitter:label1\" content=\"Dur\u00e9e de lecture estim\u00e9e\" \/>\n\t<meta name=\"twitter:data1\" content=\"1 minute\" \/>\n<script type=\"application\/ld+json\" class=\"yoast-schema-graph\">{\"@context\":\"https:\\\/\\\/schema.org\",\"@graph\":[{\"@type\":\"WebPage\",\"@id\":\"https:\\\/\\\/www.qualidanse.fr\\\/magasin-evry\\\/marques\\\/\",\"url\":\"https:\\\/\\\/www.qualidanse.fr\\\/magasin-evry\\\/marques\\\/\",\"name\":\"Les Marques\",\"isPartOf\":{\"@id\":\"https:\\\/\\\/www.qualidanse.fr\\\/magasin-evry\\\/#website\"},\"primaryImageOfPage\":{\"@id\":\"https:\\\/\\\/www.qualidanse.fr\\\/magasin-evry\\\/marques\\\/#primaryimage\"},\"image\":{\"@id\":\"https:\\\/\\\/www.qualidanse.fr\\\/magasin-evry\\\/marques\\\/#primaryimage\"},\"thumbnailUrl\":\"https:\\\/\\\/www.qualidanse.fr\\\/wp-inside\\\/uploads\\\/sites\\\/9\\\/2019\\\/07\\\/8cae6641105459dd3c818ef845474ffc-ballet-silhouette-january--191x300.jpg\",\"datePublished\":\"2017-10-11T09:40:09+00:00\",\"dateModified\":\"2019-07-19T06:54:15+00:00\",\"inLanguage\":\"fr-FR\",\"potentialAction\":[{\"@type\":\"ReadAction\",\"target\":[\"https:\\\/\\\/www.qualidanse.fr\\\/magasin-evry\\\/marques\\\/\"]}]},{\"@type\":\"ImageObject\",\"inLanguage\":\"fr-FR\",\"@id\":\"https:\\\/\\\/www.qualidanse.fr\\\/magasin-evry\\\/marques\\\/#primaryimage\",\"url\":\"https:\\\/\\\/www.qualidanse.fr\\\/wp-inside\\\/uploads\\\/sites\\\/9\\\/2019\\\/07\\\/8cae6641105459dd3c818ef845474ffc-ballet-silhouette-january--191x300.jpg\",\"contentUrl\":\"https:\\\/\\\/www.qualidanse.fr\\\/wp-inside\\\/uploads\\\/sites\\\/9\\\/2019\\\/07\\\/8cae6641105459dd3c818ef845474ffc-ballet-silhouette-january--191x300.jpg\"},{\"@type\":\"WebSite\",\"@id\":\"https:\\\/\\\/www.qualidanse.fr\\\/magasin-evry\\\/#website\",\"url\":\"https:\\\/\\\/www.qualidanse.fr\\\/magasin-evry\\\/\",\"name\":\"Le Monde de la Danse\",\"description\":\"\",\"potentialAction\":[{\"@type\":\"SearchAction\",\"target\":{\"@type\":\"EntryPoint\",\"urlTemplate\":\"https:\\\/\\\/www.qualidanse.fr\\\/magasin-evry\\\/?s={search_term_string}\"},\"query-input\":{\"@type\":\"PropertyValueSpecification\",\"valueRequired\":true,\"valueName\":\"search_term_string\"}}],\"inLanguage\":\"fr-FR\"}]}<\/script>\n<!-- \/ Yoast SEO plugin. -->","yoast_head_json":{"title":"Les Marques","robots":{"index":"index","follow":"follow","max-snippet":"max-snippet:-1","max-image-preview":"max-image-preview:large","max-video-preview":"max-video-preview:-1"},"canonical":"https:\/\/www.qualidanse.fr\/magasin-evry\/marques\/","og_locale":"fr_FR","og_type":"article","og_title":"Les Marques","og_description":"Toujours \u00e0 l&rsquo;\u00e9coute de vos besoins, je ne cesse de chercher des grandes marques de qualit\u00e9 pour satisfaire votre demande. Vous pourrez trouver en magasin : AINSLIE, ARTILIGNE, BAILAREM, BALLET [&hellip;]","og_url":"https:\/\/www.qualidanse.fr\/magasin-evry\/marques\/","og_site_name":"Le Monde de la Danse","article_modified_time":"2019-07-19T06:54:15+00:00","og_image":[{"url":"https:\/\/www.qualidanse.fr\/wp-inside\/uploads\/sites\/9\/2019\/07\/8cae6641105459dd3c818ef845474ffc-ballet-silhouette-january--191x300.jpg","type":"","width":"","height":""}],"twitter_card":"summary_large_image","twitter_misc":{"Dur\u00e9e de lecture estim\u00e9e":"1 minute"},"schema":{"@context":"https:\/\/schema.org","@graph":[{"@type":"WebPage","@id":"https:\/\/www.qualidanse.fr\/magasin-evry\/marques\/","url":"https:\/\/www.qualidanse.fr\/magasin-evry\/marques\/","name":"Les Marques","isPartOf":{"@id":"https:\/\/www.qualidanse.fr\/magasin-evry\/#website"},"primaryImageOfPage":{"@id":"https:\/\/www.qualidanse.fr\/magasin-evry\/marques\/#primaryimage"},"image":{"@id":"https:\/\/www.qualidanse.fr\/magasin-evry\/marques\/#primaryimage"},"thumbnailUrl":"https:\/\/www.qualidanse.fr\/wp-inside\/uploads\/sites\/9\/2019\/07\/8cae6641105459dd3c818ef845474ffc-ballet-silhouette-january--191x300.jpg","datePublished":"2017-10-11T09:40:09+00:00","dateModified":"2019-07-19T06:54:15+00:00","inLanguage":"fr-FR","potentialAction":[{"@type":"ReadAction","target":["https:\/\/www.qualidanse.fr\/magasin-evry\/marques\/"]}]},{"@type":"ImageObject","inLanguage":"fr-FR","@id":"https:\/\/www.qualidanse.fr\/magasin-evry\/marques\/#primaryimage","url":"https:\/\/www.qualidanse.fr\/wp-inside\/uploads\/sites\/9\/2019\/07\/8cae6641105459dd3c818ef845474ffc-ballet-silhouette-january--191x300.jpg","contentUrl":"https:\/\/www.qualidanse.fr\/wp-inside\/uploads\/sites\/9\/2019\/07\/8cae6641105459dd3c818ef845474ffc-ballet-silhouette-january--191x300.jpg"},{"@type":"WebSite","@id":"https:\/\/www.qualidanse.fr\/magasin-evry\/#website","url":"https:\/\/www.qualidanse.fr\/magasin-evry\/","name":"Le Monde de la Danse","description":"","potentialAction":[{"@type":"SearchAction","target":{"@type":"EntryPoint","urlTemplate":"https:\/\/www.qualidanse.fr\/magasin-evry\/?s={search_term_string}"},"query-input":{"@type":"PropertyValueSpecification","valueRequired":true,"valueName":"search_term_string"}}],"inLanguage":"fr-FR"}]}},"_links":{"self":[{"href":"https:\/\/www.qualidanse.fr\/magasin-evry\/wp-json\/wp\/v2\/pages\/12","targetHints":{"allow":["GET"]}}],"collection":[{"href":"https:\/\/www.qualidanse.fr\/magasin-evry\/wp-json\/wp\/v2\/pages"}],"about":[{"href":"https:\/\/www.qualidanse.fr\/magasin-evry\/wp-json\/wp\/v2\/types\/page"}],"author":[{"embeddable":true,"href":"https:\/\/www.qualidanse.fr\/magasin-evry\/wp-json\/wp\/v2\/users\/19"}],"replies":[{"embeddable":true,"href":"https:\/\/www.qualidanse.fr\/magasin-evry\/wp-json\/wp\/v2\/comments?post=12"}],"version-history":[{"count":14,"href":"https:\/\/www.qualidanse.fr\/magasin-evry\/wp-json\/wp\/v2\/pages\/12\/revisions"}],"predecessor-version":[{"id":367,"href":"https:\/\/www.qualidanse.fr\/magasin-evry\/wp-json\/wp\/v2\/pages\/12\/revisions\/367"}],"wp:attachment":[{"href":"https:\/\/www.qualidanse.fr\/magasin-evry\/wp-json\/wp\/v2\/media?parent=12"}],"curies":[{"name":"wp","href":"https:\/\/api.w.org\/{rel}","templated":true}]}}