{"id":245,"date":"2019-07-17T17:31:06","date_gmt":"2019-07-17T15:31:06","guid":{"rendered":"https:\/\/www.qualidanse.fr\/magasin-evry\/?page_id=245"},"modified":"2020-07-08T18:37:11","modified_gmt":"2020-07-08T16:37:11","slug":"artiligne","status":"publish","type":"page","link":"https:\/\/www.qualidanse.fr\/magasin-evry\/marques\/artiligne\/","title":{"rendered":"ARTILIGNE"},"content":{"rendered":"<p><a href=\"http:\/\/www.lemondedeladanse91.com\/index.php?id_manufacturer=75&amp;controller=manufacturer\"><img decoding=\"async\" src=\"https:\/\/www.qualidanse.fr\/wp-inside\/uploads\/sites\/9\/2019\/07\/leoshoesworld-logo_mobile-1480267353-300x204.png\" class=\"size-medium aligncenter\" \/><\/a><\/p>\n<p><strong>ARTILIGNE<\/strong> est une <strong>marque Fran\u00e7aise<\/strong> sp\u00e9cialis\u00e9e dans le monde de la <strong>GR<\/strong> mais \u00e9galement du <strong>Classique<\/strong>.<\/p>\n<h2><a href=\"http:\/\/www.lemondedeladanse91.com\/index.php?id_product=1197&amp;controller=product\">Les diff\u00e9rentes gammes de produits en GR :<\/a><\/h2>\n<p>Short<\/p>\n<p>D\u00e9bardeur<\/p>\n<p>Corsaire<\/p>\n<p><img decoding=\"async\" src=\"https:\/\/www.qualidanse.fr\/wp-inside\/uploads\/sites\/9\/2019\/07\/debardeur-gloss-enfant-t-3-ans-a-la-taille-10-ans-1-300x203.jpg\" class=\"size-medium aligncenter\" \/><\/p>\n<h2><a href=\"http:\/\/www.lemondedeladanse91.com\/index.php?id_manufacturer=75&amp;controller=manufacturer&amp;orderby=name&amp;orderway=asc\">Les diff\u00e9rentes gammes de produits en CLASSIQUE :<\/a><\/h2>\n<p>Justaucorps<\/p>\n<p>Jupettes<\/p>\n<p>Tuniques<\/p>\n<p><img decoding=\"async\" src=\"https:\/\/www.qualidanse.fr\/wp-inside\/uploads\/sites\/9\/2019\/07\/julia-300x203.jpg\" class=\"size-medium aligncenter\" \/><\/p>\n<h2><a href=\"http:\/\/www.lemondedeladanse91.com\/index.php?id_manufacturer=75&amp;controller=manufacturer&amp;orderby=name&amp;orderway=asc\">Les diff\u00e9rentes gammes de produits en VETEMENTS D&rsquo;ECHAUFFEMENT :<\/a><\/h2>\n<p>Pull<\/p>\n<p>Short<\/p>\n<p>Combinaison<\/p>\n<p>Cache-coeur<\/p>\n<p>Pantalon<\/p>\n<p>Sweat<\/p>\n<p><img decoding=\"async\" src=\"https:\/\/www.qualidanse.fr\/wp-inside\/uploads\/sites\/9\/2019\/07\/combinaison-echauffement-softy-t0t1t2t3-300x203.jpg\" class=\"size-medium aligncenter\" \/><\/p>\n<h3><strong>ARTILIGNE<\/strong> apporte Allure, L\u00e9g\u00e8ret\u00e9, Confort et \u00c9l\u00e9gance dans toutes ses lignes de v\u00eatements<\/h3>\n","protected":false},"excerpt":{"rendered":"<p>ARTILIGNE est une marque Fran\u00e7aise sp\u00e9cialis\u00e9e dans le monde de la GR mais \u00e9galement du Classique. Les diff\u00e9rentes gammes de produits en GR : Short D\u00e9bardeur Corsaire Les diff\u00e9rentes gammes [&hellip;]<\/p>\n","protected":false},"author":10,"featured_media":0,"parent":12,"menu_order":0,"comment_status":"closed","ping_status":"closed","template":"template-page-marque.php","meta":{"_acf_changed":false,"footnotes":""},"class_list":["post-245","page","type-page","status-publish","hentry","wp-sticky"],"acf":[],"yoast_head":"<!-- This site is optimized with the Yoast SEO plugin v27.5 - https:\/\/yoast.com\/product\/yoast-seo-wordpress\/ -->\n<title>ARTILIGNE<\/title>\n<meta name=\"robots\" content=\"index, follow, max-snippet:-1, max-image-preview:large, max-video-preview:-1\" \/>\n<link rel=\"canonical\" href=\"https:\/\/www.qualidanse.fr\/magasin-evry\/marques\/artiligne\/\" \/>\n<meta property=\"og:locale\" content=\"fr_FR\" \/>\n<meta property=\"og:type\" content=\"article\" \/>\n<meta property=\"og:title\" content=\"ARTILIGNE\" \/>\n<meta property=\"og:description\" content=\"ARTILIGNE est une marque Fran\u00e7aise sp\u00e9cialis\u00e9e dans le monde de la GR mais \u00e9galement du Classique. Les diff\u00e9rentes gammes de produits en GR : Short D\u00e9bardeur Corsaire Les diff\u00e9rentes gammes [&hellip;]\" \/>\n<meta property=\"og:url\" content=\"https:\/\/www.qualidanse.fr\/magasin-evry\/marques\/artiligne\/\" \/>\n<meta property=\"og:site_name\" content=\"Le Monde de la Danse\" \/>\n<meta property=\"article:modified_time\" content=\"2020-07-08T16:37:11+00:00\" \/>\n<meta property=\"og:image\" content=\"https:\/\/www.qualidanse.fr\/wp-inside\/uploads\/sites\/9\/2019\/07\/leoshoesworld-logo_mobile-1480267353-300x204.png\" \/>\n<meta name=\"twitter:card\" content=\"summary_large_image\" \/>\n<script type=\"application\/ld+json\" class=\"yoast-schema-graph\">{\"@context\":\"https:\\\/\\\/schema.org\",\"@graph\":[{\"@type\":\"WebPage\",\"@id\":\"https:\\\/\\\/www.qualidanse.fr\\\/magasin-evry\\\/marques\\\/artiligne\\\/\",\"url\":\"https:\\\/\\\/www.qualidanse.fr\\\/magasin-evry\\\/marques\\\/artiligne\\\/\",\"name\":\"ARTILIGNE\",\"isPartOf\":{\"@id\":\"https:\\\/\\\/www.qualidanse.fr\\\/magasin-evry\\\/#website\"},\"primaryImageOfPage\":{\"@id\":\"https:\\\/\\\/www.qualidanse.fr\\\/magasin-evry\\\/marques\\\/artiligne\\\/#primaryimage\"},\"image\":{\"@id\":\"https:\\\/\\\/www.qualidanse.fr\\\/magasin-evry\\\/marques\\\/artiligne\\\/#primaryimage\"},\"thumbnailUrl\":\"https:\\\/\\\/www.qualidanse.fr\\\/wp-inside\\\/uploads\\\/sites\\\/9\\\/2019\\\/07\\\/leoshoesworld-logo_mobile-1480267353-300x204.png\",\"datePublished\":\"2019-07-17T15:31:06+00:00\",\"dateModified\":\"2020-07-08T16:37:11+00:00\",\"breadcrumb\":{\"@id\":\"https:\\\/\\\/www.qualidanse.fr\\\/magasin-evry\\\/marques\\\/artiligne\\\/#breadcrumb\"},\"inLanguage\":\"fr-FR\",\"potentialAction\":[{\"@type\":\"ReadAction\",\"target\":[\"https:\\\/\\\/www.qualidanse.fr\\\/magasin-evry\\\/marques\\\/artiligne\\\/\"]}]},{\"@type\":\"ImageObject\",\"inLanguage\":\"fr-FR\",\"@id\":\"https:\\\/\\\/www.qualidanse.fr\\\/magasin-evry\\\/marques\\\/artiligne\\\/#primaryimage\",\"url\":\"https:\\\/\\\/www.qualidanse.fr\\\/wp-inside\\\/uploads\\\/sites\\\/9\\\/2019\\\/07\\\/leoshoesworld-logo_mobile-1480267353-300x204.png\",\"contentUrl\":\"https:\\\/\\\/www.qualidanse.fr\\\/wp-inside\\\/uploads\\\/sites\\\/9\\\/2019\\\/07\\\/leoshoesworld-logo_mobile-1480267353-300x204.png\"},{\"@type\":\"BreadcrumbList\",\"@id\":\"https:\\\/\\\/www.qualidanse.fr\\\/magasin-evry\\\/marques\\\/artiligne\\\/#breadcrumb\",\"itemListElement\":[{\"@type\":\"ListItem\",\"position\":1,\"name\":\"Les Marques\",\"item\":\"https:\\\/\\\/www.qualidanse.fr\\\/magasin-evry\\\/marques\\\/\"},{\"@type\":\"ListItem\",\"position\":2,\"name\":\"ARTILIGNE\"}]},{\"@type\":\"WebSite\",\"@id\":\"https:\\\/\\\/www.qualidanse.fr\\\/magasin-evry\\\/#website\",\"url\":\"https:\\\/\\\/www.qualidanse.fr\\\/magasin-evry\\\/\",\"name\":\"Le Monde de la Danse\",\"description\":\"\",\"potentialAction\":[{\"@type\":\"SearchAction\",\"target\":{\"@type\":\"EntryPoint\",\"urlTemplate\":\"https:\\\/\\\/www.qualidanse.fr\\\/magasin-evry\\\/?s={search_term_string}\"},\"query-input\":{\"@type\":\"PropertyValueSpecification\",\"valueRequired\":true,\"valueName\":\"search_term_string\"}}],\"inLanguage\":\"fr-FR\"}]}<\/script>\n<!-- \/ Yoast SEO plugin. -->","yoast_head_json":{"title":"ARTILIGNE","robots":{"index":"index","follow":"follow","max-snippet":"max-snippet:-1","max-image-preview":"max-image-preview:large","max-video-preview":"max-video-preview:-1"},"canonical":"https:\/\/www.qualidanse.fr\/magasin-evry\/marques\/artiligne\/","og_locale":"fr_FR","og_type":"article","og_title":"ARTILIGNE","og_description":"ARTILIGNE est une marque Fran\u00e7aise sp\u00e9cialis\u00e9e dans le monde de la GR mais \u00e9galement du Classique. Les diff\u00e9rentes gammes de produits en GR : Short D\u00e9bardeur Corsaire Les diff\u00e9rentes gammes [&hellip;]","og_url":"https:\/\/www.qualidanse.fr\/magasin-evry\/marques\/artiligne\/","og_site_name":"Le Monde de la Danse","article_modified_time":"2020-07-08T16:37:11+00:00","og_image":[{"url":"https:\/\/www.qualidanse.fr\/wp-inside\/uploads\/sites\/9\/2019\/07\/leoshoesworld-logo_mobile-1480267353-300x204.png","type":"","width":"","height":""}],"twitter_card":"summary_large_image","schema":{"@context":"https:\/\/schema.org","@graph":[{"@type":"WebPage","@id":"https:\/\/www.qualidanse.fr\/magasin-evry\/marques\/artiligne\/","url":"https:\/\/www.qualidanse.fr\/magasin-evry\/marques\/artiligne\/","name":"ARTILIGNE","isPartOf":{"@id":"https:\/\/www.qualidanse.fr\/magasin-evry\/#website"},"primaryImageOfPage":{"@id":"https:\/\/www.qualidanse.fr\/magasin-evry\/marques\/artiligne\/#primaryimage"},"image":{"@id":"https:\/\/www.qualidanse.fr\/magasin-evry\/marques\/artiligne\/#primaryimage"},"thumbnailUrl":"https:\/\/www.qualidanse.fr\/wp-inside\/uploads\/sites\/9\/2019\/07\/leoshoesworld-logo_mobile-1480267353-300x204.png","datePublished":"2019-07-17T15:31:06+00:00","dateModified":"2020-07-08T16:37:11+00:00","breadcrumb":{"@id":"https:\/\/www.qualidanse.fr\/magasin-evry\/marques\/artiligne\/#breadcrumb"},"inLanguage":"fr-FR","potentialAction":[{"@type":"ReadAction","target":["https:\/\/www.qualidanse.fr\/magasin-evry\/marques\/artiligne\/"]}]},{"@type":"ImageObject","inLanguage":"fr-FR","@id":"https:\/\/www.qualidanse.fr\/magasin-evry\/marques\/artiligne\/#primaryimage","url":"https:\/\/www.qualidanse.fr\/wp-inside\/uploads\/sites\/9\/2019\/07\/leoshoesworld-logo_mobile-1480267353-300x204.png","contentUrl":"https:\/\/www.qualidanse.fr\/wp-inside\/uploads\/sites\/9\/2019\/07\/leoshoesworld-logo_mobile-1480267353-300x204.png"},{"@type":"BreadcrumbList","@id":"https:\/\/www.qualidanse.fr\/magasin-evry\/marques\/artiligne\/#breadcrumb","itemListElement":[{"@type":"ListItem","position":1,"name":"Les Marques","item":"https:\/\/www.qualidanse.fr\/magasin-evry\/marques\/"},{"@type":"ListItem","position":2,"name":"ARTILIGNE"}]},{"@type":"WebSite","@id":"https:\/\/www.qualidanse.fr\/magasin-evry\/#website","url":"https:\/\/www.qualidanse.fr\/magasin-evry\/","name":"Le Monde de la Danse","description":"","potentialAction":[{"@type":"SearchAction","target":{"@type":"EntryPoint","urlTemplate":"https:\/\/www.qualidanse.fr\/magasin-evry\/?s={search_term_string}"},"query-input":{"@type":"PropertyValueSpecification","valueRequired":true,"valueName":"search_term_string"}}],"inLanguage":"fr-FR"}]}},"_links":{"self":[{"href":"https:\/\/www.qualidanse.fr\/magasin-evry\/wp-json\/wp\/v2\/pages\/245","targetHints":{"allow":["GET"]}}],"collection":[{"href":"https:\/\/www.qualidanse.fr\/magasin-evry\/wp-json\/wp\/v2\/pages"}],"about":[{"href":"https:\/\/www.qualidanse.fr\/magasin-evry\/wp-json\/wp\/v2\/types\/page"}],"author":[{"embeddable":true,"href":"https:\/\/www.qualidanse.fr\/magasin-evry\/wp-json\/wp\/v2\/users\/10"}],"replies":[{"embeddable":true,"href":"https:\/\/www.qualidanse.fr\/magasin-evry\/wp-json\/wp\/v2\/comments?post=245"}],"version-history":[{"count":10,"href":"https:\/\/www.qualidanse.fr\/magasin-evry\/wp-json\/wp\/v2\/pages\/245\/revisions"}],"predecessor-version":[{"id":450,"href":"https:\/\/www.qualidanse.fr\/magasin-evry\/wp-json\/wp\/v2\/pages\/245\/revisions\/450"}],"up":[{"embeddable":true,"href":"https:\/\/www.qualidanse.fr\/magasin-evry\/wp-json\/wp\/v2\/pages\/12"}],"wp:attachment":[{"href":"https:\/\/www.qualidanse.fr\/magasin-evry\/wp-json\/wp\/v2\/media?parent=245"}],"curies":[{"name":"wp","href":"https:\/\/api.w.org\/{rel}","templated":true}]}}