{"id":263,"date":"2019-07-17T17:49:43","date_gmt":"2019-07-17T15:49:43","guid":{"rendered":"https:\/\/www.qualidanse.fr\/magasin-evry\/?page_id=263"},"modified":"2020-07-08T18:45:27","modified_gmt":"2020-07-08T16:45:27","slug":"diamant","status":"publish","type":"page","link":"https:\/\/www.qualidanse.fr\/magasin-evry\/marques\/diamant\/","title":{"rendered":"DIAMANT"},"content":{"rendered":"<p><a href=\"http:\/\/www.lemondedeladanse91.com\/index.php?id_manufacturer=76&amp;controller=manufacturer&amp;orderby=name&amp;orderway=asc\"><img decoding=\"async\" src=\"https:\/\/www.qualidanse.fr\/wp-inside\/uploads\/sites\/9\/2019\/07\/logo-300x221.jpg\" class=\"size-medium aligncenter\" \/><\/a><\/p>\n<p><strong>DIAMANT<\/strong> est une <strong>marque Allemande<\/strong> qui existe depuis 1873. C&rsquo;est une entreprise familiale qui en est \u00e0 <strong>sa 5\u00e8me g\u00e9n\u00e9ration.<\/strong><\/p>\n<p><strong>Diamant<\/strong> poss\u00e8de une <strong>large gamme de chaussures de danse<\/strong> avec plus de <strong>100 mod\u00e8les<\/strong> pour femmes et pour hommes.<\/p>\n<p>&nbsp;<\/p>\n<h2><a href=\"http:\/\/www.lemondedeladanse91.com\/index.php?id_manufacturer=76&amp;controller=manufacturer&amp;orderby=name&amp;orderway=asc\">Les chaussures peuvent \u00eatre utilis\u00e9es pour :<\/a><\/h2>\n<p>La Danse de Loisirs<\/p>\n<p><img decoding=\"async\" src=\"https:\/\/www.qualidanse.fr\/wp-inside\/uploads\/sites\/9\/2019\/07\/diamant_tanzschuhe_artikel_020-087-183-300x277.jpg\" class=\"size-medium aligncenter\" \/><\/p>\n<p>Le Tango Argentin<\/p>\n<p><img decoding=\"async\" src=\"https:\/\/www.qualidanse.fr\/wp-inside\/uploads\/sites\/9\/2019\/07\/diamant-141-058-400-300x225.jpg\" class=\"size-medium aligncenter\" \/><\/p>\n<p>Les Entra\u00eenements<\/p>\n<p><img decoding=\"async\" src=\"https:\/\/www.qualidanse.fr\/wp-inside\/uploads\/sites\/9\/2019\/07\/diamant_damen_tanzschuhe_093-034-509-a_0_brokat_schwarz_silber_trainer-300x300.jpg\" class=\"size-medium aligncenter\" \/><\/p>\n<p>&nbsp;<\/p>\n<p><strong>Diamant<\/strong> fabrique \u00e9galement des <strong>chaussures pour enfants<\/strong>, mais en plus petite quantit\u00e9<\/p>\n<p><strong>Diamant<\/strong> a enfin plusieurs accessoires pour le <strong>confort du pied<\/strong><br \/>\n<img decoding=\"async\" src=\"https:\/\/www.qualidanse.fr\/wp-inside\/uploads\/sites\/9\/2019\/07\/diamant_hw04937-300x225.jpg\" class=\"size-medium aligncenter\" \/><\/p>\n<p>et pour les <strong>amoureux de la danse<\/strong>, cette broche magnifique<\/p>\n<p><img decoding=\"async\" src=\"https:\/\/www.qualidanse.fr\/wp-inside\/uploads\/sites\/9\/2019\/07\/hw07972_0_10879_0_1000x800-300x225.jpg\" class=\"size-medium aligncenter\" \/><\/p>\n<p>&nbsp;<\/p>\n<h3>N&rsquo;h\u00e9sitez pas \u00e0 tester ces chaussures tr\u00e8s confortables qui vous feront danser jusqu&rsquo;au bout de la nuit !<\/h3>\n","protected":false},"excerpt":{"rendered":"<p>DIAMANT est une marque Allemande qui existe depuis 1873. C&rsquo;est une entreprise familiale qui en est \u00e0 sa 5\u00e8me g\u00e9n\u00e9ration. Diamant poss\u00e8de une large gamme de chaussures de danse avec [&hellip;]<\/p>\n","protected":false},"author":10,"featured_media":0,"parent":12,"menu_order":0,"comment_status":"closed","ping_status":"closed","template":"template-page-marque.php","meta":{"_acf_changed":false,"footnotes":""},"class_list":["post-263","page","type-page","status-publish","hentry","wp-sticky"],"acf":[],"yoast_head":"<!-- This site is optimized with the Yoast SEO plugin v27.5 - https:\/\/yoast.com\/product\/yoast-seo-wordpress\/ -->\n<title>DIAMANT<\/title>\n<meta name=\"robots\" content=\"index, follow, max-snippet:-1, max-image-preview:large, max-video-preview:-1\" \/>\n<link rel=\"canonical\" href=\"https:\/\/www.qualidanse.fr\/magasin-evry\/marques\/diamant\/\" \/>\n<meta property=\"og:locale\" content=\"fr_FR\" \/>\n<meta property=\"og:type\" content=\"article\" \/>\n<meta property=\"og:title\" content=\"DIAMANT\" \/>\n<meta property=\"og:description\" content=\"DIAMANT est une marque Allemande qui existe depuis 1873. C&rsquo;est une entreprise familiale qui en est \u00e0 sa 5\u00e8me g\u00e9n\u00e9ration. Diamant poss\u00e8de une large gamme de chaussures de danse avec [&hellip;]\" \/>\n<meta property=\"og:url\" content=\"https:\/\/www.qualidanse.fr\/magasin-evry\/marques\/diamant\/\" \/>\n<meta property=\"og:site_name\" content=\"Le Monde de la Danse\" \/>\n<meta property=\"article:modified_time\" content=\"2020-07-08T16:45:27+00:00\" \/>\n<meta property=\"og:image\" content=\"https:\/\/www.qualidanse.fr\/wp-inside\/uploads\/sites\/9\/2019\/07\/logo-300x221.jpg\" \/>\n<meta name=\"twitter:card\" content=\"summary_large_image\" \/>\n<meta name=\"twitter:label1\" content=\"Dur\u00e9e de lecture estim\u00e9e\" \/>\n\t<meta name=\"twitter:data1\" content=\"1 minute\" \/>\n<script type=\"application\/ld+json\" class=\"yoast-schema-graph\">{\"@context\":\"https:\\\/\\\/schema.org\",\"@graph\":[{\"@type\":\"WebPage\",\"@id\":\"https:\\\/\\\/www.qualidanse.fr\\\/magasin-evry\\\/marques\\\/diamant\\\/\",\"url\":\"https:\\\/\\\/www.qualidanse.fr\\\/magasin-evry\\\/marques\\\/diamant\\\/\",\"name\":\"DIAMANT\",\"isPartOf\":{\"@id\":\"https:\\\/\\\/www.qualidanse.fr\\\/magasin-evry\\\/#website\"},\"primaryImageOfPage\":{\"@id\":\"https:\\\/\\\/www.qualidanse.fr\\\/magasin-evry\\\/marques\\\/diamant\\\/#primaryimage\"},\"image\":{\"@id\":\"https:\\\/\\\/www.qualidanse.fr\\\/magasin-evry\\\/marques\\\/diamant\\\/#primaryimage\"},\"thumbnailUrl\":\"https:\\\/\\\/www.qualidanse.fr\\\/wp-inside\\\/uploads\\\/sites\\\/9\\\/2019\\\/07\\\/logo-300x221.jpg\",\"datePublished\":\"2019-07-17T15:49:43+00:00\",\"dateModified\":\"2020-07-08T16:45:27+00:00\",\"breadcrumb\":{\"@id\":\"https:\\\/\\\/www.qualidanse.fr\\\/magasin-evry\\\/marques\\\/diamant\\\/#breadcrumb\"},\"inLanguage\":\"fr-FR\",\"potentialAction\":[{\"@type\":\"ReadAction\",\"target\":[\"https:\\\/\\\/www.qualidanse.fr\\\/magasin-evry\\\/marques\\\/diamant\\\/\"]}]},{\"@type\":\"ImageObject\",\"inLanguage\":\"fr-FR\",\"@id\":\"https:\\\/\\\/www.qualidanse.fr\\\/magasin-evry\\\/marques\\\/diamant\\\/#primaryimage\",\"url\":\"https:\\\/\\\/www.qualidanse.fr\\\/wp-inside\\\/uploads\\\/sites\\\/9\\\/2019\\\/07\\\/logo-300x221.jpg\",\"contentUrl\":\"https:\\\/\\\/www.qualidanse.fr\\\/wp-inside\\\/uploads\\\/sites\\\/9\\\/2019\\\/07\\\/logo-300x221.jpg\"},{\"@type\":\"BreadcrumbList\",\"@id\":\"https:\\\/\\\/www.qualidanse.fr\\\/magasin-evry\\\/marques\\\/diamant\\\/#breadcrumb\",\"itemListElement\":[{\"@type\":\"ListItem\",\"position\":1,\"name\":\"Les Marques\",\"item\":\"https:\\\/\\\/www.qualidanse.fr\\\/magasin-evry\\\/marques\\\/\"},{\"@type\":\"ListItem\",\"position\":2,\"name\":\"DIAMANT\"}]},{\"@type\":\"WebSite\",\"@id\":\"https:\\\/\\\/www.qualidanse.fr\\\/magasin-evry\\\/#website\",\"url\":\"https:\\\/\\\/www.qualidanse.fr\\\/magasin-evry\\\/\",\"name\":\"Le Monde de la Danse\",\"description\":\"\",\"potentialAction\":[{\"@type\":\"SearchAction\",\"target\":{\"@type\":\"EntryPoint\",\"urlTemplate\":\"https:\\\/\\\/www.qualidanse.fr\\\/magasin-evry\\\/?s={search_term_string}\"},\"query-input\":{\"@type\":\"PropertyValueSpecification\",\"valueRequired\":true,\"valueName\":\"search_term_string\"}}],\"inLanguage\":\"fr-FR\"}]}<\/script>\n<!-- \/ Yoast SEO plugin. -->","yoast_head_json":{"title":"DIAMANT","robots":{"index":"index","follow":"follow","max-snippet":"max-snippet:-1","max-image-preview":"max-image-preview:large","max-video-preview":"max-video-preview:-1"},"canonical":"https:\/\/www.qualidanse.fr\/magasin-evry\/marques\/diamant\/","og_locale":"fr_FR","og_type":"article","og_title":"DIAMANT","og_description":"DIAMANT est une marque Allemande qui existe depuis 1873. C&rsquo;est une entreprise familiale qui en est \u00e0 sa 5\u00e8me g\u00e9n\u00e9ration. Diamant poss\u00e8de une large gamme de chaussures de danse avec [&hellip;]","og_url":"https:\/\/www.qualidanse.fr\/magasin-evry\/marques\/diamant\/","og_site_name":"Le Monde de la Danse","article_modified_time":"2020-07-08T16:45:27+00:00","og_image":[{"url":"https:\/\/www.qualidanse.fr\/wp-inside\/uploads\/sites\/9\/2019\/07\/logo-300x221.jpg","type":"","width":"","height":""}],"twitter_card":"summary_large_image","twitter_misc":{"Dur\u00e9e de lecture estim\u00e9e":"1 minute"},"schema":{"@context":"https:\/\/schema.org","@graph":[{"@type":"WebPage","@id":"https:\/\/www.qualidanse.fr\/magasin-evry\/marques\/diamant\/","url":"https:\/\/www.qualidanse.fr\/magasin-evry\/marques\/diamant\/","name":"DIAMANT","isPartOf":{"@id":"https:\/\/www.qualidanse.fr\/magasin-evry\/#website"},"primaryImageOfPage":{"@id":"https:\/\/www.qualidanse.fr\/magasin-evry\/marques\/diamant\/#primaryimage"},"image":{"@id":"https:\/\/www.qualidanse.fr\/magasin-evry\/marques\/diamant\/#primaryimage"},"thumbnailUrl":"https:\/\/www.qualidanse.fr\/wp-inside\/uploads\/sites\/9\/2019\/07\/logo-300x221.jpg","datePublished":"2019-07-17T15:49:43+00:00","dateModified":"2020-07-08T16:45:27+00:00","breadcrumb":{"@id":"https:\/\/www.qualidanse.fr\/magasin-evry\/marques\/diamant\/#breadcrumb"},"inLanguage":"fr-FR","potentialAction":[{"@type":"ReadAction","target":["https:\/\/www.qualidanse.fr\/magasin-evry\/marques\/diamant\/"]}]},{"@type":"ImageObject","inLanguage":"fr-FR","@id":"https:\/\/www.qualidanse.fr\/magasin-evry\/marques\/diamant\/#primaryimage","url":"https:\/\/www.qualidanse.fr\/wp-inside\/uploads\/sites\/9\/2019\/07\/logo-300x221.jpg","contentUrl":"https:\/\/www.qualidanse.fr\/wp-inside\/uploads\/sites\/9\/2019\/07\/logo-300x221.jpg"},{"@type":"BreadcrumbList","@id":"https:\/\/www.qualidanse.fr\/magasin-evry\/marques\/diamant\/#breadcrumb","itemListElement":[{"@type":"ListItem","position":1,"name":"Les Marques","item":"https:\/\/www.qualidanse.fr\/magasin-evry\/marques\/"},{"@type":"ListItem","position":2,"name":"DIAMANT"}]},{"@type":"WebSite","@id":"https:\/\/www.qualidanse.fr\/magasin-evry\/#website","url":"https:\/\/www.qualidanse.fr\/magasin-evry\/","name":"Le Monde de la Danse","description":"","potentialAction":[{"@type":"SearchAction","target":{"@type":"EntryPoint","urlTemplate":"https:\/\/www.qualidanse.fr\/magasin-evry\/?s={search_term_string}"},"query-input":{"@type":"PropertyValueSpecification","valueRequired":true,"valueName":"search_term_string"}}],"inLanguage":"fr-FR"}]}},"_links":{"self":[{"href":"https:\/\/www.qualidanse.fr\/magasin-evry\/wp-json\/wp\/v2\/pages\/263","targetHints":{"allow":["GET"]}}],"collection":[{"href":"https:\/\/www.qualidanse.fr\/magasin-evry\/wp-json\/wp\/v2\/pages"}],"about":[{"href":"https:\/\/www.qualidanse.fr\/magasin-evry\/wp-json\/wp\/v2\/types\/page"}],"author":[{"embeddable":true,"href":"https:\/\/www.qualidanse.fr\/magasin-evry\/wp-json\/wp\/v2\/users\/10"}],"replies":[{"embeddable":true,"href":"https:\/\/www.qualidanse.fr\/magasin-evry\/wp-json\/wp\/v2\/comments?post=263"}],"version-history":[{"count":10,"href":"https:\/\/www.qualidanse.fr\/magasin-evry\/wp-json\/wp\/v2\/pages\/263\/revisions"}],"predecessor-version":[{"id":453,"href":"https:\/\/www.qualidanse.fr\/magasin-evry\/wp-json\/wp\/v2\/pages\/263\/revisions\/453"}],"up":[{"embeddable":true,"href":"https:\/\/www.qualidanse.fr\/magasin-evry\/wp-json\/wp\/v2\/pages\/12"}],"wp:attachment":[{"href":"https:\/\/www.qualidanse.fr\/magasin-evry\/wp-json\/wp\/v2\/media?parent=263"}],"curies":[{"name":"wp","href":"https:\/\/api.w.org\/{rel}","templated":true}]}}