{"id":265,"date":"2019-07-17T17:50:59","date_gmt":"2019-07-17T15:50:59","guid":{"rendered":"https:\/\/www.qualidanse.fr\/magasin-evry\/?page_id=265"},"modified":"2020-07-08T18:47:03","modified_gmt":"2020-07-08T16:47:03","slug":"merlet","status":"publish","type":"page","link":"https:\/\/www.qualidanse.fr\/magasin-evry\/marques\/merlet\/","title":{"rendered":"MERLET"},"content":{"rendered":"<p><a href=\"http:\/\/www.lemondedeladanse91.com\/index.php?id_manufacturer=71&amp;controller=manufacturer&amp;orderby=name&amp;orderway=asc\"><img decoding=\"async\" src=\"https:\/\/www.qualidanse.fr\/wp-inside\/uploads\/sites\/9\/2019\/07\/merlet-logo-300x118.jpg\" class=\"size-medium aligncenter\" \/><\/a><\/p>\n<p>&nbsp;<\/p>\n<p><strong>MERLET<\/strong> est une <strong>marque Fran\u00e7aise<\/strong> qui existe depuis 1974. La fabrication des pointes est faite dans les <strong>ateliers de Verneuil sur Vienne<\/strong> pr\u00e8s de Limoges.<\/p>\n<p><strong>3 gammes<\/strong> sont disponibles chez MERLET :<\/p>\n<h2><a href=\"http:\/\/www.lemondedeladanse91.com\/index.php?id_manufacturer=71&amp;controller=manufacturer&amp;orderby=name&amp;orderway=asc&amp;p=2\">CLASSIQUE<\/a><\/h2>\n<p>Pointes, demi-pointes, accessoires<\/p>\n<p><img decoding=\"async\" src=\"https:\/\/www.qualidanse.fr\/wp-inside\/uploads\/sites\/9\/2019\/07\/belle-web-srvb-200x300.jpg\" class=\"size-medium aligncenter\" \/><\/p>\n<h2><a href=\"http:\/\/www.lemondedeladanse91.com\/index.php?id_manufacturer=71&amp;controller=manufacturer&amp;orderby=name&amp;orderway=asc\">DANSE DE SALON<\/a><\/h2>\n<p>Chaussures de danses de loisirs pour femmes et pour hommes reconnues pour leur grand confort, semelle, brosse et prot\u00e8ge talon<\/p>\n<p><img decoding=\"async\" src=\"https:\/\/www.qualidanse.fr\/wp-inside\/uploads\/sites\/9\/2019\/07\/cholet-femme-300x237.jpg\" class=\"size-medium aligncenter\" \/><\/p>\n<h2><a href=\"http:\/\/www.lemondedeladanse91.com\/index.php?id_manufacturer=71&amp;controller=manufacturer&amp;orderby=name&amp;orderway=asc\">JAZZ<\/a><\/h2>\n<p>Bottines, chaussons, p\u00e9dille, sandales grecques<\/p>\n<p><img decoding=\"async\" src=\"https:\/\/www.qualidanse.fr\/wp-inside\/uploads\/sites\/9\/2019\/07\/gael-300x300.jpg\" class=\"size-medium aligncenter\" \/><\/p>\n<p>&nbsp;<\/p>\n<h3>MERLET propose chaque ann\u00e9e une nouvelle collection dans des couleurs toujours tr\u00e8s vari\u00e9es !<\/h3>\n","protected":false},"excerpt":{"rendered":"<p>&nbsp; MERLET est une marque Fran\u00e7aise qui existe depuis 1974. La fabrication des pointes est faite dans les ateliers de Verneuil sur Vienne pr\u00e8s de Limoges. 3 gammes sont disponibles [&hellip;]<\/p>\n","protected":false},"author":10,"featured_media":0,"parent":12,"menu_order":0,"comment_status":"closed","ping_status":"closed","template":"template-page-marque.php","meta":{"_acf_changed":false,"footnotes":""},"class_list":["post-265","page","type-page","status-publish","hentry","wp-sticky"],"acf":[],"yoast_head":"<!-- This site is optimized with the Yoast SEO plugin v27.5 - https:\/\/yoast.com\/product\/yoast-seo-wordpress\/ -->\n<title>MERLET<\/title>\n<meta name=\"robots\" content=\"index, follow, max-snippet:-1, max-image-preview:large, max-video-preview:-1\" \/>\n<link rel=\"canonical\" href=\"https:\/\/www.qualidanse.fr\/magasin-evry\/marques\/merlet\/\" \/>\n<meta property=\"og:locale\" content=\"fr_FR\" \/>\n<meta property=\"og:type\" content=\"article\" \/>\n<meta property=\"og:title\" content=\"MERLET\" \/>\n<meta property=\"og:description\" content=\"&nbsp; MERLET est une marque Fran\u00e7aise qui existe depuis 1974. La fabrication des pointes est faite dans les ateliers de Verneuil sur Vienne pr\u00e8s de Limoges. 3 gammes sont disponibles [&hellip;]\" \/>\n<meta property=\"og:url\" content=\"https:\/\/www.qualidanse.fr\/magasin-evry\/marques\/merlet\/\" \/>\n<meta property=\"og:site_name\" content=\"Le Monde de la Danse\" \/>\n<meta property=\"article:modified_time\" content=\"2020-07-08T16:47:03+00:00\" \/>\n<meta property=\"og:image\" content=\"https:\/\/www.qualidanse.fr\/wp-inside\/uploads\/sites\/9\/2019\/07\/merlet-logo-300x118.jpg\" \/>\n<meta name=\"twitter:card\" content=\"summary_large_image\" \/>\n<script type=\"application\/ld+json\" class=\"yoast-schema-graph\">{\"@context\":\"https:\\\/\\\/schema.org\",\"@graph\":[{\"@type\":\"WebPage\",\"@id\":\"https:\\\/\\\/www.qualidanse.fr\\\/magasin-evry\\\/marques\\\/merlet\\\/\",\"url\":\"https:\\\/\\\/www.qualidanse.fr\\\/magasin-evry\\\/marques\\\/merlet\\\/\",\"name\":\"MERLET\",\"isPartOf\":{\"@id\":\"https:\\\/\\\/www.qualidanse.fr\\\/magasin-evry\\\/#website\"},\"primaryImageOfPage\":{\"@id\":\"https:\\\/\\\/www.qualidanse.fr\\\/magasin-evry\\\/marques\\\/merlet\\\/#primaryimage\"},\"image\":{\"@id\":\"https:\\\/\\\/www.qualidanse.fr\\\/magasin-evry\\\/marques\\\/merlet\\\/#primaryimage\"},\"thumbnailUrl\":\"https:\\\/\\\/www.qualidanse.fr\\\/wp-inside\\\/uploads\\\/sites\\\/9\\\/2019\\\/07\\\/merlet-logo-300x118.jpg\",\"datePublished\":\"2019-07-17T15:50:59+00:00\",\"dateModified\":\"2020-07-08T16:47:03+00:00\",\"breadcrumb\":{\"@id\":\"https:\\\/\\\/www.qualidanse.fr\\\/magasin-evry\\\/marques\\\/merlet\\\/#breadcrumb\"},\"inLanguage\":\"fr-FR\",\"potentialAction\":[{\"@type\":\"ReadAction\",\"target\":[\"https:\\\/\\\/www.qualidanse.fr\\\/magasin-evry\\\/marques\\\/merlet\\\/\"]}]},{\"@type\":\"ImageObject\",\"inLanguage\":\"fr-FR\",\"@id\":\"https:\\\/\\\/www.qualidanse.fr\\\/magasin-evry\\\/marques\\\/merlet\\\/#primaryimage\",\"url\":\"https:\\\/\\\/www.qualidanse.fr\\\/wp-inside\\\/uploads\\\/sites\\\/9\\\/2019\\\/07\\\/merlet-logo-300x118.jpg\",\"contentUrl\":\"https:\\\/\\\/www.qualidanse.fr\\\/wp-inside\\\/uploads\\\/sites\\\/9\\\/2019\\\/07\\\/merlet-logo-300x118.jpg\"},{\"@type\":\"BreadcrumbList\",\"@id\":\"https:\\\/\\\/www.qualidanse.fr\\\/magasin-evry\\\/marques\\\/merlet\\\/#breadcrumb\",\"itemListElement\":[{\"@type\":\"ListItem\",\"position\":1,\"name\":\"Les Marques\",\"item\":\"https:\\\/\\\/www.qualidanse.fr\\\/magasin-evry\\\/marques\\\/\"},{\"@type\":\"ListItem\",\"position\":2,\"name\":\"MERLET\"}]},{\"@type\":\"WebSite\",\"@id\":\"https:\\\/\\\/www.qualidanse.fr\\\/magasin-evry\\\/#website\",\"url\":\"https:\\\/\\\/www.qualidanse.fr\\\/magasin-evry\\\/\",\"name\":\"Le Monde de la Danse\",\"description\":\"\",\"potentialAction\":[{\"@type\":\"SearchAction\",\"target\":{\"@type\":\"EntryPoint\",\"urlTemplate\":\"https:\\\/\\\/www.qualidanse.fr\\\/magasin-evry\\\/?s={search_term_string}\"},\"query-input\":{\"@type\":\"PropertyValueSpecification\",\"valueRequired\":true,\"valueName\":\"search_term_string\"}}],\"inLanguage\":\"fr-FR\"}]}<\/script>\n<!-- \/ Yoast SEO plugin. -->","yoast_head_json":{"title":"MERLET","robots":{"index":"index","follow":"follow","max-snippet":"max-snippet:-1","max-image-preview":"max-image-preview:large","max-video-preview":"max-video-preview:-1"},"canonical":"https:\/\/www.qualidanse.fr\/magasin-evry\/marques\/merlet\/","og_locale":"fr_FR","og_type":"article","og_title":"MERLET","og_description":"&nbsp; MERLET est une marque Fran\u00e7aise qui existe depuis 1974. La fabrication des pointes est faite dans les ateliers de Verneuil sur Vienne pr\u00e8s de Limoges. 3 gammes sont disponibles [&hellip;]","og_url":"https:\/\/www.qualidanse.fr\/magasin-evry\/marques\/merlet\/","og_site_name":"Le Monde de la Danse","article_modified_time":"2020-07-08T16:47:03+00:00","og_image":[{"url":"https:\/\/www.qualidanse.fr\/wp-inside\/uploads\/sites\/9\/2019\/07\/merlet-logo-300x118.jpg","type":"","width":"","height":""}],"twitter_card":"summary_large_image","schema":{"@context":"https:\/\/schema.org","@graph":[{"@type":"WebPage","@id":"https:\/\/www.qualidanse.fr\/magasin-evry\/marques\/merlet\/","url":"https:\/\/www.qualidanse.fr\/magasin-evry\/marques\/merlet\/","name":"MERLET","isPartOf":{"@id":"https:\/\/www.qualidanse.fr\/magasin-evry\/#website"},"primaryImageOfPage":{"@id":"https:\/\/www.qualidanse.fr\/magasin-evry\/marques\/merlet\/#primaryimage"},"image":{"@id":"https:\/\/www.qualidanse.fr\/magasin-evry\/marques\/merlet\/#primaryimage"},"thumbnailUrl":"https:\/\/www.qualidanse.fr\/wp-inside\/uploads\/sites\/9\/2019\/07\/merlet-logo-300x118.jpg","datePublished":"2019-07-17T15:50:59+00:00","dateModified":"2020-07-08T16:47:03+00:00","breadcrumb":{"@id":"https:\/\/www.qualidanse.fr\/magasin-evry\/marques\/merlet\/#breadcrumb"},"inLanguage":"fr-FR","potentialAction":[{"@type":"ReadAction","target":["https:\/\/www.qualidanse.fr\/magasin-evry\/marques\/merlet\/"]}]},{"@type":"ImageObject","inLanguage":"fr-FR","@id":"https:\/\/www.qualidanse.fr\/magasin-evry\/marques\/merlet\/#primaryimage","url":"https:\/\/www.qualidanse.fr\/wp-inside\/uploads\/sites\/9\/2019\/07\/merlet-logo-300x118.jpg","contentUrl":"https:\/\/www.qualidanse.fr\/wp-inside\/uploads\/sites\/9\/2019\/07\/merlet-logo-300x118.jpg"},{"@type":"BreadcrumbList","@id":"https:\/\/www.qualidanse.fr\/magasin-evry\/marques\/merlet\/#breadcrumb","itemListElement":[{"@type":"ListItem","position":1,"name":"Les Marques","item":"https:\/\/www.qualidanse.fr\/magasin-evry\/marques\/"},{"@type":"ListItem","position":2,"name":"MERLET"}]},{"@type":"WebSite","@id":"https:\/\/www.qualidanse.fr\/magasin-evry\/#website","url":"https:\/\/www.qualidanse.fr\/magasin-evry\/","name":"Le Monde de la Danse","description":"","potentialAction":[{"@type":"SearchAction","target":{"@type":"EntryPoint","urlTemplate":"https:\/\/www.qualidanse.fr\/magasin-evry\/?s={search_term_string}"},"query-input":{"@type":"PropertyValueSpecification","valueRequired":true,"valueName":"search_term_string"}}],"inLanguage":"fr-FR"}]}},"_links":{"self":[{"href":"https:\/\/www.qualidanse.fr\/magasin-evry\/wp-json\/wp\/v2\/pages\/265","targetHints":{"allow":["GET"]}}],"collection":[{"href":"https:\/\/www.qualidanse.fr\/magasin-evry\/wp-json\/wp\/v2\/pages"}],"about":[{"href":"https:\/\/www.qualidanse.fr\/magasin-evry\/wp-json\/wp\/v2\/types\/page"}],"author":[{"embeddable":true,"href":"https:\/\/www.qualidanse.fr\/magasin-evry\/wp-json\/wp\/v2\/users\/10"}],"replies":[{"embeddable":true,"href":"https:\/\/www.qualidanse.fr\/magasin-evry\/wp-json\/wp\/v2\/comments?post=265"}],"version-history":[{"count":7,"href":"https:\/\/www.qualidanse.fr\/magasin-evry\/wp-json\/wp\/v2\/pages\/265\/revisions"}],"predecessor-version":[{"id":455,"href":"https:\/\/www.qualidanse.fr\/magasin-evry\/wp-json\/wp\/v2\/pages\/265\/revisions\/455"}],"up":[{"embeddable":true,"href":"https:\/\/www.qualidanse.fr\/magasin-evry\/wp-json\/wp\/v2\/pages\/12"}],"wp:attachment":[{"href":"https:\/\/www.qualidanse.fr\/magasin-evry\/wp-json\/wp\/v2\/media?parent=265"}],"curies":[{"name":"wp","href":"https:\/\/api.w.org\/{rel}","templated":true}]}}