{"id":271,"date":"2019-07-17T17:53:03","date_gmt":"2019-07-17T15:53:03","guid":{"rendered":"https:\/\/www.qualidanse.fr\/magasin-evry\/?page_id=271"},"modified":"2020-07-08T18:58:07","modified_gmt":"2020-07-08T16:58:07","slug":"werner-kern","status":"publish","type":"page","link":"https:\/\/www.qualidanse.fr\/magasin-evry\/marques\/werner-kern\/","title":{"rendered":"WERNER KERN"},"content":{"rendered":"<p><a href=\"http:\/\/www.lemondedeladanse91.com\/index.php?id_manufacturer=46&amp;controller=manufacturer&amp;orderby=name&amp;orderway=asc\"><img decoding=\"async\" src=\"https:\/\/www.qualidanse.fr\/wp-inside\/uploads\/sites\/9\/2017\/10\/logo-marque-werner-kern.png\" alt=\"logo marque werner kern\" class=\"size-full aligncenter\" \/><\/a><\/p>\n<p>&nbsp;<\/p>\n<p><strong>WERNER KERN <\/strong>et une <strong>marque Allemande<\/strong> qui existe depuis 1954 et ses chaussures sont <strong>fabriqu\u00e9es en Italie.<\/strong><\/p>\n<p><strong>3 gammes<\/strong> sont disponibles :<\/p>\n<h2><a href=\"http:\/\/www.lemondedeladanse91.com\/index.php?id_manufacturer=46&amp;controller=manufacturer&amp;orderby=name&amp;orderway=asc\">WERNER KERN<\/a><\/h2>\n<p><strong>Chaussures de danse de loisirs<\/strong>. Leur forme est tr\u00e8s classique mais plaisent \u00e9norm\u00e9ment pour leur confort et leur grande qualit\u00e9<\/p>\n<p><img decoding=\"async\" src=\"https:\/\/www.qualidanse.fr\/wp-inside\/uploads\/sites\/9\/2019\/07\/gala60_suedeblack_1-300x233.jpg\" class=\"size-medium aligncenter\" \/><\/p>\n<p>Poss\u00e8de \u00e9galement une <a href=\"http:\/\/www.lemondedeladanse91.com\/index.php?id_category=11&amp;controller=category&amp;p=3\"><strong>gamme pour les mariages<\/strong><\/a><\/p>\n<p><img decoding=\"async\" src=\"https:\/\/www.qualidanse.fr\/wp-inside\/uploads\/sites\/9\/2019\/07\/betty65_satinweiss-1-300x266.jpg\" class=\"size-medium aligncenter\" \/><\/p>\n<h2><a href=\"http:\/\/www.lemondedeladanse91.com\/index.php?id_manufacturer=48&amp;controller=manufacturer\">NUEVA EPOCA<\/a><\/h2>\n<p><strong>Chaussures de luxe<\/strong> fabriqu\u00e9es dans des cuirs italiens de tr\u00e8s grande qualit\u00e9. Lignes de chaussures essentiellement pour les <strong>danses latines et le tango Argentin<\/strong><\/p>\n<p><img decoding=\"async\" src=\"https:\/\/www.qualidanse.fr\/wp-inside\/uploads\/sites\/9\/2019\/07\/angeles_1-300x247.png\" class=\"size-medium aligncenter\" \/><\/p>\n<h2><a href=\"http:\/\/www.lemondedeladanse91.com\/index.php?controller=search&amp;orderby=position&amp;orderway=desc&amp;search_query=ANNA+KERN&amp;submit_search=Rechercher\">ANNA KERN<\/a><\/h2>\n<p><strong>Prix plus accessibles<\/strong>. Lignes de chaussures pour les<strong> danses latines\u00a0<\/strong><\/p>\n<p><img decoding=\"async\" src=\"https:\/\/www.qualidanse.fr\/wp-inside\/uploads\/sites\/9\/2019\/07\/930-80_samtziegeschwarz..500-300x271.jpg\" class=\"size-medium aligncenter\" \/><\/p>\n<p>Derni\u00e8re nouveaut\u00e9 : <a href=\"http:\/\/www.lemondedeladanse91.com\/index.php?controller=search&amp;orderby=position&amp;orderway=desc&amp;search_query=ANNA+KERN&amp;submit_search=Rechercher\">Sneakers <strong>SUNY<\/strong><\/a><\/p>\n<p><img decoding=\"async\" src=\"https:\/\/www.qualidanse.fr\/wp-inside\/uploads\/sites\/9\/2019\/07\/4015-115_1.jpg\" class=\"size-full aligncenter\" \/><\/p>\n<p>&nbsp;<\/p>\n<h3>Qualit\u00e9 sup\u00e9rieure et design soign\u00e9, font que cette marque est \u00e0 d\u00e9couvrir absolument et \u00e0 adopter !<\/h3>\n","protected":false},"excerpt":{"rendered":"<p>&nbsp; WERNER KERN et une marque Allemande qui existe depuis 1954 et ses chaussures sont fabriqu\u00e9es en Italie. 3 gammes sont disponibles : WERNER KERN Chaussures de danse de loisirs. [&hellip;]<\/p>\n","protected":false},"author":10,"featured_media":0,"parent":12,"menu_order":0,"comment_status":"closed","ping_status":"closed","template":"template-page-marque.php","meta":{"_acf_changed":false,"footnotes":""},"class_list":["post-271","page","type-page","status-publish","hentry","wp-sticky"],"acf":[],"yoast_head":"<!-- This site is optimized with the Yoast SEO plugin v27.5 - https:\/\/yoast.com\/product\/yoast-seo-wordpress\/ -->\n<title>WERNER KERN<\/title>\n<meta name=\"robots\" content=\"index, follow, max-snippet:-1, max-image-preview:large, max-video-preview:-1\" \/>\n<link rel=\"canonical\" href=\"https:\/\/www.qualidanse.fr\/magasin-evry\/marques\/werner-kern\/\" \/>\n<meta property=\"og:locale\" content=\"fr_FR\" \/>\n<meta property=\"og:type\" content=\"article\" \/>\n<meta property=\"og:title\" content=\"WERNER KERN\" \/>\n<meta property=\"og:description\" content=\"&nbsp; WERNER KERN et une marque Allemande qui existe depuis 1954 et ses chaussures sont fabriqu\u00e9es en Italie. 3 gammes sont disponibles : WERNER KERN Chaussures de danse de loisirs. [&hellip;]\" \/>\n<meta property=\"og:url\" content=\"https:\/\/www.qualidanse.fr\/magasin-evry\/marques\/werner-kern\/\" \/>\n<meta property=\"og:site_name\" content=\"Le Monde de la Danse\" \/>\n<meta property=\"article:modified_time\" content=\"2020-07-08T16:58:07+00:00\" \/>\n<meta property=\"og:image\" content=\"https:\/\/www.qualidanse.fr\/wp-inside\/uploads\/sites\/9\/2017\/10\/logo-marque-werner-kern.png\" \/>\n<meta name=\"twitter:card\" content=\"summary_large_image\" \/>\n<meta name=\"twitter:label1\" content=\"Dur\u00e9e de lecture estim\u00e9e\" \/>\n\t<meta name=\"twitter:data1\" content=\"1 minute\" \/>\n<script type=\"application\/ld+json\" class=\"yoast-schema-graph\">{\"@context\":\"https:\\\/\\\/schema.org\",\"@graph\":[{\"@type\":\"WebPage\",\"@id\":\"https:\\\/\\\/www.qualidanse.fr\\\/magasin-evry\\\/marques\\\/werner-kern\\\/\",\"url\":\"https:\\\/\\\/www.qualidanse.fr\\\/magasin-evry\\\/marques\\\/werner-kern\\\/\",\"name\":\"WERNER KERN\",\"isPartOf\":{\"@id\":\"https:\\\/\\\/www.qualidanse.fr\\\/magasin-evry\\\/#website\"},\"primaryImageOfPage\":{\"@id\":\"https:\\\/\\\/www.qualidanse.fr\\\/magasin-evry\\\/marques\\\/werner-kern\\\/#primaryimage\"},\"image\":{\"@id\":\"https:\\\/\\\/www.qualidanse.fr\\\/magasin-evry\\\/marques\\\/werner-kern\\\/#primaryimage\"},\"thumbnailUrl\":\"https:\\\/\\\/www.qualidanse.fr\\\/wp-inside\\\/uploads\\\/sites\\\/9\\\/2017\\\/10\\\/logo-marque-werner-kern.png\",\"datePublished\":\"2019-07-17T15:53:03+00:00\",\"dateModified\":\"2020-07-08T16:58:07+00:00\",\"breadcrumb\":{\"@id\":\"https:\\\/\\\/www.qualidanse.fr\\\/magasin-evry\\\/marques\\\/werner-kern\\\/#breadcrumb\"},\"inLanguage\":\"fr-FR\",\"potentialAction\":[{\"@type\":\"ReadAction\",\"target\":[\"https:\\\/\\\/www.qualidanse.fr\\\/magasin-evry\\\/marques\\\/werner-kern\\\/\"]}]},{\"@type\":\"ImageObject\",\"inLanguage\":\"fr-FR\",\"@id\":\"https:\\\/\\\/www.qualidanse.fr\\\/magasin-evry\\\/marques\\\/werner-kern\\\/#primaryimage\",\"url\":\"https:\\\/\\\/www.qualidanse.fr\\\/wp-inside\\\/uploads\\\/sites\\\/9\\\/2017\\\/10\\\/logo-marque-werner-kern.png\",\"contentUrl\":\"https:\\\/\\\/www.qualidanse.fr\\\/wp-inside\\\/uploads\\\/sites\\\/9\\\/2017\\\/10\\\/logo-marque-werner-kern.png\"},{\"@type\":\"BreadcrumbList\",\"@id\":\"https:\\\/\\\/www.qualidanse.fr\\\/magasin-evry\\\/marques\\\/werner-kern\\\/#breadcrumb\",\"itemListElement\":[{\"@type\":\"ListItem\",\"position\":1,\"name\":\"Les Marques\",\"item\":\"https:\\\/\\\/www.qualidanse.fr\\\/magasin-evry\\\/marques\\\/\"},{\"@type\":\"ListItem\",\"position\":2,\"name\":\"WERNER KERN\"}]},{\"@type\":\"WebSite\",\"@id\":\"https:\\\/\\\/www.qualidanse.fr\\\/magasin-evry\\\/#website\",\"url\":\"https:\\\/\\\/www.qualidanse.fr\\\/magasin-evry\\\/\",\"name\":\"Le Monde de la Danse\",\"description\":\"\",\"potentialAction\":[{\"@type\":\"SearchAction\",\"target\":{\"@type\":\"EntryPoint\",\"urlTemplate\":\"https:\\\/\\\/www.qualidanse.fr\\\/magasin-evry\\\/?s={search_term_string}\"},\"query-input\":{\"@type\":\"PropertyValueSpecification\",\"valueRequired\":true,\"valueName\":\"search_term_string\"}}],\"inLanguage\":\"fr-FR\"}]}<\/script>\n<!-- \/ Yoast SEO plugin. -->","yoast_head_json":{"title":"WERNER KERN","robots":{"index":"index","follow":"follow","max-snippet":"max-snippet:-1","max-image-preview":"max-image-preview:large","max-video-preview":"max-video-preview:-1"},"canonical":"https:\/\/www.qualidanse.fr\/magasin-evry\/marques\/werner-kern\/","og_locale":"fr_FR","og_type":"article","og_title":"WERNER KERN","og_description":"&nbsp; WERNER KERN et une marque Allemande qui existe depuis 1954 et ses chaussures sont fabriqu\u00e9es en Italie. 3 gammes sont disponibles : WERNER KERN Chaussures de danse de loisirs. [&hellip;]","og_url":"https:\/\/www.qualidanse.fr\/magasin-evry\/marques\/werner-kern\/","og_site_name":"Le Monde de la Danse","article_modified_time":"2020-07-08T16:58:07+00:00","og_image":[{"url":"https:\/\/www.qualidanse.fr\/wp-inside\/uploads\/sites\/9\/2017\/10\/logo-marque-werner-kern.png","type":"","width":"","height":""}],"twitter_card":"summary_large_image","twitter_misc":{"Dur\u00e9e de lecture estim\u00e9e":"1 minute"},"schema":{"@context":"https:\/\/schema.org","@graph":[{"@type":"WebPage","@id":"https:\/\/www.qualidanse.fr\/magasin-evry\/marques\/werner-kern\/","url":"https:\/\/www.qualidanse.fr\/magasin-evry\/marques\/werner-kern\/","name":"WERNER KERN","isPartOf":{"@id":"https:\/\/www.qualidanse.fr\/magasin-evry\/#website"},"primaryImageOfPage":{"@id":"https:\/\/www.qualidanse.fr\/magasin-evry\/marques\/werner-kern\/#primaryimage"},"image":{"@id":"https:\/\/www.qualidanse.fr\/magasin-evry\/marques\/werner-kern\/#primaryimage"},"thumbnailUrl":"https:\/\/www.qualidanse.fr\/wp-inside\/uploads\/sites\/9\/2017\/10\/logo-marque-werner-kern.png","datePublished":"2019-07-17T15:53:03+00:00","dateModified":"2020-07-08T16:58:07+00:00","breadcrumb":{"@id":"https:\/\/www.qualidanse.fr\/magasin-evry\/marques\/werner-kern\/#breadcrumb"},"inLanguage":"fr-FR","potentialAction":[{"@type":"ReadAction","target":["https:\/\/www.qualidanse.fr\/magasin-evry\/marques\/werner-kern\/"]}]},{"@type":"ImageObject","inLanguage":"fr-FR","@id":"https:\/\/www.qualidanse.fr\/magasin-evry\/marques\/werner-kern\/#primaryimage","url":"https:\/\/www.qualidanse.fr\/wp-inside\/uploads\/sites\/9\/2017\/10\/logo-marque-werner-kern.png","contentUrl":"https:\/\/www.qualidanse.fr\/wp-inside\/uploads\/sites\/9\/2017\/10\/logo-marque-werner-kern.png"},{"@type":"BreadcrumbList","@id":"https:\/\/www.qualidanse.fr\/magasin-evry\/marques\/werner-kern\/#breadcrumb","itemListElement":[{"@type":"ListItem","position":1,"name":"Les Marques","item":"https:\/\/www.qualidanse.fr\/magasin-evry\/marques\/"},{"@type":"ListItem","position":2,"name":"WERNER KERN"}]},{"@type":"WebSite","@id":"https:\/\/www.qualidanse.fr\/magasin-evry\/#website","url":"https:\/\/www.qualidanse.fr\/magasin-evry\/","name":"Le Monde de la Danse","description":"","potentialAction":[{"@type":"SearchAction","target":{"@type":"EntryPoint","urlTemplate":"https:\/\/www.qualidanse.fr\/magasin-evry\/?s={search_term_string}"},"query-input":{"@type":"PropertyValueSpecification","valueRequired":true,"valueName":"search_term_string"}}],"inLanguage":"fr-FR"}]}},"_links":{"self":[{"href":"https:\/\/www.qualidanse.fr\/magasin-evry\/wp-json\/wp\/v2\/pages\/271","targetHints":{"allow":["GET"]}}],"collection":[{"href":"https:\/\/www.qualidanse.fr\/magasin-evry\/wp-json\/wp\/v2\/pages"}],"about":[{"href":"https:\/\/www.qualidanse.fr\/magasin-evry\/wp-json\/wp\/v2\/types\/page"}],"author":[{"embeddable":true,"href":"https:\/\/www.qualidanse.fr\/magasin-evry\/wp-json\/wp\/v2\/users\/10"}],"replies":[{"embeddable":true,"href":"https:\/\/www.qualidanse.fr\/magasin-evry\/wp-json\/wp\/v2\/comments?post=271"}],"version-history":[{"count":6,"href":"https:\/\/www.qualidanse.fr\/magasin-evry\/wp-json\/wp\/v2\/pages\/271\/revisions"}],"predecessor-version":[{"id":458,"href":"https:\/\/www.qualidanse.fr\/magasin-evry\/wp-json\/wp\/v2\/pages\/271\/revisions\/458"}],"up":[{"embeddable":true,"href":"https:\/\/www.qualidanse.fr\/magasin-evry\/wp-json\/wp\/v2\/pages\/12"}],"wp:attachment":[{"href":"https:\/\/www.qualidanse.fr\/magasin-evry\/wp-json\/wp\/v2\/media?parent=271"}],"curies":[{"name":"wp","href":"https:\/\/api.w.org\/{rel}","templated":true}]}}