{"id":321,"date":"2019-05-15T23:22:28","date_gmt":"2019-05-15T21:22:28","guid":{"rendered":"https:\/\/www.qualidanse.fr\/magasin-glace-danse-lyon\/?page_id=321"},"modified":"2025-01-30T16:44:02","modified_gmt":"2025-01-30T15:44:02","slug":"rosso-latino","status":"publish","type":"page","link":"https:\/\/www.qualidanse.fr\/magasin-glace-danse-lyon\/marques\/rosso-latino\/","title":{"rendered":"Rosso Latino"},"content":{"rendered":"<p>Fabriqu\u00e9es en Italie, les <strong>chaussures de danse Rosso Latino<\/strong> sont le fruit d&rsquo;un savoir-faire familial. Rosso Latino est une marque de chaussure de danse italienne n\u00e9e en 2006, sp\u00e9cialis\u00e9e dans les chaussures techniques pour les amateurs comme pour les professionnels. Situ\u00e9e au c\u0153ur de la r\u00e9gion des Marches, cette entreprise familiale passionn\u00e9e travaille dans le go\u00fbt de l\u2019excellence au service de la danse. Maria et Marco, les deux fondateurs de Rosso Latino, travaillent main dans la main dans la gestion de cette entreprise, la recherche d\u2019innovation et de mat\u00e9riaux de qualit\u00e9, la recherche de nouveaux mod\u00e8les adapt\u00e9s \u00e0 la pratique de la danse pour offrir des produits toujours plus qualitatifs.<\/p>\n<p><img decoding=\"async\" src=\"https:\/\/www.qualidanse.fr\/wp-inside\/uploads\/sites\/13\/2019\/05\/rosso-latino-chaussures-danse-copie.jpg\" alt=\"Chaussures de danse Rosso Latino\" class=\"alignnone size-full\" \/><\/p>\n<h2>Des mod\u00e8les de chaussures de danse exclusifs<\/h2>\n<p>Chez Glace Danse, nous vous proposons de d\u00e9couvrir les lignes \u00ab\u00a0Basic\u00a0\u00bb de Rosso Latino mais surtout les <strong>chaussures personnalis\u00e9es<\/strong>. Retrouvez en boutiques nos <strong>cr\u00e9ations originales<\/strong> Glace Danse, <strong>mod\u00e8les uniques<\/strong>, que vous pourrez personnaliser \u00e0 votre gr\u00e9, sur commande : hauteur et forme du talon, mat\u00e9riaux, strass, semelle croute ou cuir&#8230; De quoi danser les latines, mais surtout le tango !<\/p>\n\n\t\t<style type=\"text\/css\">\n\t\t\t#gallery-1 {\n\t\t\t\tmargin: auto;\n\t\t\t}\n\t\t\t#gallery-1 .gallery-item {\n\t\t\t\tfloat: left;\n\t\t\t\tmargin-top: 10px;\n\t\t\t\ttext-align: center;\n\t\t\t\twidth: 33%;\n\t\t\t}\n\t\t\t#gallery-1 img {\n\t\t\t\tborder: 2px solid #cfcfcf;\n\t\t\t}\n\t\t\t#gallery-1 .gallery-caption {\n\t\t\t\tmargin-left: 0;\n\t\t\t}\n\t\t\t\/* see gallery_shortcode() in wp-includes\/media.php *\/\n\t\t<\/style>\n\t\t<div id='gallery-1' class='gallery galleryid-321 gallery-columns-3 gallery-size-full'><dl class='gallery-item'>\n\t\t\t<dt class='gallery-icon landscape'>\n\t\t\t\t<img loading=\"lazy\" decoding=\"async\" width=\"770\" height=\"770\" src=\"https:\/\/www.qualidanse.fr\/wp-inside\/uploads\/sites\/13\/2023\/05\/bl02-rosso-latino-chaussure-de-danse-en-cuir-platine-et-paillette.jpg\" class=\"attachment-full size-full\" alt=\"\" srcset=\"https:\/\/www.qualidanse.fr\/wp-inside\/uploads\/sites\/13\/2023\/05\/bl02-rosso-latino-chaussure-de-danse-en-cuir-platine-et-paillette.jpg 770w, https:\/\/www.qualidanse.fr\/wp-inside\/uploads\/sites\/13\/2023\/05\/bl02-rosso-latino-chaussure-de-danse-en-cuir-platine-et-paillette-300x300.jpg 300w, https:\/\/www.qualidanse.fr\/wp-inside\/uploads\/sites\/13\/2023\/05\/bl02-rosso-latino-chaussure-de-danse-en-cuir-platine-et-paillette-150x150.jpg 150w, https:\/\/www.qualidanse.fr\/wp-inside\/uploads\/sites\/13\/2023\/05\/bl02-rosso-latino-chaussure-de-danse-en-cuir-platine-et-paillette-768x768.jpg 768w, https:\/\/www.qualidanse.fr\/wp-inside\/uploads\/sites\/13\/2023\/05\/bl02-rosso-latino-chaussure-de-danse-en-cuir-platine-et-paillette-110x110.jpg 110w, https:\/\/www.qualidanse.fr\/wp-inside\/uploads\/sites\/13\/2023\/05\/bl02-rosso-latino-chaussure-de-danse-en-cuir-platine-et-paillette-220x220.jpg 220w, https:\/\/www.qualidanse.fr\/wp-inside\/uploads\/sites\/13\/2023\/05\/bl02-rosso-latino-chaussure-de-danse-en-cuir-platine-et-paillette-100x100.jpg 100w, https:\/\/www.qualidanse.fr\/wp-inside\/uploads\/sites\/13\/2023\/05\/bl02-rosso-latino-chaussure-de-danse-en-cuir-platine-et-paillette-330x330.jpg 330w, https:\/\/www.qualidanse.fr\/wp-inside\/uploads\/sites\/13\/2023\/05\/bl02-rosso-latino-chaussure-de-danse-en-cuir-platine-et-paillette-200x200.jpg 200w\" sizes=\"auto, (max-width: 770px) 100vw, 770px\" \/>\n\t\t\t<\/dt><\/dl><dl class='gallery-item'>\n\t\t\t<dt class='gallery-icon landscape'>\n\t\t\t\t<img loading=\"lazy\" decoding=\"async\" width=\"450\" height=\"450\" src=\"https:\/\/www.qualidanse.fr\/wp-inside\/uploads\/sites\/13\/2023\/05\/natalia-chaussures-de-danse-pour-femme-rosso-latino.jpg\" class=\"attachment-full size-full\" alt=\"\" srcset=\"https:\/\/www.qualidanse.fr\/wp-inside\/uploads\/sites\/13\/2023\/05\/natalia-chaussures-de-danse-pour-femme-rosso-latino.jpg 450w, https:\/\/www.qualidanse.fr\/wp-inside\/uploads\/sites\/13\/2023\/05\/natalia-chaussures-de-danse-pour-femme-rosso-latino-300x300.jpg 300w, https:\/\/www.qualidanse.fr\/wp-inside\/uploads\/sites\/13\/2023\/05\/natalia-chaussures-de-danse-pour-femme-rosso-latino-150x150.jpg 150w, https:\/\/www.qualidanse.fr\/wp-inside\/uploads\/sites\/13\/2023\/05\/natalia-chaussures-de-danse-pour-femme-rosso-latino-110x110.jpg 110w, https:\/\/www.qualidanse.fr\/wp-inside\/uploads\/sites\/13\/2023\/05\/natalia-chaussures-de-danse-pour-femme-rosso-latino-220x220.jpg 220w, https:\/\/www.qualidanse.fr\/wp-inside\/uploads\/sites\/13\/2023\/05\/natalia-chaussures-de-danse-pour-femme-rosso-latino-100x100.jpg 100w, https:\/\/www.qualidanse.fr\/wp-inside\/uploads\/sites\/13\/2023\/05\/natalia-chaussures-de-danse-pour-femme-rosso-latino-330x330.jpg 330w, https:\/\/www.qualidanse.fr\/wp-inside\/uploads\/sites\/13\/2023\/05\/natalia-chaussures-de-danse-pour-femme-rosso-latino-200x200.jpg 200w\" sizes=\"auto, (max-width: 450px) 100vw, 450px\" \/>\n\t\t\t<\/dt><\/dl><dl class='gallery-item'>\n\t\t\t<dt class='gallery-icon portrait'>\n\t\t\t\t<img loading=\"lazy\" decoding=\"async\" width=\"300\" height=\"390\" src=\"https:\/\/www.qualidanse.fr\/wp-inside\/uploads\/sites\/13\/2023\/05\/bl05-rosso-latino-chaussures-danse-lyon.jpg\" class=\"attachment-full size-full\" alt=\"\" srcset=\"https:\/\/www.qualidanse.fr\/wp-inside\/uploads\/sites\/13\/2023\/05\/bl05-rosso-latino-chaussures-danse-lyon.jpg 300w, https:\/\/www.qualidanse.fr\/wp-inside\/uploads\/sites\/13\/2023\/05\/bl05-rosso-latino-chaussures-danse-lyon-231x300.jpg 231w, https:\/\/www.qualidanse.fr\/wp-inside\/uploads\/sites\/13\/2023\/05\/bl05-rosso-latino-chaussures-danse-lyon-85x110.jpg 85w, https:\/\/www.qualidanse.fr\/wp-inside\/uploads\/sites\/13\/2023\/05\/bl05-rosso-latino-chaussures-danse-lyon-169x220.jpg 169w, https:\/\/www.qualidanse.fr\/wp-inside\/uploads\/sites\/13\/2023\/05\/bl05-rosso-latino-chaussures-danse-lyon-77x100.jpg 77w, https:\/\/www.qualidanse.fr\/wp-inside\/uploads\/sites\/13\/2023\/05\/bl05-rosso-latino-chaussures-danse-lyon-254x330.jpg 254w, https:\/\/www.qualidanse.fr\/wp-inside\/uploads\/sites\/13\/2023\/05\/bl05-rosso-latino-chaussures-danse-lyon-154x200.jpg 154w, https:\/\/www.qualidanse.fr\/wp-inside\/uploads\/sites\/13\/2023\/05\/bl05-rosso-latino-chaussures-danse-lyon-115x150.jpg 115w\" sizes=\"auto, (max-width: 300px) 100vw, 300px\" \/>\n\t\t\t<\/dt><\/dl><br style=\"clear: both\" \/>\n\t\t<\/div>\n\n<p>Rosso Latino propose une large gamme de choix de chaussures pour les femmes, les hommes et les enfants et pour de nombreuses danses\u00a0: tango, danses latines, danses standards\u2026 La collection propose \u00e9galement des chaussures d\u2019entrainement, toutes danses.<\/p>\n<p><strong>La qualit\u00e9 \u00e9tant le mot d\u2019ordre de Rosso Latino<\/strong>, toutes les chaussures sont fabriqu\u00e9es avec des <strong>mat\u00e9riaux haut de gamme<\/strong> et chaque chaussure comporte une <strong>semelle \u00e0 m\u00e9moire de forme<\/strong>. Les possibilit\u00e9s de choix et de design chez Rosso Latino sont quasiment infinies. En effet, Rosso Latino offre diff\u00e9rentes lignes de chaussures dites \u00ab\u00a0basiques\u00a0\u00bb qui sont des incontournables de la marque. Mais la sp\u00e9cificit\u00e9 de Rosso Latino demeure dans la personnalisation des chaussures de danse. A partir d\u2019un mod\u00e8le existant, vous avez la possibilit\u00e9 de le mettre sp\u00e9cifiquement \u00e0 votre go\u00fbt et \u00e0 votre confort. Vous gardez la forme de la chaussure mais vous pouvez d\u00e9cider de la hauteur de talon, des mat\u00e9riaux utilis\u00e9s (cuir lisse, cuir textur\u00e9, nubuck, satin, etc.) ainsi que des couleurs.<\/p>\n<h2>Chaussures de danse&#8230; ou de mari\u00e9e !<\/h2>\n<p>La personnalisation permet de s\u2019adapter au plus pr\u00e8s \u00e0 votre garde-robe, vos costumes de sc\u00e8ne, sans oublier le confort, primordial pour de longues soir\u00e9es dans\u00e9es ou des festivals endiabl\u00e9s. Par l\u2019ouverture \u00e0 la personnalisation des chaussures, <strong>Rosso Latino a \u00e9galement conquis le march\u00e9 des chaussures de mari\u00e9e<\/strong>. Nombreuses d\u2019entre-elles sollicitent cette marque pour une chaussure confortable et de qualit\u00e9 pour le jour le plus important de leur vie, avec le privil\u00e8ge de choisir les couleurs en fonction du th\u00e8me choisi pour cet \u00e9v\u00e8nement.<\/p>\n<p>M\u00ealant un savoir-faire de qualit\u00e9, une multiplicit\u00e9 de choix et des mat\u00e9riaux haut de gamme, les chaussures de danse Rosso Latino sont aujourd\u2019hui pl\u00e9biscit\u00e9es par de nombreux acteurs du monde de la danse. Le bouche \u00e0 oreille permet petit \u00e0 petit \u00e0 cette entreprise familiale de conqu\u00e9rir les danseurs comme les non-danseurs, mettant \u00e0 l\u2019honneur le confort m\u00eal\u00e9 \u00e0 l\u2019esth\u00e9tique de la chaussure de danse.<\/p>\n<h3>Avec leur semelle \u00e0 m\u00e9moire de forme, avoir mal aux pieds, c&rsquo;est fini !<\/h3>\n<h3>Pensez aux chaussures de danse Rosso Latino pour votre mariage !<\/h3>\n","protected":false},"excerpt":{"rendered":"<p>Fabriqu\u00e9es en Italie, les chaussures de danse Rosso Latino sont le fruit d&rsquo;un savoir-faire familial. Rosso Latino est une marque de chaussure de danse italienne n\u00e9e en 2006, sp\u00e9cialis\u00e9e dans [&hellip;]<\/p>\n","protected":false},"author":14,"featured_media":0,"parent":10,"menu_order":0,"comment_status":"closed","ping_status":"closed","template":"template-page-marque.php","meta":{"_acf_changed":false,"footnotes":""},"class_list":["post-321","page","type-page","status-publish","hentry","wp-sticky"],"acf":[],"yoast_head":"<!-- This site is optimized with the Yoast SEO plugin v27.5 - https:\/\/yoast.com\/product\/yoast-seo-wordpress\/ -->\n<title>Glace Danse : distributeur exclusif de Rosso Latino \u00e0 Lyon<\/title>\n<meta name=\"description\" content=\"Chaussures de tango et danses latines mais aussi de mariage sont la sp\u00e9cialit\u00e9 de Rosso Latino | Glace Danse Lyon\" \/>\n<meta name=\"robots\" content=\"index, follow, max-snippet:-1, max-image-preview:large, max-video-preview:-1\" \/>\n<link rel=\"canonical\" href=\"https:\/\/www.qualidanse.fr\/magasin-glace-danse-lyon\/marques\/rosso-latino\/\" \/>\n<meta property=\"og:locale\" content=\"fr_FR\" \/>\n<meta property=\"og:type\" content=\"article\" \/>\n<meta property=\"og:title\" content=\"Glace Danse : distributeur exclusif de Rosso Latino \u00e0 Lyon\" \/>\n<meta property=\"og:description\" content=\"Chaussures de tango et danses latines mais aussi de mariage sont la sp\u00e9cialit\u00e9 de Rosso Latino | Glace Danse Lyon\" \/>\n<meta property=\"og:url\" content=\"https:\/\/www.qualidanse.fr\/magasin-glace-danse-lyon\/marques\/rosso-latino\/\" \/>\n<meta property=\"og:site_name\" content=\"Glace Danse\" \/>\n<meta property=\"article:modified_time\" content=\"2025-01-30T15:44:02+00:00\" \/>\n<meta property=\"og:image\" content=\"https:\/\/www.qualidanse.fr\/wp-inside\/uploads\/sites\/13\/2023\/05\/bl02-rosso-latino-chaussure-de-danse-en-cuir-platine-et-paillette.jpg\" \/>\n<meta name=\"twitter:card\" content=\"summary_large_image\" \/>\n<meta name=\"twitter:label1\" content=\"Dur\u00e9e de lecture estim\u00e9e\" \/>\n\t<meta name=\"twitter:data1\" content=\"3 minutes\" \/>\n<script type=\"application\/ld+json\" class=\"yoast-schema-graph\">{\"@context\":\"https:\\\/\\\/schema.org\",\"@graph\":[{\"@type\":\"WebPage\",\"@id\":\"https:\\\/\\\/www.qualidanse.fr\\\/magasin-glace-danse-lyon\\\/marques\\\/rosso-latino\\\/\",\"url\":\"https:\\\/\\\/www.qualidanse.fr\\\/magasin-glace-danse-lyon\\\/marques\\\/rosso-latino\\\/\",\"name\":\"Glace Danse : distributeur exclusif de Rosso Latino \u00e0 Lyon\",\"isPartOf\":{\"@id\":\"https:\\\/\\\/www.qualidanse.fr\\\/magasin-glace-danse-lyon\\\/#website\"},\"primaryImageOfPage\":{\"@id\":\"https:\\\/\\\/www.qualidanse.fr\\\/magasin-glace-danse-lyon\\\/marques\\\/rosso-latino\\\/#primaryimage\"},\"image\":{\"@id\":\"https:\\\/\\\/www.qualidanse.fr\\\/magasin-glace-danse-lyon\\\/marques\\\/rosso-latino\\\/#primaryimage\"},\"thumbnailUrl\":\"https:\\\/\\\/www.qualidanse.fr\\\/wp-inside\\\/uploads\\\/sites\\\/13\\\/2019\\\/05\\\/rosso-latino-chaussures-danse-copie.jpg\",\"datePublished\":\"2019-05-15T21:22:28+00:00\",\"dateModified\":\"2025-01-30T15:44:02+00:00\",\"description\":\"Chaussures de tango et danses latines mais aussi de mariage sont la sp\u00e9cialit\u00e9 de Rosso Latino | Glace Danse Lyon\",\"breadcrumb\":{\"@id\":\"https:\\\/\\\/www.qualidanse.fr\\\/magasin-glace-danse-lyon\\\/marques\\\/rosso-latino\\\/#breadcrumb\"},\"inLanguage\":\"fr-FR\",\"potentialAction\":[{\"@type\":\"ReadAction\",\"target\":[\"https:\\\/\\\/www.qualidanse.fr\\\/magasin-glace-danse-lyon\\\/marques\\\/rosso-latino\\\/\"]}]},{\"@type\":\"ImageObject\",\"inLanguage\":\"fr-FR\",\"@id\":\"https:\\\/\\\/www.qualidanse.fr\\\/magasin-glace-danse-lyon\\\/marques\\\/rosso-latino\\\/#primaryimage\",\"url\":\"https:\\\/\\\/www.qualidanse.fr\\\/wp-inside\\\/uploads\\\/sites\\\/13\\\/2019\\\/05\\\/rosso-latino-chaussures-danse-copie.jpg\",\"contentUrl\":\"https:\\\/\\\/www.qualidanse.fr\\\/wp-inside\\\/uploads\\\/sites\\\/13\\\/2019\\\/05\\\/rosso-latino-chaussures-danse-copie.jpg\"},{\"@type\":\"BreadcrumbList\",\"@id\":\"https:\\\/\\\/www.qualidanse.fr\\\/magasin-glace-danse-lyon\\\/marques\\\/rosso-latino\\\/#breadcrumb\",\"itemListElement\":[{\"@type\":\"ListItem\",\"position\":1,\"name\":\"Marques\",\"item\":\"https:\\\/\\\/www.qualidanse.fr\\\/magasin-glace-danse-lyon\\\/marques\\\/\"},{\"@type\":\"ListItem\",\"position\":2,\"name\":\"Rosso Latino\"}]},{\"@type\":\"WebSite\",\"@id\":\"https:\\\/\\\/www.qualidanse.fr\\\/magasin-glace-danse-lyon\\\/#website\",\"url\":\"https:\\\/\\\/www.qualidanse.fr\\\/magasin-glace-danse-lyon\\\/\",\"name\":\"Glace Danse\",\"description\":\"\",\"potentialAction\":[{\"@type\":\"SearchAction\",\"target\":{\"@type\":\"EntryPoint\",\"urlTemplate\":\"https:\\\/\\\/www.qualidanse.fr\\\/magasin-glace-danse-lyon\\\/?s={search_term_string}\"},\"query-input\":{\"@type\":\"PropertyValueSpecification\",\"valueRequired\":true,\"valueName\":\"search_term_string\"}}],\"inLanguage\":\"fr-FR\"}]}<\/script>\n<!-- \/ Yoast SEO plugin. -->","yoast_head_json":{"title":"Glace Danse : distributeur exclusif de Rosso Latino \u00e0 Lyon","description":"Chaussures de tango et danses latines mais aussi de mariage sont la sp\u00e9cialit\u00e9 de Rosso Latino | Glace Danse Lyon","robots":{"index":"index","follow":"follow","max-snippet":"max-snippet:-1","max-image-preview":"max-image-preview:large","max-video-preview":"max-video-preview:-1"},"canonical":"https:\/\/www.qualidanse.fr\/magasin-glace-danse-lyon\/marques\/rosso-latino\/","og_locale":"fr_FR","og_type":"article","og_title":"Glace Danse : distributeur exclusif de Rosso Latino \u00e0 Lyon","og_description":"Chaussures de tango et danses latines mais aussi de mariage sont la sp\u00e9cialit\u00e9 de Rosso Latino | Glace Danse Lyon","og_url":"https:\/\/www.qualidanse.fr\/magasin-glace-danse-lyon\/marques\/rosso-latino\/","og_site_name":"Glace Danse","article_modified_time":"2025-01-30T15:44:02+00:00","og_image":[{"url":"https:\/\/www.qualidanse.fr\/wp-inside\/uploads\/sites\/13\/2023\/05\/bl02-rosso-latino-chaussure-de-danse-en-cuir-platine-et-paillette.jpg","type":"","width":"","height":""}],"twitter_card":"summary_large_image","twitter_misc":{"Dur\u00e9e de lecture estim\u00e9e":"3 minutes"},"schema":{"@context":"https:\/\/schema.org","@graph":[{"@type":"WebPage","@id":"https:\/\/www.qualidanse.fr\/magasin-glace-danse-lyon\/marques\/rosso-latino\/","url":"https:\/\/www.qualidanse.fr\/magasin-glace-danse-lyon\/marques\/rosso-latino\/","name":"Glace Danse : distributeur exclusif de Rosso Latino \u00e0 Lyon","isPartOf":{"@id":"https:\/\/www.qualidanse.fr\/magasin-glace-danse-lyon\/#website"},"primaryImageOfPage":{"@id":"https:\/\/www.qualidanse.fr\/magasin-glace-danse-lyon\/marques\/rosso-latino\/#primaryimage"},"image":{"@id":"https:\/\/www.qualidanse.fr\/magasin-glace-danse-lyon\/marques\/rosso-latino\/#primaryimage"},"thumbnailUrl":"https:\/\/www.qualidanse.fr\/wp-inside\/uploads\/sites\/13\/2019\/05\/rosso-latino-chaussures-danse-copie.jpg","datePublished":"2019-05-15T21:22:28+00:00","dateModified":"2025-01-30T15:44:02+00:00","description":"Chaussures de tango et danses latines mais aussi de mariage sont la sp\u00e9cialit\u00e9 de Rosso Latino | Glace Danse Lyon","breadcrumb":{"@id":"https:\/\/www.qualidanse.fr\/magasin-glace-danse-lyon\/marques\/rosso-latino\/#breadcrumb"},"inLanguage":"fr-FR","potentialAction":[{"@type":"ReadAction","target":["https:\/\/www.qualidanse.fr\/magasin-glace-danse-lyon\/marques\/rosso-latino\/"]}]},{"@type":"ImageObject","inLanguage":"fr-FR","@id":"https:\/\/www.qualidanse.fr\/magasin-glace-danse-lyon\/marques\/rosso-latino\/#primaryimage","url":"https:\/\/www.qualidanse.fr\/wp-inside\/uploads\/sites\/13\/2019\/05\/rosso-latino-chaussures-danse-copie.jpg","contentUrl":"https:\/\/www.qualidanse.fr\/wp-inside\/uploads\/sites\/13\/2019\/05\/rosso-latino-chaussures-danse-copie.jpg"},{"@type":"BreadcrumbList","@id":"https:\/\/www.qualidanse.fr\/magasin-glace-danse-lyon\/marques\/rosso-latino\/#breadcrumb","itemListElement":[{"@type":"ListItem","position":1,"name":"Marques","item":"https:\/\/www.qualidanse.fr\/magasin-glace-danse-lyon\/marques\/"},{"@type":"ListItem","position":2,"name":"Rosso Latino"}]},{"@type":"WebSite","@id":"https:\/\/www.qualidanse.fr\/magasin-glace-danse-lyon\/#website","url":"https:\/\/www.qualidanse.fr\/magasin-glace-danse-lyon\/","name":"Glace Danse","description":"","potentialAction":[{"@type":"SearchAction","target":{"@type":"EntryPoint","urlTemplate":"https:\/\/www.qualidanse.fr\/magasin-glace-danse-lyon\/?s={search_term_string}"},"query-input":{"@type":"PropertyValueSpecification","valueRequired":true,"valueName":"search_term_string"}}],"inLanguage":"fr-FR"}]}},"_links":{"self":[{"href":"https:\/\/www.qualidanse.fr\/magasin-glace-danse-lyon\/wp-json\/wp\/v2\/pages\/321","targetHints":{"allow":["GET"]}}],"collection":[{"href":"https:\/\/www.qualidanse.fr\/magasin-glace-danse-lyon\/wp-json\/wp\/v2\/pages"}],"about":[{"href":"https:\/\/www.qualidanse.fr\/magasin-glace-danse-lyon\/wp-json\/wp\/v2\/types\/page"}],"author":[{"embeddable":true,"href":"https:\/\/www.qualidanse.fr\/magasin-glace-danse-lyon\/wp-json\/wp\/v2\/users\/14"}],"replies":[{"embeddable":true,"href":"https:\/\/www.qualidanse.fr\/magasin-glace-danse-lyon\/wp-json\/wp\/v2\/comments?post=321"}],"version-history":[{"count":6,"href":"https:\/\/www.qualidanse.fr\/magasin-glace-danse-lyon\/wp-json\/wp\/v2\/pages\/321\/revisions"}],"predecessor-version":[{"id":926,"href":"https:\/\/www.qualidanse.fr\/magasin-glace-danse-lyon\/wp-json\/wp\/v2\/pages\/321\/revisions\/926"}],"up":[{"embeddable":true,"href":"https:\/\/www.qualidanse.fr\/magasin-glace-danse-lyon\/wp-json\/wp\/v2\/pages\/10"}],"wp:attachment":[{"href":"https:\/\/www.qualidanse.fr\/magasin-glace-danse-lyon\/wp-json\/wp\/v2\/media?parent=321"}],"curies":[{"name":"wp","href":"https:\/\/api.w.org\/{rel}","templated":true}]}}