{"id":414,"date":"2019-09-03T11:28:41","date_gmt":"2019-09-03T09:28:41","guid":{"rendered":"https:\/\/www.qualidanse.fr\/magasin-glace-danse-lyon\/?page_id=414"},"modified":"2020-12-15T23:19:35","modified_gmt":"2020-12-15T22:19:35","slug":"capezio","status":"publish","type":"page","link":"https:\/\/www.qualidanse.fr\/magasin-glace-danse-lyon\/marques\/capezio\/","title":{"rendered":"Capezio"},"content":{"rendered":"<p>Nous vous proposons en boutique les incontournables Capezio :<\/p>\n<ul>\n<li>Les sneakers, aussi appel\u00e9es baskets d&rsquo;entra\u00eenement, qui conviennent aussi aux professeurs pour soulager les appuis lors de longues journ\u00e9es de cours.<\/li>\n<li>Toute une gamme de collants pour les danses de salon, le cabaret, le twirling ou la GRS : avec ou sans pieds, \u00e9trier, r\u00e9sille, shimmery ou mat&#8230;<\/li>\n<\/ul>\n\n\t\t<style type=\"text\/css\">\n\t\t\t#gallery-1 {\n\t\t\t\tmargin: auto;\n\t\t\t}\n\t\t\t#gallery-1 .gallery-item {\n\t\t\t\tfloat: left;\n\t\t\t\tmargin-top: 10px;\n\t\t\t\ttext-align: center;\n\t\t\t\twidth: 33%;\n\t\t\t}\n\t\t\t#gallery-1 img {\n\t\t\t\tborder: 2px solid #cfcfcf;\n\t\t\t}\n\t\t\t#gallery-1 .gallery-caption {\n\t\t\t\tmargin-left: 0;\n\t\t\t}\n\t\t\t\/* see gallery_shortcode() in wp-includes\/media.php *\/\n\t\t<\/style>\n\t\t<div id='gallery-1' class='gallery galleryid-414 gallery-columns-3 gallery-size-medium'><dl class='gallery-item'>\n\t\t\t<dt class='gallery-icon landscape'>\n\t\t\t\t<a href='https:\/\/www.qualidanse.fr\/magasin-glace-danse-lyon\/marques\/capezio\/attachment\/capezio-ds25-daphnis-dance-sneakers\/'><img loading=\"lazy\" decoding=\"async\" width=\"300\" height=\"292\" src=\"https:\/\/www.qualidanse.fr\/wp-inside\/uploads\/sites\/13\/2019\/09\/capezio-ds25-daphnis-dance-sneakers-300x292.jpg\" class=\"attachment-medium size-medium\" alt=\"\" srcset=\"https:\/\/www.qualidanse.fr\/wp-inside\/uploads\/sites\/13\/2019\/09\/capezio-ds25-daphnis-dance-sneakers-300x292.jpg 300w, https:\/\/www.qualidanse.fr\/wp-inside\/uploads\/sites\/13\/2019\/09\/capezio-ds25-daphnis-dance-sneakers-768x747.jpg 768w, https:\/\/www.qualidanse.fr\/wp-inside\/uploads\/sites\/13\/2019\/09\/capezio-ds25-daphnis-dance-sneakers-113x110.jpg 113w, https:\/\/www.qualidanse.fr\/wp-inside\/uploads\/sites\/13\/2019\/09\/capezio-ds25-daphnis-dance-sneakers-226x220.jpg 226w, https:\/\/www.qualidanse.fr\/wp-inside\/uploads\/sites\/13\/2019\/09\/capezio-ds25-daphnis-dance-sneakers-103x100.jpg 103w, https:\/\/www.qualidanse.fr\/wp-inside\/uploads\/sites\/13\/2019\/09\/capezio-ds25-daphnis-dance-sneakers-330x321.jpg 330w, https:\/\/www.qualidanse.fr\/wp-inside\/uploads\/sites\/13\/2019\/09\/capezio-ds25-daphnis-dance-sneakers-200x195.jpg 200w, https:\/\/www.qualidanse.fr\/wp-inside\/uploads\/sites\/13\/2019\/09\/capezio-ds25-daphnis-dance-sneakers-154x150.jpg 154w, https:\/\/www.qualidanse.fr\/wp-inside\/uploads\/sites\/13\/2019\/09\/capezio-ds25-daphnis-dance-sneakers.jpg 999w\" sizes=\"auto, (max-width: 300px) 100vw, 300px\" \/><\/a>\n\t\t\t<\/dt><\/dl><dl class='gallery-item'>\n\t\t\t<dt class='gallery-icon landscape'>\n\t\t\t\t<a href='https:\/\/www.qualidanse.fr\/magasin-glace-danse-lyon\/marques\/capezio\/attachment\/capezio\/'><img loading=\"lazy\" decoding=\"async\" width=\"300\" height=\"243\" src=\"https:\/\/www.qualidanse.fr\/wp-inside\/uploads\/sites\/13\/2019\/09\/capezio-300x243.jpg\" class=\"attachment-medium size-medium\" alt=\"\" srcset=\"https:\/\/www.qualidanse.fr\/wp-inside\/uploads\/sites\/13\/2019\/09\/capezio-300x243.jpg 300w, https:\/\/www.qualidanse.fr\/wp-inside\/uploads\/sites\/13\/2019\/09\/capezio-136x110.jpg 136w, https:\/\/www.qualidanse.fr\/wp-inside\/uploads\/sites\/13\/2019\/09\/capezio-272x220.jpg 272w, https:\/\/www.qualidanse.fr\/wp-inside\/uploads\/sites\/13\/2019\/09\/capezio-124x100.jpg 124w, https:\/\/www.qualidanse.fr\/wp-inside\/uploads\/sites\/13\/2019\/09\/capezio-330x267.jpg 330w, https:\/\/www.qualidanse.fr\/wp-inside\/uploads\/sites\/13\/2019\/09\/capezio-200x162.jpg 200w, https:\/\/www.qualidanse.fr\/wp-inside\/uploads\/sites\/13\/2019\/09\/capezio-185x150.jpg 185w, https:\/\/www.qualidanse.fr\/wp-inside\/uploads\/sites\/13\/2019\/09\/capezio.jpg 650w\" sizes=\"auto, (max-width: 300px) 100vw, 300px\" \/><\/a>\n\t\t\t<\/dt><\/dl><dl class='gallery-item'>\n\t\t\t<dt class='gallery-icon portrait'>\n\t\t\t\t<a href='https:\/\/www.qualidanse.fr\/magasin-glace-danse-lyon\/marques\/capezio\/attachment\/capezio-web-dance-sneakers-p358-7627_image\/'><img loading=\"lazy\" decoding=\"async\" width=\"200\" height=\"300\" src=\"https:\/\/www.qualidanse.fr\/wp-inside\/uploads\/sites\/13\/2019\/09\/capezio-web-dance-sneakers-p358-7627_image-200x300.jpg\" class=\"attachment-medium size-medium\" alt=\"\" srcset=\"https:\/\/www.qualidanse.fr\/wp-inside\/uploads\/sites\/13\/2019\/09\/capezio-web-dance-sneakers-p358-7627_image-200x300.jpg 200w, https:\/\/www.qualidanse.fr\/wp-inside\/uploads\/sites\/13\/2019\/09\/capezio-web-dance-sneakers-p358-7627_image-73x110.jpg 73w, https:\/\/www.qualidanse.fr\/wp-inside\/uploads\/sites\/13\/2019\/09\/capezio-web-dance-sneakers-p358-7627_image-147x220.jpg 147w, https:\/\/www.qualidanse.fr\/wp-inside\/uploads\/sites\/13\/2019\/09\/capezio-web-dance-sneakers-p358-7627_image-67x100.jpg 67w, https:\/\/www.qualidanse.fr\/wp-inside\/uploads\/sites\/13\/2019\/09\/capezio-web-dance-sneakers-p358-7627_image-220x330.jpg 220w, https:\/\/www.qualidanse.fr\/wp-inside\/uploads\/sites\/13\/2019\/09\/capezio-web-dance-sneakers-p358-7627_image-133x200.jpg 133w, https:\/\/www.qualidanse.fr\/wp-inside\/uploads\/sites\/13\/2019\/09\/capezio-web-dance-sneakers-p358-7627_image-100x150.jpg 100w, https:\/\/www.qualidanse.fr\/wp-inside\/uploads\/sites\/13\/2019\/09\/capezio-web-dance-sneakers-p358-7627_image.jpg 533w\" sizes=\"auto, (max-width: 200px) 100vw, 200px\" \/><\/a>\n\t\t\t<\/dt><\/dl><br style=\"clear: both\" \/>\n\t\t<\/div>\n\n","protected":false},"excerpt":{"rendered":"<p>Nous vous proposons en boutique les incontournables Capezio : Les sneakers, aussi appel\u00e9es baskets d&rsquo;entra\u00eenement, qui conviennent aussi aux professeurs pour soulager les appuis lors de longues journ\u00e9es de cours. [&hellip;]<\/p>\n","protected":false},"author":14,"featured_media":0,"parent":10,"menu_order":0,"comment_status":"closed","ping_status":"closed","template":"template-page-marque.php","meta":{"_acf_changed":false,"footnotes":""},"class_list":["post-414","page","type-page","status-publish","hentry","wp-sticky"],"acf":[],"yoast_head":"<!-- This site is optimized with the Yoast SEO plugin v27.5 - https:\/\/yoast.com\/product\/yoast-seo-wordpress\/ -->\n<title>Capezio, ballet makers, est chez Glace Danse \u00e0 Lyon<\/title>\n<meta name=\"description\" content=\"Incontournable grande marque de danse, retrouvez Capezio chez Glace Danse, boutique sp\u00e9cialis\u00e9e pour la danse \u00e0 Lyon\" \/>\n<meta name=\"robots\" content=\"index, follow, max-snippet:-1, max-image-preview:large, max-video-preview:-1\" \/>\n<link rel=\"canonical\" href=\"https:\/\/www.qualidanse.fr\/magasin-glace-danse-lyon\/marques\/capezio\/\" \/>\n<meta property=\"og:locale\" content=\"fr_FR\" \/>\n<meta property=\"og:type\" content=\"article\" \/>\n<meta property=\"og:title\" content=\"Capezio, ballet makers, est chez Glace Danse \u00e0 Lyon\" \/>\n<meta property=\"og:description\" content=\"Incontournable grande marque de danse, retrouvez Capezio chez Glace Danse, boutique sp\u00e9cialis\u00e9e pour la danse \u00e0 Lyon\" \/>\n<meta property=\"og:url\" content=\"https:\/\/www.qualidanse.fr\/magasin-glace-danse-lyon\/marques\/capezio\/\" \/>\n<meta property=\"og:site_name\" content=\"Glace Danse\" \/>\n<meta property=\"article:modified_time\" content=\"2020-12-15T22:19:35+00:00\" \/>\n<meta property=\"og:image\" content=\"https:\/\/www.qualidanse.fr\/wp-inside\/uploads\/sites\/13\/2019\/09\/capezio-ds25-daphnis-dance-sneakers-300x292.jpg\" \/>\n<meta name=\"twitter:card\" content=\"summary_large_image\" \/>\n<script type=\"application\/ld+json\" class=\"yoast-schema-graph\">{\"@context\":\"https:\\\/\\\/schema.org\",\"@graph\":[{\"@type\":\"WebPage\",\"@id\":\"https:\\\/\\\/www.qualidanse.fr\\\/magasin-glace-danse-lyon\\\/marques\\\/capezio\\\/\",\"url\":\"https:\\\/\\\/www.qualidanse.fr\\\/magasin-glace-danse-lyon\\\/marques\\\/capezio\\\/\",\"name\":\"Capezio, ballet makers, est chez Glace Danse \u00e0 Lyon\",\"isPartOf\":{\"@id\":\"https:\\\/\\\/www.qualidanse.fr\\\/magasin-glace-danse-lyon\\\/#website\"},\"datePublished\":\"2019-09-03T09:28:41+00:00\",\"dateModified\":\"2020-12-15T22:19:35+00:00\",\"description\":\"Incontournable grande marque de danse, retrouvez Capezio chez Glace Danse, boutique sp\u00e9cialis\u00e9e pour la danse \u00e0 Lyon\",\"breadcrumb\":{\"@id\":\"https:\\\/\\\/www.qualidanse.fr\\\/magasin-glace-danse-lyon\\\/marques\\\/capezio\\\/#breadcrumb\"},\"inLanguage\":\"fr-FR\",\"potentialAction\":[{\"@type\":\"ReadAction\",\"target\":[\"https:\\\/\\\/www.qualidanse.fr\\\/magasin-glace-danse-lyon\\\/marques\\\/capezio\\\/\"]}]},{\"@type\":\"BreadcrumbList\",\"@id\":\"https:\\\/\\\/www.qualidanse.fr\\\/magasin-glace-danse-lyon\\\/marques\\\/capezio\\\/#breadcrumb\",\"itemListElement\":[{\"@type\":\"ListItem\",\"position\":1,\"name\":\"Marques\",\"item\":\"https:\\\/\\\/www.qualidanse.fr\\\/magasin-glace-danse-lyon\\\/marques\\\/\"},{\"@type\":\"ListItem\",\"position\":2,\"name\":\"Capezio\"}]},{\"@type\":\"WebSite\",\"@id\":\"https:\\\/\\\/www.qualidanse.fr\\\/magasin-glace-danse-lyon\\\/#website\",\"url\":\"https:\\\/\\\/www.qualidanse.fr\\\/magasin-glace-danse-lyon\\\/\",\"name\":\"Glace Danse\",\"description\":\"\",\"potentialAction\":[{\"@type\":\"SearchAction\",\"target\":{\"@type\":\"EntryPoint\",\"urlTemplate\":\"https:\\\/\\\/www.qualidanse.fr\\\/magasin-glace-danse-lyon\\\/?s={search_term_string}\"},\"query-input\":{\"@type\":\"PropertyValueSpecification\",\"valueRequired\":true,\"valueName\":\"search_term_string\"}}],\"inLanguage\":\"fr-FR\"}]}<\/script>\n<!-- \/ Yoast SEO plugin. -->","yoast_head_json":{"title":"Capezio, ballet makers, est chez Glace Danse \u00e0 Lyon","description":"Incontournable grande marque de danse, retrouvez Capezio chez Glace Danse, boutique sp\u00e9cialis\u00e9e pour la danse \u00e0 Lyon","robots":{"index":"index","follow":"follow","max-snippet":"max-snippet:-1","max-image-preview":"max-image-preview:large","max-video-preview":"max-video-preview:-1"},"canonical":"https:\/\/www.qualidanse.fr\/magasin-glace-danse-lyon\/marques\/capezio\/","og_locale":"fr_FR","og_type":"article","og_title":"Capezio, ballet makers, est chez Glace Danse \u00e0 Lyon","og_description":"Incontournable grande marque de danse, retrouvez Capezio chez Glace Danse, boutique sp\u00e9cialis\u00e9e pour la danse \u00e0 Lyon","og_url":"https:\/\/www.qualidanse.fr\/magasin-glace-danse-lyon\/marques\/capezio\/","og_site_name":"Glace Danse","article_modified_time":"2020-12-15T22:19:35+00:00","og_image":[{"url":"https:\/\/www.qualidanse.fr\/wp-inside\/uploads\/sites\/13\/2019\/09\/capezio-ds25-daphnis-dance-sneakers-300x292.jpg","type":"","width":"","height":""}],"twitter_card":"summary_large_image","schema":{"@context":"https:\/\/schema.org","@graph":[{"@type":"WebPage","@id":"https:\/\/www.qualidanse.fr\/magasin-glace-danse-lyon\/marques\/capezio\/","url":"https:\/\/www.qualidanse.fr\/magasin-glace-danse-lyon\/marques\/capezio\/","name":"Capezio, ballet makers, est chez Glace Danse \u00e0 Lyon","isPartOf":{"@id":"https:\/\/www.qualidanse.fr\/magasin-glace-danse-lyon\/#website"},"datePublished":"2019-09-03T09:28:41+00:00","dateModified":"2020-12-15T22:19:35+00:00","description":"Incontournable grande marque de danse, retrouvez Capezio chez Glace Danse, boutique sp\u00e9cialis\u00e9e pour la danse \u00e0 Lyon","breadcrumb":{"@id":"https:\/\/www.qualidanse.fr\/magasin-glace-danse-lyon\/marques\/capezio\/#breadcrumb"},"inLanguage":"fr-FR","potentialAction":[{"@type":"ReadAction","target":["https:\/\/www.qualidanse.fr\/magasin-glace-danse-lyon\/marques\/capezio\/"]}]},{"@type":"BreadcrumbList","@id":"https:\/\/www.qualidanse.fr\/magasin-glace-danse-lyon\/marques\/capezio\/#breadcrumb","itemListElement":[{"@type":"ListItem","position":1,"name":"Marques","item":"https:\/\/www.qualidanse.fr\/magasin-glace-danse-lyon\/marques\/"},{"@type":"ListItem","position":2,"name":"Capezio"}]},{"@type":"WebSite","@id":"https:\/\/www.qualidanse.fr\/magasin-glace-danse-lyon\/#website","url":"https:\/\/www.qualidanse.fr\/magasin-glace-danse-lyon\/","name":"Glace Danse","description":"","potentialAction":[{"@type":"SearchAction","target":{"@type":"EntryPoint","urlTemplate":"https:\/\/www.qualidanse.fr\/magasin-glace-danse-lyon\/?s={search_term_string}"},"query-input":{"@type":"PropertyValueSpecification","valueRequired":true,"valueName":"search_term_string"}}],"inLanguage":"fr-FR"}]}},"_links":{"self":[{"href":"https:\/\/www.qualidanse.fr\/magasin-glace-danse-lyon\/wp-json\/wp\/v2\/pages\/414","targetHints":{"allow":["GET"]}}],"collection":[{"href":"https:\/\/www.qualidanse.fr\/magasin-glace-danse-lyon\/wp-json\/wp\/v2\/pages"}],"about":[{"href":"https:\/\/www.qualidanse.fr\/magasin-glace-danse-lyon\/wp-json\/wp\/v2\/types\/page"}],"author":[{"embeddable":true,"href":"https:\/\/www.qualidanse.fr\/magasin-glace-danse-lyon\/wp-json\/wp\/v2\/users\/14"}],"replies":[{"embeddable":true,"href":"https:\/\/www.qualidanse.fr\/magasin-glace-danse-lyon\/wp-json\/wp\/v2\/comments?post=414"}],"version-history":[{"count":2,"href":"https:\/\/www.qualidanse.fr\/magasin-glace-danse-lyon\/wp-json\/wp\/v2\/pages\/414\/revisions"}],"predecessor-version":[{"id":419,"href":"https:\/\/www.qualidanse.fr\/magasin-glace-danse-lyon\/wp-json\/wp\/v2\/pages\/414\/revisions\/419"}],"up":[{"embeddable":true,"href":"https:\/\/www.qualidanse.fr\/magasin-glace-danse-lyon\/wp-json\/wp\/v2\/pages\/10"}],"wp:attachment":[{"href":"https:\/\/www.qualidanse.fr\/magasin-glace-danse-lyon\/wp-json\/wp\/v2\/media?parent=414"}],"curies":[{"name":"wp","href":"https:\/\/api.w.org\/{rel}","templated":true}]}}