{"id":8,"date":"2017-10-11T16:56:09","date_gmt":"2017-10-11T14:56:09","guid":{"rendered":"https:\/\/www.qualidanse.fr\/magasin-glace-danse-lyon\/?page_id=8"},"modified":"2023-03-14T17:40:49","modified_gmt":"2023-03-14T16:40:49","slug":"a-propos","status":"publish","type":"page","link":"https:\/\/www.qualidanse.fr\/magasin-glace-danse-lyon\/a-propos\/","title":{"rendered":"Le magasin"},"content":{"rendered":"<p>Nous mettons <strong>notre exp\u00e9rience professionnelle<\/strong> de danseuses \u00e0 votre service pour vous conseiller le chausson ou la chaussure le plus adapt\u00e9 \u00e0 la morphologie de votre pied, car <strong>\u00eatre bien chauss\u00e9 est primordial pour bien danser<\/strong> !<\/p>\n<p>Glace Danse, ce sont <strong>deux passionn\u00e9es de danse, qui ont \u00e0 c\u0153ur de conseiller au mieux chaque danseur<\/strong> dans son \u00e9quipement pour sa pratique de la danse.<\/p>\n<p>Nous proposons \u00e9galement \u00e0 nos \u00e9coles partenaires un accompagnement sp\u00e9cifique dans le choix de leurs tenues, et r\u00e9pondons \u00e0 tous vos besoins particuliers !<\/p>\n<p><img decoding=\"async\" src=\"https:\/\/www.qualidanse.fr\/wp-inside\/uploads\/sites\/13\/2019\/08\/glacedanse-lyon.jpg\" class=\"alignnone size-full\" \/><\/p>\n<p>Vous trouverez chez nous de quoi vous \u00e9quiper pour :<\/p>\n<ul>\n<li><a href=\"https:\/\/www.qualidanse.fr\/magasin-glace-danse-lyon\/rayons\/chaussures-latines\/\">Les <\/a><strong>danses de salon\u00a0<\/strong>: chaussures de danse pour la salsa, le tango, les danses swing, jupes, robes, pantalons et chemises pour les comp\u00e9titions et divers accessoires\u2026<\/li>\n<li><a href=\"https:\/\/www.qualidanse.fr\/magasin-glace-danse-lyon\/rayons\/classique\/\">La <strong>danse classique\u00a0<\/strong><\/a>: justaucorps et tuniques, collants, chaussons de pointes et demi-pointes, tutus, jupettes, cache-c\u0153urs\u2026<\/li>\n<li>La <strong>danse jazz <\/strong>ou <strong>contemporaine\u00a0<\/strong>: chaussons, p\u00e9dilles, pantalons, acad\u00e9miques, brassi\u00e8res, genouill\u00e8res\u2026<\/li>\n<li><a href=\"https:\/\/www.qualidanse.fr\/magasin-glace-danse-lyon\/rayons\/autres\/\">Le <strong>rock\u00a0<\/strong>:<\/a> chaussons bottines, chaussures, sneakers, collants\u2026<\/li>\n<li><a href=\"https:\/\/www.qualidanse.fr\/magasin-glace-danse-lyon\/rayons\/autres\/\">Les <strong>claquettes<\/strong> :<\/a> Chaussures de claquettes am\u00e9ricaines, claquettes personnalis\u00e9es&#8230;<\/li>\n<li><a href=\"https:\/\/www.qualidanse.fr\/magasin-glace-danse-lyon\/rayons\/autres\/\">Le <strong>flamenco\u00a0<\/strong>:<\/a> chaussures clout\u00e9es, jupes de flamenco, ch\u00e2les, hauts et cache-c\u0153ur, bottines homme\u2026<\/li>\n<li>Le <strong>twirling<\/strong> et <strong>GRS\u00a0<\/strong>: chaussons (int\u00e9rieur ou ext\u00e9rieur), b\u00e2tons de twirling, collants, sacs\u2026<\/li>\n<\/ul>\n<p><img decoding=\"async\" src=\"https:\/\/www.qualidanse.fr\/wp-inside\/uploads\/sites\/13\/2019\/09\/glace-dance-lyon.jpg\" class=\"size-full aligncenter\" \/><\/p>\n","protected":false},"excerpt":{"rendered":"<p>Nous mettons notre exp\u00e9rience professionnelle de danseuses \u00e0 votre service pour vous conseiller le chausson ou la chaussure le plus adapt\u00e9 \u00e0 la morphologie de votre pied, car \u00eatre bien [&hellip;]<\/p>\n","protected":false},"author":14,"featured_media":0,"parent":0,"menu_order":0,"comment_status":"closed","ping_status":"closed","template":"","meta":{"_acf_changed":false,"footnotes":""},"class_list":["post-8","page","type-page","status-publish","hentry","wp-sticky"],"acf":[],"yoast_head":"<!-- This site is optimized with the Yoast SEO plugin v27.4 - https:\/\/yoast.com\/product\/yoast-seo-wordpress\/ -->\n<title>A propos | Magasin de danse Lyon, Glace Danse (chaussures de danse)<\/title>\n<meta name=\"description\" content=\"Sp\u00e9cialiste des chaussures de danse, Glace Danse vous propose \u00e9galement tenues et chaussons pour la danse classique mais pas seulement.\" \/>\n<meta name=\"robots\" content=\"index, follow, max-snippet:-1, max-image-preview:large, max-video-preview:-1\" \/>\n<link rel=\"canonical\" href=\"https:\/\/www.qualidanse.fr\/magasin-glace-danse-lyon\/a-propos\/\" \/>\n<meta property=\"og:locale\" content=\"fr_FR\" \/>\n<meta property=\"og:type\" content=\"article\" \/>\n<meta property=\"og:title\" content=\"A propos | Magasin de danse Lyon, Glace Danse (chaussures de danse)\" \/>\n<meta property=\"og:description\" content=\"Sp\u00e9cialiste des chaussures de danse, Glace Danse vous propose \u00e9galement tenues et chaussons pour la danse classique mais pas seulement.\" \/>\n<meta property=\"og:url\" content=\"https:\/\/www.qualidanse.fr\/magasin-glace-danse-lyon\/a-propos\/\" \/>\n<meta property=\"og:site_name\" content=\"Glace Danse\" \/>\n<meta property=\"article:modified_time\" content=\"2023-03-14T16:40:49+00:00\" \/>\n<meta property=\"og:image\" content=\"https:\/\/www.qualidanse.fr\/wp-inside\/uploads\/sites\/13\/2019\/08\/glacedanse-lyon.jpg\" \/>\n<meta name=\"twitter:card\" content=\"summary_large_image\" \/>\n<meta name=\"twitter:label1\" content=\"Dur\u00e9e de lecture estim\u00e9e\" \/>\n\t<meta name=\"twitter:data1\" content=\"1 minute\" \/>\n<script type=\"application\/ld+json\" class=\"yoast-schema-graph\">{\"@context\":\"https:\\\/\\\/schema.org\",\"@graph\":[{\"@type\":\"WebPage\",\"@id\":\"https:\\\/\\\/www.qualidanse.fr\\\/magasin-glace-danse-lyon\\\/a-propos\\\/\",\"url\":\"https:\\\/\\\/www.qualidanse.fr\\\/magasin-glace-danse-lyon\\\/a-propos\\\/\",\"name\":\"A propos | Magasin de danse Lyon, Glace Danse (chaussures de danse)\",\"isPartOf\":{\"@id\":\"https:\\\/\\\/www.qualidanse.fr\\\/magasin-glace-danse-lyon\\\/#website\"},\"primaryImageOfPage\":{\"@id\":\"https:\\\/\\\/www.qualidanse.fr\\\/magasin-glace-danse-lyon\\\/a-propos\\\/#primaryimage\"},\"image\":{\"@id\":\"https:\\\/\\\/www.qualidanse.fr\\\/magasin-glace-danse-lyon\\\/a-propos\\\/#primaryimage\"},\"thumbnailUrl\":\"https:\\\/\\\/www.qualidanse.fr\\\/wp-inside\\\/uploads\\\/sites\\\/13\\\/2019\\\/08\\\/glacedanse-lyon.jpg\",\"datePublished\":\"2017-10-11T14:56:09+00:00\",\"dateModified\":\"2023-03-14T16:40:49+00:00\",\"description\":\"Sp\u00e9cialiste des chaussures de danse, Glace Danse vous propose \u00e9galement tenues et chaussons pour la danse classique mais pas seulement.\",\"inLanguage\":\"fr-FR\",\"potentialAction\":[{\"@type\":\"ReadAction\",\"target\":[\"https:\\\/\\\/www.qualidanse.fr\\\/magasin-glace-danse-lyon\\\/a-propos\\\/\"]}]},{\"@type\":\"ImageObject\",\"inLanguage\":\"fr-FR\",\"@id\":\"https:\\\/\\\/www.qualidanse.fr\\\/magasin-glace-danse-lyon\\\/a-propos\\\/#primaryimage\",\"url\":\"https:\\\/\\\/www.qualidanse.fr\\\/wp-inside\\\/uploads\\\/sites\\\/13\\\/2019\\\/08\\\/glacedanse-lyon.jpg\",\"contentUrl\":\"https:\\\/\\\/www.qualidanse.fr\\\/wp-inside\\\/uploads\\\/sites\\\/13\\\/2019\\\/08\\\/glacedanse-lyon.jpg\"},{\"@type\":\"WebSite\",\"@id\":\"https:\\\/\\\/www.qualidanse.fr\\\/magasin-glace-danse-lyon\\\/#website\",\"url\":\"https:\\\/\\\/www.qualidanse.fr\\\/magasin-glace-danse-lyon\\\/\",\"name\":\"Glace Danse\",\"description\":\"\",\"potentialAction\":[{\"@type\":\"SearchAction\",\"target\":{\"@type\":\"EntryPoint\",\"urlTemplate\":\"https:\\\/\\\/www.qualidanse.fr\\\/magasin-glace-danse-lyon\\\/?s={search_term_string}\"},\"query-input\":{\"@type\":\"PropertyValueSpecification\",\"valueRequired\":true,\"valueName\":\"search_term_string\"}}],\"inLanguage\":\"fr-FR\"}]}<\/script>\n<!-- \/ Yoast SEO plugin. -->","yoast_head_json":{"title":"A propos | Magasin de danse Lyon, Glace Danse (chaussures de danse)","description":"Sp\u00e9cialiste des chaussures de danse, Glace Danse vous propose \u00e9galement tenues et chaussons pour la danse classique mais pas seulement.","robots":{"index":"index","follow":"follow","max-snippet":"max-snippet:-1","max-image-preview":"max-image-preview:large","max-video-preview":"max-video-preview:-1"},"canonical":"https:\/\/www.qualidanse.fr\/magasin-glace-danse-lyon\/a-propos\/","og_locale":"fr_FR","og_type":"article","og_title":"A propos | Magasin de danse Lyon, Glace Danse (chaussures de danse)","og_description":"Sp\u00e9cialiste des chaussures de danse, Glace Danse vous propose \u00e9galement tenues et chaussons pour la danse classique mais pas seulement.","og_url":"https:\/\/www.qualidanse.fr\/magasin-glace-danse-lyon\/a-propos\/","og_site_name":"Glace Danse","article_modified_time":"2023-03-14T16:40:49+00:00","og_image":[{"url":"https:\/\/www.qualidanse.fr\/wp-inside\/uploads\/sites\/13\/2019\/08\/glacedanse-lyon.jpg","type":"","width":"","height":""}],"twitter_card":"summary_large_image","twitter_misc":{"Dur\u00e9e de lecture estim\u00e9e":"1 minute"},"schema":{"@context":"https:\/\/schema.org","@graph":[{"@type":"WebPage","@id":"https:\/\/www.qualidanse.fr\/magasin-glace-danse-lyon\/a-propos\/","url":"https:\/\/www.qualidanse.fr\/magasin-glace-danse-lyon\/a-propos\/","name":"A propos | Magasin de danse Lyon, Glace Danse (chaussures de danse)","isPartOf":{"@id":"https:\/\/www.qualidanse.fr\/magasin-glace-danse-lyon\/#website"},"primaryImageOfPage":{"@id":"https:\/\/www.qualidanse.fr\/magasin-glace-danse-lyon\/a-propos\/#primaryimage"},"image":{"@id":"https:\/\/www.qualidanse.fr\/magasin-glace-danse-lyon\/a-propos\/#primaryimage"},"thumbnailUrl":"https:\/\/www.qualidanse.fr\/wp-inside\/uploads\/sites\/13\/2019\/08\/glacedanse-lyon.jpg","datePublished":"2017-10-11T14:56:09+00:00","dateModified":"2023-03-14T16:40:49+00:00","description":"Sp\u00e9cialiste des chaussures de danse, Glace Danse vous propose \u00e9galement tenues et chaussons pour la danse classique mais pas seulement.","inLanguage":"fr-FR","potentialAction":[{"@type":"ReadAction","target":["https:\/\/www.qualidanse.fr\/magasin-glace-danse-lyon\/a-propos\/"]}]},{"@type":"ImageObject","inLanguage":"fr-FR","@id":"https:\/\/www.qualidanse.fr\/magasin-glace-danse-lyon\/a-propos\/#primaryimage","url":"https:\/\/www.qualidanse.fr\/wp-inside\/uploads\/sites\/13\/2019\/08\/glacedanse-lyon.jpg","contentUrl":"https:\/\/www.qualidanse.fr\/wp-inside\/uploads\/sites\/13\/2019\/08\/glacedanse-lyon.jpg"},{"@type":"WebSite","@id":"https:\/\/www.qualidanse.fr\/magasin-glace-danse-lyon\/#website","url":"https:\/\/www.qualidanse.fr\/magasin-glace-danse-lyon\/","name":"Glace Danse","description":"","potentialAction":[{"@type":"SearchAction","target":{"@type":"EntryPoint","urlTemplate":"https:\/\/www.qualidanse.fr\/magasin-glace-danse-lyon\/?s={search_term_string}"},"query-input":{"@type":"PropertyValueSpecification","valueRequired":true,"valueName":"search_term_string"}}],"inLanguage":"fr-FR"}]}},"_links":{"self":[{"href":"https:\/\/www.qualidanse.fr\/magasin-glace-danse-lyon\/wp-json\/wp\/v2\/pages\/8","targetHints":{"allow":["GET"]}}],"collection":[{"href":"https:\/\/www.qualidanse.fr\/magasin-glace-danse-lyon\/wp-json\/wp\/v2\/pages"}],"about":[{"href":"https:\/\/www.qualidanse.fr\/magasin-glace-danse-lyon\/wp-json\/wp\/v2\/types\/page"}],"author":[{"embeddable":true,"href":"https:\/\/www.qualidanse.fr\/magasin-glace-danse-lyon\/wp-json\/wp\/v2\/users\/14"}],"replies":[{"embeddable":true,"href":"https:\/\/www.qualidanse.fr\/magasin-glace-danse-lyon\/wp-json\/wp\/v2\/comments?post=8"}],"version-history":[{"count":11,"href":"https:\/\/www.qualidanse.fr\/magasin-glace-danse-lyon\/wp-json\/wp\/v2\/pages\/8\/revisions"}],"predecessor-version":[{"id":772,"href":"https:\/\/www.qualidanse.fr\/magasin-glace-danse-lyon\/wp-json\/wp\/v2\/pages\/8\/revisions\/772"}],"wp:attachment":[{"href":"https:\/\/www.qualidanse.fr\/magasin-glace-danse-lyon\/wp-json\/wp\/v2\/media?parent=8"}],"curies":[{"name":"wp","href":"https:\/\/api.w.org\/{rel}","templated":true}]}}