{"id":8,"date":"2017-10-11T12:47:57","date_gmt":"2017-10-11T10:47:57","guid":{"rendered":"https:\/\/www.qualidanse.fr\/magasin-montpellier\/?page_id=8"},"modified":"2025-03-04T16:55:09","modified_gmt":"2025-03-04T15:55:09","slug":"a-propos","status":"publish","type":"page","link":"https:\/\/www.qualidanse.fr\/magasin-montpellier\/a-propos\/","title":{"rendered":"Le magasin"},"content":{"rendered":"<h2><span style=\"color: #333333\">En boutique, venez d\u00e9couvrir nos collections pour toutes les danses. Nous vous proposons des tenues adapt\u00e9es \u00e0 votre pratique.<\/span><\/h2>\n<p>&nbsp;<\/p>\n<p><img decoding=\"async\" src=\"https:\/\/www.qualidanse.fr\/wp-inside\/uploads\/sites\/10\/2025\/03\/boutique-panorama-1024x216.jpg\" class=\"aligncenter size-large\" \/><\/p>\n<p>Nous mettons notre <strong>exp\u00e9rience professionnelle<\/strong> \u00e0 votre service pour vous conseiller dans vos choix. Que vous soyez particulier ou professionnel, vous trouverez une s\u00e9lection\u00a0de nombreux articles de danse parmi les plus grandes marques pour vous permettre de <strong>composer vos tenues de danse<\/strong>. Nous vous proposons des gammes d&rsquo;articles vari\u00e9s pour tous les budgets.<\/p>\n<p>En boutique nous vous proposons:<\/p>\n<ul>\n<li>pour la <a href=\"https:\/\/www.esprit-danse.com\/classique\">danse classique<\/a> nous prenons le temps de chausser les <strong>demi-pointes<\/strong> et les <strong>pointes<\/strong>. Des <strong>essayages<\/strong> sont essentiels pour trouver le mod\u00e8le adapt\u00e9 \u00e0 la <strong>morphologie<\/strong> du pied. C&rsquo;est aussi un choix dans les <strong>tenues de cours<\/strong> ou de <strong>concours<\/strong> avec des variantes de coloris et de mati\u00e8res. Nous vous aidons dans le choix des justaucorps, tuniques, collants, jupettes et tenues de chauffe.<\/li>\n<li>pour les <a href=\"https:\/\/www.esprit-danse.com\/jazz-contemporain\">danses jazz &amp; contemporain<\/a>, nous vous offrons la possibilit\u00e9 de pouvoir <strong>composer votre ensemble<\/strong> parmi une s\u00e9lection de v\u00eatements adapt\u00e9s. Nous proposons aussi des variantes de p\u00e9dilles et de genouill\u00e8res qui prot\u00e8gent lors des passages au sol.<\/li>\n<li>pour la <a href=\"https:\/\/www.esprit-danse.com\/grs\">Grs<\/a>, nous avons diff\u00e9rents collants, demi-pointes, ringraves et sous-v\u00eatements coloris nud mais aussi des justaucorps de cours et de <strong>comp\u00e9tition.<\/strong> Nous travaillons en partenariat avec une costumi\u00e8re.<\/li>\n<li>divers tenues de <a href=\"https:\/\/www.esprit-danse.com\/yoga\">yoga<\/a> dans diff\u00e9rentes mati\u00e8res: viscose, bambou&#8230; Pour votre <strong>confort<\/strong> nous vous proposons des hauts et des bas tr\u00e8s agr\u00e9ables \u00e0 porter.<\/li>\n<li>des <a href=\"https:\/\/www.esprit-danse.com\/chaussure\">chaussures de danse<\/a> pour toutes les danses, du rock eu tango, des sneakers aux <strong>chaussures<\/strong> talons aiguilles. Vous trouverez aussi des <strong>v\u00eatements:<\/strong> jupes de danse, haut de danse et pantalons.<\/li>\n<li>pour le <a href=\"https:\/\/www.esprit-danse.com\/flamenco-et-sevillane\">Flamenco<\/a> nous disposons de chaussures de qualit\u00e9 <strong>clout\u00e9es<\/strong> et des tenues d&rsquo;entra\u00eenement notamment les jupes.<\/li>\n<li>vous pouvez aussi trouver des chaussures de <a href=\"https:\/\/www.esprit-danse.com\/chaussure\">claquettes<\/a> et des chaussures de <a href=\"https:\/\/www.esprit-danse.com\/chaussure\">caract\u00e8re.<\/a><\/li>\n<\/ul>\n<p>Venez en boutique d\u00e9couvrir <strong>toutes nos collections<\/strong>, nous sommes l\u00e0 pour vous conseiller!<\/p>\n","protected":false},"excerpt":{"rendered":"<p>En boutique, venez d\u00e9couvrir nos collections pour toutes les danses. Nous vous proposons des tenues adapt\u00e9es \u00e0 votre pratique. &nbsp; Nous mettons notre exp\u00e9rience professionnelle \u00e0 votre service pour vous [&hellip;]<\/p>\n","protected":false},"author":11,"featured_media":0,"parent":0,"menu_order":0,"comment_status":"closed","ping_status":"closed","template":"","meta":{"_acf_changed":false,"footnotes":""},"class_list":["post-8","page","type-page","status-publish","hentry","wp-sticky"],"acf":[],"yoast_head":"<!-- This site is optimized with the Yoast SEO plugin v27.4 - https:\/\/yoast.com\/product\/yoast-seo-wordpress\/ -->\n<title>A propos | Magasin de danse Montpellier, Esprit Danse<\/title>\n<meta name=\"description\" content=\"La boutique Esprit Danse vous accueille \u00e0 Montpellier Clapiers. Nous vous offrons un large choix d&#039;articles pour toutes les danses.\" \/>\n<meta name=\"robots\" content=\"index, follow, max-snippet:-1, max-image-preview:large, max-video-preview:-1\" \/>\n<link rel=\"canonical\" href=\"https:\/\/www.qualidanse.fr\/magasin-montpellier\/a-propos\/\" \/>\n<meta property=\"og:locale\" content=\"fr_FR\" \/>\n<meta property=\"og:type\" content=\"article\" \/>\n<meta property=\"og:title\" content=\"A propos | Magasin de danse Montpellier, Esprit Danse\" \/>\n<meta property=\"og:description\" content=\"La boutique Esprit Danse vous accueille \u00e0 Montpellier Clapiers. Nous vous offrons un large choix d&#039;articles pour toutes les danses.\" \/>\n<meta property=\"og:url\" content=\"https:\/\/www.qualidanse.fr\/magasin-montpellier\/a-propos\/\" \/>\n<meta property=\"og:site_name\" content=\"Esprit Danse\" \/>\n<meta property=\"article:modified_time\" content=\"2025-03-04T15:55:09+00:00\" \/>\n<meta property=\"og:image\" content=\"https:\/\/www.qualidanse.fr\/wp-inside\/uploads\/sites\/10\/2025\/03\/boutique-panorama-1024x216.jpg\" \/>\n<meta name=\"twitter:card\" content=\"summary_large_image\" \/>\n<meta name=\"twitter:label1\" content=\"Dur\u00e9e de lecture estim\u00e9e\" \/>\n\t<meta name=\"twitter:data1\" content=\"2 minutes\" \/>\n<script type=\"application\/ld+json\" class=\"yoast-schema-graph\">{\"@context\":\"https:\\\/\\\/schema.org\",\"@graph\":[{\"@type\":\"WebPage\",\"@id\":\"https:\\\/\\\/www.qualidanse.fr\\\/magasin-montpellier\\\/a-propos\\\/\",\"url\":\"https:\\\/\\\/www.qualidanse.fr\\\/magasin-montpellier\\\/a-propos\\\/\",\"name\":\"A propos | Magasin de danse Montpellier, Esprit Danse\",\"isPartOf\":{\"@id\":\"https:\\\/\\\/www.qualidanse.fr\\\/magasin-montpellier\\\/#website\"},\"primaryImageOfPage\":{\"@id\":\"https:\\\/\\\/www.qualidanse.fr\\\/magasin-montpellier\\\/a-propos\\\/#primaryimage\"},\"image\":{\"@id\":\"https:\\\/\\\/www.qualidanse.fr\\\/magasin-montpellier\\\/a-propos\\\/#primaryimage\"},\"thumbnailUrl\":\"https:\\\/\\\/www.qualidanse.fr\\\/wp-inside\\\/uploads\\\/sites\\\/10\\\/2025\\\/03\\\/boutique-panorama-1024x216.jpg\",\"datePublished\":\"2017-10-11T10:47:57+00:00\",\"dateModified\":\"2025-03-04T15:55:09+00:00\",\"description\":\"La boutique Esprit Danse vous accueille \u00e0 Montpellier Clapiers. Nous vous offrons un large choix d'articles pour toutes les danses.\",\"inLanguage\":\"fr-FR\",\"potentialAction\":[{\"@type\":\"ReadAction\",\"target\":[\"https:\\\/\\\/www.qualidanse.fr\\\/magasin-montpellier\\\/a-propos\\\/\"]}]},{\"@type\":\"ImageObject\",\"inLanguage\":\"fr-FR\",\"@id\":\"https:\\\/\\\/www.qualidanse.fr\\\/magasin-montpellier\\\/a-propos\\\/#primaryimage\",\"url\":\"https:\\\/\\\/www.qualidanse.fr\\\/wp-inside\\\/uploads\\\/sites\\\/10\\\/2025\\\/03\\\/boutique-panorama-1024x216.jpg\",\"contentUrl\":\"https:\\\/\\\/www.qualidanse.fr\\\/wp-inside\\\/uploads\\\/sites\\\/10\\\/2025\\\/03\\\/boutique-panorama-1024x216.jpg\"},{\"@type\":\"WebSite\",\"@id\":\"https:\\\/\\\/www.qualidanse.fr\\\/magasin-montpellier\\\/#website\",\"url\":\"https:\\\/\\\/www.qualidanse.fr\\\/magasin-montpellier\\\/\",\"name\":\"Esprit Danse\",\"description\":\"\",\"potentialAction\":[{\"@type\":\"SearchAction\",\"target\":{\"@type\":\"EntryPoint\",\"urlTemplate\":\"https:\\\/\\\/www.qualidanse.fr\\\/magasin-montpellier\\\/?s={search_term_string}\"},\"query-input\":{\"@type\":\"PropertyValueSpecification\",\"valueRequired\":true,\"valueName\":\"search_term_string\"}}],\"inLanguage\":\"fr-FR\"}]}<\/script>\n<!-- \/ Yoast SEO plugin. -->","yoast_head_json":{"title":"A propos | Magasin de danse Montpellier, Esprit Danse","description":"La boutique Esprit Danse vous accueille \u00e0 Montpellier Clapiers. Nous vous offrons un large choix d'articles pour toutes les danses.","robots":{"index":"index","follow":"follow","max-snippet":"max-snippet:-1","max-image-preview":"max-image-preview:large","max-video-preview":"max-video-preview:-1"},"canonical":"https:\/\/www.qualidanse.fr\/magasin-montpellier\/a-propos\/","og_locale":"fr_FR","og_type":"article","og_title":"A propos | Magasin de danse Montpellier, Esprit Danse","og_description":"La boutique Esprit Danse vous accueille \u00e0 Montpellier Clapiers. Nous vous offrons un large choix d'articles pour toutes les danses.","og_url":"https:\/\/www.qualidanse.fr\/magasin-montpellier\/a-propos\/","og_site_name":"Esprit Danse","article_modified_time":"2025-03-04T15:55:09+00:00","og_image":[{"url":"https:\/\/www.qualidanse.fr\/wp-inside\/uploads\/sites\/10\/2025\/03\/boutique-panorama-1024x216.jpg","type":"","width":"","height":""}],"twitter_card":"summary_large_image","twitter_misc":{"Dur\u00e9e de lecture estim\u00e9e":"2 minutes"},"schema":{"@context":"https:\/\/schema.org","@graph":[{"@type":"WebPage","@id":"https:\/\/www.qualidanse.fr\/magasin-montpellier\/a-propos\/","url":"https:\/\/www.qualidanse.fr\/magasin-montpellier\/a-propos\/","name":"A propos | Magasin de danse Montpellier, Esprit Danse","isPartOf":{"@id":"https:\/\/www.qualidanse.fr\/magasin-montpellier\/#website"},"primaryImageOfPage":{"@id":"https:\/\/www.qualidanse.fr\/magasin-montpellier\/a-propos\/#primaryimage"},"image":{"@id":"https:\/\/www.qualidanse.fr\/magasin-montpellier\/a-propos\/#primaryimage"},"thumbnailUrl":"https:\/\/www.qualidanse.fr\/wp-inside\/uploads\/sites\/10\/2025\/03\/boutique-panorama-1024x216.jpg","datePublished":"2017-10-11T10:47:57+00:00","dateModified":"2025-03-04T15:55:09+00:00","description":"La boutique Esprit Danse vous accueille \u00e0 Montpellier Clapiers. Nous vous offrons un large choix d'articles pour toutes les danses.","inLanguage":"fr-FR","potentialAction":[{"@type":"ReadAction","target":["https:\/\/www.qualidanse.fr\/magasin-montpellier\/a-propos\/"]}]},{"@type":"ImageObject","inLanguage":"fr-FR","@id":"https:\/\/www.qualidanse.fr\/magasin-montpellier\/a-propos\/#primaryimage","url":"https:\/\/www.qualidanse.fr\/wp-inside\/uploads\/sites\/10\/2025\/03\/boutique-panorama-1024x216.jpg","contentUrl":"https:\/\/www.qualidanse.fr\/wp-inside\/uploads\/sites\/10\/2025\/03\/boutique-panorama-1024x216.jpg"},{"@type":"WebSite","@id":"https:\/\/www.qualidanse.fr\/magasin-montpellier\/#website","url":"https:\/\/www.qualidanse.fr\/magasin-montpellier\/","name":"Esprit Danse","description":"","potentialAction":[{"@type":"SearchAction","target":{"@type":"EntryPoint","urlTemplate":"https:\/\/www.qualidanse.fr\/magasin-montpellier\/?s={search_term_string}"},"query-input":{"@type":"PropertyValueSpecification","valueRequired":true,"valueName":"search_term_string"}}],"inLanguage":"fr-FR"}]}},"_links":{"self":[{"href":"https:\/\/www.qualidanse.fr\/magasin-montpellier\/wp-json\/wp\/v2\/pages\/8","targetHints":{"allow":["GET"]}}],"collection":[{"href":"https:\/\/www.qualidanse.fr\/magasin-montpellier\/wp-json\/wp\/v2\/pages"}],"about":[{"href":"https:\/\/www.qualidanse.fr\/magasin-montpellier\/wp-json\/wp\/v2\/types\/page"}],"author":[{"embeddable":true,"href":"https:\/\/www.qualidanse.fr\/magasin-montpellier\/wp-json\/wp\/v2\/users\/11"}],"replies":[{"embeddable":true,"href":"https:\/\/www.qualidanse.fr\/magasin-montpellier\/wp-json\/wp\/v2\/comments?post=8"}],"version-history":[{"count":8,"href":"https:\/\/www.qualidanse.fr\/magasin-montpellier\/wp-json\/wp\/v2\/pages\/8\/revisions"}],"predecessor-version":[{"id":651,"href":"https:\/\/www.qualidanse.fr\/magasin-montpellier\/wp-json\/wp\/v2\/pages\/8\/revisions\/651"}],"wp:attachment":[{"href":"https:\/\/www.qualidanse.fr\/magasin-montpellier\/wp-json\/wp\/v2\/media?parent=8"}],"curies":[{"name":"wp","href":"https:\/\/api.w.org\/{rel}","templated":true}]}}