{"id":5,"date":"2022-11-18T17:04:31","date_gmt":"2022-11-18T16:04:31","guid":{"rendered":"https:\/\/www.qualidanse.fr\/magasin-namur\/?page_id=5"},"modified":"2022-11-21T17:31:44","modified_gmt":"2022-11-21T16:31:44","slug":"accueil","status":"publish","type":"page","link":"https:\/\/www.qualidanse.fr\/magasin-namur\/","title":{"rendered":"Accueil"},"content":{"rendered":"<p>En tant que sport et art exigeant, il est important d\u2019\u00eatre bien \u00e9quip\u00e9 pour pratiquer la danse. Voil\u00e0 pourquoi nous prenons le temps et vous conseillons afin que vous puissiez vivre votre passion \u00e0 100%.<\/p>\n<p>Chez Suite de Danses vous trouverez tout ce dont vous avez besoin pour tout type de danse\u00a0:<\/p>\n<ul>\n<li>Classique\u00a0: Demi-pointes, pointes, justaucorps et tuniques, collants, \u00e9quipement de chauffe\u2026<\/li>\n<li>Jazz, contemporain, moderne\u00a0: Baskets, bottines de jazz, strings de pieds, chaussettes, leggings, tee-shirts\u2026<\/li>\n<li>Danse de salon\u00a0: chaussures homme et femme<\/li>\n<li>Pole dance\u00a0: shortys et brassi\u00e8res<\/li>\n<li>Yoga et autres sports\u00a0: leggings, pantalons, tee-shirts, brassi\u00e8res<\/li>\n<li>Mais aussi tous les accessoires n\u00e9cessaires pour vos chignons, vos pointes, l\u2019\u00e9chauffement ainsi que de jolis sacs<\/li>\n<\/ul>\n<h2>A vos c\u00f4t\u00e9s pour bien danser\u00a0!<\/h2>\n<p>Nous travaillons en \u00e9troite collaboration avec de grandes marques reconnues dans le monde de la danse pour vous proposer une gamme de produits qualitatifs.<\/p>\n<p>D\u00e9j\u00e0 partenaires de nombreuses \u00e9coles, acad\u00e9mies et conservatoires pour leurs tenues r\u00e8glementaires, n\u2019h\u00e9sitez pas, chers professeurs, \u00e0 prendre contact avec nous. La liste de vos exigences est tenue en boutique et nous nous chargeons d\u2019\u00e9quiper vos \u00e9l\u00e8ves. La boutique peut \u00e9galement \u00eatre privatis\u00e9e en dehors des heures d\u2019ouverture pour les professeurs souhaitant b\u00e9n\u00e9ficier d\u2019un essayage avec ses \u00e9l\u00e8ves.<\/p>\n","protected":false},"excerpt":{"rendered":"<p>En tant que sport et art exigeant, il est important d\u2019\u00eatre bien \u00e9quip\u00e9 pour pratiquer la danse. Voil\u00e0 pourquoi nous prenons le temps et vous conseillons afin que vous puissiez [&hellip;]<\/p>\n","protected":false},"author":3,"featured_media":0,"parent":0,"menu_order":0,"comment_status":"closed","ping_status":"closed","template":"","meta":{"_acf_changed":false,"footnotes":""},"class_list":["post-5","page","type-page","status-publish","hentry","wp-sticky"],"acf":[],"yoast_head":"<!-- This site is optimized with the Yoast SEO plugin v27.4 - https:\/\/yoast.com\/product\/yoast-seo-wordpress\/ -->\n<title>Magasin Danse Namur, Suite de Danses<\/title>\n<meta name=\"robots\" content=\"index, follow, max-snippet:-1, max-image-preview:large, max-video-preview:-1\" \/>\n<link rel=\"canonical\" href=\"https:\/\/www.qualidanse.fr\/magasin-namur\/\" \/>\n<meta property=\"og:locale\" content=\"fr_FR\" \/>\n<meta property=\"og:type\" content=\"article\" \/>\n<meta property=\"og:title\" content=\"Magasin Danse Namur, Suite de Danses\" \/>\n<meta property=\"og:description\" content=\"En tant que sport et art exigeant, il est important d\u2019\u00eatre bien \u00e9quip\u00e9 pour pratiquer la danse. Voil\u00e0 pourquoi nous prenons le temps et vous conseillons afin que vous puissiez [&hellip;]\" \/>\n<meta property=\"og:url\" content=\"https:\/\/www.qualidanse.fr\/magasin-namur\/\" \/>\n<meta property=\"og:site_name\" content=\"Suite de Danses\" \/>\n<meta property=\"article:modified_time\" content=\"2022-11-21T16:31:44+00:00\" \/>\n<meta name=\"twitter:card\" content=\"summary_large_image\" \/>\n<meta name=\"twitter:label1\" content=\"Dur\u00e9e de lecture estim\u00e9e\" \/>\n\t<meta name=\"twitter:data1\" content=\"1 minute\" \/>\n<script type=\"application\/ld+json\" class=\"yoast-schema-graph\">{\"@context\":\"https:\\\/\\\/schema.org\",\"@graph\":[{\"@type\":\"WebPage\",\"@id\":\"https:\\\/\\\/www.qualidanse.fr\\\/magasin-namur\\\/\",\"url\":\"https:\\\/\\\/www.qualidanse.fr\\\/magasin-namur\\\/\",\"name\":\"Magasin Danse Namur, Suite de Danses\",\"isPartOf\":{\"@id\":\"https:\\\/\\\/www.qualidanse.fr\\\/magasin-namur\\\/#website\"},\"datePublished\":\"2022-11-18T16:04:31+00:00\",\"dateModified\":\"2022-11-21T16:31:44+00:00\",\"inLanguage\":\"fr-FR\",\"potentialAction\":[{\"@type\":\"ReadAction\",\"target\":[\"https:\\\/\\\/www.qualidanse.fr\\\/magasin-namur\\\/\"]}]},{\"@type\":\"WebSite\",\"@id\":\"https:\\\/\\\/www.qualidanse.fr\\\/magasin-namur\\\/#website\",\"url\":\"https:\\\/\\\/www.qualidanse.fr\\\/magasin-namur\\\/\",\"name\":\"Suite de Danses\",\"description\":\"\",\"potentialAction\":[{\"@type\":\"SearchAction\",\"target\":{\"@type\":\"EntryPoint\",\"urlTemplate\":\"https:\\\/\\\/www.qualidanse.fr\\\/magasin-namur\\\/?s={search_term_string}\"},\"query-input\":{\"@type\":\"PropertyValueSpecification\",\"valueRequired\":true,\"valueName\":\"search_term_string\"}}],\"inLanguage\":\"fr-FR\"}]}<\/script>\n<!-- \/ Yoast SEO plugin. -->","yoast_head_json":{"title":"Magasin Danse Namur, Suite de Danses","robots":{"index":"index","follow":"follow","max-snippet":"max-snippet:-1","max-image-preview":"max-image-preview:large","max-video-preview":"max-video-preview:-1"},"canonical":"https:\/\/www.qualidanse.fr\/magasin-namur\/","og_locale":"fr_FR","og_type":"article","og_title":"Magasin Danse Namur, Suite de Danses","og_description":"En tant que sport et art exigeant, il est important d\u2019\u00eatre bien \u00e9quip\u00e9 pour pratiquer la danse. Voil\u00e0 pourquoi nous prenons le temps et vous conseillons afin que vous puissiez [&hellip;]","og_url":"https:\/\/www.qualidanse.fr\/magasin-namur\/","og_site_name":"Suite de Danses","article_modified_time":"2022-11-21T16:31:44+00:00","twitter_card":"summary_large_image","twitter_misc":{"Dur\u00e9e de lecture estim\u00e9e":"1 minute"},"schema":{"@context":"https:\/\/schema.org","@graph":[{"@type":"WebPage","@id":"https:\/\/www.qualidanse.fr\/magasin-namur\/","url":"https:\/\/www.qualidanse.fr\/magasin-namur\/","name":"Magasin Danse Namur, Suite de Danses","isPartOf":{"@id":"https:\/\/www.qualidanse.fr\/magasin-namur\/#website"},"datePublished":"2022-11-18T16:04:31+00:00","dateModified":"2022-11-21T16:31:44+00:00","inLanguage":"fr-FR","potentialAction":[{"@type":"ReadAction","target":["https:\/\/www.qualidanse.fr\/magasin-namur\/"]}]},{"@type":"WebSite","@id":"https:\/\/www.qualidanse.fr\/magasin-namur\/#website","url":"https:\/\/www.qualidanse.fr\/magasin-namur\/","name":"Suite de Danses","description":"","potentialAction":[{"@type":"SearchAction","target":{"@type":"EntryPoint","urlTemplate":"https:\/\/www.qualidanse.fr\/magasin-namur\/?s={search_term_string}"},"query-input":{"@type":"PropertyValueSpecification","valueRequired":true,"valueName":"search_term_string"}}],"inLanguage":"fr-FR"}]}},"_links":{"self":[{"href":"https:\/\/www.qualidanse.fr\/magasin-namur\/wp-json\/wp\/v2\/pages\/5","targetHints":{"allow":["GET"]}}],"collection":[{"href":"https:\/\/www.qualidanse.fr\/magasin-namur\/wp-json\/wp\/v2\/pages"}],"about":[{"href":"https:\/\/www.qualidanse.fr\/magasin-namur\/wp-json\/wp\/v2\/types\/page"}],"author":[{"embeddable":true,"href":"https:\/\/www.qualidanse.fr\/magasin-namur\/wp-json\/wp\/v2\/users\/3"}],"replies":[{"embeddable":true,"href":"https:\/\/www.qualidanse.fr\/magasin-namur\/wp-json\/wp\/v2\/comments?post=5"}],"version-history":[{"count":6,"href":"https:\/\/www.qualidanse.fr\/magasin-namur\/wp-json\/wp\/v2\/pages\/5\/revisions"}],"predecessor-version":[{"id":61,"href":"https:\/\/www.qualidanse.fr\/magasin-namur\/wp-json\/wp\/v2\/pages\/5\/revisions\/61"}],"wp:attachment":[{"href":"https:\/\/www.qualidanse.fr\/magasin-namur\/wp-json\/wp\/v2\/media?parent=5"}],"curies":[{"name":"wp","href":"https:\/\/api.w.org\/{rel}","templated":true}]}}