{"id":244,"date":"2019-06-05T22:54:06","date_gmt":"2019-06-05T20:54:06","guid":{"rendered":"https:\/\/www.qualidanse.fr\/magasin-orleans\/?page_id=244"},"modified":"2019-06-07T21:04:07","modified_gmt":"2019-06-07T19:04:07","slug":"merlet","status":"publish","type":"page","link":"https:\/\/www.qualidanse.fr\/magasin-orleans\/a-propos-qualidanse-magasin-de-danse-orleans-stala-danse\/marques-labellisees-qualidanse\/merlet\/","title":{"rendered":"Merlet"},"content":{"rendered":"<p style=\"text-align: left\"><a href=\"https:\/\/www.qualidanse.fr\/wp-inside\/uploads\/sites\/11\/2019\/06\/merlet-0.jpg.png\"><img decoding=\"async\" src=\"https:\/\/www.qualidanse.fr\/wp-inside\/uploads\/sites\/11\/2019\/06\/merlet-0.jpg.png\" class=\"aligncenter size-full\" \/><\/a>Une marque fran\u00e7aise d\u2019articles de danse a \u00e9t\u00e9 cr\u00e9\u00e9e en 1974 par M. Merlet ma\u00eetre chaussonnier, aujourd\u2019hui bas\u00e9e \u00e0 Verneuil-sur-Vienne, pr\u00e8s de Limoges.<\/p>\n<p style=\"text-align: left\">La marque Merlet est toujours \u00e0 l\u2019\u00e9coute des exigences des danseurs et consacre son savoir-faire fran\u00e7ais, son \u00e9nergie et sa passion \u00e0 la fabrication de <strong>chaussons<\/strong> et <strong>chaussures de danse de salon<\/strong>, pour garantir un produit de <strong>qualit\u00e9<\/strong>.<\/p>\n<p>Pour bien satisfaire tous les niveaux des danseurs, la maison Merlet est toujours \u00e0 la recherche de nouvelles techniques et propose de nouveaux produits.<\/p>\n<p>Stala\u2019Danse\u00a0 travaille avec Merlet depuis plus de 10 ans, s\u00e9duite et toujours satisfaite de la qualit\u00e9 de ses produits et de sa capacit\u00e9 \u00e0 livrer rapidement les articles command\u00e9s \u00a0disponibles en stock.<\/p>\n<p>&nbsp;<\/p>\n<p><a href=\"https:\/\/www.qualidanse.fr\/wp-inside\/uploads\/sites\/11\/2019\/06\/merlet-1.jpg\"><img decoding=\"async\" src=\"https:\/\/www.qualidanse.fr\/wp-inside\/uploads\/sites\/11\/2019\/06\/merlet-1-780x317.jpg\" class=\"aligncenter\" \/><\/a><\/p>\n<p>&nbsp;<\/p>\n<p>&nbsp;<\/p>\n<h2 style=\"text-align: center\">\u00a0Les chaussons Merlet<\/h2>\n<p>&nbsp;<\/p>\n<p>Je propose de nombreux mod\u00e8les de chaussons de danse (<strong>pointes<\/strong>,\u00a0<strong>demi-pointes, chaussons de jazz, \u2026)<\/strong>\u00a0pour avoir la possibilit\u00e9 de chausser les diff\u00e9rentes morphologies de pieds des danseuses et danseurs, d\u00e9butants ou\/et confirm\u00e9s.<\/p>\n<p>Vous trouverez\u00a0:<\/p>\n<ul>\n<li>les incontournables pointes : <strong>Pr\u00e9lude, Pulsion, Empreintes<\/strong> mais aussi les pointes plus r\u00e9centes telles que\u00a0: <strong>BELLE, CLO\u00c9<\/strong> et <strong>DIVA<\/strong>, qui sont aujourd\u2019hui enti\u00e8rement fabriqu\u00e9es en France dans leurs ateliers.<\/li>\n<li>Les demi-pointes en toile ou en cuir\u00a0: <strong>Envol, Eclat, Stella<\/strong>\u2026, existent en plusieurs couleurs et diff\u00e9rentes largeurs.<\/li>\n<\/ul>\n<p>&nbsp;<\/p>\n<p><a href=\"https:\/\/www.qualidanse.fr\/wp-inside\/uploads\/sites\/11\/2019\/06\/merlet-2.jpg\"><img decoding=\"async\" src=\"https:\/\/www.qualidanse.fr\/wp-inside\/uploads\/sites\/11\/2019\/06\/merlet-2-346x325.jpg\" class=\"aligncenter\" \/><\/a><\/p>\n<p>&nbsp;<\/p>\n<p>&nbsp;<\/p>\n<h2><\/h2>\n<h2 style=\"text-align: center\"><strong>Les chaussures de danse Merlet<\/strong><\/h2>\n<p>&nbsp;<\/p>\n<p>La maison Merlet produit aussi de nombreux mod\u00e8les de chaussures de danse de salon mondialement connues pour leur <strong>confort <\/strong>et leur <strong>stabilit\u00e9<\/strong>.<\/p>\n<p>Je choisis pour vous de nombreux mod\u00e8les femmes\/hommes dans leur collection permanente avec diff\u00e9rentes finitions (bouts ferm\u00e9s ou ouverts, hauteurs de talons de 4.5cm \u00e0 8 cm).<\/p>\n<p>Deux fois par an, Merlet propose quelques mod\u00e8les de leurs collections printemps\/\u00e9t\u00e9 et automne\/hiver dont les coloris et les mati\u00e8res premi\u00e8res changent en fonction de la mode actuelle.<\/p>\n<p>&nbsp;<\/p>\n<p style=\"text-align: center\"><a href=\"https:\/\/www.qualidanse.fr\/wp-inside\/uploads\/sites\/11\/2019\/06\/merlet-4.jpg\"><img decoding=\"async\" src=\"https:\/\/www.qualidanse.fr\/wp-inside\/uploads\/sites\/11\/2019\/06\/merlet-4-780x325.jpg\" class=\"aligncenter size-780x325\" \/><\/a><\/p>\n<p>&nbsp;<\/p>\n<p>&nbsp;<\/p>\n<p style=\"text-align: center\">Chez Sala\u2019Danse vous trouvez aussi les diff\u00e9rents accessoires propos\u00e9s par la marque \u00a0Merlet<\/p>\n<p style=\"text-align: center\"><strong>collants, rubans, embouts, brosses, sacs \u00e0 chaussons\u2026<\/strong><\/p>\n<p style=\"text-align: center\"><strong>\u00a0<\/strong><\/p>\n<p><strong>\u00a0\u00a0\u00a0\u00a0\u00a0\u00a0\u00a0\u00a0\u00a0\u00a0\u00a0\u00a0\u00a0\u00a0\u00a0\u00a0\u00a0\u00a0 <\/strong><\/p>\n<p><strong>\u00a0<\/strong><\/p>\n<p><strong>\u00a0<\/strong><\/p>\n","protected":false},"excerpt":{"rendered":"<p>Une marque fran\u00e7aise d\u2019articles de danse a \u00e9t\u00e9 cr\u00e9\u00e9e en 1974 par M. Merlet ma\u00eetre chaussonnier, aujourd\u2019hui bas\u00e9e \u00e0 Verneuil-sur-Vienne, pr\u00e8s de Limoges. La marque Merlet est toujours \u00e0 l\u2019\u00e9coute [&hellip;]<\/p>\n","protected":false},"author":12,"featured_media":0,"parent":12,"menu_order":0,"comment_status":"closed","ping_status":"closed","template":"template-page-marque.php","meta":{"_acf_changed":false,"footnotes":""},"class_list":["post-244","page","type-page","status-publish","hentry","wp-sticky"],"acf":[],"yoast_head":"<!-- This site is optimized with the Yoast SEO plugin v27.5 - https:\/\/yoast.com\/product\/yoast-seo-wordpress\/ -->\n<title>Merlet<\/title>\n<meta name=\"robots\" content=\"index, follow, max-snippet:-1, max-image-preview:large, max-video-preview:-1\" \/>\n<link rel=\"canonical\" href=\"https:\/\/www.qualidanse.fr\/magasin-orleans\/a-propos-qualidanse-magasin-de-danse-orleans-stala-danse\/marques-labellisees-qualidanse\/merlet\/\" \/>\n<meta property=\"og:locale\" content=\"fr_FR\" \/>\n<meta property=\"og:type\" content=\"article\" \/>\n<meta property=\"og:title\" content=\"Merlet\" \/>\n<meta property=\"og:description\" content=\"Une marque fran\u00e7aise d\u2019articles de danse a \u00e9t\u00e9 cr\u00e9\u00e9e en 1974 par M. Merlet ma\u00eetre chaussonnier, aujourd\u2019hui bas\u00e9e \u00e0 Verneuil-sur-Vienne, pr\u00e8s de Limoges. La marque Merlet est toujours \u00e0 l\u2019\u00e9coute [&hellip;]\" \/>\n<meta property=\"og:url\" content=\"https:\/\/www.qualidanse.fr\/magasin-orleans\/a-propos-qualidanse-magasin-de-danse-orleans-stala-danse\/marques-labellisees-qualidanse\/merlet\/\" \/>\n<meta property=\"og:site_name\" content=\"Stala&#039;Danse\" \/>\n<meta property=\"article:modified_time\" content=\"2019-06-07T19:04:07+00:00\" \/>\n<meta property=\"og:image\" content=\"https:\/\/www.qualidanse.fr\/wp-inside\/uploads\/sites\/11\/2019\/06\/merlet-0.jpg.png\" \/>\n<meta name=\"twitter:card\" content=\"summary_large_image\" \/>\n<meta name=\"twitter:label1\" content=\"Dur\u00e9e de lecture estim\u00e9e\" \/>\n\t<meta name=\"twitter:data1\" content=\"2 minutes\" \/>\n<script type=\"application\/ld+json\" class=\"yoast-schema-graph\">{\"@context\":\"https:\\\/\\\/schema.org\",\"@graph\":[{\"@type\":\"WebPage\",\"@id\":\"https:\\\/\\\/www.qualidanse.fr\\\/magasin-orleans\\\/a-propos-qualidanse-magasin-de-danse-orleans-stala-danse\\\/marques-labellisees-qualidanse\\\/merlet\\\/\",\"url\":\"https:\\\/\\\/www.qualidanse.fr\\\/magasin-orleans\\\/a-propos-qualidanse-magasin-de-danse-orleans-stala-danse\\\/marques-labellisees-qualidanse\\\/merlet\\\/\",\"name\":\"Merlet\",\"isPartOf\":{\"@id\":\"https:\\\/\\\/www.qualidanse.fr\\\/magasin-orleans\\\/#website\"},\"primaryImageOfPage\":{\"@id\":\"https:\\\/\\\/www.qualidanse.fr\\\/magasin-orleans\\\/a-propos-qualidanse-magasin-de-danse-orleans-stala-danse\\\/marques-labellisees-qualidanse\\\/merlet\\\/#primaryimage\"},\"image\":{\"@id\":\"https:\\\/\\\/www.qualidanse.fr\\\/magasin-orleans\\\/a-propos-qualidanse-magasin-de-danse-orleans-stala-danse\\\/marques-labellisees-qualidanse\\\/merlet\\\/#primaryimage\"},\"thumbnailUrl\":\"https:\\\/\\\/www.qualidanse.fr\\\/wp-inside\\\/uploads\\\/sites\\\/11\\\/2019\\\/06\\\/merlet-0.jpg.png\",\"datePublished\":\"2019-06-05T20:54:06+00:00\",\"dateModified\":\"2019-06-07T19:04:07+00:00\",\"breadcrumb\":{\"@id\":\"https:\\\/\\\/www.qualidanse.fr\\\/magasin-orleans\\\/a-propos-qualidanse-magasin-de-danse-orleans-stala-danse\\\/marques-labellisees-qualidanse\\\/merlet\\\/#breadcrumb\"},\"inLanguage\":\"fr-FR\",\"potentialAction\":[{\"@type\":\"ReadAction\",\"target\":[\"https:\\\/\\\/www.qualidanse.fr\\\/magasin-orleans\\\/a-propos-qualidanse-magasin-de-danse-orleans-stala-danse\\\/marques-labellisees-qualidanse\\\/merlet\\\/\"]}]},{\"@type\":\"ImageObject\",\"inLanguage\":\"fr-FR\",\"@id\":\"https:\\\/\\\/www.qualidanse.fr\\\/magasin-orleans\\\/a-propos-qualidanse-magasin-de-danse-orleans-stala-danse\\\/marques-labellisees-qualidanse\\\/merlet\\\/#primaryimage\",\"url\":\"https:\\\/\\\/www.qualidanse.fr\\\/wp-inside\\\/uploads\\\/sites\\\/11\\\/2019\\\/06\\\/merlet-0.jpg.png\",\"contentUrl\":\"https:\\\/\\\/www.qualidanse.fr\\\/wp-inside\\\/uploads\\\/sites\\\/11\\\/2019\\\/06\\\/merlet-0.jpg.png\"},{\"@type\":\"BreadcrumbList\",\"@id\":\"https:\\\/\\\/www.qualidanse.fr\\\/magasin-orleans\\\/a-propos-qualidanse-magasin-de-danse-orleans-stala-danse\\\/marques-labellisees-qualidanse\\\/merlet\\\/#breadcrumb\",\"itemListElement\":[{\"@type\":\"ListItem\",\"position\":1,\"name\":\"Le magasin\",\"item\":\"https:\\\/\\\/www.qualidanse.fr\\\/magasin-orleans\\\/a-propos-qualidanse-magasin-de-danse-orleans-stala-danse\\\/\"},{\"@type\":\"ListItem\",\"position\":2,\"name\":\"Marques\",\"item\":\"https:\\\/\\\/www.qualidanse.fr\\\/magasin-orleans\\\/a-propos-qualidanse-magasin-de-danse-orleans-stala-danse\\\/marques-labellisees-qualidanse\\\/\"},{\"@type\":\"ListItem\",\"position\":3,\"name\":\"Merlet\"}]},{\"@type\":\"WebSite\",\"@id\":\"https:\\\/\\\/www.qualidanse.fr\\\/magasin-orleans\\\/#website\",\"url\":\"https:\\\/\\\/www.qualidanse.fr\\\/magasin-orleans\\\/\",\"name\":\"Stala&#039;Danse\",\"description\":\"\",\"potentialAction\":[{\"@type\":\"SearchAction\",\"target\":{\"@type\":\"EntryPoint\",\"urlTemplate\":\"https:\\\/\\\/www.qualidanse.fr\\\/magasin-orleans\\\/?s={search_term_string}\"},\"query-input\":{\"@type\":\"PropertyValueSpecification\",\"valueRequired\":true,\"valueName\":\"search_term_string\"}}],\"inLanguage\":\"fr-FR\"}]}<\/script>\n<!-- \/ Yoast SEO plugin. -->","yoast_head_json":{"title":"Merlet","robots":{"index":"index","follow":"follow","max-snippet":"max-snippet:-1","max-image-preview":"max-image-preview:large","max-video-preview":"max-video-preview:-1"},"canonical":"https:\/\/www.qualidanse.fr\/magasin-orleans\/a-propos-qualidanse-magasin-de-danse-orleans-stala-danse\/marques-labellisees-qualidanse\/merlet\/","og_locale":"fr_FR","og_type":"article","og_title":"Merlet","og_description":"Une marque fran\u00e7aise d\u2019articles de danse a \u00e9t\u00e9 cr\u00e9\u00e9e en 1974 par M. Merlet ma\u00eetre chaussonnier, aujourd\u2019hui bas\u00e9e \u00e0 Verneuil-sur-Vienne, pr\u00e8s de Limoges. La marque Merlet est toujours \u00e0 l\u2019\u00e9coute [&hellip;]","og_url":"https:\/\/www.qualidanse.fr\/magasin-orleans\/a-propos-qualidanse-magasin-de-danse-orleans-stala-danse\/marques-labellisees-qualidanse\/merlet\/","og_site_name":"Stala&#039;Danse","article_modified_time":"2019-06-07T19:04:07+00:00","og_image":[{"url":"https:\/\/www.qualidanse.fr\/wp-inside\/uploads\/sites\/11\/2019\/06\/merlet-0.jpg.png","type":"","width":"","height":""}],"twitter_card":"summary_large_image","twitter_misc":{"Dur\u00e9e de lecture estim\u00e9e":"2 minutes"},"schema":{"@context":"https:\/\/schema.org","@graph":[{"@type":"WebPage","@id":"https:\/\/www.qualidanse.fr\/magasin-orleans\/a-propos-qualidanse-magasin-de-danse-orleans-stala-danse\/marques-labellisees-qualidanse\/merlet\/","url":"https:\/\/www.qualidanse.fr\/magasin-orleans\/a-propos-qualidanse-magasin-de-danse-orleans-stala-danse\/marques-labellisees-qualidanse\/merlet\/","name":"Merlet","isPartOf":{"@id":"https:\/\/www.qualidanse.fr\/magasin-orleans\/#website"},"primaryImageOfPage":{"@id":"https:\/\/www.qualidanse.fr\/magasin-orleans\/a-propos-qualidanse-magasin-de-danse-orleans-stala-danse\/marques-labellisees-qualidanse\/merlet\/#primaryimage"},"image":{"@id":"https:\/\/www.qualidanse.fr\/magasin-orleans\/a-propos-qualidanse-magasin-de-danse-orleans-stala-danse\/marques-labellisees-qualidanse\/merlet\/#primaryimage"},"thumbnailUrl":"https:\/\/www.qualidanse.fr\/wp-inside\/uploads\/sites\/11\/2019\/06\/merlet-0.jpg.png","datePublished":"2019-06-05T20:54:06+00:00","dateModified":"2019-06-07T19:04:07+00:00","breadcrumb":{"@id":"https:\/\/www.qualidanse.fr\/magasin-orleans\/a-propos-qualidanse-magasin-de-danse-orleans-stala-danse\/marques-labellisees-qualidanse\/merlet\/#breadcrumb"},"inLanguage":"fr-FR","potentialAction":[{"@type":"ReadAction","target":["https:\/\/www.qualidanse.fr\/magasin-orleans\/a-propos-qualidanse-magasin-de-danse-orleans-stala-danse\/marques-labellisees-qualidanse\/merlet\/"]}]},{"@type":"ImageObject","inLanguage":"fr-FR","@id":"https:\/\/www.qualidanse.fr\/magasin-orleans\/a-propos-qualidanse-magasin-de-danse-orleans-stala-danse\/marques-labellisees-qualidanse\/merlet\/#primaryimage","url":"https:\/\/www.qualidanse.fr\/wp-inside\/uploads\/sites\/11\/2019\/06\/merlet-0.jpg.png","contentUrl":"https:\/\/www.qualidanse.fr\/wp-inside\/uploads\/sites\/11\/2019\/06\/merlet-0.jpg.png"},{"@type":"BreadcrumbList","@id":"https:\/\/www.qualidanse.fr\/magasin-orleans\/a-propos-qualidanse-magasin-de-danse-orleans-stala-danse\/marques-labellisees-qualidanse\/merlet\/#breadcrumb","itemListElement":[{"@type":"ListItem","position":1,"name":"Le magasin","item":"https:\/\/www.qualidanse.fr\/magasin-orleans\/a-propos-qualidanse-magasin-de-danse-orleans-stala-danse\/"},{"@type":"ListItem","position":2,"name":"Marques","item":"https:\/\/www.qualidanse.fr\/magasin-orleans\/a-propos-qualidanse-magasin-de-danse-orleans-stala-danse\/marques-labellisees-qualidanse\/"},{"@type":"ListItem","position":3,"name":"Merlet"}]},{"@type":"WebSite","@id":"https:\/\/www.qualidanse.fr\/magasin-orleans\/#website","url":"https:\/\/www.qualidanse.fr\/magasin-orleans\/","name":"Stala&#039;Danse","description":"","potentialAction":[{"@type":"SearchAction","target":{"@type":"EntryPoint","urlTemplate":"https:\/\/www.qualidanse.fr\/magasin-orleans\/?s={search_term_string}"},"query-input":{"@type":"PropertyValueSpecification","valueRequired":true,"valueName":"search_term_string"}}],"inLanguage":"fr-FR"}]}},"_links":{"self":[{"href":"https:\/\/www.qualidanse.fr\/magasin-orleans\/wp-json\/wp\/v2\/pages\/244","targetHints":{"allow":["GET"]}}],"collection":[{"href":"https:\/\/www.qualidanse.fr\/magasin-orleans\/wp-json\/wp\/v2\/pages"}],"about":[{"href":"https:\/\/www.qualidanse.fr\/magasin-orleans\/wp-json\/wp\/v2\/types\/page"}],"author":[{"embeddable":true,"href":"https:\/\/www.qualidanse.fr\/magasin-orleans\/wp-json\/wp\/v2\/users\/12"}],"replies":[{"embeddable":true,"href":"https:\/\/www.qualidanse.fr\/magasin-orleans\/wp-json\/wp\/v2\/comments?post=244"}],"version-history":[{"count":8,"href":"https:\/\/www.qualidanse.fr\/magasin-orleans\/wp-json\/wp\/v2\/pages\/244\/revisions"}],"predecessor-version":[{"id":296,"href":"https:\/\/www.qualidanse.fr\/magasin-orleans\/wp-json\/wp\/v2\/pages\/244\/revisions\/296"}],"up":[{"embeddable":true,"href":"https:\/\/www.qualidanse.fr\/magasin-orleans\/wp-json\/wp\/v2\/pages\/12"}],"wp:attachment":[{"href":"https:\/\/www.qualidanse.fr\/magasin-orleans\/wp-json\/wp\/v2\/media?parent=244"}],"curies":[{"name":"wp","href":"https:\/\/api.w.org\/{rel}","templated":true}]}}