{"id":302,"date":"2019-06-07T22:12:24","date_gmt":"2019-06-07T20:12:24","guid":{"rendered":"https:\/\/www.qualidanse.fr\/magasin-orleans\/?page_id=302"},"modified":"2019-06-07T22:12:24","modified_gmt":"2019-06-07T20:12:24","slug":"werner-kern","status":"publish","type":"page","link":"https:\/\/www.qualidanse.fr\/magasin-orleans\/a-propos-qualidanse-magasin-de-danse-orleans-stala-danse\/marques-labellisees-qualidanse\/werner-kern\/","title":{"rendered":"Werner Kern"},"content":{"rendered":"<h2 style=\"text-align: center\"><strong>chaussures de danse<\/strong><\/h2>\n<p><a href=\"https:\/\/www.qualidanse.fr\/wp-inside\/uploads\/sites\/11\/2019\/06\/werner-kern-1-4.jpg\"><img decoding=\"async\" src=\"https:\/\/www.qualidanse.fr\/wp-inside\/uploads\/sites\/11\/2019\/06\/werner-kern-1-4.jpg\" class=\"aligncenter size-full\" \/><\/a><\/p>\n<p>Depuis plus de 40 ans, le groupe allemand \u00a0<strong>Werner Kern<\/strong>\u00a0fabrique des chaussures de danse mondialement connues dans trois marques diff\u00e9rentes\u00a0: <strong>Werner Kern, Anna Kern <\/strong>et<strong> Nueva Epoca.<\/strong><\/p>\n<p>Les lignes <strong>Werner Kern <\/strong>et<strong> Nueva Epoca<\/strong> sont fabriqu\u00e9es en <strong>Italie<\/strong>.<\/p>\n<p>Les chaussures de Werner Kern sont un <strong>accord parfait <\/strong>et<strong> harmonieux<\/strong> de beaut\u00e9, stabilit\u00e9 et confort de haute qualit\u00e9. Elles chaussent merveilleusement bien\u00a0 et permettent de<strong> pivoter \u00e0 merveille<\/strong> avec des <strong>glissements l\u00e9gers <\/strong>et <strong>contr\u00f4l\u00e9s. <\/strong>Gr\u00e2ce \u00e0 leur<strong> haute flexibilit\u00e9 <\/strong>et leur<strong> bonne sensation du sol <\/strong>vous pouvez vous exprimer pleinement dans votre danse.<\/p>\n<p><a href=\"https:\/\/www.qualidanse.fr\/wp-inside\/uploads\/sites\/11\/2019\/06\/werner-kern-2-3.jpg\"><img decoding=\"async\" src=\"https:\/\/www.qualidanse.fr\/wp-inside\/uploads\/sites\/11\/2019\/06\/werner-kern-2-3.jpg\" class=\"aligncenter size-full\" \/><\/a><\/p>\n<p>Ces chaussures sont \u00e9galement parfaites dans les <strong>occasions sp\u00e9ciales<\/strong> telles qu\u2019un <strong>mariage, un anniversaire<\/strong> ou toute autre f\u00eate n\u00e9cessitant<strong> \u00e9l\u00e9gance <\/strong>et <strong>confort<\/strong>.<\/p>\n<p><a href=\"https:\/\/www.qualidanse.fr\/wp-inside\/uploads\/sites\/11\/2019\/06\/werner-kern-3-4.jpg\"><img decoding=\"async\" src=\"https:\/\/www.qualidanse.fr\/wp-inside\/uploads\/sites\/11\/2019\/06\/werner-kern-3-4.jpg\" class=\"aligncenter size-full\" \/><\/a><\/p>\n<p>&nbsp;<\/p>\n<p>Ou tout simplement tous les jours, si vous optez pour le confort (la gamme de chaussures <strong>super confort<\/strong> avec une <strong>semelle souple<\/strong>, un <strong>renfort au talon<\/strong> pour <strong>absorption des chocs<\/strong> et un <strong>soutien de la vo\u00fbte plantaire <\/strong>en est un exemple parfait).<\/p>\n<p><a href=\"https:\/\/www.qualidanse.fr\/wp-inside\/uploads\/sites\/11\/2019\/06\/werner-kern-4-4.jpg\"><img decoding=\"async\" src=\"https:\/\/www.qualidanse.fr\/wp-inside\/uploads\/sites\/11\/2019\/06\/werner-kern-4-4.jpg\" class=\"aligncenter size-full\" \/><\/a><\/p>\n<p>Pour toutes ces raisons, <strong>grand confort<\/strong> et <strong>ligne impeccable Stala Danse<\/strong> a choisi de distribuer les chaussures de <strong>Werner Kern <\/strong>qui r\u00e9pondent parfaitement \u00e0 vos exigences.<\/p>\n<p>Que vous recherchiez un mod\u00e8le<strong> classique <\/strong>ou <strong>original <\/strong>avec <strong>strass ou paillettes<\/strong>, \u00a0avec <strong>un bout ouvert ou ferm\u00e9<\/strong>, avec <strong>un petit ou grand talon,<\/strong> \u2026n\u2019h\u00e9sitez plus \u00e0 franchir la porte de votre magasin <strong>Stala Danse<\/strong>.<\/p>\n<p><a href=\"https:\/\/www.qualidanse.fr\/wp-inside\/uploads\/sites\/11\/2019\/06\/werner-kern-5-5.jpg\"><img decoding=\"async\" src=\"https:\/\/www.qualidanse.fr\/wp-inside\/uploads\/sites\/11\/2019\/06\/werner-kern-5-5.jpg\" class=\"aligncenter size-full\" \/><\/a><\/p>\n<p>&nbsp;<\/p>\n","protected":false},"excerpt":{"rendered":"<p>chaussures de danse Depuis plus de 40 ans, le groupe allemand \u00a0Werner Kern\u00a0fabrique des chaussures de danse mondialement connues dans trois marques diff\u00e9rentes\u00a0: Werner Kern, Anna Kern et Nueva Epoca. [&hellip;]<\/p>\n","protected":false},"author":12,"featured_media":0,"parent":12,"menu_order":0,"comment_status":"closed","ping_status":"closed","template":"template-page-marque.php","meta":{"_acf_changed":false,"footnotes":""},"class_list":["post-302","page","type-page","status-publish","hentry","wp-sticky"],"acf":[],"yoast_head":"<!-- This site is optimized with the Yoast SEO plugin v27.3 - https:\/\/yoast.com\/product\/yoast-seo-wordpress\/ -->\n<title>Werner Kern<\/title>\n<meta name=\"robots\" content=\"index, follow, max-snippet:-1, max-image-preview:large, max-video-preview:-1\" \/>\n<link rel=\"canonical\" href=\"https:\/\/www.qualidanse.fr\/magasin-orleans\/a-propos-qualidanse-magasin-de-danse-orleans-stala-danse\/marques-labellisees-qualidanse\/werner-kern\/\" \/>\n<meta property=\"og:locale\" content=\"fr_FR\" \/>\n<meta property=\"og:type\" content=\"article\" \/>\n<meta property=\"og:title\" content=\"Werner Kern\" \/>\n<meta property=\"og:description\" content=\"chaussures de danse Depuis plus de 40 ans, le groupe allemand \u00a0Werner Kern\u00a0fabrique des chaussures de danse mondialement connues dans trois marques diff\u00e9rentes\u00a0: Werner Kern, Anna Kern et Nueva Epoca. [&hellip;]\" \/>\n<meta property=\"og:url\" content=\"https:\/\/www.qualidanse.fr\/magasin-orleans\/a-propos-qualidanse-magasin-de-danse-orleans-stala-danse\/marques-labellisees-qualidanse\/werner-kern\/\" \/>\n<meta property=\"og:site_name\" content=\"Stala&#039;Danse\" \/>\n<meta property=\"og:image\" content=\"https:\/\/www.qualidanse.fr\/wp-inside\/uploads\/sites\/11\/2019\/06\/werner-kern-1-4.jpg\" \/>\n<meta name=\"twitter:card\" content=\"summary_large_image\" \/>\n<meta name=\"twitter:label1\" content=\"Dur\u00e9e de lecture estim\u00e9e\" \/>\n\t<meta name=\"twitter:data1\" content=\"1 minute\" \/>\n<script type=\"application\/ld+json\" class=\"yoast-schema-graph\">{\"@context\":\"https:\\\/\\\/schema.org\",\"@graph\":[{\"@type\":\"WebPage\",\"@id\":\"https:\\\/\\\/www.qualidanse.fr\\\/magasin-orleans\\\/a-propos-qualidanse-magasin-de-danse-orleans-stala-danse\\\/marques-labellisees-qualidanse\\\/werner-kern\\\/\",\"url\":\"https:\\\/\\\/www.qualidanse.fr\\\/magasin-orleans\\\/a-propos-qualidanse-magasin-de-danse-orleans-stala-danse\\\/marques-labellisees-qualidanse\\\/werner-kern\\\/\",\"name\":\"Werner Kern\",\"isPartOf\":{\"@id\":\"https:\\\/\\\/www.qualidanse.fr\\\/magasin-orleans\\\/#website\"},\"primaryImageOfPage\":{\"@id\":\"https:\\\/\\\/www.qualidanse.fr\\\/magasin-orleans\\\/a-propos-qualidanse-magasin-de-danse-orleans-stala-danse\\\/marques-labellisees-qualidanse\\\/werner-kern\\\/#primaryimage\"},\"image\":{\"@id\":\"https:\\\/\\\/www.qualidanse.fr\\\/magasin-orleans\\\/a-propos-qualidanse-magasin-de-danse-orleans-stala-danse\\\/marques-labellisees-qualidanse\\\/werner-kern\\\/#primaryimage\"},\"thumbnailUrl\":\"https:\\\/\\\/www.qualidanse.fr\\\/wp-inside\\\/uploads\\\/sites\\\/11\\\/2019\\\/06\\\/werner-kern-1-4.jpg\",\"datePublished\":\"2019-06-07T20:12:24+00:00\",\"breadcrumb\":{\"@id\":\"https:\\\/\\\/www.qualidanse.fr\\\/magasin-orleans\\\/a-propos-qualidanse-magasin-de-danse-orleans-stala-danse\\\/marques-labellisees-qualidanse\\\/werner-kern\\\/#breadcrumb\"},\"inLanguage\":\"fr-FR\",\"potentialAction\":[{\"@type\":\"ReadAction\",\"target\":[\"https:\\\/\\\/www.qualidanse.fr\\\/magasin-orleans\\\/a-propos-qualidanse-magasin-de-danse-orleans-stala-danse\\\/marques-labellisees-qualidanse\\\/werner-kern\\\/\"]}]},{\"@type\":\"ImageObject\",\"inLanguage\":\"fr-FR\",\"@id\":\"https:\\\/\\\/www.qualidanse.fr\\\/magasin-orleans\\\/a-propos-qualidanse-magasin-de-danse-orleans-stala-danse\\\/marques-labellisees-qualidanse\\\/werner-kern\\\/#primaryimage\",\"url\":\"https:\\\/\\\/www.qualidanse.fr\\\/wp-inside\\\/uploads\\\/sites\\\/11\\\/2019\\\/06\\\/werner-kern-1-4.jpg\",\"contentUrl\":\"https:\\\/\\\/www.qualidanse.fr\\\/wp-inside\\\/uploads\\\/sites\\\/11\\\/2019\\\/06\\\/werner-kern-1-4.jpg\"},{\"@type\":\"BreadcrumbList\",\"@id\":\"https:\\\/\\\/www.qualidanse.fr\\\/magasin-orleans\\\/a-propos-qualidanse-magasin-de-danse-orleans-stala-danse\\\/marques-labellisees-qualidanse\\\/werner-kern\\\/#breadcrumb\",\"itemListElement\":[{\"@type\":\"ListItem\",\"position\":1,\"name\":\"Le magasin\",\"item\":\"https:\\\/\\\/www.qualidanse.fr\\\/magasin-orleans\\\/a-propos-qualidanse-magasin-de-danse-orleans-stala-danse\\\/\"},{\"@type\":\"ListItem\",\"position\":2,\"name\":\"Marques\",\"item\":\"https:\\\/\\\/www.qualidanse.fr\\\/magasin-orleans\\\/a-propos-qualidanse-magasin-de-danse-orleans-stala-danse\\\/marques-labellisees-qualidanse\\\/\"},{\"@type\":\"ListItem\",\"position\":3,\"name\":\"Werner Kern\"}]},{\"@type\":\"WebSite\",\"@id\":\"https:\\\/\\\/www.qualidanse.fr\\\/magasin-orleans\\\/#website\",\"url\":\"https:\\\/\\\/www.qualidanse.fr\\\/magasin-orleans\\\/\",\"name\":\"Stala&#039;Danse\",\"description\":\"\",\"potentialAction\":[{\"@type\":\"SearchAction\",\"target\":{\"@type\":\"EntryPoint\",\"urlTemplate\":\"https:\\\/\\\/www.qualidanse.fr\\\/magasin-orleans\\\/?s={search_term_string}\"},\"query-input\":{\"@type\":\"PropertyValueSpecification\",\"valueRequired\":true,\"valueName\":\"search_term_string\"}}],\"inLanguage\":\"fr-FR\"}]}<\/script>\n<!-- \/ Yoast SEO plugin. -->","yoast_head_json":{"title":"Werner Kern","robots":{"index":"index","follow":"follow","max-snippet":"max-snippet:-1","max-image-preview":"max-image-preview:large","max-video-preview":"max-video-preview:-1"},"canonical":"https:\/\/www.qualidanse.fr\/magasin-orleans\/a-propos-qualidanse-magasin-de-danse-orleans-stala-danse\/marques-labellisees-qualidanse\/werner-kern\/","og_locale":"fr_FR","og_type":"article","og_title":"Werner Kern","og_description":"chaussures de danse Depuis plus de 40 ans, le groupe allemand \u00a0Werner Kern\u00a0fabrique des chaussures de danse mondialement connues dans trois marques diff\u00e9rentes\u00a0: Werner Kern, Anna Kern et Nueva Epoca. [&hellip;]","og_url":"https:\/\/www.qualidanse.fr\/magasin-orleans\/a-propos-qualidanse-magasin-de-danse-orleans-stala-danse\/marques-labellisees-qualidanse\/werner-kern\/","og_site_name":"Stala&#039;Danse","og_image":[{"url":"https:\/\/www.qualidanse.fr\/wp-inside\/uploads\/sites\/11\/2019\/06\/werner-kern-1-4.jpg","type":"","width":"","height":""}],"twitter_card":"summary_large_image","twitter_misc":{"Dur\u00e9e de lecture estim\u00e9e":"1 minute"},"schema":{"@context":"https:\/\/schema.org","@graph":[{"@type":"WebPage","@id":"https:\/\/www.qualidanse.fr\/magasin-orleans\/a-propos-qualidanse-magasin-de-danse-orleans-stala-danse\/marques-labellisees-qualidanse\/werner-kern\/","url":"https:\/\/www.qualidanse.fr\/magasin-orleans\/a-propos-qualidanse-magasin-de-danse-orleans-stala-danse\/marques-labellisees-qualidanse\/werner-kern\/","name":"Werner Kern","isPartOf":{"@id":"https:\/\/www.qualidanse.fr\/magasin-orleans\/#website"},"primaryImageOfPage":{"@id":"https:\/\/www.qualidanse.fr\/magasin-orleans\/a-propos-qualidanse-magasin-de-danse-orleans-stala-danse\/marques-labellisees-qualidanse\/werner-kern\/#primaryimage"},"image":{"@id":"https:\/\/www.qualidanse.fr\/magasin-orleans\/a-propos-qualidanse-magasin-de-danse-orleans-stala-danse\/marques-labellisees-qualidanse\/werner-kern\/#primaryimage"},"thumbnailUrl":"https:\/\/www.qualidanse.fr\/wp-inside\/uploads\/sites\/11\/2019\/06\/werner-kern-1-4.jpg","datePublished":"2019-06-07T20:12:24+00:00","breadcrumb":{"@id":"https:\/\/www.qualidanse.fr\/magasin-orleans\/a-propos-qualidanse-magasin-de-danse-orleans-stala-danse\/marques-labellisees-qualidanse\/werner-kern\/#breadcrumb"},"inLanguage":"fr-FR","potentialAction":[{"@type":"ReadAction","target":["https:\/\/www.qualidanse.fr\/magasin-orleans\/a-propos-qualidanse-magasin-de-danse-orleans-stala-danse\/marques-labellisees-qualidanse\/werner-kern\/"]}]},{"@type":"ImageObject","inLanguage":"fr-FR","@id":"https:\/\/www.qualidanse.fr\/magasin-orleans\/a-propos-qualidanse-magasin-de-danse-orleans-stala-danse\/marques-labellisees-qualidanse\/werner-kern\/#primaryimage","url":"https:\/\/www.qualidanse.fr\/wp-inside\/uploads\/sites\/11\/2019\/06\/werner-kern-1-4.jpg","contentUrl":"https:\/\/www.qualidanse.fr\/wp-inside\/uploads\/sites\/11\/2019\/06\/werner-kern-1-4.jpg"},{"@type":"BreadcrumbList","@id":"https:\/\/www.qualidanse.fr\/magasin-orleans\/a-propos-qualidanse-magasin-de-danse-orleans-stala-danse\/marques-labellisees-qualidanse\/werner-kern\/#breadcrumb","itemListElement":[{"@type":"ListItem","position":1,"name":"Le magasin","item":"https:\/\/www.qualidanse.fr\/magasin-orleans\/a-propos-qualidanse-magasin-de-danse-orleans-stala-danse\/"},{"@type":"ListItem","position":2,"name":"Marques","item":"https:\/\/www.qualidanse.fr\/magasin-orleans\/a-propos-qualidanse-magasin-de-danse-orleans-stala-danse\/marques-labellisees-qualidanse\/"},{"@type":"ListItem","position":3,"name":"Werner Kern"}]},{"@type":"WebSite","@id":"https:\/\/www.qualidanse.fr\/magasin-orleans\/#website","url":"https:\/\/www.qualidanse.fr\/magasin-orleans\/","name":"Stala&#039;Danse","description":"","potentialAction":[{"@type":"SearchAction","target":{"@type":"EntryPoint","urlTemplate":"https:\/\/www.qualidanse.fr\/magasin-orleans\/?s={search_term_string}"},"query-input":{"@type":"PropertyValueSpecification","valueRequired":true,"valueName":"search_term_string"}}],"inLanguage":"fr-FR"}]}},"_links":{"self":[{"href":"https:\/\/www.qualidanse.fr\/magasin-orleans\/wp-json\/wp\/v2\/pages\/302","targetHints":{"allow":["GET"]}}],"collection":[{"href":"https:\/\/www.qualidanse.fr\/magasin-orleans\/wp-json\/wp\/v2\/pages"}],"about":[{"href":"https:\/\/www.qualidanse.fr\/magasin-orleans\/wp-json\/wp\/v2\/types\/page"}],"author":[{"embeddable":true,"href":"https:\/\/www.qualidanse.fr\/magasin-orleans\/wp-json\/wp\/v2\/users\/12"}],"replies":[{"embeddable":true,"href":"https:\/\/www.qualidanse.fr\/magasin-orleans\/wp-json\/wp\/v2\/comments?post=302"}],"version-history":[{"count":2,"href":"https:\/\/www.qualidanse.fr\/magasin-orleans\/wp-json\/wp\/v2\/pages\/302\/revisions"}],"predecessor-version":[{"id":304,"href":"https:\/\/www.qualidanse.fr\/magasin-orleans\/wp-json\/wp\/v2\/pages\/302\/revisions\/304"}],"up":[{"embeddable":true,"href":"https:\/\/www.qualidanse.fr\/magasin-orleans\/wp-json\/wp\/v2\/pages\/12"}],"wp:attachment":[{"href":"https:\/\/www.qualidanse.fr\/magasin-orleans\/wp-json\/wp\/v2\/media?parent=302"}],"curies":[{"name":"wp","href":"https:\/\/api.w.org\/{rel}","templated":true}]}}