{"id":305,"date":"2019-06-07T22:51:27","date_gmt":"2019-06-07T20:51:27","guid":{"rendered":"https:\/\/www.qualidanse.fr\/magasin-orleans\/?page_id=305"},"modified":"2019-06-07T22:51:27","modified_gmt":"2019-06-07T20:51:27","slug":"temps-danse","status":"publish","type":"page","link":"https:\/\/www.qualidanse.fr\/magasin-orleans\/a-propos-qualidanse-magasin-de-danse-orleans-stala-danse\/marques-labellisees-qualidanse\/temps-danse\/","title":{"rendered":"Temps Danse"},"content":{"rendered":"<p><a href=\"https:\/\/www.qualidanse.fr\/wp-inside\/uploads\/sites\/11\/2019\/06\/temps-danse-1.jpg\"><img decoding=\"async\" src=\"https:\/\/www.qualidanse.fr\/wp-inside\/uploads\/sites\/11\/2019\/06\/temps-danse-1-780x250.jpg\" class=\"aligncenter size-780x325\" \/><\/a><\/p>\n<p>&nbsp;<\/p>\n<p>Les v\u00eatements de la c\u00e9l\u00e8bre marque fran\u00e7aise TEMPS DANSE sont r\u00e9put\u00e9s pour leur grand confort.<\/p>\n<p>En 1983 Patrick Chipont\u00a0a imagin\u00e9 pour les femmes pratiquant de fa\u00e7on \u00a0intense le Fitness des v\u00eatements de sport qui offraient une grande libert\u00e9 de mouvement associ\u00e9e \u00e0 l\u2019\u00e9l\u00e9gance et la f\u00e9minit\u00e9 tout en s\u2019inspirant des tendances de la mode.<\/p>\n<p>Aujourd\u2019hui la marque <strong>Temps Danse<\/strong> est \u00e9galement connue et reconnue dans le milieu de la danse et du sport et fabrique aussi des v\u00eatements pour hommes et enfants<\/p>\n<p>Beaucoup des v\u00eatements de la marque <strong>Temps Danse<\/strong> sont fabriqu\u00e9s avec de la viscose ou\/et du bambou qui offrent\u00a0 une douceur et apportent une fluidit\u00e9 aux mouvements.<\/p>\n<p>&nbsp;<\/p>\n<p><a href=\"https:\/\/www.qualidanse.fr\/wp-inside\/uploads\/sites\/11\/2019\/06\/temps-danse-2-4.jpg\"><img decoding=\"async\" src=\"https:\/\/www.qualidanse.fr\/wp-inside\/uploads\/sites\/11\/2019\/06\/temps-danse-2-4.jpg\" class=\"aligncenter size-full\" \/><\/a><\/p>\n<p>&nbsp;<\/p>\n<h2 style=\"text-align: center\">Temps Danse chez Stala\u2019Danse<\/h2>\n<p>&nbsp;<\/p>\n<p><strong>Stala Danse<\/strong> vous propose les tenues pour tous les styles (classique, contemporaine, jazz et de salon)<\/p>\n<p>&nbsp;<\/p>\n<p><a href=\"https:\/\/www.qualidanse.fr\/wp-inside\/uploads\/sites\/11\/2019\/06\/temps-danse-3-4.jpg\"><img decoding=\"async\" src=\"https:\/\/www.qualidanse.fr\/wp-inside\/uploads\/sites\/11\/2019\/06\/temps-danse-3-4.jpg\" class=\"aligncenter size-full\" \/><\/a><\/p>\n<p>&nbsp;<\/p>\n<ul>\n<li>pantalons confortables, amples et pratiques pour <strong>pilates, yoga\u2026 <\/strong><\/li>\n<li>leggins parfaits pour la danse <strong>moderne, contemporaine \u2026<\/strong><\/li>\n<li>t-shirts<\/li>\n<li>justaucorps pour la danse <strong>classique<\/strong> et autres danses<\/li>\n<li>sous-v\u00eatements\u00a0: shorts, culottes, brassi\u00e8res\u2026<\/li>\n<li>jupes et jupettes<\/li>\n<li>robes et tuniques\u2026<\/li>\n<\/ul>\n<h2 style=\"text-align: center\"><strong>Stala\u2019Danse<\/strong> aime chez <strong>Temps Danse<\/strong><\/h2>\n<ul>\n<li>le grand choix de couleurs et la possibilit\u00e9 d\u2019associer des v\u00eatements de diff\u00e9rents styles<\/li>\n<li>la douceur et la l\u00e9g\u00e8ret\u00e9 des mati\u00e8res choisies<\/li>\n<li>la fluidit\u00e9 exceptionnelle qui dessine les mouvements<\/li>\n<li>la durabilit\u00e9 de leurs v\u00eatements, qui ne se d\u00e9forment pas et ne se d\u00e9colorent pas lavage apr\u00e8s lavage<\/li>\n<li>et aussi leur c\u00f4t\u00e9 chic qui permet qu\u2019on les porte dans le rue<\/li>\n<\/ul>\n<p>&nbsp;<\/p>\n<p><a href=\"https:\/\/www.qualidanse.fr\/wp-inside\/uploads\/sites\/11\/2019\/06\/temps-danse-4-4.jpg\"><img decoding=\"async\" src=\"https:\/\/www.qualidanse.fr\/wp-inside\/uploads\/sites\/11\/2019\/06\/temps-danse-4-4.jpg\" class=\"aligncenter size-full\" \/><\/a><\/p>\n<p>&nbsp;<\/p>\n","protected":false},"excerpt":{"rendered":"<p>&nbsp; Les v\u00eatements de la c\u00e9l\u00e8bre marque fran\u00e7aise TEMPS DANSE sont r\u00e9put\u00e9s pour leur grand confort. En 1983 Patrick Chipont\u00a0a imagin\u00e9 pour les femmes pratiquant de fa\u00e7on \u00a0intense le Fitness [&hellip;]<\/p>\n","protected":false},"author":12,"featured_media":0,"parent":12,"menu_order":0,"comment_status":"closed","ping_status":"closed","template":"template-page-marque.php","meta":{"_acf_changed":false,"footnotes":""},"class_list":["post-305","page","type-page","status-publish","hentry","wp-sticky"],"acf":[],"yoast_head":"<!-- This site is optimized with the Yoast SEO plugin v27.5 - https:\/\/yoast.com\/product\/yoast-seo-wordpress\/ -->\n<title>Temps Danse<\/title>\n<meta name=\"robots\" content=\"index, follow, max-snippet:-1, max-image-preview:large, max-video-preview:-1\" \/>\n<link rel=\"canonical\" href=\"https:\/\/www.qualidanse.fr\/magasin-orleans\/a-propos-qualidanse-magasin-de-danse-orleans-stala-danse\/marques-labellisees-qualidanse\/temps-danse\/\" \/>\n<meta property=\"og:locale\" content=\"fr_FR\" \/>\n<meta property=\"og:type\" content=\"article\" \/>\n<meta property=\"og:title\" content=\"Temps Danse\" \/>\n<meta property=\"og:description\" content=\"&nbsp; Les v\u00eatements de la c\u00e9l\u00e8bre marque fran\u00e7aise TEMPS DANSE sont r\u00e9put\u00e9s pour leur grand confort. En 1983 Patrick Chipont\u00a0a imagin\u00e9 pour les femmes pratiquant de fa\u00e7on \u00a0intense le Fitness [&hellip;]\" \/>\n<meta property=\"og:url\" content=\"https:\/\/www.qualidanse.fr\/magasin-orleans\/a-propos-qualidanse-magasin-de-danse-orleans-stala-danse\/marques-labellisees-qualidanse\/temps-danse\/\" \/>\n<meta property=\"og:site_name\" content=\"Stala&#039;Danse\" \/>\n<meta property=\"og:image\" content=\"https:\/\/www.qualidanse.fr\/wp-inside\/uploads\/sites\/11\/2019\/06\/temps-danse-1-780x250.jpg\" \/>\n<meta name=\"twitter:card\" content=\"summary_large_image\" \/>\n<meta name=\"twitter:label1\" content=\"Dur\u00e9e de lecture estim\u00e9e\" \/>\n\t<meta name=\"twitter:data1\" content=\"1 minute\" \/>\n<script type=\"application\/ld+json\" class=\"yoast-schema-graph\">{\"@context\":\"https:\\\/\\\/schema.org\",\"@graph\":[{\"@type\":\"WebPage\",\"@id\":\"https:\\\/\\\/www.qualidanse.fr\\\/magasin-orleans\\\/a-propos-qualidanse-magasin-de-danse-orleans-stala-danse\\\/marques-labellisees-qualidanse\\\/temps-danse\\\/\",\"url\":\"https:\\\/\\\/www.qualidanse.fr\\\/magasin-orleans\\\/a-propos-qualidanse-magasin-de-danse-orleans-stala-danse\\\/marques-labellisees-qualidanse\\\/temps-danse\\\/\",\"name\":\"Temps Danse\",\"isPartOf\":{\"@id\":\"https:\\\/\\\/www.qualidanse.fr\\\/magasin-orleans\\\/#website\"},\"primaryImageOfPage\":{\"@id\":\"https:\\\/\\\/www.qualidanse.fr\\\/magasin-orleans\\\/a-propos-qualidanse-magasin-de-danse-orleans-stala-danse\\\/marques-labellisees-qualidanse\\\/temps-danse\\\/#primaryimage\"},\"image\":{\"@id\":\"https:\\\/\\\/www.qualidanse.fr\\\/magasin-orleans\\\/a-propos-qualidanse-magasin-de-danse-orleans-stala-danse\\\/marques-labellisees-qualidanse\\\/temps-danse\\\/#primaryimage\"},\"thumbnailUrl\":\"https:\\\/\\\/www.qualidanse.fr\\\/wp-inside\\\/uploads\\\/sites\\\/11\\\/2019\\\/06\\\/temps-danse-1-780x250.jpg\",\"datePublished\":\"2019-06-07T20:51:27+00:00\",\"breadcrumb\":{\"@id\":\"https:\\\/\\\/www.qualidanse.fr\\\/magasin-orleans\\\/a-propos-qualidanse-magasin-de-danse-orleans-stala-danse\\\/marques-labellisees-qualidanse\\\/temps-danse\\\/#breadcrumb\"},\"inLanguage\":\"fr-FR\",\"potentialAction\":[{\"@type\":\"ReadAction\",\"target\":[\"https:\\\/\\\/www.qualidanse.fr\\\/magasin-orleans\\\/a-propos-qualidanse-magasin-de-danse-orleans-stala-danse\\\/marques-labellisees-qualidanse\\\/temps-danse\\\/\"]}]},{\"@type\":\"ImageObject\",\"inLanguage\":\"fr-FR\",\"@id\":\"https:\\\/\\\/www.qualidanse.fr\\\/magasin-orleans\\\/a-propos-qualidanse-magasin-de-danse-orleans-stala-danse\\\/marques-labellisees-qualidanse\\\/temps-danse\\\/#primaryimage\",\"url\":\"https:\\\/\\\/www.qualidanse.fr\\\/wp-inside\\\/uploads\\\/sites\\\/11\\\/2019\\\/06\\\/temps-danse-1-780x250.jpg\",\"contentUrl\":\"https:\\\/\\\/www.qualidanse.fr\\\/wp-inside\\\/uploads\\\/sites\\\/11\\\/2019\\\/06\\\/temps-danse-1-780x250.jpg\"},{\"@type\":\"BreadcrumbList\",\"@id\":\"https:\\\/\\\/www.qualidanse.fr\\\/magasin-orleans\\\/a-propos-qualidanse-magasin-de-danse-orleans-stala-danse\\\/marques-labellisees-qualidanse\\\/temps-danse\\\/#breadcrumb\",\"itemListElement\":[{\"@type\":\"ListItem\",\"position\":1,\"name\":\"Le magasin\",\"item\":\"https:\\\/\\\/www.qualidanse.fr\\\/magasin-orleans\\\/a-propos-qualidanse-magasin-de-danse-orleans-stala-danse\\\/\"},{\"@type\":\"ListItem\",\"position\":2,\"name\":\"Marques\",\"item\":\"https:\\\/\\\/www.qualidanse.fr\\\/magasin-orleans\\\/a-propos-qualidanse-magasin-de-danse-orleans-stala-danse\\\/marques-labellisees-qualidanse\\\/\"},{\"@type\":\"ListItem\",\"position\":3,\"name\":\"Temps Danse\"}]},{\"@type\":\"WebSite\",\"@id\":\"https:\\\/\\\/www.qualidanse.fr\\\/magasin-orleans\\\/#website\",\"url\":\"https:\\\/\\\/www.qualidanse.fr\\\/magasin-orleans\\\/\",\"name\":\"Stala&#039;Danse\",\"description\":\"\",\"potentialAction\":[{\"@type\":\"SearchAction\",\"target\":{\"@type\":\"EntryPoint\",\"urlTemplate\":\"https:\\\/\\\/www.qualidanse.fr\\\/magasin-orleans\\\/?s={search_term_string}\"},\"query-input\":{\"@type\":\"PropertyValueSpecification\",\"valueRequired\":true,\"valueName\":\"search_term_string\"}}],\"inLanguage\":\"fr-FR\"}]}<\/script>\n<!-- \/ Yoast SEO plugin. -->","yoast_head_json":{"title":"Temps Danse","robots":{"index":"index","follow":"follow","max-snippet":"max-snippet:-1","max-image-preview":"max-image-preview:large","max-video-preview":"max-video-preview:-1"},"canonical":"https:\/\/www.qualidanse.fr\/magasin-orleans\/a-propos-qualidanse-magasin-de-danse-orleans-stala-danse\/marques-labellisees-qualidanse\/temps-danse\/","og_locale":"fr_FR","og_type":"article","og_title":"Temps Danse","og_description":"&nbsp; Les v\u00eatements de la c\u00e9l\u00e8bre marque fran\u00e7aise TEMPS DANSE sont r\u00e9put\u00e9s pour leur grand confort. En 1983 Patrick Chipont\u00a0a imagin\u00e9 pour les femmes pratiquant de fa\u00e7on \u00a0intense le Fitness [&hellip;]","og_url":"https:\/\/www.qualidanse.fr\/magasin-orleans\/a-propos-qualidanse-magasin-de-danse-orleans-stala-danse\/marques-labellisees-qualidanse\/temps-danse\/","og_site_name":"Stala&#039;Danse","og_image":[{"url":"https:\/\/www.qualidanse.fr\/wp-inside\/uploads\/sites\/11\/2019\/06\/temps-danse-1-780x250.jpg","type":"","width":"","height":""}],"twitter_card":"summary_large_image","twitter_misc":{"Dur\u00e9e de lecture estim\u00e9e":"1 minute"},"schema":{"@context":"https:\/\/schema.org","@graph":[{"@type":"WebPage","@id":"https:\/\/www.qualidanse.fr\/magasin-orleans\/a-propos-qualidanse-magasin-de-danse-orleans-stala-danse\/marques-labellisees-qualidanse\/temps-danse\/","url":"https:\/\/www.qualidanse.fr\/magasin-orleans\/a-propos-qualidanse-magasin-de-danse-orleans-stala-danse\/marques-labellisees-qualidanse\/temps-danse\/","name":"Temps Danse","isPartOf":{"@id":"https:\/\/www.qualidanse.fr\/magasin-orleans\/#website"},"primaryImageOfPage":{"@id":"https:\/\/www.qualidanse.fr\/magasin-orleans\/a-propos-qualidanse-magasin-de-danse-orleans-stala-danse\/marques-labellisees-qualidanse\/temps-danse\/#primaryimage"},"image":{"@id":"https:\/\/www.qualidanse.fr\/magasin-orleans\/a-propos-qualidanse-magasin-de-danse-orleans-stala-danse\/marques-labellisees-qualidanse\/temps-danse\/#primaryimage"},"thumbnailUrl":"https:\/\/www.qualidanse.fr\/wp-inside\/uploads\/sites\/11\/2019\/06\/temps-danse-1-780x250.jpg","datePublished":"2019-06-07T20:51:27+00:00","breadcrumb":{"@id":"https:\/\/www.qualidanse.fr\/magasin-orleans\/a-propos-qualidanse-magasin-de-danse-orleans-stala-danse\/marques-labellisees-qualidanse\/temps-danse\/#breadcrumb"},"inLanguage":"fr-FR","potentialAction":[{"@type":"ReadAction","target":["https:\/\/www.qualidanse.fr\/magasin-orleans\/a-propos-qualidanse-magasin-de-danse-orleans-stala-danse\/marques-labellisees-qualidanse\/temps-danse\/"]}]},{"@type":"ImageObject","inLanguage":"fr-FR","@id":"https:\/\/www.qualidanse.fr\/magasin-orleans\/a-propos-qualidanse-magasin-de-danse-orleans-stala-danse\/marques-labellisees-qualidanse\/temps-danse\/#primaryimage","url":"https:\/\/www.qualidanse.fr\/wp-inside\/uploads\/sites\/11\/2019\/06\/temps-danse-1-780x250.jpg","contentUrl":"https:\/\/www.qualidanse.fr\/wp-inside\/uploads\/sites\/11\/2019\/06\/temps-danse-1-780x250.jpg"},{"@type":"BreadcrumbList","@id":"https:\/\/www.qualidanse.fr\/magasin-orleans\/a-propos-qualidanse-magasin-de-danse-orleans-stala-danse\/marques-labellisees-qualidanse\/temps-danse\/#breadcrumb","itemListElement":[{"@type":"ListItem","position":1,"name":"Le magasin","item":"https:\/\/www.qualidanse.fr\/magasin-orleans\/a-propos-qualidanse-magasin-de-danse-orleans-stala-danse\/"},{"@type":"ListItem","position":2,"name":"Marques","item":"https:\/\/www.qualidanse.fr\/magasin-orleans\/a-propos-qualidanse-magasin-de-danse-orleans-stala-danse\/marques-labellisees-qualidanse\/"},{"@type":"ListItem","position":3,"name":"Temps Danse"}]},{"@type":"WebSite","@id":"https:\/\/www.qualidanse.fr\/magasin-orleans\/#website","url":"https:\/\/www.qualidanse.fr\/magasin-orleans\/","name":"Stala&#039;Danse","description":"","potentialAction":[{"@type":"SearchAction","target":{"@type":"EntryPoint","urlTemplate":"https:\/\/www.qualidanse.fr\/magasin-orleans\/?s={search_term_string}"},"query-input":{"@type":"PropertyValueSpecification","valueRequired":true,"valueName":"search_term_string"}}],"inLanguage":"fr-FR"}]}},"_links":{"self":[{"href":"https:\/\/www.qualidanse.fr\/magasin-orleans\/wp-json\/wp\/v2\/pages\/305","targetHints":{"allow":["GET"]}}],"collection":[{"href":"https:\/\/www.qualidanse.fr\/magasin-orleans\/wp-json\/wp\/v2\/pages"}],"about":[{"href":"https:\/\/www.qualidanse.fr\/magasin-orleans\/wp-json\/wp\/v2\/types\/page"}],"author":[{"embeddable":true,"href":"https:\/\/www.qualidanse.fr\/magasin-orleans\/wp-json\/wp\/v2\/users\/12"}],"replies":[{"embeddable":true,"href":"https:\/\/www.qualidanse.fr\/magasin-orleans\/wp-json\/wp\/v2\/comments?post=305"}],"version-history":[{"count":5,"href":"https:\/\/www.qualidanse.fr\/magasin-orleans\/wp-json\/wp\/v2\/pages\/305\/revisions"}],"predecessor-version":[{"id":313,"href":"https:\/\/www.qualidanse.fr\/magasin-orleans\/wp-json\/wp\/v2\/pages\/305\/revisions\/313"}],"up":[{"embeddable":true,"href":"https:\/\/www.qualidanse.fr\/magasin-orleans\/wp-json\/wp\/v2\/pages\/12"}],"wp:attachment":[{"href":"https:\/\/www.qualidanse.fr\/magasin-orleans\/wp-json\/wp\/v2\/media?parent=305"}],"curies":[{"name":"wp","href":"https:\/\/api.w.org\/{rel}","templated":true}]}}