{"id":9,"date":"2017-10-11T14:56:20","date_gmt":"2017-10-11T12:56:20","guid":{"rendered":"https:\/\/www.qualidanse.fr\/magasin-orleans\/?page_id=9"},"modified":"2024-08-27T12:49:51","modified_gmt":"2024-08-27T10:49:51","slug":"a-propos-qualidanse-magasin-de-danse-orleans-stala-danse","status":"publish","type":"page","link":"https:\/\/www.qualidanse.fr\/magasin-orleans\/a-propos-qualidanse-magasin-de-danse-orleans-stala-danse\/","title":{"rendered":"Le magasin"},"content":{"rendered":"<h2>Un magasin avec un large choix d\u2019articles de grandes marques de danse<\/h2>\n\n\t\t<style type=\"text\/css\">\n\t\t\t#gallery-1 {\n\t\t\t\tmargin: auto;\n\t\t\t}\n\t\t\t#gallery-1 .gallery-item {\n\t\t\t\tfloat: left;\n\t\t\t\tmargin-top: 10px;\n\t\t\t\ttext-align: center;\n\t\t\t\twidth: 100%;\n\t\t\t}\n\t\t\t#gallery-1 img {\n\t\t\t\tborder: 2px solid #cfcfcf;\n\t\t\t}\n\t\t\t#gallery-1 .gallery-caption {\n\t\t\t\tmargin-left: 0;\n\t\t\t}\n\t\t\t\/* see gallery_shortcode() in wp-includes\/media.php *\/\n\t\t<\/style>\n\t\t<div id='gallery-1' class='gallery galleryid-9 gallery-columns-1 gallery-size-full'><dl class='gallery-item'>\n\t\t\t<dt class='gallery-icon landscape'>\n\t\t\t\t<a href='https:\/\/www.qualidanse.fr\/magasin-orleans\/magasin-qualidanse\/'><img loading=\"lazy\" decoding=\"async\" width=\"1280\" height=\"283\" src=\"https:\/\/www.qualidanse.fr\/wp-inside\/uploads\/sites\/11\/2024\/06\/magasin-qualidanse.jpg\" class=\"attachment-full size-full\" alt=\"\" srcset=\"https:\/\/www.qualidanse.fr\/wp-inside\/uploads\/sites\/11\/2024\/06\/magasin-qualidanse.jpg 1280w, https:\/\/www.qualidanse.fr\/wp-inside\/uploads\/sites\/11\/2024\/06\/magasin-qualidanse-300x66.jpg 300w, https:\/\/www.qualidanse.fr\/wp-inside\/uploads\/sites\/11\/2024\/06\/magasin-qualidanse-1024x226.jpg 1024w, https:\/\/www.qualidanse.fr\/wp-inside\/uploads\/sites\/11\/2024\/06\/magasin-qualidanse-768x170.jpg 768w, https:\/\/www.qualidanse.fr\/wp-inside\/uploads\/sites\/11\/2024\/06\/magasin-qualidanse-330x73.jpg 330w, https:\/\/www.qualidanse.fr\/wp-inside\/uploads\/sites\/11\/2024\/06\/magasin-qualidanse-660x146.jpg 660w, https:\/\/www.qualidanse.fr\/wp-inside\/uploads\/sites\/11\/2024\/06\/magasin-qualidanse-190x42.jpg 190w, https:\/\/www.qualidanse.fr\/wp-inside\/uploads\/sites\/11\/2024\/06\/magasin-qualidanse-200x44.jpg 200w, https:\/\/www.qualidanse.fr\/wp-inside\/uploads\/sites\/11\/2024\/06\/magasin-qualidanse-230x51.jpg 230w\" sizes=\"auto, (max-width: 1280px) 100vw, 1280px\" \/><\/a>\n\t\t\t<\/dt><\/dl><br style=\"clear: both\" \/>\n\t\t<\/div>\n\n<p>STALA DANSE vous pr\u00e9sente une collection de danse qui est sans cesse mise \u00e0 jour, pour tous les styles de danse : classique, moderne, jazz, claquettes, salon, latine, tango, rock, swing&#8230;\u00a0 avec des <span style=\"font-size: 1rem\"><a href=\"https:\/\/www.qualidanse.fr\/magasin-orleans\/a-propos\/marques-labellisees-qualidanse\/\">marques<\/a> de qualit\u00e9 <\/span><span style=\"font-size: 1rem\">comme : Degas, Merlet, Bloch, Capezio, Repetto, Intermezzo, Grishko, So Dan\u00e7a, Wear Moi, Werner Kern, Temps Danse&#8230;<\/span><\/p>\n<p>STALA DANSE est un endroit magique pour les petit(e)s et les grand(e)s, un lieu o\u00f9 chacun trouve tous les accessoires n\u00e9cessaires \u00e0 la pratique de son style de danse, pour tous les budgets.<\/p>\n<p>La boutique STALA DANSE est heureuse de vous conseiller et partager avec vous une m\u00eame passion dans une ambiance de d\u00e9tente.<\/p>\n<h2>Grand choix de chaussons et chaussures de danse<\/h2>\n<p>Sp\u00e9cialiste de <a href=\"https:\/\/www.qualidanse.fr\/magasin-orleans\/rayons\/pointes\/\">pointes<\/a> et <a href=\"https:\/\/www.qualidanse.fr\/magasin-orleans\/rayons\/demi-pointes\/\">demi-pointes<\/a> pour la danse classique, STALA DANSE porte une attention toute particuli\u00e8re au choix propos\u00e9 en restant toujours \u00e0 votre \u00e9coute pour un conseil technique et le bon choix de vos chaussons.<\/p>\n\n\t\t<style type=\"text\/css\">\n\t\t\t#gallery-2 {\n\t\t\t\tmargin: auto;\n\t\t\t}\n\t\t\t#gallery-2 .gallery-item {\n\t\t\t\tfloat: left;\n\t\t\t\tmargin-top: 10px;\n\t\t\t\ttext-align: center;\n\t\t\t\twidth: 33%;\n\t\t\t}\n\t\t\t#gallery-2 img {\n\t\t\t\tborder: 2px solid #cfcfcf;\n\t\t\t}\n\t\t\t#gallery-2 .gallery-caption {\n\t\t\t\tmargin-left: 0;\n\t\t\t}\n\t\t\t\/* see gallery_shortcode() in wp-includes\/media.php *\/\n\t\t<\/style>\n\t\t<div id='gallery-2' class='gallery galleryid-9 gallery-columns-3 gallery-size-medium'><dl class='gallery-item'>\n\t\t\t<dt class='gallery-icon landscape'>\n\t\t\t\t<a href='https:\/\/www.qualidanse.fr\/magasin-orleans\/gaynor-minden-demi-pointes-li-3\/'><img loading=\"lazy\" decoding=\"async\" width=\"300\" height=\"300\" src=\"https:\/\/www.qualidanse.fr\/wp-inside\/uploads\/sites\/11\/2024\/06\/gaynor-minden-demi-pointes-li-3-300x300.jpg\" class=\"attachment-medium size-medium\" alt=\"\" srcset=\"https:\/\/www.qualidanse.fr\/wp-inside\/uploads\/sites\/11\/2024\/06\/gaynor-minden-demi-pointes-li-3-300x300.jpg 300w, https:\/\/www.qualidanse.fr\/wp-inside\/uploads\/sites\/11\/2024\/06\/gaynor-minden-demi-pointes-li-3-150x150.jpg 150w, https:\/\/www.qualidanse.fr\/wp-inside\/uploads\/sites\/11\/2024\/06\/gaynor-minden-demi-pointes-li-3-110x110.jpg 110w, https:\/\/www.qualidanse.fr\/wp-inside\/uploads\/sites\/11\/2024\/06\/gaynor-minden-demi-pointes-li-3-220x220.jpg 220w, https:\/\/www.qualidanse.fr\/wp-inside\/uploads\/sites\/11\/2024\/06\/gaynor-minden-demi-pointes-li-3-100x100.jpg 100w, https:\/\/www.qualidanse.fr\/wp-inside\/uploads\/sites\/11\/2024\/06\/gaynor-minden-demi-pointes-li-3-330x330.jpg 330w, https:\/\/www.qualidanse.fr\/wp-inside\/uploads\/sites\/11\/2024\/06\/gaynor-minden-demi-pointes-li-3-200x200.jpg 200w, https:\/\/www.qualidanse.fr\/wp-inside\/uploads\/sites\/11\/2024\/06\/gaynor-minden-demi-pointes-li-3.jpg 600w\" sizes=\"auto, (max-width: 300px) 100vw, 300px\" \/><\/a>\n\t\t\t<\/dt><\/dl><dl class='gallery-item'>\n\t\t\t<dt class='gallery-icon landscape'>\n\t\t\t\t<a href='https:\/\/www.qualidanse.fr\/magasin-orleans\/gaynor-minden-demi-pointes-li-sc-1\/'><img loading=\"lazy\" decoding=\"async\" width=\"300\" height=\"300\" src=\"https:\/\/www.qualidanse.fr\/wp-inside\/uploads\/sites\/11\/2024\/06\/gaynor-minden-demi-pointes-li-sc-1-300x300.jpg\" class=\"attachment-medium size-medium\" alt=\"\" srcset=\"https:\/\/www.qualidanse.fr\/wp-inside\/uploads\/sites\/11\/2024\/06\/gaynor-minden-demi-pointes-li-sc-1-300x300.jpg 300w, https:\/\/www.qualidanse.fr\/wp-inside\/uploads\/sites\/11\/2024\/06\/gaynor-minden-demi-pointes-li-sc-1-150x150.jpg 150w, https:\/\/www.qualidanse.fr\/wp-inside\/uploads\/sites\/11\/2024\/06\/gaynor-minden-demi-pointes-li-sc-1-110x110.jpg 110w, https:\/\/www.qualidanse.fr\/wp-inside\/uploads\/sites\/11\/2024\/06\/gaynor-minden-demi-pointes-li-sc-1-220x220.jpg 220w, https:\/\/www.qualidanse.fr\/wp-inside\/uploads\/sites\/11\/2024\/06\/gaynor-minden-demi-pointes-li-sc-1-100x100.jpg 100w, https:\/\/www.qualidanse.fr\/wp-inside\/uploads\/sites\/11\/2024\/06\/gaynor-minden-demi-pointes-li-sc-1-330x330.jpg 330w, https:\/\/www.qualidanse.fr\/wp-inside\/uploads\/sites\/11\/2024\/06\/gaynor-minden-demi-pointes-li-sc-1-200x200.jpg 200w, https:\/\/www.qualidanse.fr\/wp-inside\/uploads\/sites\/11\/2024\/06\/gaynor-minden-demi-pointes-li-sc-1.jpg 600w\" sizes=\"auto, (max-width: 300px) 100vw, 300px\" \/><\/a>\n\t\t\t<\/dt><\/dl><dl class='gallery-item'>\n\t\t\t<dt class='gallery-icon landscape'>\n\t\t\t\t<a href='https:\/\/www.qualidanse.fr\/magasin-orleans\/gaynor-minden-demi-pointes-li-2\/'><img loading=\"lazy\" decoding=\"async\" width=\"300\" height=\"300\" src=\"https:\/\/www.qualidanse.fr\/wp-inside\/uploads\/sites\/11\/2024\/06\/gaynor-minden-demi-pointes-li-2-300x300.jpg\" class=\"attachment-medium size-medium\" alt=\"\" srcset=\"https:\/\/www.qualidanse.fr\/wp-inside\/uploads\/sites\/11\/2024\/06\/gaynor-minden-demi-pointes-li-2-300x300.jpg 300w, https:\/\/www.qualidanse.fr\/wp-inside\/uploads\/sites\/11\/2024\/06\/gaynor-minden-demi-pointes-li-2-150x150.jpg 150w, https:\/\/www.qualidanse.fr\/wp-inside\/uploads\/sites\/11\/2024\/06\/gaynor-minden-demi-pointes-li-2-110x110.jpg 110w, https:\/\/www.qualidanse.fr\/wp-inside\/uploads\/sites\/11\/2024\/06\/gaynor-minden-demi-pointes-li-2-221x220.jpg 221w, https:\/\/www.qualidanse.fr\/wp-inside\/uploads\/sites\/11\/2024\/06\/gaynor-minden-demi-pointes-li-2-100x100.jpg 100w, https:\/\/www.qualidanse.fr\/wp-inside\/uploads\/sites\/11\/2024\/06\/gaynor-minden-demi-pointes-li-2-330x330.jpg 330w, https:\/\/www.qualidanse.fr\/wp-inside\/uploads\/sites\/11\/2024\/06\/gaynor-minden-demi-pointes-li-2-200x200.jpg 200w, https:\/\/www.qualidanse.fr\/wp-inside\/uploads\/sites\/11\/2024\/06\/gaynor-minden-demi-pointes-li-2-151x150.jpg 151w, https:\/\/www.qualidanse.fr\/wp-inside\/uploads\/sites\/11\/2024\/06\/gaynor-minden-demi-pointes-li-2.jpg 600w\" sizes=\"auto, (max-width: 300px) 100vw, 300px\" \/><\/a>\n\t\t\t<\/dt><\/dl><br style=\"clear: both\" \/>\n\t\t<\/div>\n\n<p>Vous trouverez \u00e9galement une large gamme de <a href=\"https:\/\/www.qualidanse.fr\/magasin-orleans\/rayons\/chaussures-de-danse-de-salon\/\">chaussures<\/a> ouvertes ou ferm\u00e9es avec diff\u00e9rentes hauteurs de talon pour pratiquer les danses de tango, salsa, rock, swing, WCS, claquettes, etc.<\/p>\n<h2>Grand choix de v\u00eatements pour la danse<\/h2>\n<p>Pour les danses classique, moderne ou autres danses, vous trouverez un large choix de tenues de danse parmi des <a href=\"https:\/\/staladanse.com\/categorie-produit\/vetements-de-danse\/justaucorps\/\">justaucorps<\/a> et des <a href=\"https:\/\/staladanse.com\/categorie-produit\/vetements-de-danse\/tuniques\/\">tuniques<\/a> de toutes les couleurs, unies ou imprim\u00e9es, de diff\u00e9rentes mati\u00e8res et de toutes les formes possibles, des plus basiques aux plus \u00e9labor\u00e9es.<\/p>\n\n\t\t<style type=\"text\/css\">\n\t\t\t#gallery-3 {\n\t\t\t\tmargin: auto;\n\t\t\t}\n\t\t\t#gallery-3 .gallery-item {\n\t\t\t\tfloat: left;\n\t\t\t\tmargin-top: 10px;\n\t\t\t\ttext-align: center;\n\t\t\t\twidth: 33%;\n\t\t\t}\n\t\t\t#gallery-3 img {\n\t\t\t\tborder: 2px solid #cfcfcf;\n\t\t\t}\n\t\t\t#gallery-3 .gallery-caption {\n\t\t\t\tmargin-left: 0;\n\t\t\t}\n\t\t\t\/* see gallery_shortcode() in wp-includes\/media.php *\/\n\t\t<\/style>\n\t\t<div id='gallery-3' class='gallery galleryid-9 gallery-columns-3 gallery-size-medium'><dl class='gallery-item'>\n\t\t\t<dt class='gallery-icon portrait'>\n\t\t\t\t<a href='https:\/\/www.qualidanse.fr\/magasin-orleans\/a-propos-qualidanse-magasin-de-danse-orleans-stala-danse\/attachment\/gaynor-minden-justaucorps-al-113-bleu-nbl\/'><img loading=\"lazy\" decoding=\"async\" width=\"282\" height=\"300\" src=\"https:\/\/www.qualidanse.fr\/wp-inside\/uploads\/sites\/11\/2024\/06\/gaynor-minden-justaucorps-al-113-bleu-nbl-282x300.jpg\" class=\"attachment-medium size-medium\" alt=\"\" srcset=\"https:\/\/www.qualidanse.fr\/wp-inside\/uploads\/sites\/11\/2024\/06\/gaynor-minden-justaucorps-al-113-bleu-nbl-282x300.jpg 282w, https:\/\/www.qualidanse.fr\/wp-inside\/uploads\/sites\/11\/2024\/06\/gaynor-minden-justaucorps-al-113-bleu-nbl-103x110.jpg 103w, https:\/\/www.qualidanse.fr\/wp-inside\/uploads\/sites\/11\/2024\/06\/gaynor-minden-justaucorps-al-113-bleu-nbl-207x220.jpg 207w, https:\/\/www.qualidanse.fr\/wp-inside\/uploads\/sites\/11\/2024\/06\/gaynor-minden-justaucorps-al-113-bleu-nbl-94x100.jpg 94w, https:\/\/www.qualidanse.fr\/wp-inside\/uploads\/sites\/11\/2024\/06\/gaynor-minden-justaucorps-al-113-bleu-nbl-310x330.jpg 310w, https:\/\/www.qualidanse.fr\/wp-inside\/uploads\/sites\/11\/2024\/06\/gaynor-minden-justaucorps-al-113-bleu-nbl-188x200.jpg 188w, https:\/\/www.qualidanse.fr\/wp-inside\/uploads\/sites\/11\/2024\/06\/gaynor-minden-justaucorps-al-113-bleu-nbl-141x150.jpg 141w, https:\/\/www.qualidanse.fr\/wp-inside\/uploads\/sites\/11\/2024\/06\/gaynor-minden-justaucorps-al-113-bleu-nbl.jpg 600w\" sizes=\"auto, (max-width: 282px) 100vw, 282px\" \/><\/a>\n\t\t\t<\/dt><\/dl><dl class='gallery-item'>\n\t\t\t<dt class='gallery-icon portrait'>\n\t\t\t\t<a href='https:\/\/www.qualidanse.fr\/magasin-orleans\/a-propos-qualidanse-magasin-de-danse-orleans-stala-danse\/attachment\/gaynor-minden-justaucorps-al-113-adoise-slg\/'><img loading=\"lazy\" decoding=\"async\" width=\"277\" height=\"300\" src=\"https:\/\/www.qualidanse.fr\/wp-inside\/uploads\/sites\/11\/2024\/06\/gaynor-minden-justaucorps-al-113-adoise-slg-277x300.jpg\" class=\"attachment-medium size-medium\" alt=\"\" srcset=\"https:\/\/www.qualidanse.fr\/wp-inside\/uploads\/sites\/11\/2024\/06\/gaynor-minden-justaucorps-al-113-adoise-slg-277x300.jpg 277w, https:\/\/www.qualidanse.fr\/wp-inside\/uploads\/sites\/11\/2024\/06\/gaynor-minden-justaucorps-al-113-adoise-slg-102x110.jpg 102w, https:\/\/www.qualidanse.fr\/wp-inside\/uploads\/sites\/11\/2024\/06\/gaynor-minden-justaucorps-al-113-adoise-slg-203x220.jpg 203w, https:\/\/www.qualidanse.fr\/wp-inside\/uploads\/sites\/11\/2024\/06\/gaynor-minden-justaucorps-al-113-adoise-slg-92x100.jpg 92w, https:\/\/www.qualidanse.fr\/wp-inside\/uploads\/sites\/11\/2024\/06\/gaynor-minden-justaucorps-al-113-adoise-slg-305x330.jpg 305w, https:\/\/www.qualidanse.fr\/wp-inside\/uploads\/sites\/11\/2024\/06\/gaynor-minden-justaucorps-al-113-adoise-slg-185x200.jpg 185w, https:\/\/www.qualidanse.fr\/wp-inside\/uploads\/sites\/11\/2024\/06\/gaynor-minden-justaucorps-al-113-adoise-slg-139x150.jpg 139w, https:\/\/www.qualidanse.fr\/wp-inside\/uploads\/sites\/11\/2024\/06\/gaynor-minden-justaucorps-al-113-adoise-slg.jpg 600w\" sizes=\"auto, (max-width: 277px) 100vw, 277px\" \/><\/a>\n\t\t\t<\/dt><\/dl><dl class='gallery-item'>\n\t\t\t<dt class='gallery-icon portrait'>\n\t\t\t\t<a href='https:\/\/www.qualidanse.fr\/magasin-orleans\/a-propos-qualidanse-magasin-de-danse-orleans-stala-danse\/attachment\/gaynor-minden-al-113-mauve-jpg\/'><img loading=\"lazy\" decoding=\"async\" width=\"281\" height=\"300\" src=\"https:\/\/www.qualidanse.fr\/wp-inside\/uploads\/sites\/11\/2024\/06\/gaynor-minden-al-113-mauve.jpg-281x300.jpg\" class=\"attachment-medium size-medium\" alt=\"\" srcset=\"https:\/\/www.qualidanse.fr\/wp-inside\/uploads\/sites\/11\/2024\/06\/gaynor-minden-al-113-mauve.jpg-281x300.jpg 281w, https:\/\/www.qualidanse.fr\/wp-inside\/uploads\/sites\/11\/2024\/06\/gaynor-minden-al-113-mauve.jpg-103x110.jpg 103w, https:\/\/www.qualidanse.fr\/wp-inside\/uploads\/sites\/11\/2024\/06\/gaynor-minden-al-113-mauve.jpg-206x220.jpg 206w, https:\/\/www.qualidanse.fr\/wp-inside\/uploads\/sites\/11\/2024\/06\/gaynor-minden-al-113-mauve.jpg-94x100.jpg 94w, https:\/\/www.qualidanse.fr\/wp-inside\/uploads\/sites\/11\/2024\/06\/gaynor-minden-al-113-mauve.jpg-309x330.jpg 309w, https:\/\/www.qualidanse.fr\/wp-inside\/uploads\/sites\/11\/2024\/06\/gaynor-minden-al-113-mauve.jpg-187x200.jpg 187w, https:\/\/www.qualidanse.fr\/wp-inside\/uploads\/sites\/11\/2024\/06\/gaynor-minden-al-113-mauve.jpg-140x150.jpg 140w, https:\/\/www.qualidanse.fr\/wp-inside\/uploads\/sites\/11\/2024\/06\/gaynor-minden-al-113-mauve.jpg.jpg 600w\" sizes=\"auto, (max-width: 281px) 100vw, 281px\" \/><\/a>\n\t\t\t<\/dt><\/dl><br style=\"clear: both\" \/>\n\t\t<\/div>\n\n<p>&nbsp;<\/p>\n","protected":false},"excerpt":{"rendered":"<p>Un magasin avec un large choix d\u2019articles de grandes marques de danse STALA DANSE vous pr\u00e9sente une collection de danse qui est sans cesse mise \u00e0 jour, pour tous les [&hellip;]<\/p>\n","protected":false},"author":3,"featured_media":0,"parent":0,"menu_order":0,"comment_status":"closed","ping_status":"closed","template":"","meta":{"_acf_changed":false,"footnotes":""},"class_list":["post-9","page","type-page","status-publish","hentry","wp-sticky"],"acf":[],"yoast_head":"<!-- This site is optimized with the Yoast SEO plugin v27.5 - https:\/\/yoast.com\/product\/yoast-seo-wordpress\/ -->\n<title>A propos Qualidanse | Magasin de danse Orl\u00e9ans, Stala Danse<\/title>\n<meta name=\"description\" content=\"Stala Danse propos un large choix d\u2019articles de danse, une collection qui est sans cesse mise \u00e0 jour pour tous les styles de danse\" \/>\n<meta name=\"robots\" content=\"index, follow, max-snippet:-1, max-image-preview:large, max-video-preview:-1\" \/>\n<link rel=\"canonical\" href=\"https:\/\/www.qualidanse.fr\/magasin-orleans\/a-propos-qualidanse-magasin-de-danse-orleans-stala-danse\/\" \/>\n<meta property=\"og:locale\" content=\"fr_FR\" \/>\n<meta property=\"og:type\" content=\"article\" \/>\n<meta property=\"og:title\" content=\"A propos Qualidanse | Magasin de danse Orl\u00e9ans, Stala Danse\" \/>\n<meta property=\"og:description\" content=\"Stala Danse propos un large choix d\u2019articles de danse, une collection qui est sans cesse mise \u00e0 jour pour tous les styles de danse\" \/>\n<meta property=\"og:url\" content=\"https:\/\/www.qualidanse.fr\/magasin-orleans\/a-propos-qualidanse-magasin-de-danse-orleans-stala-danse\/\" \/>\n<meta property=\"og:site_name\" content=\"Stala&#039;Danse\" \/>\n<meta property=\"article:modified_time\" content=\"2024-08-27T10:49:51+00:00\" \/>\n<meta property=\"og:image\" content=\"https:\/\/www.qualidanse.fr\/wp-inside\/uploads\/sites\/11\/2024\/06\/magasin-qualidanse.jpg\" \/>\n<meta name=\"twitter:card\" content=\"summary_large_image\" \/>\n<meta name=\"twitter:label1\" content=\"Dur\u00e9e de lecture estim\u00e9e\" \/>\n\t<meta name=\"twitter:data1\" content=\"1 minute\" \/>\n<script type=\"application\/ld+json\" class=\"yoast-schema-graph\">{\"@context\":\"https:\\\/\\\/schema.org\",\"@graph\":[{\"@type\":\"WebPage\",\"@id\":\"https:\\\/\\\/www.qualidanse.fr\\\/magasin-orleans\\\/a-propos-qualidanse-magasin-de-danse-orleans-stala-danse\\\/\",\"url\":\"https:\\\/\\\/www.qualidanse.fr\\\/magasin-orleans\\\/a-propos-qualidanse-magasin-de-danse-orleans-stala-danse\\\/\",\"name\":\"A propos Qualidanse | Magasin de danse Orl\u00e9ans, Stala Danse\",\"isPartOf\":{\"@id\":\"https:\\\/\\\/www.qualidanse.fr\\\/magasin-orleans\\\/#website\"},\"datePublished\":\"2017-10-11T12:56:20+00:00\",\"dateModified\":\"2024-08-27T10:49:51+00:00\",\"description\":\"Stala Danse propos un large choix d\u2019articles de danse, une collection qui est sans cesse mise \u00e0 jour pour tous les styles de danse\",\"inLanguage\":\"fr-FR\",\"potentialAction\":[{\"@type\":\"ReadAction\",\"target\":[\"https:\\\/\\\/www.qualidanse.fr\\\/magasin-orleans\\\/a-propos-qualidanse-magasin-de-danse-orleans-stala-danse\\\/\"]}]},{\"@type\":\"WebSite\",\"@id\":\"https:\\\/\\\/www.qualidanse.fr\\\/magasin-orleans\\\/#website\",\"url\":\"https:\\\/\\\/www.qualidanse.fr\\\/magasin-orleans\\\/\",\"name\":\"Stala&#039;Danse\",\"description\":\"\",\"potentialAction\":[{\"@type\":\"SearchAction\",\"target\":{\"@type\":\"EntryPoint\",\"urlTemplate\":\"https:\\\/\\\/www.qualidanse.fr\\\/magasin-orleans\\\/?s={search_term_string}\"},\"query-input\":{\"@type\":\"PropertyValueSpecification\",\"valueRequired\":true,\"valueName\":\"search_term_string\"}}],\"inLanguage\":\"fr-FR\"}]}<\/script>\n<!-- \/ Yoast SEO plugin. -->","yoast_head_json":{"title":"A propos Qualidanse | Magasin de danse Orl\u00e9ans, Stala Danse","description":"Stala Danse propos un large choix d\u2019articles de danse, une collection qui est sans cesse mise \u00e0 jour pour tous les styles de danse","robots":{"index":"index","follow":"follow","max-snippet":"max-snippet:-1","max-image-preview":"max-image-preview:large","max-video-preview":"max-video-preview:-1"},"canonical":"https:\/\/www.qualidanse.fr\/magasin-orleans\/a-propos-qualidanse-magasin-de-danse-orleans-stala-danse\/","og_locale":"fr_FR","og_type":"article","og_title":"A propos Qualidanse | Magasin de danse Orl\u00e9ans, Stala Danse","og_description":"Stala Danse propos un large choix d\u2019articles de danse, une collection qui est sans cesse mise \u00e0 jour pour tous les styles de danse","og_url":"https:\/\/www.qualidanse.fr\/magasin-orleans\/a-propos-qualidanse-magasin-de-danse-orleans-stala-danse\/","og_site_name":"Stala&#039;Danse","article_modified_time":"2024-08-27T10:49:51+00:00","og_image":[{"url":"https:\/\/www.qualidanse.fr\/wp-inside\/uploads\/sites\/11\/2024\/06\/magasin-qualidanse.jpg","type":"","width":"","height":""}],"twitter_card":"summary_large_image","twitter_misc":{"Dur\u00e9e de lecture estim\u00e9e":"1 minute"},"schema":{"@context":"https:\/\/schema.org","@graph":[{"@type":"WebPage","@id":"https:\/\/www.qualidanse.fr\/magasin-orleans\/a-propos-qualidanse-magasin-de-danse-orleans-stala-danse\/","url":"https:\/\/www.qualidanse.fr\/magasin-orleans\/a-propos-qualidanse-magasin-de-danse-orleans-stala-danse\/","name":"A propos Qualidanse | Magasin de danse Orl\u00e9ans, Stala Danse","isPartOf":{"@id":"https:\/\/www.qualidanse.fr\/magasin-orleans\/#website"},"datePublished":"2017-10-11T12:56:20+00:00","dateModified":"2024-08-27T10:49:51+00:00","description":"Stala Danse propos un large choix d\u2019articles de danse, une collection qui est sans cesse mise \u00e0 jour pour tous les styles de danse","inLanguage":"fr-FR","potentialAction":[{"@type":"ReadAction","target":["https:\/\/www.qualidanse.fr\/magasin-orleans\/a-propos-qualidanse-magasin-de-danse-orleans-stala-danse\/"]}]},{"@type":"WebSite","@id":"https:\/\/www.qualidanse.fr\/magasin-orleans\/#website","url":"https:\/\/www.qualidanse.fr\/magasin-orleans\/","name":"Stala&#039;Danse","description":"","potentialAction":[{"@type":"SearchAction","target":{"@type":"EntryPoint","urlTemplate":"https:\/\/www.qualidanse.fr\/magasin-orleans\/?s={search_term_string}"},"query-input":{"@type":"PropertyValueSpecification","valueRequired":true,"valueName":"search_term_string"}}],"inLanguage":"fr-FR"}]}},"_links":{"self":[{"href":"https:\/\/www.qualidanse.fr\/magasin-orleans\/wp-json\/wp\/v2\/pages\/9","targetHints":{"allow":["GET"]}}],"collection":[{"href":"https:\/\/www.qualidanse.fr\/magasin-orleans\/wp-json\/wp\/v2\/pages"}],"about":[{"href":"https:\/\/www.qualidanse.fr\/magasin-orleans\/wp-json\/wp\/v2\/types\/page"}],"author":[{"embeddable":true,"href":"https:\/\/www.qualidanse.fr\/magasin-orleans\/wp-json\/wp\/v2\/users\/3"}],"replies":[{"embeddable":true,"href":"https:\/\/www.qualidanse.fr\/magasin-orleans\/wp-json\/wp\/v2\/comments?post=9"}],"version-history":[{"count":20,"href":"https:\/\/www.qualidanse.fr\/magasin-orleans\/wp-json\/wp\/v2\/pages\/9\/revisions"}],"predecessor-version":[{"id":576,"href":"https:\/\/www.qualidanse.fr\/magasin-orleans\/wp-json\/wp\/v2\/pages\/9\/revisions\/576"}],"wp:attachment":[{"href":"https:\/\/www.qualidanse.fr\/magasin-orleans\/wp-json\/wp\/v2\/media?parent=9"}],"curies":[{"name":"wp","href":"https:\/\/api.w.org\/{rel}","templated":true}]}}