{"id":194,"date":"2019-06-12T22:08:52","date_gmt":"2019-06-12T20:08:52","guid":{"rendered":"https:\/\/www.qualidanse.fr\/magasin-paris\/?page_id=194"},"modified":"2025-01-30T17:31:05","modified_gmt":"2025-01-30T16:31:05","slug":"merlet","status":"publish","type":"page","link":"https:\/\/www.qualidanse.fr\/magasin-paris\/marques\/merlet\/","title":{"rendered":"Merlet"},"content":{"rendered":"<p><img decoding=\"async\" src=\"https:\/\/www.qualidanse.fr\/wp-inside\/uploads\/sites\/18\/2019\/06\/pointes-merlet.jpg\" class=\"size-full aligncenter\" \/><strong>Partenaire historique<\/strong> de la boutique Flashdance, <strong>Merlet est ma\u00eetre chaussonnier<\/strong> depuis 1974. Entreprise fran\u00e7aise implant\u00e9e pr\u00e8s de Limoges, <a href=\"http:\/\/www.qualidanse.fr\/marque-merlet\/\">Merlet<\/a> chausse les danseurs depuis plusieurs g\u00e9n\u00e9rations d&rsquo;artisans. Initialement cordonnier, Roger Merlet et ses successeurs ont su d\u00e9velopper <strong>des chaussons toujours plus novateurs<\/strong>, afin de chausser au mieux chaque danseur ou danseuse.<\/p>\n<p>Merlet propose une large gamme de produits afin que chacun puisse se chausser, quels que soient son \u00e2ge, sa discipline, sa morphologie du pied ou son niveau.<\/p>\n<h2>Les chaussons<\/h2>\n<p>Merlet fabrique nombre de mod\u00e8les de chaussons :<\/p>\n<ul>\n<li><strong>Les demi-pointes<\/strong> : Diff\u00e9rents mod\u00e8les existent chez Merlet, dans diff\u00e9rentes formes, hauteurs d&#8217;empeigne, largeurs&#8230; <strong>A semelles enti\u00e8res, ou\u00a0 bi-semelles, en toile ou en cuir<\/strong>, pour les petits ou grands pieds, pour les femmes, mais aussi pour les hommes ! Les chaussons Merlet sont disponibles en <strong>rose saumon, mais aussi en noir, blanc, gris ou nude<\/strong> pour nos gar\u00e7ons. Retrouvez Stella, Envol, Sybel, Solo et bien d&rsquo;autres chez Flashdance !<\/li>\n<li><strong>Les pointes<\/strong> : De m\u00eame que pour les chaussons, les pointes doivent \u00eatre comme une seconde peau pour chaque danseuse. Pour cela, Flashdance vous propose <strong>la gamme de pointes Merlet dans son int\u00e9gralit\u00e9<\/strong>. Diff\u00e9rentes formes, duret\u00e9s de semelles, largeurs, hauteurs empeigne&#8230; Pr\u00e9lude, Premi\u00e8re, Adagio&#8230; mais aussi les <strong>derni\u00e8res n\u00e9es Belle, Lena, Clo\u00e9 ou Diva, fabriqu\u00e9es en France<\/strong> ; toutes sont chez Flashdance.<\/li>\n<li><strong>Les chaussons de jazz et de professeurs<\/strong> : Les chaussons de jazz Merlet se d\u00e9clinent en forme chaussure ou bottine, en cuir ou en toile et malgr\u00e9 qu&rsquo;ils soient g\u00e9n\u00e9ralement noirs, existent dans plusieurs coloris. Pour les professeurs, retrouvez la sandale grecque, ou encore la ballerine \u00e0 talon Blues.<\/li>\n<\/ul>\n<p><img decoding=\"async\" src=\"https:\/\/www.qualidanse.fr\/wp-inside\/uploads\/sites\/18\/2019\/06\/merlet-flashdance.jpg\" class=\"alignnone size-full\" \/><\/p>\n<h2>Les chaussures de danse de salon<\/h2>\n<p>Pour les danses de salon, parfois appel\u00e9es danses sociales, mais aussi la salsa et autres danses latines, nous vous proposons la gamme de <strong>chaussures de danses de salon Merlet !<\/strong><\/p>\n<p>La collection permanente se compose des grands succ\u00e8s de Merlet. Pour les femmes, des chaussures \u00e0 <strong>bouts ouverts ou ferm\u00e9s, des talons de 4.5 \u00e0 8 cm<\/strong> dans des tons noirs ou rouges, afin que chacune puisse trouver chaussure \u00e0 son pied. <strong>Pour les messieurs<\/strong>, les grands classiques, en cuir noir, et en talon de 2.5cm sont disponibles dans plusieurs mod\u00e8les.<\/p>\n<p>&nbsp;<\/p>\n\n\t\t<style type=\"text\/css\">\n\t\t\t#gallery-1 {\n\t\t\t\tmargin: auto;\n\t\t\t}\n\t\t\t#gallery-1 .gallery-item {\n\t\t\t\tfloat: left;\n\t\t\t\tmargin-top: 10px;\n\t\t\t\ttext-align: center;\n\t\t\t\twidth: 33%;\n\t\t\t}\n\t\t\t#gallery-1 img {\n\t\t\t\tborder: 2px solid #cfcfcf;\n\t\t\t}\n\t\t\t#gallery-1 .gallery-caption {\n\t\t\t\tmargin-left: 0;\n\t\t\t}\n\t\t\t\/* see gallery_shortcode() in wp-includes\/media.php *\/\n\t\t<\/style>\n\t\t<div id='gallery-1' class='gallery galleryid-194 gallery-columns-3 gallery-size-medium'><dl class='gallery-item'>\n\t\t\t<dt class='gallery-icon landscape'>\n\t\t\t\t<img loading=\"lazy\" decoding=\"async\" width=\"300\" height=\"300\" src=\"https:\/\/www.qualidanse.fr\/wp-inside\/uploads\/sites\/18\/2025\/01\/img_8626-300x300.jpg\" class=\"attachment-medium size-medium\" alt=\"\" srcset=\"https:\/\/www.qualidanse.fr\/wp-inside\/uploads\/sites\/18\/2025\/01\/img_8626-300x300.jpg 300w, https:\/\/www.qualidanse.fr\/wp-inside\/uploads\/sites\/18\/2025\/01\/img_8626-1024x1019.jpg 1024w, https:\/\/www.qualidanse.fr\/wp-inside\/uploads\/sites\/18\/2025\/01\/img_8626-150x150.jpg 150w, https:\/\/www.qualidanse.fr\/wp-inside\/uploads\/sites\/18\/2025\/01\/img_8626-768x765.jpg 768w, https:\/\/www.qualidanse.fr\/wp-inside\/uploads\/sites\/18\/2025\/01\/img_8626-110x110.jpg 110w, https:\/\/www.qualidanse.fr\/wp-inside\/uploads\/sites\/18\/2025\/01\/img_8626-221x220.jpg 221w, https:\/\/www.qualidanse.fr\/wp-inside\/uploads\/sites\/18\/2025\/01\/img_8626-100x100.jpg 100w, https:\/\/www.qualidanse.fr\/wp-inside\/uploads\/sites\/18\/2025\/01\/img_8626-330x330.jpg 330w, https:\/\/www.qualidanse.fr\/wp-inside\/uploads\/sites\/18\/2025\/01\/img_8626-200x200.jpg 200w, https:\/\/www.qualidanse.fr\/wp-inside\/uploads\/sites\/18\/2025\/01\/img_8626-151x150.jpg 151w, https:\/\/www.qualidanse.fr\/wp-inside\/uploads\/sites\/18\/2025\/01\/img_8626.jpg 1125w\" sizes=\"auto, (max-width: 300px) 100vw, 300px\" \/>\n\t\t\t<\/dt><\/dl><dl class='gallery-item'>\n\t\t\t<dt class='gallery-icon landscape'>\n\t\t\t\t<img loading=\"lazy\" decoding=\"async\" width=\"300\" height=\"300\" src=\"https:\/\/www.qualidanse.fr\/wp-inside\/uploads\/sites\/18\/2025\/01\/469324338_18373404865106886_7027883510516679484_n-300x300.jpg\" class=\"attachment-medium size-medium\" alt=\"\" srcset=\"https:\/\/www.qualidanse.fr\/wp-inside\/uploads\/sites\/18\/2025\/01\/469324338_18373404865106886_7027883510516679484_n-300x300.jpg 300w, https:\/\/www.qualidanse.fr\/wp-inside\/uploads\/sites\/18\/2025\/01\/469324338_18373404865106886_7027883510516679484_n-1024x1024.jpg 1024w, https:\/\/www.qualidanse.fr\/wp-inside\/uploads\/sites\/18\/2025\/01\/469324338_18373404865106886_7027883510516679484_n-150x150.jpg 150w, https:\/\/www.qualidanse.fr\/wp-inside\/uploads\/sites\/18\/2025\/01\/469324338_18373404865106886_7027883510516679484_n-768x768.jpg 768w, https:\/\/www.qualidanse.fr\/wp-inside\/uploads\/sites\/18\/2025\/01\/469324338_18373404865106886_7027883510516679484_n-110x110.jpg 110w, https:\/\/www.qualidanse.fr\/wp-inside\/uploads\/sites\/18\/2025\/01\/469324338_18373404865106886_7027883510516679484_n-220x220.jpg 220w, https:\/\/www.qualidanse.fr\/wp-inside\/uploads\/sites\/18\/2025\/01\/469324338_18373404865106886_7027883510516679484_n-100x100.jpg 100w, https:\/\/www.qualidanse.fr\/wp-inside\/uploads\/sites\/18\/2025\/01\/469324338_18373404865106886_7027883510516679484_n-330x330.jpg 330w, https:\/\/www.qualidanse.fr\/wp-inside\/uploads\/sites\/18\/2025\/01\/469324338_18373404865106886_7027883510516679484_n-200x200.jpg 200w, https:\/\/www.qualidanse.fr\/wp-inside\/uploads\/sites\/18\/2025\/01\/469324338_18373404865106886_7027883510516679484_n.jpg 1080w\" sizes=\"auto, (max-width: 300px) 100vw, 300px\" \/>\n\t\t\t<\/dt><\/dl><dl class='gallery-item'>\n\t\t\t<dt class='gallery-icon landscape'>\n\t\t\t\t<img loading=\"lazy\" decoding=\"async\" width=\"300\" height=\"208\" src=\"https:\/\/www.qualidanse.fr\/wp-inside\/uploads\/sites\/18\/2019\/06\/img_3546-300x208.jpg\" class=\"attachment-medium size-medium\" alt=\"\" srcset=\"https:\/\/www.qualidanse.fr\/wp-inside\/uploads\/sites\/18\/2019\/06\/img_3546-300x208.jpg 300w, https:\/\/www.qualidanse.fr\/wp-inside\/uploads\/sites\/18\/2019\/06\/img_3546-158x110.jpg 158w, https:\/\/www.qualidanse.fr\/wp-inside\/uploads\/sites\/18\/2019\/06\/img_3546-317x220.jpg 317w, https:\/\/www.qualidanse.fr\/wp-inside\/uploads\/sites\/18\/2019\/06\/img_3546-144x100.jpg 144w, https:\/\/www.qualidanse.fr\/wp-inside\/uploads\/sites\/18\/2019\/06\/img_3546-330x229.jpg 330w, https:\/\/www.qualidanse.fr\/wp-inside\/uploads\/sites\/18\/2019\/06\/img_3546-200x139.jpg 200w, https:\/\/www.qualidanse.fr\/wp-inside\/uploads\/sites\/18\/2019\/06\/img_3546-216x150.jpg 216w, https:\/\/www.qualidanse.fr\/wp-inside\/uploads\/sites\/18\/2019\/06\/img_3546.jpg 750w\" sizes=\"auto, (max-width: 300px) 100vw, 300px\" \/>\n\t\t\t<\/dt><\/dl><br style=\"clear: both\" \/>\n\t\t<\/div>\n\n<p>Enfin, \u00e0 chaque saison, Merlet propose une <strong>collection de ses chaussures de danse, d\u00e9clin\u00e9es dans diff\u00e9rents coloris et mat\u00e9riaux<\/strong>, afin de rester toujours \u00e0 la pointe de la tendance pour aller danser !<\/p>\n","protected":false},"excerpt":{"rendered":"<p>Partenaire historique de la boutique Flashdance, Merlet est ma\u00eetre chaussonnier depuis 1974. Entreprise fran\u00e7aise implant\u00e9e pr\u00e8s de Limoges, Merlet chausse les danseurs depuis plusieurs g\u00e9n\u00e9rations d&rsquo;artisans. Initialement cordonnier, Roger Merlet [&hellip;]<\/p>\n","protected":false},"author":14,"featured_media":0,"parent":13,"menu_order":0,"comment_status":"closed","ping_status":"closed","template":"template-page-marque.php","meta":{"_acf_changed":false,"footnotes":""},"class_list":["post-194","page","type-page","status-publish","hentry","wp-sticky"],"acf":[],"yoast_head":"<!-- This site is optimized with the Yoast SEO plugin v27.5 - https:\/\/yoast.com\/product\/yoast-seo-wordpress\/ -->\n<title>FlashDance - le plus grand stock de chaussons Merlet \u00e0 Paris<\/title>\n<meta name=\"description\" content=\"Retrouvez chez FlashDance toute la gamme Merlet : collants, chaussons, pointes, chaussures de danse de salon...\" \/>\n<meta name=\"robots\" content=\"index, follow, max-snippet:-1, max-image-preview:large, max-video-preview:-1\" \/>\n<link rel=\"canonical\" href=\"https:\/\/www.qualidanse.fr\/magasin-paris\/marques\/merlet\/\" \/>\n<meta property=\"og:locale\" content=\"fr_FR\" \/>\n<meta property=\"og:type\" content=\"article\" \/>\n<meta property=\"og:title\" content=\"FlashDance - le plus grand stock de chaussons Merlet \u00e0 Paris\" \/>\n<meta property=\"og:description\" content=\"Retrouvez chez FlashDance toute la gamme Merlet : collants, chaussons, pointes, chaussures de danse de salon...\" \/>\n<meta property=\"og:url\" content=\"https:\/\/www.qualidanse.fr\/magasin-paris\/marques\/merlet\/\" \/>\n<meta property=\"og:site_name\" content=\"Flashdance\" \/>\n<meta property=\"article:modified_time\" content=\"2025-01-30T16:31:05+00:00\" \/>\n<meta property=\"og:image\" content=\"https:\/\/www.qualidanse.fr\/wp-inside\/uploads\/sites\/18\/2025\/01\/img_8626-300x300.jpg\" \/>\n<meta name=\"twitter:card\" content=\"summary_large_image\" \/>\n<meta name=\"twitter:label1\" content=\"Dur\u00e9e de lecture estim\u00e9e\" \/>\n\t<meta name=\"twitter:data1\" content=\"2 minutes\" \/>\n<script type=\"application\/ld+json\" class=\"yoast-schema-graph\">{\"@context\":\"https:\\\/\\\/schema.org\",\"@graph\":[{\"@type\":\"WebPage\",\"@id\":\"https:\\\/\\\/www.qualidanse.fr\\\/magasin-paris\\\/marques\\\/merlet\\\/\",\"url\":\"https:\\\/\\\/www.qualidanse.fr\\\/magasin-paris\\\/marques\\\/merlet\\\/\",\"name\":\"FlashDance - le plus grand stock de chaussons Merlet \u00e0 Paris\",\"isPartOf\":{\"@id\":\"https:\\\/\\\/www.qualidanse.fr\\\/magasin-paris\\\/#website\"},\"primaryImageOfPage\":{\"@id\":\"https:\\\/\\\/www.qualidanse.fr\\\/magasin-paris\\\/marques\\\/merlet\\\/#primaryimage\"},\"image\":{\"@id\":\"https:\\\/\\\/www.qualidanse.fr\\\/magasin-paris\\\/marques\\\/merlet\\\/#primaryimage\"},\"thumbnailUrl\":\"https:\\\/\\\/www.qualidanse.fr\\\/wp-inside\\\/uploads\\\/sites\\\/18\\\/2019\\\/06\\\/pointes-merlet.jpg\",\"datePublished\":\"2019-06-12T20:08:52+00:00\",\"dateModified\":\"2025-01-30T16:31:05+00:00\",\"description\":\"Retrouvez chez FlashDance toute la gamme Merlet : collants, chaussons, pointes, chaussures de danse de salon...\",\"breadcrumb\":{\"@id\":\"https:\\\/\\\/www.qualidanse.fr\\\/magasin-paris\\\/marques\\\/merlet\\\/#breadcrumb\"},\"inLanguage\":\"fr-FR\",\"potentialAction\":[{\"@type\":\"ReadAction\",\"target\":[\"https:\\\/\\\/www.qualidanse.fr\\\/magasin-paris\\\/marques\\\/merlet\\\/\"]}]},{\"@type\":\"ImageObject\",\"inLanguage\":\"fr-FR\",\"@id\":\"https:\\\/\\\/www.qualidanse.fr\\\/magasin-paris\\\/marques\\\/merlet\\\/#primaryimage\",\"url\":\"https:\\\/\\\/www.qualidanse.fr\\\/wp-inside\\\/uploads\\\/sites\\\/18\\\/2019\\\/06\\\/pointes-merlet.jpg\",\"contentUrl\":\"https:\\\/\\\/www.qualidanse.fr\\\/wp-inside\\\/uploads\\\/sites\\\/18\\\/2019\\\/06\\\/pointes-merlet.jpg\"},{\"@type\":\"BreadcrumbList\",\"@id\":\"https:\\\/\\\/www.qualidanse.fr\\\/magasin-paris\\\/marques\\\/merlet\\\/#breadcrumb\",\"itemListElement\":[{\"@type\":\"ListItem\",\"position\":1,\"name\":\"Marques\",\"item\":\"https:\\\/\\\/www.qualidanse.fr\\\/magasin-paris\\\/marques\\\/\"},{\"@type\":\"ListItem\",\"position\":2,\"name\":\"Merlet\"}]},{\"@type\":\"WebSite\",\"@id\":\"https:\\\/\\\/www.qualidanse.fr\\\/magasin-paris\\\/#website\",\"url\":\"https:\\\/\\\/www.qualidanse.fr\\\/magasin-paris\\\/\",\"name\":\"Flashdance\",\"description\":\"\",\"potentialAction\":[{\"@type\":\"SearchAction\",\"target\":{\"@type\":\"EntryPoint\",\"urlTemplate\":\"https:\\\/\\\/www.qualidanse.fr\\\/magasin-paris\\\/?s={search_term_string}\"},\"query-input\":{\"@type\":\"PropertyValueSpecification\",\"valueRequired\":true,\"valueName\":\"search_term_string\"}}],\"inLanguage\":\"fr-FR\"}]}<\/script>\n<!-- \/ Yoast SEO plugin. -->","yoast_head_json":{"title":"FlashDance - le plus grand stock de chaussons Merlet \u00e0 Paris","description":"Retrouvez chez FlashDance toute la gamme Merlet : collants, chaussons, pointes, chaussures de danse de salon...","robots":{"index":"index","follow":"follow","max-snippet":"max-snippet:-1","max-image-preview":"max-image-preview:large","max-video-preview":"max-video-preview:-1"},"canonical":"https:\/\/www.qualidanse.fr\/magasin-paris\/marques\/merlet\/","og_locale":"fr_FR","og_type":"article","og_title":"FlashDance - le plus grand stock de chaussons Merlet \u00e0 Paris","og_description":"Retrouvez chez FlashDance toute la gamme Merlet : collants, chaussons, pointes, chaussures de danse de salon...","og_url":"https:\/\/www.qualidanse.fr\/magasin-paris\/marques\/merlet\/","og_site_name":"Flashdance","article_modified_time":"2025-01-30T16:31:05+00:00","og_image":[{"url":"https:\/\/www.qualidanse.fr\/wp-inside\/uploads\/sites\/18\/2025\/01\/img_8626-300x300.jpg","type":"","width":"","height":""}],"twitter_card":"summary_large_image","twitter_misc":{"Dur\u00e9e de lecture estim\u00e9e":"2 minutes"},"schema":{"@context":"https:\/\/schema.org","@graph":[{"@type":"WebPage","@id":"https:\/\/www.qualidanse.fr\/magasin-paris\/marques\/merlet\/","url":"https:\/\/www.qualidanse.fr\/magasin-paris\/marques\/merlet\/","name":"FlashDance - le plus grand stock de chaussons Merlet \u00e0 Paris","isPartOf":{"@id":"https:\/\/www.qualidanse.fr\/magasin-paris\/#website"},"primaryImageOfPage":{"@id":"https:\/\/www.qualidanse.fr\/magasin-paris\/marques\/merlet\/#primaryimage"},"image":{"@id":"https:\/\/www.qualidanse.fr\/magasin-paris\/marques\/merlet\/#primaryimage"},"thumbnailUrl":"https:\/\/www.qualidanse.fr\/wp-inside\/uploads\/sites\/18\/2019\/06\/pointes-merlet.jpg","datePublished":"2019-06-12T20:08:52+00:00","dateModified":"2025-01-30T16:31:05+00:00","description":"Retrouvez chez FlashDance toute la gamme Merlet : collants, chaussons, pointes, chaussures de danse de salon...","breadcrumb":{"@id":"https:\/\/www.qualidanse.fr\/magasin-paris\/marques\/merlet\/#breadcrumb"},"inLanguage":"fr-FR","potentialAction":[{"@type":"ReadAction","target":["https:\/\/www.qualidanse.fr\/magasin-paris\/marques\/merlet\/"]}]},{"@type":"ImageObject","inLanguage":"fr-FR","@id":"https:\/\/www.qualidanse.fr\/magasin-paris\/marques\/merlet\/#primaryimage","url":"https:\/\/www.qualidanse.fr\/wp-inside\/uploads\/sites\/18\/2019\/06\/pointes-merlet.jpg","contentUrl":"https:\/\/www.qualidanse.fr\/wp-inside\/uploads\/sites\/18\/2019\/06\/pointes-merlet.jpg"},{"@type":"BreadcrumbList","@id":"https:\/\/www.qualidanse.fr\/magasin-paris\/marques\/merlet\/#breadcrumb","itemListElement":[{"@type":"ListItem","position":1,"name":"Marques","item":"https:\/\/www.qualidanse.fr\/magasin-paris\/marques\/"},{"@type":"ListItem","position":2,"name":"Merlet"}]},{"@type":"WebSite","@id":"https:\/\/www.qualidanse.fr\/magasin-paris\/#website","url":"https:\/\/www.qualidanse.fr\/magasin-paris\/","name":"Flashdance","description":"","potentialAction":[{"@type":"SearchAction","target":{"@type":"EntryPoint","urlTemplate":"https:\/\/www.qualidanse.fr\/magasin-paris\/?s={search_term_string}"},"query-input":{"@type":"PropertyValueSpecification","valueRequired":true,"valueName":"search_term_string"}}],"inLanguage":"fr-FR"}]}},"_links":{"self":[{"href":"https:\/\/www.qualidanse.fr\/magasin-paris\/wp-json\/wp\/v2\/pages\/194","targetHints":{"allow":["GET"]}}],"collection":[{"href":"https:\/\/www.qualidanse.fr\/magasin-paris\/wp-json\/wp\/v2\/pages"}],"about":[{"href":"https:\/\/www.qualidanse.fr\/magasin-paris\/wp-json\/wp\/v2\/types\/page"}],"author":[{"embeddable":true,"href":"https:\/\/www.qualidanse.fr\/magasin-paris\/wp-json\/wp\/v2\/users\/14"}],"replies":[{"embeddable":true,"href":"https:\/\/www.qualidanse.fr\/magasin-paris\/wp-json\/wp\/v2\/comments?post=194"}],"version-history":[{"count":7,"href":"https:\/\/www.qualidanse.fr\/magasin-paris\/wp-json\/wp\/v2\/pages\/194\/revisions"}],"predecessor-version":[{"id":960,"href":"https:\/\/www.qualidanse.fr\/magasin-paris\/wp-json\/wp\/v2\/pages\/194\/revisions\/960"}],"up":[{"embeddable":true,"href":"https:\/\/www.qualidanse.fr\/magasin-paris\/wp-json\/wp\/v2\/pages\/13"}],"wp:attachment":[{"href":"https:\/\/www.qualidanse.fr\/magasin-paris\/wp-json\/wp\/v2\/media?parent=194"}],"curies":[{"name":"wp","href":"https:\/\/api.w.org\/{rel}","templated":true}]}}