{"id":201,"date":"2019-06-12T22:56:35","date_gmt":"2019-06-12T20:56:35","guid":{"rendered":"https:\/\/www.qualidanse.fr\/magasin-paris\/?page_id=201"},"modified":"2025-01-30T17:22:18","modified_gmt":"2025-01-30T16:22:18","slug":"gaynor-minden","status":"publish","type":"page","link":"https:\/\/www.qualidanse.fr\/magasin-paris\/marques\/gaynor-minden\/","title":{"rendered":"Gaynor Minden"},"content":{"rendered":"<p><strong>Marque am\u00e9ricaine<\/strong>, <a href=\"https:\/\/www.qualidanse.fr\/marque-gaynor-minden\/\">Gaynor Minden<\/a> a \u00e9t\u00e9 cr\u00e9\u00e9e par Eliza Gaynor, ancienne danseuse fatigu\u00e9e d&rsquo;avoir mal aux pieds dans ses chaussons. La pointe Gaynor Minden n&rsquo;est pas une pointe traditionnelle, car <strong>elle est fabriqu\u00e9e dans des mat\u00e9riaux innovants<\/strong> dits \u00ab\u00a0plastiques\u00a0\u00bb, utilisant un polym\u00e8re qui plie mais ne casse pas. Ainsi cette technologie permet aux danseuses d&rsquo;\u00eatre imm\u00e9diatement pr\u00eate \u00e0 danser avec ses chaussons, sans avoir \u00e0 les casser. Nous conseillons plut\u00f4t cette pointe \u00e0 des <strong>danseuses de niveau avanc\u00e9 ou professionnel<\/strong>.<\/p>\n<p>Leur grand confort fait d&rsquo;elles <strong>un produit pl\u00e9biscit\u00e9 par nombre de danseuses de compagnies du monde entier<\/strong> : Bolsho\u00ef de Moscou, Th\u00e9\u00e2tre Mariinsky, American Ballet Theatre, Het National Ballet, Op\u00e9ra National de Bordeaux, Op\u00e9ra de Nice&#8230;<\/p>\n\n\t\t<style type=\"text\/css\">\n\t\t\t#gallery-1 {\n\t\t\t\tmargin: auto;\n\t\t\t}\n\t\t\t#gallery-1 .gallery-item {\n\t\t\t\tfloat: left;\n\t\t\t\tmargin-top: 10px;\n\t\t\t\ttext-align: center;\n\t\t\t\twidth: 33%;\n\t\t\t}\n\t\t\t#gallery-1 img {\n\t\t\t\tborder: 2px solid #cfcfcf;\n\t\t\t}\n\t\t\t#gallery-1 .gallery-caption {\n\t\t\t\tmargin-left: 0;\n\t\t\t}\n\t\t\t\/* see gallery_shortcode() in wp-includes\/media.php *\/\n\t\t<\/style>\n\t\t<div id='gallery-1' class='gallery galleryid-201 gallery-columns-3 gallery-size-medium'><dl class='gallery-item'>\n\t\t\t<dt class='gallery-icon portrait'>\n\t\t\t\t<a href='https:\/\/www.qualidanse.fr\/magasin-paris\/marques\/gaynor-minden\/attachment\/svetlana-odile\/'><img loading=\"lazy\" decoding=\"async\" width=\"200\" height=\"300\" src=\"https:\/\/www.qualidanse.fr\/wp-inside\/uploads\/sites\/18\/2019\/06\/svetlana-odile-200x300.jpg\" class=\"attachment-medium size-medium\" alt=\"\" srcset=\"https:\/\/www.qualidanse.fr\/wp-inside\/uploads\/sites\/18\/2019\/06\/svetlana-odile-200x300.jpg 200w, https:\/\/www.qualidanse.fr\/wp-inside\/uploads\/sites\/18\/2019\/06\/svetlana-odile-73x110.jpg 73w, https:\/\/www.qualidanse.fr\/wp-inside\/uploads\/sites\/18\/2019\/06\/svetlana-odile-147x220.jpg 147w, https:\/\/www.qualidanse.fr\/wp-inside\/uploads\/sites\/18\/2019\/06\/svetlana-odile-67x100.jpg 67w, https:\/\/www.qualidanse.fr\/wp-inside\/uploads\/sites\/18\/2019\/06\/svetlana-odile-220x330.jpg 220w, https:\/\/www.qualidanse.fr\/wp-inside\/uploads\/sites\/18\/2019\/06\/svetlana-odile-133x200.jpg 133w, https:\/\/www.qualidanse.fr\/wp-inside\/uploads\/sites\/18\/2019\/06\/svetlana-odile-100x150.jpg 100w, https:\/\/www.qualidanse.fr\/wp-inside\/uploads\/sites\/18\/2019\/06\/svetlana-odile.jpg 500w\" sizes=\"auto, (max-width: 200px) 100vw, 200px\" \/><\/a>\n\t\t\t<\/dt><\/dl><dl class='gallery-item'>\n\t\t\t<dt class='gallery-icon portrait'>\n\t\t\t\t<a href='https:\/\/www.qualidanse.fr\/magasin-paris\/marques\/gaynor-minden\/attachment\/evgenia-gaynor-minden\/'><img loading=\"lazy\" decoding=\"async\" width=\"200\" height=\"300\" src=\"https:\/\/www.qualidanse.fr\/wp-inside\/uploads\/sites\/18\/2019\/06\/evgenia-gaynor-minden-200x300.jpg\" class=\"attachment-medium size-medium\" alt=\"\" srcset=\"https:\/\/www.qualidanse.fr\/wp-inside\/uploads\/sites\/18\/2019\/06\/evgenia-gaynor-minden-200x300.jpg 200w, https:\/\/www.qualidanse.fr\/wp-inside\/uploads\/sites\/18\/2019\/06\/evgenia-gaynor-minden-73x110.jpg 73w, https:\/\/www.qualidanse.fr\/wp-inside\/uploads\/sites\/18\/2019\/06\/evgenia-gaynor-minden-147x220.jpg 147w, https:\/\/www.qualidanse.fr\/wp-inside\/uploads\/sites\/18\/2019\/06\/evgenia-gaynor-minden-67x100.jpg 67w, https:\/\/www.qualidanse.fr\/wp-inside\/uploads\/sites\/18\/2019\/06\/evgenia-gaynor-minden-220x330.jpg 220w, https:\/\/www.qualidanse.fr\/wp-inside\/uploads\/sites\/18\/2019\/06\/evgenia-gaynor-minden-133x200.jpg 133w, https:\/\/www.qualidanse.fr\/wp-inside\/uploads\/sites\/18\/2019\/06\/evgenia-gaynor-minden-100x150.jpg 100w, https:\/\/www.qualidanse.fr\/wp-inside\/uploads\/sites\/18\/2019\/06\/evgenia-gaynor-minden.jpg 500w\" sizes=\"auto, (max-width: 200px) 100vw, 200px\" \/><\/a>\n\t\t\t<\/dt><\/dl><dl class='gallery-item'>\n\t\t\t<dt class='gallery-icon portrait'>\n\t\t\t\t<a href='https:\/\/www.qualidanse.fr\/magasin-paris\/marques\/gaynor-minden\/attachment\/michaela-kitri-2\/'><img loading=\"lazy\" decoding=\"async\" width=\"200\" height=\"300\" src=\"https:\/\/www.qualidanse.fr\/wp-inside\/uploads\/sites\/18\/2019\/06\/michaela-kitri-2-200x300.jpg\" class=\"attachment-medium size-medium\" alt=\"\" srcset=\"https:\/\/www.qualidanse.fr\/wp-inside\/uploads\/sites\/18\/2019\/06\/michaela-kitri-2-200x300.jpg 200w, https:\/\/www.qualidanse.fr\/wp-inside\/uploads\/sites\/18\/2019\/06\/michaela-kitri-2-73x110.jpg 73w, https:\/\/www.qualidanse.fr\/wp-inside\/uploads\/sites\/18\/2019\/06\/michaela-kitri-2-147x220.jpg 147w, https:\/\/www.qualidanse.fr\/wp-inside\/uploads\/sites\/18\/2019\/06\/michaela-kitri-2-67x100.jpg 67w, https:\/\/www.qualidanse.fr\/wp-inside\/uploads\/sites\/18\/2019\/06\/michaela-kitri-2-220x330.jpg 220w, https:\/\/www.qualidanse.fr\/wp-inside\/uploads\/sites\/18\/2019\/06\/michaela-kitri-2-133x200.jpg 133w, https:\/\/www.qualidanse.fr\/wp-inside\/uploads\/sites\/18\/2019\/06\/michaela-kitri-2-100x150.jpg 100w, https:\/\/www.qualidanse.fr\/wp-inside\/uploads\/sites\/18\/2019\/06\/michaela-kitri-2.jpg 500w\" sizes=\"auto, (max-width: 200px) 100vw, 200px\" \/><\/a>\n\t\t\t<\/dt><\/dl><br style=\"clear: both\" \/>\n\t\t<\/div>\n\n<p><strong>Diff\u00e9rents mod\u00e8les de pointes , Lyra ou Europa, Classic, Sculpted..<\/strong>.. sont disponibles, chacun proposant d&rsquo;adapter nombre de caract\u00e9ristiques au pied de la danseuse : taille de la bo\u00eete, largeur du chaussons, duret\u00e9 de la semelle, mais aussi hauteur de l&#8217;empeigne ou du talon&#8230; Avec <strong>un des plus grands stocks<\/strong> de France, le magasin Flashdance est LA boutique de r\u00e9f\u00e9rence Gaynor Minden !<\/p>\n<p>Chez FlashDance, on craque \u00e9galement pour <strong>Liberty, la demi-pointe stretch avec sa semelle extra-plate<\/strong> ! Disponible en rose et en light tan, mais \u00e0 retrouver bient\u00f4t en noir ou en blanc !<\/p>\n<p>Nous vous proposons \u00e9galement <strong>nombre d&rsquo;accessoires de chez Gaynor Minden<\/strong>. Ces derniers peuvent bien s\u00fbr \u00eatre d\u00e9di\u00e9s aux pointes, mais pas seulement&#8230;. <strong>\u00e9lastiques d&rsquo;\u00e9tirement ou pour le travail du cou de pied, bas de tutu plateau<\/strong> ou romantique pour les r\u00e9p\u00e9titions, TutuBag&#8230; il y en a pour tous les go\u00fbts.<\/p>\n\n\t\t<style type=\"text\/css\">\n\t\t\t#gallery-2 {\n\t\t\t\tmargin: auto;\n\t\t\t}\n\t\t\t#gallery-2 .gallery-item {\n\t\t\t\tfloat: left;\n\t\t\t\tmargin-top: 10px;\n\t\t\t\ttext-align: center;\n\t\t\t\twidth: 33%;\n\t\t\t}\n\t\t\t#gallery-2 img {\n\t\t\t\tborder: 2px solid #cfcfcf;\n\t\t\t}\n\t\t\t#gallery-2 .gallery-caption {\n\t\t\t\tmargin-left: 0;\n\t\t\t}\n\t\t\t\/* see gallery_shortcode() in wp-includes\/media.php *\/\n\t\t<\/style>\n\t\t<div id='gallery-2' class='gallery galleryid-201 gallery-columns-3 gallery-size-medium'><dl class='gallery-item'>\n\t\t\t<dt class='gallery-icon portrait'>\n\t\t\t\t<img loading=\"lazy\" decoding=\"async\" width=\"225\" height=\"300\" src=\"https:\/\/www.qualidanse.fr\/wp-inside\/uploads\/sites\/18\/2019\/06\/gaynor-minden-pointes-225x300.jpg\" class=\"attachment-medium size-medium\" alt=\"\" srcset=\"https:\/\/www.qualidanse.fr\/wp-inside\/uploads\/sites\/18\/2019\/06\/gaynor-minden-pointes-225x300.jpg 225w, https:\/\/www.qualidanse.fr\/wp-inside\/uploads\/sites\/18\/2019\/06\/gaynor-minden-pointes-83x110.jpg 83w, https:\/\/www.qualidanse.fr\/wp-inside\/uploads\/sites\/18\/2019\/06\/gaynor-minden-pointes-165x220.jpg 165w, https:\/\/www.qualidanse.fr\/wp-inside\/uploads\/sites\/18\/2019\/06\/gaynor-minden-pointes-75x100.jpg 75w, https:\/\/www.qualidanse.fr\/wp-inside\/uploads\/sites\/18\/2019\/06\/gaynor-minden-pointes-248x330.jpg 248w, https:\/\/www.qualidanse.fr\/wp-inside\/uploads\/sites\/18\/2019\/06\/gaynor-minden-pointes-150x200.jpg 150w, https:\/\/www.qualidanse.fr\/wp-inside\/uploads\/sites\/18\/2019\/06\/gaynor-minden-pointes-113x150.jpg 113w, https:\/\/www.qualidanse.fr\/wp-inside\/uploads\/sites\/18\/2019\/06\/gaynor-minden-pointes.jpg 327w\" sizes=\"auto, (max-width: 225px) 100vw, 225px\" \/>\n\t\t\t<\/dt><\/dl><dl class='gallery-item'>\n\t\t\t<dt class='gallery-icon portrait'>\n\t\t\t\t<img loading=\"lazy\" decoding=\"async\" width=\"255\" height=\"300\" src=\"https:\/\/www.qualidanse.fr\/wp-inside\/uploads\/sites\/18\/2019\/06\/gaynor-minden-produits-255x300.jpg\" class=\"attachment-medium size-medium\" alt=\"\" srcset=\"https:\/\/www.qualidanse.fr\/wp-inside\/uploads\/sites\/18\/2019\/06\/gaynor-minden-produits-255x300.jpg 255w, https:\/\/www.qualidanse.fr\/wp-inside\/uploads\/sites\/18\/2019\/06\/gaynor-minden-produits-768x904.jpg 768w, https:\/\/www.qualidanse.fr\/wp-inside\/uploads\/sites\/18\/2019\/06\/gaynor-minden-produits-870x1024.jpg 870w, https:\/\/www.qualidanse.fr\/wp-inside\/uploads\/sites\/18\/2019\/06\/gaynor-minden-produits-93x110.jpg 93w, https:\/\/www.qualidanse.fr\/wp-inside\/uploads\/sites\/18\/2019\/06\/gaynor-minden-produits-187x220.jpg 187w, https:\/\/www.qualidanse.fr\/wp-inside\/uploads\/sites\/18\/2019\/06\/gaynor-minden-produits-85x100.jpg 85w, https:\/\/www.qualidanse.fr\/wp-inside\/uploads\/sites\/18\/2019\/06\/gaynor-minden-produits-280x330.jpg 280w, https:\/\/www.qualidanse.fr\/wp-inside\/uploads\/sites\/18\/2019\/06\/gaynor-minden-produits-170x200.jpg 170w, https:\/\/www.qualidanse.fr\/wp-inside\/uploads\/sites\/18\/2019\/06\/gaynor-minden-produits-127x150.jpg 127w, https:\/\/www.qualidanse.fr\/wp-inside\/uploads\/sites\/18\/2019\/06\/gaynor-minden-produits.jpg 918w\" sizes=\"auto, (max-width: 255px) 100vw, 255px\" \/>\n\t\t\t<\/dt><\/dl><dl class='gallery-item'>\n\t\t\t<dt class='gallery-icon portrait'>\n\t\t\t\t<img loading=\"lazy\" decoding=\"async\" width=\"277\" height=\"300\" src=\"https:\/\/www.qualidanse.fr\/wp-inside\/uploads\/sites\/18\/2025\/01\/liberty-gaynorminden-paris-277x300.jpg\" class=\"attachment-medium size-medium\" alt=\"\" srcset=\"https:\/\/www.qualidanse.fr\/wp-inside\/uploads\/sites\/18\/2025\/01\/liberty-gaynorminden-paris-277x300.jpg 277w, https:\/\/www.qualidanse.fr\/wp-inside\/uploads\/sites\/18\/2025\/01\/liberty-gaynorminden-paris-947x1024.jpg 947w, https:\/\/www.qualidanse.fr\/wp-inside\/uploads\/sites\/18\/2025\/01\/liberty-gaynorminden-paris-768x830.jpg 768w, https:\/\/www.qualidanse.fr\/wp-inside\/uploads\/sites\/18\/2025\/01\/liberty-gaynorminden-paris-1421x1536.jpg 1421w, https:\/\/www.qualidanse.fr\/wp-inside\/uploads\/sites\/18\/2025\/01\/liberty-gaynorminden-paris-102x110.jpg 102w, https:\/\/www.qualidanse.fr\/wp-inside\/uploads\/sites\/18\/2025\/01\/liberty-gaynorminden-paris-203x220.jpg 203w, https:\/\/www.qualidanse.fr\/wp-inside\/uploads\/sites\/18\/2025\/01\/liberty-gaynorminden-paris-92x100.jpg 92w, https:\/\/www.qualidanse.fr\/wp-inside\/uploads\/sites\/18\/2025\/01\/liberty-gaynorminden-paris-305x330.jpg 305w, https:\/\/www.qualidanse.fr\/wp-inside\/uploads\/sites\/18\/2025\/01\/liberty-gaynorminden-paris-185x200.jpg 185w, https:\/\/www.qualidanse.fr\/wp-inside\/uploads\/sites\/18\/2025\/01\/liberty-gaynorminden-paris-139x150.jpg 139w, https:\/\/www.qualidanse.fr\/wp-inside\/uploads\/sites\/18\/2025\/01\/liberty-gaynorminden-paris.jpg 1440w\" sizes=\"auto, (max-width: 277px) 100vw, 277px\" \/>\n\t\t\t<\/dt><\/dl><br style=\"clear: both\" \/>\n\t\t<\/div>\n\n<p>Pensez aussi aux tenues d&rsquo;\u00e9chauffement en sudisette, et aux sacs ; le <strong>Studio Bag<\/strong> est d\u00e9finitivement un de nos coups de coeur !<\/p>\n<p><strong>Chez Flashdance, nous avons le plaisir de vous proposer, chaque ann\u00e9e, une journ\u00e9e d&rsquo;essayage des pointes Gaynor Minden<\/strong>, aussi appel\u00e9e Fitting Day, mettant ainsi la marque \u00e0 l&rsquo;honneur ! A cette occasion, l&rsquo;\u00e9quipe Gaynor Minden se joint \u00e0 nous, afin de vous prodiguer ses pr\u00e9cieux conseils. Retrouvez toutes les informations sur le prochain Gaynor Day dans la rubrique \u00ab\u00a0<a href=\"https:\/\/www.qualidanse.fr\/magasin-paris\/actualites\/\">Actualit\u00e9s<\/a>\u00ab\u00a0<\/p>\n","protected":false},"excerpt":{"rendered":"<p>Marque am\u00e9ricaine, Gaynor Minden a \u00e9t\u00e9 cr\u00e9\u00e9e par Eliza Gaynor, ancienne danseuse fatigu\u00e9e d&rsquo;avoir mal aux pieds dans ses chaussons. La pointe Gaynor Minden n&rsquo;est pas une pointe traditionnelle, car [&hellip;]<\/p>\n","protected":false},"author":14,"featured_media":0,"parent":13,"menu_order":0,"comment_status":"closed","ping_status":"closed","template":"template-page-marque.php","meta":{"_acf_changed":false,"footnotes":""},"class_list":["post-201","page","type-page","status-publish","hentry","wp-sticky"],"acf":[],"yoast_head":"<!-- This site is optimized with the Yoast SEO plugin v27.6 - https:\/\/yoast.com\/product\/yoast-seo-wordpress\/ -->\n<title>FlashDance | Retrouvez les pointes Gaynor Minden \u00e0 Paris<\/title>\n<meta name=\"description\" content=\"Les pointes Gaynor Minden sont \u00e0 Paris dans votre boutique FlashDance ! Retrouvez aussi justaucorps, textile et training aids.\" \/>\n<meta name=\"robots\" content=\"index, follow, max-snippet:-1, max-image-preview:large, max-video-preview:-1\" \/>\n<link rel=\"canonical\" href=\"https:\/\/www.qualidanse.fr\/magasin-paris\/marques\/gaynor-minden\/\" \/>\n<meta property=\"og:locale\" content=\"fr_FR\" \/>\n<meta property=\"og:type\" content=\"article\" \/>\n<meta property=\"og:title\" content=\"FlashDance | Retrouvez les pointes Gaynor Minden \u00e0 Paris\" \/>\n<meta property=\"og:description\" content=\"Les pointes Gaynor Minden sont \u00e0 Paris dans votre boutique FlashDance ! Retrouvez aussi justaucorps, textile et training aids.\" \/>\n<meta property=\"og:url\" content=\"https:\/\/www.qualidanse.fr\/magasin-paris\/marques\/gaynor-minden\/\" \/>\n<meta property=\"og:site_name\" content=\"Flashdance\" \/>\n<meta property=\"article:modified_time\" content=\"2025-01-30T16:22:18+00:00\" \/>\n<meta property=\"og:image\" content=\"https:\/\/www.qualidanse.fr\/wp-inside\/uploads\/sites\/18\/2019\/06\/svetlana-odile-200x300.jpg\" \/>\n<meta name=\"twitter:card\" content=\"summary_large_image\" \/>\n<meta name=\"twitter:label1\" content=\"Dur\u00e9e de lecture estim\u00e9e\" \/>\n\t<meta name=\"twitter:data1\" content=\"2 minutes\" \/>\n<script type=\"application\/ld+json\" class=\"yoast-schema-graph\">{\"@context\":\"https:\\\/\\\/schema.org\",\"@graph\":[{\"@type\":\"WebPage\",\"@id\":\"https:\\\/\\\/www.qualidanse.fr\\\/magasin-paris\\\/marques\\\/gaynor-minden\\\/\",\"url\":\"https:\\\/\\\/www.qualidanse.fr\\\/magasin-paris\\\/marques\\\/gaynor-minden\\\/\",\"name\":\"FlashDance | Retrouvez les pointes Gaynor Minden \u00e0 Paris\",\"isPartOf\":{\"@id\":\"https:\\\/\\\/www.qualidanse.fr\\\/magasin-paris\\\/#website\"},\"datePublished\":\"2019-06-12T20:56:35+00:00\",\"dateModified\":\"2025-01-30T16:22:18+00:00\",\"description\":\"Les pointes Gaynor Minden sont \u00e0 Paris dans votre boutique FlashDance ! Retrouvez aussi justaucorps, textile et training aids.\",\"breadcrumb\":{\"@id\":\"https:\\\/\\\/www.qualidanse.fr\\\/magasin-paris\\\/marques\\\/gaynor-minden\\\/#breadcrumb\"},\"inLanguage\":\"fr-FR\",\"potentialAction\":[{\"@type\":\"ReadAction\",\"target\":[\"https:\\\/\\\/www.qualidanse.fr\\\/magasin-paris\\\/marques\\\/gaynor-minden\\\/\"]}]},{\"@type\":\"BreadcrumbList\",\"@id\":\"https:\\\/\\\/www.qualidanse.fr\\\/magasin-paris\\\/marques\\\/gaynor-minden\\\/#breadcrumb\",\"itemListElement\":[{\"@type\":\"ListItem\",\"position\":1,\"name\":\"Marques\",\"item\":\"https:\\\/\\\/www.qualidanse.fr\\\/magasin-paris\\\/marques\\\/\"},{\"@type\":\"ListItem\",\"position\":2,\"name\":\"Gaynor Minden\"}]},{\"@type\":\"WebSite\",\"@id\":\"https:\\\/\\\/www.qualidanse.fr\\\/magasin-paris\\\/#website\",\"url\":\"https:\\\/\\\/www.qualidanse.fr\\\/magasin-paris\\\/\",\"name\":\"Flashdance\",\"description\":\"\",\"potentialAction\":[{\"@type\":\"SearchAction\",\"target\":{\"@type\":\"EntryPoint\",\"urlTemplate\":\"https:\\\/\\\/www.qualidanse.fr\\\/magasin-paris\\\/?s={search_term_string}\"},\"query-input\":{\"@type\":\"PropertyValueSpecification\",\"valueRequired\":true,\"valueName\":\"search_term_string\"}}],\"inLanguage\":\"fr-FR\"}]}<\/script>\n<!-- \/ Yoast SEO plugin. -->","yoast_head_json":{"title":"FlashDance | Retrouvez les pointes Gaynor Minden \u00e0 Paris","description":"Les pointes Gaynor Minden sont \u00e0 Paris dans votre boutique FlashDance ! Retrouvez aussi justaucorps, textile et training aids.","robots":{"index":"index","follow":"follow","max-snippet":"max-snippet:-1","max-image-preview":"max-image-preview:large","max-video-preview":"max-video-preview:-1"},"canonical":"https:\/\/www.qualidanse.fr\/magasin-paris\/marques\/gaynor-minden\/","og_locale":"fr_FR","og_type":"article","og_title":"FlashDance | Retrouvez les pointes Gaynor Minden \u00e0 Paris","og_description":"Les pointes Gaynor Minden sont \u00e0 Paris dans votre boutique FlashDance ! Retrouvez aussi justaucorps, textile et training aids.","og_url":"https:\/\/www.qualidanse.fr\/magasin-paris\/marques\/gaynor-minden\/","og_site_name":"Flashdance","article_modified_time":"2025-01-30T16:22:18+00:00","og_image":[{"url":"https:\/\/www.qualidanse.fr\/wp-inside\/uploads\/sites\/18\/2019\/06\/svetlana-odile-200x300.jpg","type":"","width":"","height":""}],"twitter_card":"summary_large_image","twitter_misc":{"Dur\u00e9e de lecture estim\u00e9e":"2 minutes"},"schema":{"@context":"https:\/\/schema.org","@graph":[{"@type":"WebPage","@id":"https:\/\/www.qualidanse.fr\/magasin-paris\/marques\/gaynor-minden\/","url":"https:\/\/www.qualidanse.fr\/magasin-paris\/marques\/gaynor-minden\/","name":"FlashDance | Retrouvez les pointes Gaynor Minden \u00e0 Paris","isPartOf":{"@id":"https:\/\/www.qualidanse.fr\/magasin-paris\/#website"},"datePublished":"2019-06-12T20:56:35+00:00","dateModified":"2025-01-30T16:22:18+00:00","description":"Les pointes Gaynor Minden sont \u00e0 Paris dans votre boutique FlashDance ! Retrouvez aussi justaucorps, textile et training aids.","breadcrumb":{"@id":"https:\/\/www.qualidanse.fr\/magasin-paris\/marques\/gaynor-minden\/#breadcrumb"},"inLanguage":"fr-FR","potentialAction":[{"@type":"ReadAction","target":["https:\/\/www.qualidanse.fr\/magasin-paris\/marques\/gaynor-minden\/"]}]},{"@type":"BreadcrumbList","@id":"https:\/\/www.qualidanse.fr\/magasin-paris\/marques\/gaynor-minden\/#breadcrumb","itemListElement":[{"@type":"ListItem","position":1,"name":"Marques","item":"https:\/\/www.qualidanse.fr\/magasin-paris\/marques\/"},{"@type":"ListItem","position":2,"name":"Gaynor Minden"}]},{"@type":"WebSite","@id":"https:\/\/www.qualidanse.fr\/magasin-paris\/#website","url":"https:\/\/www.qualidanse.fr\/magasin-paris\/","name":"Flashdance","description":"","potentialAction":[{"@type":"SearchAction","target":{"@type":"EntryPoint","urlTemplate":"https:\/\/www.qualidanse.fr\/magasin-paris\/?s={search_term_string}"},"query-input":{"@type":"PropertyValueSpecification","valueRequired":true,"valueName":"search_term_string"}}],"inLanguage":"fr-FR"}]}},"_links":{"self":[{"href":"https:\/\/www.qualidanse.fr\/magasin-paris\/wp-json\/wp\/v2\/pages\/201","targetHints":{"allow":["GET"]}}],"collection":[{"href":"https:\/\/www.qualidanse.fr\/magasin-paris\/wp-json\/wp\/v2\/pages"}],"about":[{"href":"https:\/\/www.qualidanse.fr\/magasin-paris\/wp-json\/wp\/v2\/types\/page"}],"author":[{"embeddable":true,"href":"https:\/\/www.qualidanse.fr\/magasin-paris\/wp-json\/wp\/v2\/users\/14"}],"replies":[{"embeddable":true,"href":"https:\/\/www.qualidanse.fr\/magasin-paris\/wp-json\/wp\/v2\/comments?post=201"}],"version-history":[{"count":6,"href":"https:\/\/www.qualidanse.fr\/magasin-paris\/wp-json\/wp\/v2\/pages\/201\/revisions"}],"predecessor-version":[{"id":955,"href":"https:\/\/www.qualidanse.fr\/magasin-paris\/wp-json\/wp\/v2\/pages\/201\/revisions\/955"}],"up":[{"embeddable":true,"href":"https:\/\/www.qualidanse.fr\/magasin-paris\/wp-json\/wp\/v2\/pages\/13"}],"wp:attachment":[{"href":"https:\/\/www.qualidanse.fr\/magasin-paris\/wp-json\/wp\/v2\/media?parent=201"}],"curies":[{"name":"wp","href":"https:\/\/api.w.org\/{rel}","templated":true}]}}