{"id":212,"date":"2019-06-12T23:50:49","date_gmt":"2019-06-12T21:50:49","guid":{"rendered":"https:\/\/www.qualidanse.fr\/magasin-paris\/?page_id=212"},"modified":"2025-01-30T17:42:01","modified_gmt":"2025-01-30T16:42:01","slug":"werner-kern","status":"publish","type":"page","link":"https:\/\/www.qualidanse.fr\/magasin-paris\/marques\/werner-kern\/","title":{"rendered":"Werner Kern"},"content":{"rendered":"<p><img decoding=\"async\" src=\"https:\/\/www.qualidanse.fr\/wp-inside\/uploads\/sites\/18\/2019\/06\/entrywk18.jpg\" class=\"alignnone size-full\" \/><\/p>\n<h2>La marque<\/h2>\n<p>Werner Kern est une soci\u00e9t\u00e9 familiale allemande, fabricant des chaussures de danse depuis plusieurs g\u00e9n\u00e9rations. Bien que con\u00e7ues en Allemagne, la plupart des mod\u00e8les imagin\u00e9s par l&rsquo;entreprise sont fabriqu\u00e9s en Italie.<\/p>\n<p>Chez Werner Kern, on retrouve trois diff\u00e9rentes lignes de chaussures de danse :<\/p>\n<ul>\n<li><strong>Werner Kern<\/strong> est la ligne d\u00e9di\u00e9e aux <strong>danses sociales,<\/strong> aussi appel\u00e9es danses de salon. Les chaussures de cette gamme sont r\u00e9put\u00e9es pour leur stabilit\u00e9 et leur maintien. De plus, gr\u00e2ce \u00e0 la semelle \u00ab\u00a0confort\u00a0\u00bb dans les mod\u00e8les \u00e0 petit talon, vous y serez comme dans des pantoufles. Ces chaussures peuvent aussi chausser vos soir\u00e9es salsa et bien d&rsquo;autres&#8230;<\/li>\n<li><strong>Nueva Epoca est une collection d\u00e9di\u00e9e sp\u00e9cialement \u00e0 la pratique du tango<\/strong>. Avec des talons plus hauts et un design incomparable, ces chaussures haut de gamme garantissent une ligne de jambe parfaite. Dans cette collection, on trouvera des mod\u00e8les en semelle buffle mais aussi semelle cuir.<\/li>\n<li><strong>Anna Kern<\/strong> est une collection d\u00e9velopp\u00e9e par Werner Kern pour proposer des chaussures de qualit\u00e9 \u00e0 un plus petit budget.<\/li>\n<\/ul>\n<h2>Retrouvez chez Flashdance<\/h2>\n<p>&nbsp;<\/p>\n\n\t\t<style type=\"text\/css\">\n\t\t\t#gallery-1 {\n\t\t\t\tmargin: auto;\n\t\t\t}\n\t\t\t#gallery-1 .gallery-item {\n\t\t\t\tfloat: left;\n\t\t\t\tmargin-top: 10px;\n\t\t\t\ttext-align: center;\n\t\t\t\twidth: 33%;\n\t\t\t}\n\t\t\t#gallery-1 img {\n\t\t\t\tborder: 2px solid #cfcfcf;\n\t\t\t}\n\t\t\t#gallery-1 .gallery-caption {\n\t\t\t\tmargin-left: 0;\n\t\t\t}\n\t\t\t\/* see gallery_shortcode() in wp-includes\/media.php *\/\n\t\t<\/style>\n\t\t<div id='gallery-1' class='gallery galleryid-212 gallery-columns-3 gallery-size-medium'><dl class='gallery-item'>\n\t\t\t<dt class='gallery-icon portrait'>\n\t\t\t\t<a href='https:\/\/www.qualidanse.fr\/magasin-paris\/marques\/werner-kern\/attachment\/alina80_glittermulti_f\/'><img loading=\"lazy\" decoding=\"async\" width=\"300\" height=\"300\" src=\"https:\/\/www.qualidanse.fr\/wp-inside\/uploads\/sites\/18\/2019\/06\/alina80_glittermulti_f-300x300.jpg\" class=\"attachment-medium size-medium\" alt=\"\" aria-describedby=\"gallery-1-214\" srcset=\"https:\/\/www.qualidanse.fr\/wp-inside\/uploads\/sites\/18\/2019\/06\/alina80_glittermulti_f-300x300.jpg 300w, https:\/\/www.qualidanse.fr\/wp-inside\/uploads\/sites\/18\/2019\/06\/alina80_glittermulti_f-150x150.jpg 150w, https:\/\/www.qualidanse.fr\/wp-inside\/uploads\/sites\/18\/2019\/06\/alina80_glittermulti_f-768x768.jpg 768w, https:\/\/www.qualidanse.fr\/wp-inside\/uploads\/sites\/18\/2019\/06\/alina80_glittermulti_f-1024x1024.jpg 1024w, https:\/\/www.qualidanse.fr\/wp-inside\/uploads\/sites\/18\/2019\/06\/alina80_glittermulti_f-110x110.jpg 110w, https:\/\/www.qualidanse.fr\/wp-inside\/uploads\/sites\/18\/2019\/06\/alina80_glittermulti_f-220x220.jpg 220w, https:\/\/www.qualidanse.fr\/wp-inside\/uploads\/sites\/18\/2019\/06\/alina80_glittermulti_f-100x100.jpg 100w, https:\/\/www.qualidanse.fr\/wp-inside\/uploads\/sites\/18\/2019\/06\/alina80_glittermulti_f-330x330.jpg 330w, https:\/\/www.qualidanse.fr\/wp-inside\/uploads\/sites\/18\/2019\/06\/alina80_glittermulti_f-200x200.jpg 200w, https:\/\/www.qualidanse.fr\/wp-inside\/uploads\/sites\/18\/2019\/06\/alina80_glittermulti_f.jpg 1079w\" sizes=\"auto, (max-width: 300px) 100vw, 300px\" \/><\/a>\n\t\t\t<\/dt>\n\t\t\t\t<dd class='wp-caption-text gallery-caption' id='gallery-1-214'>\n\t\t\t\tAlina &#8211; Werner Kern\n\t\t\t\t<\/dd><\/dl><dl class='gallery-item'>\n\t\t\t<dt class='gallery-icon portrait'>\n\t\t\t\t<a href='https:\/\/www.qualidanse.fr\/magasin-paris\/marques\/werner-kern\/attachment\/talia8_f\/'><img loading=\"lazy\" decoding=\"async\" width=\"300\" height=\"300\" src=\"https:\/\/www.qualidanse.fr\/wp-inside\/uploads\/sites\/18\/2019\/06\/talia8_f-300x300.jpg\" class=\"attachment-medium size-medium\" alt=\"\" aria-describedby=\"gallery-1-213\" srcset=\"https:\/\/www.qualidanse.fr\/wp-inside\/uploads\/sites\/18\/2019\/06\/talia8_f-300x300.jpg 300w, https:\/\/www.qualidanse.fr\/wp-inside\/uploads\/sites\/18\/2019\/06\/talia8_f-150x150.jpg 150w, https:\/\/www.qualidanse.fr\/wp-inside\/uploads\/sites\/18\/2019\/06\/talia8_f-768x768.jpg 768w, https:\/\/www.qualidanse.fr\/wp-inside\/uploads\/sites\/18\/2019\/06\/talia8_f-1024x1024.jpg 1024w, https:\/\/www.qualidanse.fr\/wp-inside\/uploads\/sites\/18\/2019\/06\/talia8_f-110x110.jpg 110w, https:\/\/www.qualidanse.fr\/wp-inside\/uploads\/sites\/18\/2019\/06\/talia8_f-220x220.jpg 220w, https:\/\/www.qualidanse.fr\/wp-inside\/uploads\/sites\/18\/2019\/06\/talia8_f-100x100.jpg 100w, https:\/\/www.qualidanse.fr\/wp-inside\/uploads\/sites\/18\/2019\/06\/talia8_f-330x330.jpg 330w, https:\/\/www.qualidanse.fr\/wp-inside\/uploads\/sites\/18\/2019\/06\/talia8_f-200x200.jpg 200w, https:\/\/www.qualidanse.fr\/wp-inside\/uploads\/sites\/18\/2019\/06\/talia8_f.jpg 1079w\" sizes=\"auto, (max-width: 300px) 100vw, 300px\" \/><\/a>\n\t\t\t<\/dt>\n\t\t\t\t<dd class='wp-caption-text gallery-caption' id='gallery-1-213'>\n\t\t\t\tTalia &#8211; Nueva Epoca\n\t\t\t\t<\/dd><\/dl><dl class='gallery-item'>\n\t\t\t<dt class='gallery-icon portrait'>\n\t\t\t\t<a href='https:\/\/www.qualidanse.fr\/magasin-paris\/marques\/werner-kern\/attachment\/jessie45_stellablue_f\/'><img loading=\"lazy\" decoding=\"async\" width=\"300\" height=\"300\" src=\"https:\/\/www.qualidanse.fr\/wp-inside\/uploads\/sites\/18\/2019\/06\/jessie45_stellablue_f-300x300.jpg\" class=\"attachment-medium size-medium\" alt=\"\" aria-describedby=\"gallery-1-218\" srcset=\"https:\/\/www.qualidanse.fr\/wp-inside\/uploads\/sites\/18\/2019\/06\/jessie45_stellablue_f-300x300.jpg 300w, https:\/\/www.qualidanse.fr\/wp-inside\/uploads\/sites\/18\/2019\/06\/jessie45_stellablue_f-150x150.jpg 150w, https:\/\/www.qualidanse.fr\/wp-inside\/uploads\/sites\/18\/2019\/06\/jessie45_stellablue_f-768x768.jpg 768w, https:\/\/www.qualidanse.fr\/wp-inside\/uploads\/sites\/18\/2019\/06\/jessie45_stellablue_f-1024x1024.jpg 1024w, https:\/\/www.qualidanse.fr\/wp-inside\/uploads\/sites\/18\/2019\/06\/jessie45_stellablue_f-110x110.jpg 110w, https:\/\/www.qualidanse.fr\/wp-inside\/uploads\/sites\/18\/2019\/06\/jessie45_stellablue_f-220x220.jpg 220w, https:\/\/www.qualidanse.fr\/wp-inside\/uploads\/sites\/18\/2019\/06\/jessie45_stellablue_f-100x100.jpg 100w, https:\/\/www.qualidanse.fr\/wp-inside\/uploads\/sites\/18\/2019\/06\/jessie45_stellablue_f-330x330.jpg 330w, https:\/\/www.qualidanse.fr\/wp-inside\/uploads\/sites\/18\/2019\/06\/jessie45_stellablue_f-200x200.jpg 200w, https:\/\/www.qualidanse.fr\/wp-inside\/uploads\/sites\/18\/2019\/06\/jessie45_stellablue_f.jpg 1079w\" sizes=\"auto, (max-width: 300px) 100vw, 300px\" \/><\/a>\n\t\t\t<\/dt>\n\t\t\t\t<dd class='wp-caption-text gallery-caption' id='gallery-1-218'>\n\t\t\t\tJessie &#8211; Werner Kern\n\t\t\t\t<\/dd><\/dl><br style=\"clear: both\" \/>\n\t\t<\/div>\n\n<p>Chez Flashdance, nous vous proposons de <strong>retrouver en boutique les mod\u00e8les que nous avons s\u00e9lectionn\u00e9s pour vous<\/strong> chez Werner Kern, Nueva Epoca et Anna Kern, afin de correspondre \u00e0 vos diff\u00e9rents besoins.<\/p>\n<p>Nous vous proposons des talons de 3 \u00e0 8 centim\u00e8tres de hauteur, des chaussures \u00e0 bouts ouverts ou ferm\u00e9s, en cuir, en nubuck, \u00e0 paillettes &#8230;<\/p>\n<p>Si vous recherchiez un mod\u00e8le que nous n&rsquo;avons pas en stock, n&rsquo;h\u00e9sitez pas, nous pouvons bien s\u00fbr le commander pour vous !<\/p>\n<h2>Les chaussures hommes<\/h2>\n<p><img decoding=\"async\" src=\"https:\/\/www.qualidanse.fr\/wp-inside\/uploads\/sites\/18\/2019\/06\/wk-category.jpg\" class=\"size-full aligncenter\" \/><\/p>\n<p><strong>Pour les messieurs, Werner Kern propose dans ses trois lignes un large choix de mod\u00e8les<\/strong>. Des plus simples aux plus \u00e9l\u00e9gants, avec un petit talon ou quasiment plat, les chaussures de danse pour homme Werner Kern sont pr\u00e9c\u00e9d\u00e9es par leur r\u00e9putation et sont tr\u00e8s confortables.<\/p>\n<p><strong>Nous tenons en stock dans notre boutique nos mod\u00e8les phares<\/strong>, mais vous proposons \u00e9galement de commander selon vos envies.<\/p>\n<h3>Le petit plus\u00a0 ? Les chaussures de danse Werner Kern ont \u00e9t\u00e9 choisies pour le film La La Land ! On adore les retrouver sur grand \u00e9cran !<\/h3>\n<p><img decoding=\"async\" src=\"https:\/\/www.qualidanse.fr\/wp-inside\/uploads\/sites\/18\/2019\/06\/22555288_1219451181488360_2088249359989006201_n.jpg\" class=\"aligncenter size-full\" \/><\/p>\n","protected":false},"excerpt":{"rendered":"<p>La marque Werner Kern est une soci\u00e9t\u00e9 familiale allemande, fabricant des chaussures de danse depuis plusieurs g\u00e9n\u00e9rations. Bien que con\u00e7ues en Allemagne, la plupart des mod\u00e8les imagin\u00e9s par l&rsquo;entreprise sont [&hellip;]<\/p>\n","protected":false},"author":14,"featured_media":0,"parent":13,"menu_order":0,"comment_status":"closed","ping_status":"closed","template":"template-page-marque.php","meta":{"_acf_changed":false,"footnotes":""},"class_list":["post-212","page","type-page","status-publish","hentry","wp-sticky"],"acf":[],"yoast_head":"<!-- This site is optimized with the Yoast SEO plugin v27.4 - https:\/\/yoast.com\/product\/yoast-seo-wordpress\/ -->\n<title>Werner Kern &amp; Nueva Epoca chez FlashDance \u00e0 Paris<\/title>\n<meta name=\"description\" content=\"R\u00e9put\u00e9es pour leur confort, les chaussures de danse femmes et hommes Werner Kern et Nueva Epoca sont chez FlashDance\" \/>\n<meta name=\"robots\" content=\"index, follow, max-snippet:-1, max-image-preview:large, max-video-preview:-1\" \/>\n<link rel=\"canonical\" href=\"https:\/\/www.qualidanse.fr\/magasin-paris\/marques\/werner-kern\/\" \/>\n<meta property=\"og:locale\" content=\"fr_FR\" \/>\n<meta property=\"og:type\" content=\"article\" \/>\n<meta property=\"og:title\" content=\"Werner Kern &amp; Nueva Epoca chez FlashDance \u00e0 Paris\" \/>\n<meta property=\"og:description\" content=\"R\u00e9put\u00e9es pour leur confort, les chaussures de danse femmes et hommes Werner Kern et Nueva Epoca sont chez FlashDance\" \/>\n<meta property=\"og:url\" content=\"https:\/\/www.qualidanse.fr\/magasin-paris\/marques\/werner-kern\/\" \/>\n<meta property=\"og:site_name\" content=\"Flashdance\" \/>\n<meta property=\"article:modified_time\" content=\"2025-01-30T16:42:01+00:00\" \/>\n<meta property=\"og:image\" content=\"https:\/\/www.qualidanse.fr\/wp-inside\/uploads\/sites\/18\/2019\/06\/alina80_glittermulti_f-300x300.jpg\" \/>\n<meta name=\"twitter:card\" content=\"summary_large_image\" \/>\n<meta name=\"twitter:label1\" content=\"Dur\u00e9e de lecture estim\u00e9e\" \/>\n\t<meta name=\"twitter:data1\" content=\"2 minutes\" \/>\n<script type=\"application\/ld+json\" class=\"yoast-schema-graph\">{\"@context\":\"https:\\\/\\\/schema.org\",\"@graph\":[{\"@type\":\"WebPage\",\"@id\":\"https:\\\/\\\/www.qualidanse.fr\\\/magasin-paris\\\/marques\\\/werner-kern\\\/\",\"url\":\"https:\\\/\\\/www.qualidanse.fr\\\/magasin-paris\\\/marques\\\/werner-kern\\\/\",\"name\":\"Werner Kern & Nueva Epoca chez FlashDance \u00e0 Paris\",\"isPartOf\":{\"@id\":\"https:\\\/\\\/www.qualidanse.fr\\\/magasin-paris\\\/#website\"},\"primaryImageOfPage\":{\"@id\":\"https:\\\/\\\/www.qualidanse.fr\\\/magasin-paris\\\/marques\\\/werner-kern\\\/#primaryimage\"},\"image\":{\"@id\":\"https:\\\/\\\/www.qualidanse.fr\\\/magasin-paris\\\/marques\\\/werner-kern\\\/#primaryimage\"},\"thumbnailUrl\":\"https:\\\/\\\/www.qualidanse.fr\\\/wp-inside\\\/uploads\\\/sites\\\/18\\\/2019\\\/06\\\/entrywk18.jpg\",\"datePublished\":\"2019-06-12T21:50:49+00:00\",\"dateModified\":\"2025-01-30T16:42:01+00:00\",\"description\":\"R\u00e9put\u00e9es pour leur confort, les chaussures de danse femmes et hommes Werner Kern et Nueva Epoca sont chez FlashDance\",\"breadcrumb\":{\"@id\":\"https:\\\/\\\/www.qualidanse.fr\\\/magasin-paris\\\/marques\\\/werner-kern\\\/#breadcrumb\"},\"inLanguage\":\"fr-FR\",\"potentialAction\":[{\"@type\":\"ReadAction\",\"target\":[\"https:\\\/\\\/www.qualidanse.fr\\\/magasin-paris\\\/marques\\\/werner-kern\\\/\"]}]},{\"@type\":\"ImageObject\",\"inLanguage\":\"fr-FR\",\"@id\":\"https:\\\/\\\/www.qualidanse.fr\\\/magasin-paris\\\/marques\\\/werner-kern\\\/#primaryimage\",\"url\":\"https:\\\/\\\/www.qualidanse.fr\\\/wp-inside\\\/uploads\\\/sites\\\/18\\\/2019\\\/06\\\/entrywk18.jpg\",\"contentUrl\":\"https:\\\/\\\/www.qualidanse.fr\\\/wp-inside\\\/uploads\\\/sites\\\/18\\\/2019\\\/06\\\/entrywk18.jpg\"},{\"@type\":\"BreadcrumbList\",\"@id\":\"https:\\\/\\\/www.qualidanse.fr\\\/magasin-paris\\\/marques\\\/werner-kern\\\/#breadcrumb\",\"itemListElement\":[{\"@type\":\"ListItem\",\"position\":1,\"name\":\"Marques\",\"item\":\"https:\\\/\\\/www.qualidanse.fr\\\/magasin-paris\\\/marques\\\/\"},{\"@type\":\"ListItem\",\"position\":2,\"name\":\"Werner Kern\"}]},{\"@type\":\"WebSite\",\"@id\":\"https:\\\/\\\/www.qualidanse.fr\\\/magasin-paris\\\/#website\",\"url\":\"https:\\\/\\\/www.qualidanse.fr\\\/magasin-paris\\\/\",\"name\":\"Flashdance\",\"description\":\"\",\"potentialAction\":[{\"@type\":\"SearchAction\",\"target\":{\"@type\":\"EntryPoint\",\"urlTemplate\":\"https:\\\/\\\/www.qualidanse.fr\\\/magasin-paris\\\/?s={search_term_string}\"},\"query-input\":{\"@type\":\"PropertyValueSpecification\",\"valueRequired\":true,\"valueName\":\"search_term_string\"}}],\"inLanguage\":\"fr-FR\"}]}<\/script>\n<!-- \/ Yoast SEO plugin. -->","yoast_head_json":{"title":"Werner Kern & Nueva Epoca chez FlashDance \u00e0 Paris","description":"R\u00e9put\u00e9es pour leur confort, les chaussures de danse femmes et hommes Werner Kern et Nueva Epoca sont chez FlashDance","robots":{"index":"index","follow":"follow","max-snippet":"max-snippet:-1","max-image-preview":"max-image-preview:large","max-video-preview":"max-video-preview:-1"},"canonical":"https:\/\/www.qualidanse.fr\/magasin-paris\/marques\/werner-kern\/","og_locale":"fr_FR","og_type":"article","og_title":"Werner Kern & Nueva Epoca chez FlashDance \u00e0 Paris","og_description":"R\u00e9put\u00e9es pour leur confort, les chaussures de danse femmes et hommes Werner Kern et Nueva Epoca sont chez FlashDance","og_url":"https:\/\/www.qualidanse.fr\/magasin-paris\/marques\/werner-kern\/","og_site_name":"Flashdance","article_modified_time":"2025-01-30T16:42:01+00:00","og_image":[{"url":"https:\/\/www.qualidanse.fr\/wp-inside\/uploads\/sites\/18\/2019\/06\/alina80_glittermulti_f-300x300.jpg","type":"","width":"","height":""}],"twitter_card":"summary_large_image","twitter_misc":{"Dur\u00e9e de lecture estim\u00e9e":"2 minutes"},"schema":{"@context":"https:\/\/schema.org","@graph":[{"@type":"WebPage","@id":"https:\/\/www.qualidanse.fr\/magasin-paris\/marques\/werner-kern\/","url":"https:\/\/www.qualidanse.fr\/magasin-paris\/marques\/werner-kern\/","name":"Werner Kern & Nueva Epoca chez FlashDance \u00e0 Paris","isPartOf":{"@id":"https:\/\/www.qualidanse.fr\/magasin-paris\/#website"},"primaryImageOfPage":{"@id":"https:\/\/www.qualidanse.fr\/magasin-paris\/marques\/werner-kern\/#primaryimage"},"image":{"@id":"https:\/\/www.qualidanse.fr\/magasin-paris\/marques\/werner-kern\/#primaryimage"},"thumbnailUrl":"https:\/\/www.qualidanse.fr\/wp-inside\/uploads\/sites\/18\/2019\/06\/entrywk18.jpg","datePublished":"2019-06-12T21:50:49+00:00","dateModified":"2025-01-30T16:42:01+00:00","description":"R\u00e9put\u00e9es pour leur confort, les chaussures de danse femmes et hommes Werner Kern et Nueva Epoca sont chez FlashDance","breadcrumb":{"@id":"https:\/\/www.qualidanse.fr\/magasin-paris\/marques\/werner-kern\/#breadcrumb"},"inLanguage":"fr-FR","potentialAction":[{"@type":"ReadAction","target":["https:\/\/www.qualidanse.fr\/magasin-paris\/marques\/werner-kern\/"]}]},{"@type":"ImageObject","inLanguage":"fr-FR","@id":"https:\/\/www.qualidanse.fr\/magasin-paris\/marques\/werner-kern\/#primaryimage","url":"https:\/\/www.qualidanse.fr\/wp-inside\/uploads\/sites\/18\/2019\/06\/entrywk18.jpg","contentUrl":"https:\/\/www.qualidanse.fr\/wp-inside\/uploads\/sites\/18\/2019\/06\/entrywk18.jpg"},{"@type":"BreadcrumbList","@id":"https:\/\/www.qualidanse.fr\/magasin-paris\/marques\/werner-kern\/#breadcrumb","itemListElement":[{"@type":"ListItem","position":1,"name":"Marques","item":"https:\/\/www.qualidanse.fr\/magasin-paris\/marques\/"},{"@type":"ListItem","position":2,"name":"Werner Kern"}]},{"@type":"WebSite","@id":"https:\/\/www.qualidanse.fr\/magasin-paris\/#website","url":"https:\/\/www.qualidanse.fr\/magasin-paris\/","name":"Flashdance","description":"","potentialAction":[{"@type":"SearchAction","target":{"@type":"EntryPoint","urlTemplate":"https:\/\/www.qualidanse.fr\/magasin-paris\/?s={search_term_string}"},"query-input":{"@type":"PropertyValueSpecification","valueRequired":true,"valueName":"search_term_string"}}],"inLanguage":"fr-FR"}]}},"_links":{"self":[{"href":"https:\/\/www.qualidanse.fr\/magasin-paris\/wp-json\/wp\/v2\/pages\/212","targetHints":{"allow":["GET"]}}],"collection":[{"href":"https:\/\/www.qualidanse.fr\/magasin-paris\/wp-json\/wp\/v2\/pages"}],"about":[{"href":"https:\/\/www.qualidanse.fr\/magasin-paris\/wp-json\/wp\/v2\/types\/page"}],"author":[{"embeddable":true,"href":"https:\/\/www.qualidanse.fr\/magasin-paris\/wp-json\/wp\/v2\/users\/14"}],"replies":[{"embeddable":true,"href":"https:\/\/www.qualidanse.fr\/magasin-paris\/wp-json\/wp\/v2\/comments?post=212"}],"version-history":[{"count":5,"href":"https:\/\/www.qualidanse.fr\/magasin-paris\/wp-json\/wp\/v2\/pages\/212\/revisions"}],"predecessor-version":[{"id":677,"href":"https:\/\/www.qualidanse.fr\/magasin-paris\/wp-json\/wp\/v2\/pages\/212\/revisions\/677"}],"up":[{"embeddable":true,"href":"https:\/\/www.qualidanse.fr\/magasin-paris\/wp-json\/wp\/v2\/pages\/13"}],"wp:attachment":[{"href":"https:\/\/www.qualidanse.fr\/magasin-paris\/wp-json\/wp\/v2\/media?parent=212"}],"curies":[{"name":"wp","href":"https:\/\/api.w.org\/{rel}","templated":true}]}}