{"id":236,"date":"2019-06-13T14:02:16","date_gmt":"2019-06-13T12:02:16","guid":{"rendered":"https:\/\/www.qualidanse.fr\/magasin-paris\/?page_id=236"},"modified":"2020-12-16T00:18:41","modified_gmt":"2020-12-15T23:18:41","slug":"degas","status":"publish","type":"page","link":"https:\/\/www.qualidanse.fr\/magasin-paris\/marques\/degas\/","title":{"rendered":"Degas"},"content":{"rendered":"<p><a href=\"http:\/\/www.qualidanse.fr\/marque-degas\">La maison Degas<\/a> dessine et fabrique ses mod\u00e8les de justaucorps depuis 1992, dans son atelier pr\u00e8s de Cahors. Des articles <strong>Made in France, \u00e0 la ligne et au style uniques<\/strong>. La r\u00e9putation d&rsquo;\u00e9l\u00e9gance des tenues de danse Degas n&rsquo;est plus \u00e0 faire ; l&rsquo;Ecole de danse de l&rsquo;Op\u00e9ra de Paris les a choisies pour habiller les petits rats.<\/p>\n<p><img decoding=\"async\" src=\"https:\/\/www.qualidanse.fr\/wp-inside\/uploads\/sites\/18\/2019\/06\/degas-justaucorps-flashdance.jpg\" class=\"size-full aligncenter\" \/><\/p>\n<h2>Une immense collection de justaucorps&#8230;<\/h2>\n<p>La sp\u00e9cialit\u00e9 de Degas est sa ligne textile. <strong>Un des plus grands choix de mod\u00e8les de justaucorps et tuniques<\/strong> est disponible sur leur catalogue.<\/p>\n<p>Les mod\u00e8les Degas ne sont jamais arr\u00eat\u00e9s et peuvent \u00eatre refabriqu\u00e9s sur simple demande. Justaucorps, tunique \u00e0 jupette ou robe longue&#8230; toutes les d\u00e9clinaisons sont possibles, dans un grand choix d&rsquo;une trentaine de couleurs. Toutes les variantes sont possibles.<\/p>\n<p>On retiendra leurs tons pastels et leur formes raffin\u00e9es comme id\u00e9es de <strong>tenues de concours ou d&rsquo;auditions<\/strong>.<\/p>\n<p>Pour les conservatoires et \u00e9coles de danse, nous vous proposons <a href=\"http:\/\/degas.fr\/ssfamille.php?pg_id_ssfamille=1537\"><strong>la Ligne<\/strong> <strong>Ecoles de danse de Degas<\/strong><\/a>, avec des mod\u00e8les simples et sobres, <strong>id\u00e9aux pour des tenues d&rsquo;uniformes.<\/strong><\/p>\n<h2>&#8230; mais pas que !<\/h2>\n<p>Chez Flashdance, nous adorons <strong>la demi-pointe Degas<\/strong>, avec sa toile souple et son insert tout doux, pour une superbe ligne de pied.<\/p>\n<p>Pour l&rsquo;\u00e9chauffement, on n&rsquo;oublie pas <strong>les combinaisons de chauffe en polaire<\/strong>, polaire l\u00e9ger ou en bambou, pour passer l&rsquo;hiver bien au chaud !<\/p>\n<p><img decoding=\"async\" src=\"https:\/\/www.qualidanse.fr\/wp-inside\/uploads\/sites\/18\/2019\/06\/degas-flashdance-paris.jpg\" class=\"size-full aligncenter\" \/><\/p>\n<h2>Pour la sc\u00e8ne<\/h2>\n<p>Retrouvez \u00e9galement la maison Degas pour vos galas de fin d&rsquo;ann\u00e9e. Nous serons heureuses de vous aider \u00e0 trouver<strong> le tutu ou la tenue de sc\u00e8ne id\u00e9ale pour vos spectacles<\/strong>. De nombreuses formes et couleurs sont disponibles sur simple commande en boutique, et fabriqu\u00e9es sp\u00e9cialement pour vous.<\/p>\n<p>Tutu court ou long, plateau, romantique ou cloche, mont\u00e9 sur corps, sur culotte ou sur ceinture&#8230; Il y en \u00e0 pour tous les go\u00fbts.<\/p>\n<p><strong>Pour les gar\u00e7ons, pensez \u00e0 la chemise danseur,<\/strong> blanche ou color\u00e9e pour une tenue de sc\u00e8ne au chic garanti.<\/p>\n<p><img decoding=\"async\" src=\"https:\/\/www.qualidanse.fr\/wp-inside\/uploads\/sites\/18\/2019\/06\/degas-tutus-flashdance-paris.jpg\" class=\"size-full aligncenter\" \/><\/p>\n","protected":false},"excerpt":{"rendered":"<p>La maison Degas dessine et fabrique ses mod\u00e8les de justaucorps depuis 1992, dans son atelier pr\u00e8s de Cahors. Des articles Made in France, \u00e0 la ligne et au style uniques. [&hellip;]<\/p>\n","protected":false},"author":14,"featured_media":0,"parent":13,"menu_order":0,"comment_status":"closed","ping_status":"closed","template":"template-page-marque.php","meta":{"_acf_changed":false,"footnotes":""},"class_list":["post-236","page","type-page","status-publish","hentry","wp-sticky"],"acf":[],"yoast_head":"<!-- This site is optimized with the Yoast SEO plugin v27.5 - https:\/\/yoast.com\/product\/yoast-seo-wordpress\/ -->\n<title>Justaucorps et tenues de danse Degas \u00e0 Paris | FlashDance<\/title>\n<meta name=\"description\" content=\"Retrouvez chez FlashDance toute la collection Degas : justaucorps, tuniques, chaussons, tenues d&#039;\u00e9chauffement...\" \/>\n<meta name=\"robots\" content=\"index, follow, max-snippet:-1, max-image-preview:large, max-video-preview:-1\" \/>\n<link rel=\"canonical\" href=\"https:\/\/www.qualidanse.fr\/magasin-paris\/marques\/degas\/\" \/>\n<meta property=\"og:locale\" content=\"fr_FR\" \/>\n<meta property=\"og:type\" content=\"article\" \/>\n<meta property=\"og:title\" content=\"Justaucorps et tenues de danse Degas \u00e0 Paris | FlashDance\" \/>\n<meta property=\"og:description\" content=\"Retrouvez chez FlashDance toute la collection Degas : justaucorps, tuniques, chaussons, tenues d&#039;\u00e9chauffement...\" \/>\n<meta property=\"og:url\" content=\"https:\/\/www.qualidanse.fr\/magasin-paris\/marques\/degas\/\" \/>\n<meta property=\"og:site_name\" content=\"Flashdance\" \/>\n<meta property=\"article:modified_time\" content=\"2020-12-15T23:18:41+00:00\" \/>\n<meta property=\"og:image\" content=\"https:\/\/www.qualidanse.fr\/wp-inside\/uploads\/sites\/18\/2019\/06\/degas-justaucorps-flashdance.jpg\" \/>\n<meta name=\"twitter:card\" content=\"summary_large_image\" \/>\n<meta name=\"twitter:label1\" content=\"Dur\u00e9e de lecture estim\u00e9e\" \/>\n\t<meta name=\"twitter:data1\" content=\"2 minutes\" \/>\n<script type=\"application\/ld+json\" class=\"yoast-schema-graph\">{\"@context\":\"https:\\\/\\\/schema.org\",\"@graph\":[{\"@type\":\"WebPage\",\"@id\":\"https:\\\/\\\/www.qualidanse.fr\\\/magasin-paris\\\/marques\\\/degas\\\/\",\"url\":\"https:\\\/\\\/www.qualidanse.fr\\\/magasin-paris\\\/marques\\\/degas\\\/\",\"name\":\"Justaucorps et tenues de danse Degas \u00e0 Paris | FlashDance\",\"isPartOf\":{\"@id\":\"https:\\\/\\\/www.qualidanse.fr\\\/magasin-paris\\\/#website\"},\"primaryImageOfPage\":{\"@id\":\"https:\\\/\\\/www.qualidanse.fr\\\/magasin-paris\\\/marques\\\/degas\\\/#primaryimage\"},\"image\":{\"@id\":\"https:\\\/\\\/www.qualidanse.fr\\\/magasin-paris\\\/marques\\\/degas\\\/#primaryimage\"},\"thumbnailUrl\":\"https:\\\/\\\/www.qualidanse.fr\\\/wp-inside\\\/uploads\\\/sites\\\/18\\\/2019\\\/06\\\/degas-justaucorps-flashdance.jpg\",\"datePublished\":\"2019-06-13T12:02:16+00:00\",\"dateModified\":\"2020-12-15T23:18:41+00:00\",\"description\":\"Retrouvez chez FlashDance toute la collection Degas : justaucorps, tuniques, chaussons, tenues d'\u00e9chauffement...\",\"breadcrumb\":{\"@id\":\"https:\\\/\\\/www.qualidanse.fr\\\/magasin-paris\\\/marques\\\/degas\\\/#breadcrumb\"},\"inLanguage\":\"fr-FR\",\"potentialAction\":[{\"@type\":\"ReadAction\",\"target\":[\"https:\\\/\\\/www.qualidanse.fr\\\/magasin-paris\\\/marques\\\/degas\\\/\"]}]},{\"@type\":\"ImageObject\",\"inLanguage\":\"fr-FR\",\"@id\":\"https:\\\/\\\/www.qualidanse.fr\\\/magasin-paris\\\/marques\\\/degas\\\/#primaryimage\",\"url\":\"https:\\\/\\\/www.qualidanse.fr\\\/wp-inside\\\/uploads\\\/sites\\\/18\\\/2019\\\/06\\\/degas-justaucorps-flashdance.jpg\",\"contentUrl\":\"https:\\\/\\\/www.qualidanse.fr\\\/wp-inside\\\/uploads\\\/sites\\\/18\\\/2019\\\/06\\\/degas-justaucorps-flashdance.jpg\"},{\"@type\":\"BreadcrumbList\",\"@id\":\"https:\\\/\\\/www.qualidanse.fr\\\/magasin-paris\\\/marques\\\/degas\\\/#breadcrumb\",\"itemListElement\":[{\"@type\":\"ListItem\",\"position\":1,\"name\":\"Marques\",\"item\":\"https:\\\/\\\/www.qualidanse.fr\\\/magasin-paris\\\/marques\\\/\"},{\"@type\":\"ListItem\",\"position\":2,\"name\":\"Degas\"}]},{\"@type\":\"WebSite\",\"@id\":\"https:\\\/\\\/www.qualidanse.fr\\\/magasin-paris\\\/#website\",\"url\":\"https:\\\/\\\/www.qualidanse.fr\\\/magasin-paris\\\/\",\"name\":\"Flashdance\",\"description\":\"\",\"potentialAction\":[{\"@type\":\"SearchAction\",\"target\":{\"@type\":\"EntryPoint\",\"urlTemplate\":\"https:\\\/\\\/www.qualidanse.fr\\\/magasin-paris\\\/?s={search_term_string}\"},\"query-input\":{\"@type\":\"PropertyValueSpecification\",\"valueRequired\":true,\"valueName\":\"search_term_string\"}}],\"inLanguage\":\"fr-FR\"}]}<\/script>\n<!-- \/ Yoast SEO plugin. -->","yoast_head_json":{"title":"Justaucorps et tenues de danse Degas \u00e0 Paris | FlashDance","description":"Retrouvez chez FlashDance toute la collection Degas : justaucorps, tuniques, chaussons, tenues d'\u00e9chauffement...","robots":{"index":"index","follow":"follow","max-snippet":"max-snippet:-1","max-image-preview":"max-image-preview:large","max-video-preview":"max-video-preview:-1"},"canonical":"https:\/\/www.qualidanse.fr\/magasin-paris\/marques\/degas\/","og_locale":"fr_FR","og_type":"article","og_title":"Justaucorps et tenues de danse Degas \u00e0 Paris | FlashDance","og_description":"Retrouvez chez FlashDance toute la collection Degas : justaucorps, tuniques, chaussons, tenues d'\u00e9chauffement...","og_url":"https:\/\/www.qualidanse.fr\/magasin-paris\/marques\/degas\/","og_site_name":"Flashdance","article_modified_time":"2020-12-15T23:18:41+00:00","og_image":[{"url":"https:\/\/www.qualidanse.fr\/wp-inside\/uploads\/sites\/18\/2019\/06\/degas-justaucorps-flashdance.jpg","type":"","width":"","height":""}],"twitter_card":"summary_large_image","twitter_misc":{"Dur\u00e9e de lecture estim\u00e9e":"2 minutes"},"schema":{"@context":"https:\/\/schema.org","@graph":[{"@type":"WebPage","@id":"https:\/\/www.qualidanse.fr\/magasin-paris\/marques\/degas\/","url":"https:\/\/www.qualidanse.fr\/magasin-paris\/marques\/degas\/","name":"Justaucorps et tenues de danse Degas \u00e0 Paris | FlashDance","isPartOf":{"@id":"https:\/\/www.qualidanse.fr\/magasin-paris\/#website"},"primaryImageOfPage":{"@id":"https:\/\/www.qualidanse.fr\/magasin-paris\/marques\/degas\/#primaryimage"},"image":{"@id":"https:\/\/www.qualidanse.fr\/magasin-paris\/marques\/degas\/#primaryimage"},"thumbnailUrl":"https:\/\/www.qualidanse.fr\/wp-inside\/uploads\/sites\/18\/2019\/06\/degas-justaucorps-flashdance.jpg","datePublished":"2019-06-13T12:02:16+00:00","dateModified":"2020-12-15T23:18:41+00:00","description":"Retrouvez chez FlashDance toute la collection Degas : justaucorps, tuniques, chaussons, tenues d'\u00e9chauffement...","breadcrumb":{"@id":"https:\/\/www.qualidanse.fr\/magasin-paris\/marques\/degas\/#breadcrumb"},"inLanguage":"fr-FR","potentialAction":[{"@type":"ReadAction","target":["https:\/\/www.qualidanse.fr\/magasin-paris\/marques\/degas\/"]}]},{"@type":"ImageObject","inLanguage":"fr-FR","@id":"https:\/\/www.qualidanse.fr\/magasin-paris\/marques\/degas\/#primaryimage","url":"https:\/\/www.qualidanse.fr\/wp-inside\/uploads\/sites\/18\/2019\/06\/degas-justaucorps-flashdance.jpg","contentUrl":"https:\/\/www.qualidanse.fr\/wp-inside\/uploads\/sites\/18\/2019\/06\/degas-justaucorps-flashdance.jpg"},{"@type":"BreadcrumbList","@id":"https:\/\/www.qualidanse.fr\/magasin-paris\/marques\/degas\/#breadcrumb","itemListElement":[{"@type":"ListItem","position":1,"name":"Marques","item":"https:\/\/www.qualidanse.fr\/magasin-paris\/marques\/"},{"@type":"ListItem","position":2,"name":"Degas"}]},{"@type":"WebSite","@id":"https:\/\/www.qualidanse.fr\/magasin-paris\/#website","url":"https:\/\/www.qualidanse.fr\/magasin-paris\/","name":"Flashdance","description":"","potentialAction":[{"@type":"SearchAction","target":{"@type":"EntryPoint","urlTemplate":"https:\/\/www.qualidanse.fr\/magasin-paris\/?s={search_term_string}"},"query-input":{"@type":"PropertyValueSpecification","valueRequired":true,"valueName":"search_term_string"}}],"inLanguage":"fr-FR"}]}},"_links":{"self":[{"href":"https:\/\/www.qualidanse.fr\/magasin-paris\/wp-json\/wp\/v2\/pages\/236","targetHints":{"allow":["GET"]}}],"collection":[{"href":"https:\/\/www.qualidanse.fr\/magasin-paris\/wp-json\/wp\/v2\/pages"}],"about":[{"href":"https:\/\/www.qualidanse.fr\/magasin-paris\/wp-json\/wp\/v2\/types\/page"}],"author":[{"embeddable":true,"href":"https:\/\/www.qualidanse.fr\/magasin-paris\/wp-json\/wp\/v2\/users\/14"}],"replies":[{"embeddable":true,"href":"https:\/\/www.qualidanse.fr\/magasin-paris\/wp-json\/wp\/v2\/comments?post=236"}],"version-history":[{"count":4,"href":"https:\/\/www.qualidanse.fr\/magasin-paris\/wp-json\/wp\/v2\/pages\/236\/revisions"}],"predecessor-version":[{"id":669,"href":"https:\/\/www.qualidanse.fr\/magasin-paris\/wp-json\/wp\/v2\/pages\/236\/revisions\/669"}],"up":[{"embeddable":true,"href":"https:\/\/www.qualidanse.fr\/magasin-paris\/wp-json\/wp\/v2\/pages\/13"}],"wp:attachment":[{"href":"https:\/\/www.qualidanse.fr\/magasin-paris\/wp-json\/wp\/v2\/media?parent=236"}],"curies":[{"name":"wp","href":"https:\/\/api.w.org\/{rel}","templated":true}]}}