{"id":45,"date":"2018-09-20T11:25:22","date_gmt":"2018-09-20T09:25:22","guid":{"rendered":"https:\/\/www.qualidanse.fr\/magasin-paris\/?page_id=45"},"modified":"2025-01-30T17:08:18","modified_gmt":"2025-01-30T16:08:18","slug":"a-propos","status":"publish","type":"page","link":"https:\/\/www.qualidanse.fr\/magasin-paris\/a-propos\/","title":{"rendered":"Le magasin"},"content":{"rendered":"<p><strong>Que ce soit en magasin ou sur notre site internet <a href=\"http:\/\/www.lashdanceparis.com\" target=\"_blank\" rel=\"noopener noreferrer\">www.FlashDanceParis.com<\/a> vous trouverez les plus grandes marques d\u2019articles de danse !<br \/>\n<\/strong><\/p>\n<p><em><img decoding=\"async\" src=\"https:\/\/www.qualidanse.fr\/wp-inside\/uploads\/sites\/18\/2019\/06\/flashdance-chaussons-pointes.jpg\" class=\"size-full aligncenter\" \/><\/em><\/p>\n<p>Nous proposons des produits pour tous types de danse :<\/p>\n<ul>\n<li>Danse Classique : <strong>justaucorps, tuniques<\/strong>, collants, <strong>demi-pointes, pointes, tutus<\/strong><\/li>\n<li>Danse contemporaine : p\u00e9dilles, pantalons, hauts, acad\u00e9miques<\/li>\n<li>Jazz : chaussons, <strong>sneakers, shorts, pantalons dancewear,<\/strong> genouill\u00e8res<\/li>\n<li>Danse de caract\u00e8re : chaussures, jupes<\/li>\n<li>Claquettes et cabaret : chaussures, collants r\u00e9sille<\/li>\n<li>Flamenco : chaussures, jupes, cache-c\u0153urs, ch\u00e2les, \u00e9ventails<\/li>\n<li>Danses De Salon : tenues, <strong>chaussures de danse<\/strong><\/li>\n<li>\u00c9chauffement : <strong>cache-c\u0153urs, acad\u00e9miques, collants, chevill\u00e8res, gu\u00eatres, jambi\u00e8res<\/strong><\/li>\n<li>Accessoires : <strong>sacs de danse, kits chignon, \u00e9lastiques de travail,<\/strong> \u00e9lastiques, rubans, protections pour pointes, brosses chaussures, semelles de remplacement \u2026.<\/li>\n<\/ul>\n<p>&nbsp;<\/p>\n<p><em>BALLET ROSA \u2013 BLOCH \u2013 CAPEZIO \u2013 DEGAS &#8211; DEHA &#8211; DELLA&rsquo;LO\u2013 GAYNOR MINDEN \u2013 GRISHKO &#8211; INTERMEZZO \u2013 MERLET \u2013 PORTDANCE \u2013 REPETTO \u2013 ROSSO LATINO \u2013 RUMMOS &#8211; SO DANCA \u2013 TEMPS DANSE \u2013 VICARD \u2013 WEARMOI &#8211; WERNER KERN \u2026.<\/em><\/p>\n","protected":false},"excerpt":{"rendered":"<p>Que ce soit en magasin ou sur notre site internet www.FlashDanceParis.com vous trouverez les plus grandes marques d\u2019articles de danse ! Nous proposons des produits pour tous types de danse [&hellip;]<\/p>\n","protected":false},"author":3,"featured_media":0,"parent":0,"menu_order":0,"comment_status":"closed","ping_status":"closed","template":"","meta":{"_acf_changed":false,"footnotes":""},"class_list":["post-45","page","type-page","status-publish","hentry","wp-sticky"],"acf":[],"yoast_head":"<!-- This site is optimized with the Yoast SEO plugin v27.5 - https:\/\/yoast.com\/product\/yoast-seo-wordpress\/ -->\n<title>A propos | Votre magasin de danse \u00e0 Paris, FlashDance<\/title>\n<meta name=\"description\" content=\"Retrouvez chez Flashdance tous les articles pour la danse classique (pointes, demi pointes, tenues de danse) mais aussi chaussures de danse.\" \/>\n<meta name=\"robots\" content=\"index, follow, max-snippet:-1, max-image-preview:large, max-video-preview:-1\" \/>\n<link rel=\"canonical\" href=\"https:\/\/www.qualidanse.fr\/magasin-paris\/a-propos\/\" \/>\n<meta property=\"og:locale\" content=\"fr_FR\" \/>\n<meta property=\"og:type\" content=\"article\" \/>\n<meta property=\"og:title\" content=\"A propos | Votre magasin de danse \u00e0 Paris, FlashDance\" \/>\n<meta property=\"og:description\" content=\"Retrouvez chez Flashdance tous les articles pour la danse classique (pointes, demi pointes, tenues de danse) mais aussi chaussures de danse.\" \/>\n<meta property=\"og:url\" content=\"https:\/\/www.qualidanse.fr\/magasin-paris\/a-propos\/\" \/>\n<meta property=\"og:site_name\" content=\"Flashdance\" \/>\n<meta property=\"article:modified_time\" content=\"2025-01-30T16:08:18+00:00\" \/>\n<meta property=\"og:image\" content=\"https:\/\/www.qualidanse.fr\/wp-inside\/uploads\/sites\/18\/2019\/06\/flashdance-chaussons-pointes.jpg\" \/>\n<meta name=\"twitter:card\" content=\"summary_large_image\" \/>\n<meta name=\"twitter:label1\" content=\"Dur\u00e9e de lecture estim\u00e9e\" \/>\n\t<meta name=\"twitter:data1\" content=\"1 minute\" \/>\n<script type=\"application\/ld+json\" class=\"yoast-schema-graph\">{\"@context\":\"https:\\\/\\\/schema.org\",\"@graph\":[{\"@type\":\"WebPage\",\"@id\":\"https:\\\/\\\/www.qualidanse.fr\\\/magasin-paris\\\/a-propos\\\/\",\"url\":\"https:\\\/\\\/www.qualidanse.fr\\\/magasin-paris\\\/a-propos\\\/\",\"name\":\"A propos | Votre magasin de danse \u00e0 Paris, FlashDance\",\"isPartOf\":{\"@id\":\"https:\\\/\\\/www.qualidanse.fr\\\/magasin-paris\\\/#website\"},\"primaryImageOfPage\":{\"@id\":\"https:\\\/\\\/www.qualidanse.fr\\\/magasin-paris\\\/a-propos\\\/#primaryimage\"},\"image\":{\"@id\":\"https:\\\/\\\/www.qualidanse.fr\\\/magasin-paris\\\/a-propos\\\/#primaryimage\"},\"thumbnailUrl\":\"https:\\\/\\\/www.qualidanse.fr\\\/wp-inside\\\/uploads\\\/sites\\\/18\\\/2019\\\/06\\\/flashdance-chaussons-pointes.jpg\",\"datePublished\":\"2018-09-20T09:25:22+00:00\",\"dateModified\":\"2025-01-30T16:08:18+00:00\",\"description\":\"Retrouvez chez Flashdance tous les articles pour la danse classique (pointes, demi pointes, tenues de danse) mais aussi chaussures de danse.\",\"inLanguage\":\"fr-FR\",\"potentialAction\":[{\"@type\":\"ReadAction\",\"target\":[\"https:\\\/\\\/www.qualidanse.fr\\\/magasin-paris\\\/a-propos\\\/\"]}]},{\"@type\":\"ImageObject\",\"inLanguage\":\"fr-FR\",\"@id\":\"https:\\\/\\\/www.qualidanse.fr\\\/magasin-paris\\\/a-propos\\\/#primaryimage\",\"url\":\"https:\\\/\\\/www.qualidanse.fr\\\/wp-inside\\\/uploads\\\/sites\\\/18\\\/2019\\\/06\\\/flashdance-chaussons-pointes.jpg\",\"contentUrl\":\"https:\\\/\\\/www.qualidanse.fr\\\/wp-inside\\\/uploads\\\/sites\\\/18\\\/2019\\\/06\\\/flashdance-chaussons-pointes.jpg\"},{\"@type\":\"WebSite\",\"@id\":\"https:\\\/\\\/www.qualidanse.fr\\\/magasin-paris\\\/#website\",\"url\":\"https:\\\/\\\/www.qualidanse.fr\\\/magasin-paris\\\/\",\"name\":\"Flashdance\",\"description\":\"\",\"potentialAction\":[{\"@type\":\"SearchAction\",\"target\":{\"@type\":\"EntryPoint\",\"urlTemplate\":\"https:\\\/\\\/www.qualidanse.fr\\\/magasin-paris\\\/?s={search_term_string}\"},\"query-input\":{\"@type\":\"PropertyValueSpecification\",\"valueRequired\":true,\"valueName\":\"search_term_string\"}}],\"inLanguage\":\"fr-FR\"}]}<\/script>\n<!-- \/ Yoast SEO plugin. -->","yoast_head_json":{"title":"A propos | Votre magasin de danse \u00e0 Paris, FlashDance","description":"Retrouvez chez Flashdance tous les articles pour la danse classique (pointes, demi pointes, tenues de danse) mais aussi chaussures de danse.","robots":{"index":"index","follow":"follow","max-snippet":"max-snippet:-1","max-image-preview":"max-image-preview:large","max-video-preview":"max-video-preview:-1"},"canonical":"https:\/\/www.qualidanse.fr\/magasin-paris\/a-propos\/","og_locale":"fr_FR","og_type":"article","og_title":"A propos | Votre magasin de danse \u00e0 Paris, FlashDance","og_description":"Retrouvez chez Flashdance tous les articles pour la danse classique (pointes, demi pointes, tenues de danse) mais aussi chaussures de danse.","og_url":"https:\/\/www.qualidanse.fr\/magasin-paris\/a-propos\/","og_site_name":"Flashdance","article_modified_time":"2025-01-30T16:08:18+00:00","og_image":[{"url":"https:\/\/www.qualidanse.fr\/wp-inside\/uploads\/sites\/18\/2019\/06\/flashdance-chaussons-pointes.jpg","type":"","width":"","height":""}],"twitter_card":"summary_large_image","twitter_misc":{"Dur\u00e9e de lecture estim\u00e9e":"1 minute"},"schema":{"@context":"https:\/\/schema.org","@graph":[{"@type":"WebPage","@id":"https:\/\/www.qualidanse.fr\/magasin-paris\/a-propos\/","url":"https:\/\/www.qualidanse.fr\/magasin-paris\/a-propos\/","name":"A propos | Votre magasin de danse \u00e0 Paris, FlashDance","isPartOf":{"@id":"https:\/\/www.qualidanse.fr\/magasin-paris\/#website"},"primaryImageOfPage":{"@id":"https:\/\/www.qualidanse.fr\/magasin-paris\/a-propos\/#primaryimage"},"image":{"@id":"https:\/\/www.qualidanse.fr\/magasin-paris\/a-propos\/#primaryimage"},"thumbnailUrl":"https:\/\/www.qualidanse.fr\/wp-inside\/uploads\/sites\/18\/2019\/06\/flashdance-chaussons-pointes.jpg","datePublished":"2018-09-20T09:25:22+00:00","dateModified":"2025-01-30T16:08:18+00:00","description":"Retrouvez chez Flashdance tous les articles pour la danse classique (pointes, demi pointes, tenues de danse) mais aussi chaussures de danse.","inLanguage":"fr-FR","potentialAction":[{"@type":"ReadAction","target":["https:\/\/www.qualidanse.fr\/magasin-paris\/a-propos\/"]}]},{"@type":"ImageObject","inLanguage":"fr-FR","@id":"https:\/\/www.qualidanse.fr\/magasin-paris\/a-propos\/#primaryimage","url":"https:\/\/www.qualidanse.fr\/wp-inside\/uploads\/sites\/18\/2019\/06\/flashdance-chaussons-pointes.jpg","contentUrl":"https:\/\/www.qualidanse.fr\/wp-inside\/uploads\/sites\/18\/2019\/06\/flashdance-chaussons-pointes.jpg"},{"@type":"WebSite","@id":"https:\/\/www.qualidanse.fr\/magasin-paris\/#website","url":"https:\/\/www.qualidanse.fr\/magasin-paris\/","name":"Flashdance","description":"","potentialAction":[{"@type":"SearchAction","target":{"@type":"EntryPoint","urlTemplate":"https:\/\/www.qualidanse.fr\/magasin-paris\/?s={search_term_string}"},"query-input":{"@type":"PropertyValueSpecification","valueRequired":true,"valueName":"search_term_string"}}],"inLanguage":"fr-FR"}]}},"_links":{"self":[{"href":"https:\/\/www.qualidanse.fr\/magasin-paris\/wp-json\/wp\/v2\/pages\/45","targetHints":{"allow":["GET"]}}],"collection":[{"href":"https:\/\/www.qualidanse.fr\/magasin-paris\/wp-json\/wp\/v2\/pages"}],"about":[{"href":"https:\/\/www.qualidanse.fr\/magasin-paris\/wp-json\/wp\/v2\/types\/page"}],"author":[{"embeddable":true,"href":"https:\/\/www.qualidanse.fr\/magasin-paris\/wp-json\/wp\/v2\/users\/3"}],"replies":[{"embeddable":true,"href":"https:\/\/www.qualidanse.fr\/magasin-paris\/wp-json\/wp\/v2\/comments?post=45"}],"version-history":[{"count":9,"href":"https:\/\/www.qualidanse.fr\/magasin-paris\/wp-json\/wp\/v2\/pages\/45\/revisions"}],"predecessor-version":[{"id":951,"href":"https:\/\/www.qualidanse.fr\/magasin-paris\/wp-json\/wp\/v2\/pages\/45\/revisions\/951"}],"wp:attachment":[{"href":"https:\/\/www.qualidanse.fr\/magasin-paris\/wp-json\/wp\/v2\/media?parent=45"}],"curies":[{"name":"wp","href":"https:\/\/api.w.org\/{rel}","templated":true}]}}