{"id":582,"date":"2020-07-01T12:19:33","date_gmt":"2020-07-01T10:19:33","guid":{"rendered":"https:\/\/www.qualidanse.fr\/magasin-paris\/?page_id=582"},"modified":"2020-12-16T00:34:14","modified_gmt":"2020-12-15T23:34:14","slug":"rosso-latino","status":"publish","type":"page","link":"https:\/\/www.qualidanse.fr\/magasin-paris\/marques\/rosso-latino\/","title":{"rendered":"Rosso Latino"},"content":{"rendered":"<h2>La maison Rosso Latino<\/h2>\n<p>Rosso Latino est une marque de <strong>chaussures italiennes<\/strong>. Fabriqu\u00e9es dans l&rsquo;entreprise familiale depuis toujours, les chaussures de danse Rosso Latino sont <strong>r\u00e9alis\u00e9es selon le savoir-faire de la maison<\/strong>, dans les mat\u00e9riaux les plus <strong>haut de gamme<\/strong>.<\/p>\n<p>Les chaussures de tango Rosso Latino ont une <strong>semelle int\u00e9rieure \u00e0 m\u00e9moire de forme<\/strong> et peuvent \u00eatre fabriqu\u00e9es avec une <strong>semelle buffle ou une semelle cui<\/strong>r selon les mod\u00e8les.<\/p>\n<p><img decoding=\"async\" src=\"https:\/\/www.qualidanse.fr\/wp-inside\/uploads\/sites\/18\/2020\/07\/95586371_169094507749976_987057108950188032_n.jpg\" class=\"alignnone size-full\" \/><\/p>\n<h2>FlashDance, revendeur exclusif \u00e0 Paris<\/h2>\n<p>Nous vous proposons \u00e0 la boutique diff\u00e9rents mod\u00e8les, \u00e0 bouts ouverts ou ferm\u00e9s, avec diff\u00e9rentes hauteurs de talon, en semelle cuir ou buffle, et ce dans une large palette de mati\u00e8res et couleurs ! Venez les essayer, elles n&rsquo;attendent que vos petits pieds !<\/p>\n\n\t\t<style type=\"text\/css\">\n\t\t\t#gallery-1 {\n\t\t\t\tmargin: auto;\n\t\t\t}\n\t\t\t#gallery-1 .gallery-item {\n\t\t\t\tfloat: left;\n\t\t\t\tmargin-top: 10px;\n\t\t\t\ttext-align: center;\n\t\t\t\twidth: 33%;\n\t\t\t}\n\t\t\t#gallery-1 img {\n\t\t\t\tborder: 2px solid #cfcfcf;\n\t\t\t}\n\t\t\t#gallery-1 .gallery-caption {\n\t\t\t\tmargin-left: 0;\n\t\t\t}\n\t\t\t\/* see gallery_shortcode() in wp-includes\/media.php *\/\n\t\t<\/style>\n\t\t<div id='gallery-1' class='gallery galleryid-582 gallery-columns-3 gallery-size-medium'><dl class='gallery-item'>\n\t\t\t<dt class='gallery-icon portrait'>\n\t\t\t\t<img loading=\"lazy\" decoding=\"async\" width=\"271\" height=\"300\" src=\"https:\/\/www.qualidanse.fr\/wp-inside\/uploads\/sites\/18\/2020\/07\/screenshot_2020-07-03-rossana-visone-rossolatino--photos-et-videos-instagram-271x300.jpg\" class=\"attachment-medium size-medium\" alt=\"\" srcset=\"https:\/\/www.qualidanse.fr\/wp-inside\/uploads\/sites\/18\/2020\/07\/screenshot_2020-07-03-rossana-visone-rossolatino--photos-et-videos-instagram-271x300.jpg 271w, https:\/\/www.qualidanse.fr\/wp-inside\/uploads\/sites\/18\/2020\/07\/screenshot_2020-07-03-rossana-visone-rossolatino--photos-et-videos-instagram-99x110.jpg 99w, https:\/\/www.qualidanse.fr\/wp-inside\/uploads\/sites\/18\/2020\/07\/screenshot_2020-07-03-rossana-visone-rossolatino--photos-et-videos-instagram-199x220.jpg 199w, https:\/\/www.qualidanse.fr\/wp-inside\/uploads\/sites\/18\/2020\/07\/screenshot_2020-07-03-rossana-visone-rossolatino--photos-et-videos-instagram-90x100.jpg 90w, https:\/\/www.qualidanse.fr\/wp-inside\/uploads\/sites\/18\/2020\/07\/screenshot_2020-07-03-rossana-visone-rossolatino--photos-et-videos-instagram-298x330.jpg 298w, https:\/\/www.qualidanse.fr\/wp-inside\/uploads\/sites\/18\/2020\/07\/screenshot_2020-07-03-rossana-visone-rossolatino--photos-et-videos-instagram-181x200.jpg 181w, https:\/\/www.qualidanse.fr\/wp-inside\/uploads\/sites\/18\/2020\/07\/screenshot_2020-07-03-rossana-visone-rossolatino--photos-et-videos-instagram-136x150.jpg 136w, https:\/\/www.qualidanse.fr\/wp-inside\/uploads\/sites\/18\/2020\/07\/screenshot_2020-07-03-rossana-visone-rossolatino--photos-et-videos-instagram.jpg 529w\" sizes=\"auto, (max-width: 271px) 100vw, 271px\" \/>\n\t\t\t<\/dt><\/dl><dl class='gallery-item'>\n\t\t\t<dt class='gallery-icon portrait'>\n\t\t\t\t<img loading=\"lazy\" decoding=\"async\" width=\"246\" height=\"300\" src=\"https:\/\/www.qualidanse.fr\/wp-inside\/uploads\/sites\/18\/2020\/07\/screenshot_2020-07-02-rossana-visone-rossolatino--photos-et-videos-instagram-246x300.jpg\" class=\"attachment-medium size-medium\" alt=\"\" srcset=\"https:\/\/www.qualidanse.fr\/wp-inside\/uploads\/sites\/18\/2020\/07\/screenshot_2020-07-02-rossana-visone-rossolatino--photos-et-videos-instagram-246x300.jpg 246w, https:\/\/www.qualidanse.fr\/wp-inside\/uploads\/sites\/18\/2020\/07\/screenshot_2020-07-02-rossana-visone-rossolatino--photos-et-videos-instagram-90x110.jpg 90w, https:\/\/www.qualidanse.fr\/wp-inside\/uploads\/sites\/18\/2020\/07\/screenshot_2020-07-02-rossana-visone-rossolatino--photos-et-videos-instagram-181x220.jpg 181w, https:\/\/www.qualidanse.fr\/wp-inside\/uploads\/sites\/18\/2020\/07\/screenshot_2020-07-02-rossana-visone-rossolatino--photos-et-videos-instagram-82x100.jpg 82w, https:\/\/www.qualidanse.fr\/wp-inside\/uploads\/sites\/18\/2020\/07\/screenshot_2020-07-02-rossana-visone-rossolatino--photos-et-videos-instagram-271x330.jpg 271w, https:\/\/www.qualidanse.fr\/wp-inside\/uploads\/sites\/18\/2020\/07\/screenshot_2020-07-02-rossana-visone-rossolatino--photos-et-videos-instagram-164x200.jpg 164w, https:\/\/www.qualidanse.fr\/wp-inside\/uploads\/sites\/18\/2020\/07\/screenshot_2020-07-02-rossana-visone-rossolatino--photos-et-videos-instagram-123x150.jpg 123w, https:\/\/www.qualidanse.fr\/wp-inside\/uploads\/sites\/18\/2020\/07\/screenshot_2020-07-02-rossana-visone-rossolatino--photos-et-videos-instagram.jpg 479w\" sizes=\"auto, (max-width: 246px) 100vw, 246px\" \/>\n\t\t\t<\/dt><\/dl><dl class='gallery-item'>\n\t\t\t<dt class='gallery-icon portrait'>\n\t\t\t\t<img loading=\"lazy\" decoding=\"async\" width=\"240\" height=\"300\" src=\"https:\/\/www.qualidanse.fr\/wp-inside\/uploads\/sites\/18\/2020\/07\/screenshot_2020-07-01-rossana-visone-rossolatino--photos-et-videos-instagram-240x300.jpg\" class=\"attachment-medium size-medium\" alt=\"\" srcset=\"https:\/\/www.qualidanse.fr\/wp-inside\/uploads\/sites\/18\/2020\/07\/screenshot_2020-07-01-rossana-visone-rossolatino--photos-et-videos-instagram-240x300.jpg 240w, https:\/\/www.qualidanse.fr\/wp-inside\/uploads\/sites\/18\/2020\/07\/screenshot_2020-07-01-rossana-visone-rossolatino--photos-et-videos-instagram-88x110.jpg 88w, https:\/\/www.qualidanse.fr\/wp-inside\/uploads\/sites\/18\/2020\/07\/screenshot_2020-07-01-rossana-visone-rossolatino--photos-et-videos-instagram-176x220.jpg 176w, https:\/\/www.qualidanse.fr\/wp-inside\/uploads\/sites\/18\/2020\/07\/screenshot_2020-07-01-rossana-visone-rossolatino--photos-et-videos-instagram-80x100.jpg 80w, https:\/\/www.qualidanse.fr\/wp-inside\/uploads\/sites\/18\/2020\/07\/screenshot_2020-07-01-rossana-visone-rossolatino--photos-et-videos-instagram-264x330.jpg 264w, https:\/\/www.qualidanse.fr\/wp-inside\/uploads\/sites\/18\/2020\/07\/screenshot_2020-07-01-rossana-visone-rossolatino--photos-et-videos-instagram-160x200.jpg 160w, https:\/\/www.qualidanse.fr\/wp-inside\/uploads\/sites\/18\/2020\/07\/screenshot_2020-07-01-rossana-visone-rossolatino--photos-et-videos-instagram-120x150.jpg 120w, https:\/\/www.qualidanse.fr\/wp-inside\/uploads\/sites\/18\/2020\/07\/screenshot_2020-07-01-rossana-visone-rossolatino--photos-et-videos-instagram.jpg 480w\" sizes=\"auto, (max-width: 240px) 100vw, 240px\" \/>\n\t\t\t<\/dt><\/dl><br style=\"clear: both\" \/>\n\t\t<\/div>\n\n","protected":false},"excerpt":{"rendered":"<p>La maison Rosso Latino Rosso Latino est une marque de chaussures italiennes. Fabriqu\u00e9es dans l&rsquo;entreprise familiale depuis toujours, les chaussures de danse Rosso Latino sont r\u00e9alis\u00e9es selon le savoir-faire de [&hellip;]<\/p>\n","protected":false},"author":14,"featured_media":0,"parent":13,"menu_order":0,"comment_status":"closed","ping_status":"closed","template":"template-page-marque.php","meta":{"_acf_changed":false,"footnotes":""},"class_list":["post-582","page","type-page","status-publish","hentry","wp-sticky"],"acf":[],"yoast_head":"<!-- This site is optimized with the Yoast SEO plugin v27.3 - https:\/\/yoast.com\/product\/yoast-seo-wordpress\/ -->\n<title>Exclusivit\u00e9 \u00e0 Paris : Rosso Latino est chez FlashDance<\/title>\n<meta name=\"description\" content=\"Les chaussures de danse italiennes Rosso Latino, id\u00e9ales pour le tango ou les latines sont chez Flashdance \u00e0 Paris !\" \/>\n<meta name=\"robots\" content=\"index, follow, max-snippet:-1, max-image-preview:large, max-video-preview:-1\" \/>\n<link rel=\"canonical\" href=\"https:\/\/www.qualidanse.fr\/magasin-paris\/marques\/rosso-latino\/\" \/>\n<meta property=\"og:locale\" content=\"fr_FR\" \/>\n<meta property=\"og:type\" content=\"article\" \/>\n<meta property=\"og:title\" content=\"Exclusivit\u00e9 \u00e0 Paris : Rosso Latino est chez FlashDance\" \/>\n<meta property=\"og:description\" content=\"Les chaussures de danse italiennes Rosso Latino, id\u00e9ales pour le tango ou les latines sont chez Flashdance \u00e0 Paris !\" \/>\n<meta property=\"og:url\" content=\"https:\/\/www.qualidanse.fr\/magasin-paris\/marques\/rosso-latino\/\" \/>\n<meta property=\"og:site_name\" content=\"Flashdance\" \/>\n<meta property=\"article:modified_time\" content=\"2020-12-15T23:34:14+00:00\" \/>\n<meta property=\"og:image\" content=\"https:\/\/www.qualidanse.fr\/wp-inside\/uploads\/sites\/18\/2020\/07\/screenshot_2020-07-03-rossana-visone-rossolatino--photos-et-videos-instagram-271x300.jpg\" \/>\n<meta name=\"twitter:card\" content=\"summary_large_image\" \/>\n<meta name=\"twitter:label1\" content=\"Dur\u00e9e de lecture estim\u00e9e\" \/>\n\t<meta name=\"twitter:data1\" content=\"1 minute\" \/>\n<script type=\"application\/ld+json\" class=\"yoast-schema-graph\">{\"@context\":\"https:\\\/\\\/schema.org\",\"@graph\":[{\"@type\":\"WebPage\",\"@id\":\"https:\\\/\\\/www.qualidanse.fr\\\/magasin-paris\\\/marques\\\/rosso-latino\\\/\",\"url\":\"https:\\\/\\\/www.qualidanse.fr\\\/magasin-paris\\\/marques\\\/rosso-latino\\\/\",\"name\":\"Exclusivit\u00e9 \u00e0 Paris : Rosso Latino est chez FlashDance\",\"isPartOf\":{\"@id\":\"https:\\\/\\\/www.qualidanse.fr\\\/magasin-paris\\\/#website\"},\"primaryImageOfPage\":{\"@id\":\"https:\\\/\\\/www.qualidanse.fr\\\/magasin-paris\\\/marques\\\/rosso-latino\\\/#primaryimage\"},\"image\":{\"@id\":\"https:\\\/\\\/www.qualidanse.fr\\\/magasin-paris\\\/marques\\\/rosso-latino\\\/#primaryimage\"},\"thumbnailUrl\":\"https:\\\/\\\/www.qualidanse.fr\\\/wp-inside\\\/uploads\\\/sites\\\/18\\\/2020\\\/07\\\/95586371_169094507749976_987057108950188032_n.jpg\",\"datePublished\":\"2020-07-01T10:19:33+00:00\",\"dateModified\":\"2020-12-15T23:34:14+00:00\",\"description\":\"Les chaussures de danse italiennes Rosso Latino, id\u00e9ales pour le tango ou les latines sont chez Flashdance \u00e0 Paris !\",\"breadcrumb\":{\"@id\":\"https:\\\/\\\/www.qualidanse.fr\\\/magasin-paris\\\/marques\\\/rosso-latino\\\/#breadcrumb\"},\"inLanguage\":\"fr-FR\",\"potentialAction\":[{\"@type\":\"ReadAction\",\"target\":[\"https:\\\/\\\/www.qualidanse.fr\\\/magasin-paris\\\/marques\\\/rosso-latino\\\/\"]}]},{\"@type\":\"ImageObject\",\"inLanguage\":\"fr-FR\",\"@id\":\"https:\\\/\\\/www.qualidanse.fr\\\/magasin-paris\\\/marques\\\/rosso-latino\\\/#primaryimage\",\"url\":\"https:\\\/\\\/www.qualidanse.fr\\\/wp-inside\\\/uploads\\\/sites\\\/18\\\/2020\\\/07\\\/95586371_169094507749976_987057108950188032_n.jpg\",\"contentUrl\":\"https:\\\/\\\/www.qualidanse.fr\\\/wp-inside\\\/uploads\\\/sites\\\/18\\\/2020\\\/07\\\/95586371_169094507749976_987057108950188032_n.jpg\"},{\"@type\":\"BreadcrumbList\",\"@id\":\"https:\\\/\\\/www.qualidanse.fr\\\/magasin-paris\\\/marques\\\/rosso-latino\\\/#breadcrumb\",\"itemListElement\":[{\"@type\":\"ListItem\",\"position\":1,\"name\":\"Marques\",\"item\":\"https:\\\/\\\/www.qualidanse.fr\\\/magasin-paris\\\/marques\\\/\"},{\"@type\":\"ListItem\",\"position\":2,\"name\":\"Rosso Latino\"}]},{\"@type\":\"WebSite\",\"@id\":\"https:\\\/\\\/www.qualidanse.fr\\\/magasin-paris\\\/#website\",\"url\":\"https:\\\/\\\/www.qualidanse.fr\\\/magasin-paris\\\/\",\"name\":\"Flashdance\",\"description\":\"\",\"potentialAction\":[{\"@type\":\"SearchAction\",\"target\":{\"@type\":\"EntryPoint\",\"urlTemplate\":\"https:\\\/\\\/www.qualidanse.fr\\\/magasin-paris\\\/?s={search_term_string}\"},\"query-input\":{\"@type\":\"PropertyValueSpecification\",\"valueRequired\":true,\"valueName\":\"search_term_string\"}}],\"inLanguage\":\"fr-FR\"}]}<\/script>\n<!-- \/ Yoast SEO plugin. -->","yoast_head_json":{"title":"Exclusivit\u00e9 \u00e0 Paris : Rosso Latino est chez FlashDance","description":"Les chaussures de danse italiennes Rosso Latino, id\u00e9ales pour le tango ou les latines sont chez Flashdance \u00e0 Paris !","robots":{"index":"index","follow":"follow","max-snippet":"max-snippet:-1","max-image-preview":"max-image-preview:large","max-video-preview":"max-video-preview:-1"},"canonical":"https:\/\/www.qualidanse.fr\/magasin-paris\/marques\/rosso-latino\/","og_locale":"fr_FR","og_type":"article","og_title":"Exclusivit\u00e9 \u00e0 Paris : Rosso Latino est chez FlashDance","og_description":"Les chaussures de danse italiennes Rosso Latino, id\u00e9ales pour le tango ou les latines sont chez Flashdance \u00e0 Paris !","og_url":"https:\/\/www.qualidanse.fr\/magasin-paris\/marques\/rosso-latino\/","og_site_name":"Flashdance","article_modified_time":"2020-12-15T23:34:14+00:00","og_image":[{"url":"https:\/\/www.qualidanse.fr\/wp-inside\/uploads\/sites\/18\/2020\/07\/screenshot_2020-07-03-rossana-visone-rossolatino--photos-et-videos-instagram-271x300.jpg","type":"","width":"","height":""}],"twitter_card":"summary_large_image","twitter_misc":{"Dur\u00e9e de lecture estim\u00e9e":"1 minute"},"schema":{"@context":"https:\/\/schema.org","@graph":[{"@type":"WebPage","@id":"https:\/\/www.qualidanse.fr\/magasin-paris\/marques\/rosso-latino\/","url":"https:\/\/www.qualidanse.fr\/magasin-paris\/marques\/rosso-latino\/","name":"Exclusivit\u00e9 \u00e0 Paris : Rosso Latino est chez FlashDance","isPartOf":{"@id":"https:\/\/www.qualidanse.fr\/magasin-paris\/#website"},"primaryImageOfPage":{"@id":"https:\/\/www.qualidanse.fr\/magasin-paris\/marques\/rosso-latino\/#primaryimage"},"image":{"@id":"https:\/\/www.qualidanse.fr\/magasin-paris\/marques\/rosso-latino\/#primaryimage"},"thumbnailUrl":"https:\/\/www.qualidanse.fr\/wp-inside\/uploads\/sites\/18\/2020\/07\/95586371_169094507749976_987057108950188032_n.jpg","datePublished":"2020-07-01T10:19:33+00:00","dateModified":"2020-12-15T23:34:14+00:00","description":"Les chaussures de danse italiennes Rosso Latino, id\u00e9ales pour le tango ou les latines sont chez Flashdance \u00e0 Paris !","breadcrumb":{"@id":"https:\/\/www.qualidanse.fr\/magasin-paris\/marques\/rosso-latino\/#breadcrumb"},"inLanguage":"fr-FR","potentialAction":[{"@type":"ReadAction","target":["https:\/\/www.qualidanse.fr\/magasin-paris\/marques\/rosso-latino\/"]}]},{"@type":"ImageObject","inLanguage":"fr-FR","@id":"https:\/\/www.qualidanse.fr\/magasin-paris\/marques\/rosso-latino\/#primaryimage","url":"https:\/\/www.qualidanse.fr\/wp-inside\/uploads\/sites\/18\/2020\/07\/95586371_169094507749976_987057108950188032_n.jpg","contentUrl":"https:\/\/www.qualidanse.fr\/wp-inside\/uploads\/sites\/18\/2020\/07\/95586371_169094507749976_987057108950188032_n.jpg"},{"@type":"BreadcrumbList","@id":"https:\/\/www.qualidanse.fr\/magasin-paris\/marques\/rosso-latino\/#breadcrumb","itemListElement":[{"@type":"ListItem","position":1,"name":"Marques","item":"https:\/\/www.qualidanse.fr\/magasin-paris\/marques\/"},{"@type":"ListItem","position":2,"name":"Rosso Latino"}]},{"@type":"WebSite","@id":"https:\/\/www.qualidanse.fr\/magasin-paris\/#website","url":"https:\/\/www.qualidanse.fr\/magasin-paris\/","name":"Flashdance","description":"","potentialAction":[{"@type":"SearchAction","target":{"@type":"EntryPoint","urlTemplate":"https:\/\/www.qualidanse.fr\/magasin-paris\/?s={search_term_string}"},"query-input":{"@type":"PropertyValueSpecification","valueRequired":true,"valueName":"search_term_string"}}],"inLanguage":"fr-FR"}]}},"_links":{"self":[{"href":"https:\/\/www.qualidanse.fr\/magasin-paris\/wp-json\/wp\/v2\/pages\/582","targetHints":{"allow":["GET"]}}],"collection":[{"href":"https:\/\/www.qualidanse.fr\/magasin-paris\/wp-json\/wp\/v2\/pages"}],"about":[{"href":"https:\/\/www.qualidanse.fr\/magasin-paris\/wp-json\/wp\/v2\/types\/page"}],"author":[{"embeddable":true,"href":"https:\/\/www.qualidanse.fr\/magasin-paris\/wp-json\/wp\/v2\/users\/14"}],"replies":[{"embeddable":true,"href":"https:\/\/www.qualidanse.fr\/magasin-paris\/wp-json\/wp\/v2\/comments?post=582"}],"version-history":[{"count":2,"href":"https:\/\/www.qualidanse.fr\/magasin-paris\/wp-json\/wp\/v2\/pages\/582\/revisions"}],"predecessor-version":[{"id":588,"href":"https:\/\/www.qualidanse.fr\/magasin-paris\/wp-json\/wp\/v2\/pages\/582\/revisions\/588"}],"up":[{"embeddable":true,"href":"https:\/\/www.qualidanse.fr\/magasin-paris\/wp-json\/wp\/v2\/pages\/13"}],"wp:attachment":[{"href":"https:\/\/www.qualidanse.fr\/magasin-paris\/wp-json\/wp\/v2\/media?parent=582"}],"curies":[{"name":"wp","href":"https:\/\/api.w.org\/{rel}","templated":true}]}}