{"id":589,"date":"2020-07-01T12:47:13","date_gmt":"2020-07-01T10:47:13","guid":{"rendered":"https:\/\/www.qualidanse.fr\/magasin-paris\/?page_id=589"},"modified":"2020-12-16T00:15:29","modified_gmt":"2020-12-15T23:15:29","slug":"bloch","status":"publish","type":"page","link":"https:\/\/www.qualidanse.fr\/magasin-paris\/marques\/bloch\/","title":{"rendered":"Bloch"},"content":{"rendered":"<h2>Les chaussons &#8230;<\/h2>\n<p>C\u00e9l\u00e8bre <strong>marque australienne<\/strong> de chaussons de danse, retrouvez les produits Bloch \u00e0 Paris chez FlashDance !<\/p>\n<p><strong>Les pointes Bloch<\/strong> sont connues pour leur solidit\u00e9. Nous disposons de diff\u00e9rents mod\u00e8les, en stock dans plusieurs largeurs et diff\u00e9rentes duret\u00e9s de semelle. Retrouvez notamment en stock \u00e0 la boutique les mod\u00e8les suivants : <strong>Am\u00e9lie, Hannah, S\u00e9r\u00e9nade, Triomphe ou encore Eurostretch&#8230;<\/strong> Il est bien s\u00fbt primordial d&rsquo;essayer afin de trouver le mod\u00e8le id\u00e9al pour chaque pied !<\/p>\n<p>Retrouvez \u00e9galement \u00e0 la boutique<strong> les demi-pointes Bloch<\/strong>, semelle enti\u00e8re ou bi-semelles du 26 au 42 !<\/p>\n<h2>Les boots et tutus&#8230;<\/h2>\n<p>Nous tenons en stock les bas de tutu mais aussi les<strong> incontournables boots d&rsquo;\u00e9chauffement Bloch<\/strong>, id\u00e9ales pour garder les pieds au chaud entre deux cours ou dans un th\u00e9\u00e2tre ! Nous stockons les <strong>mod\u00e8les unis<\/strong> en noir, rose, fushia et bleu, mais aussi des <strong>mod\u00e8les originaux \u00e0 imprim\u00e9s<\/strong> floraux tropicaux ou encore m\u00e9tallis\u00e9s !<\/p>\n\n\t\t<style type=\"text\/css\">\n\t\t\t#gallery-1 {\n\t\t\t\tmargin: auto;\n\t\t\t}\n\t\t\t#gallery-1 .gallery-item {\n\t\t\t\tfloat: left;\n\t\t\t\tmargin-top: 10px;\n\t\t\t\ttext-align: center;\n\t\t\t\twidth: 33%;\n\t\t\t}\n\t\t\t#gallery-1 img {\n\t\t\t\tborder: 2px solid #cfcfcf;\n\t\t\t}\n\t\t\t#gallery-1 .gallery-caption {\n\t\t\t\tmargin-left: 0;\n\t\t\t}\n\t\t\t\/* see gallery_shortcode() in wp-includes\/media.php *\/\n\t\t<\/style>\n\t\t<div id='gallery-1' class='gallery galleryid-589 gallery-columns-3 gallery-size-full'><dl class='gallery-item'>\n\t\t\t<dt class='gallery-icon landscape'>\n\t\t\t\t<img loading=\"lazy\" decoding=\"async\" width=\"495\" height=\"492\" src=\"https:\/\/www.qualidanse.fr\/wp-inside\/uploads\/sites\/18\/2020\/07\/screenshot_2020-07-01-rossana-visone-rossolatino--photos-et-videos-instagram-1.jpg\" class=\"attachment-full size-full\" alt=\"\" srcset=\"https:\/\/www.qualidanse.fr\/wp-inside\/uploads\/sites\/18\/2020\/07\/screenshot_2020-07-01-rossana-visone-rossolatino--photos-et-videos-instagram-1.jpg 495w, https:\/\/www.qualidanse.fr\/wp-inside\/uploads\/sites\/18\/2020\/07\/screenshot_2020-07-01-rossana-visone-rossolatino--photos-et-videos-instagram-1-300x298.jpg 300w, https:\/\/www.qualidanse.fr\/wp-inside\/uploads\/sites\/18\/2020\/07\/screenshot_2020-07-01-rossana-visone-rossolatino--photos-et-videos-instagram-1-150x150.jpg 150w, https:\/\/www.qualidanse.fr\/wp-inside\/uploads\/sites\/18\/2020\/07\/screenshot_2020-07-01-rossana-visone-rossolatino--photos-et-videos-instagram-1-111x110.jpg 111w, https:\/\/www.qualidanse.fr\/wp-inside\/uploads\/sites\/18\/2020\/07\/screenshot_2020-07-01-rossana-visone-rossolatino--photos-et-videos-instagram-1-221x220.jpg 221w, https:\/\/www.qualidanse.fr\/wp-inside\/uploads\/sites\/18\/2020\/07\/screenshot_2020-07-01-rossana-visone-rossolatino--photos-et-videos-instagram-1-101x100.jpg 101w, https:\/\/www.qualidanse.fr\/wp-inside\/uploads\/sites\/18\/2020\/07\/screenshot_2020-07-01-rossana-visone-rossolatino--photos-et-videos-instagram-1-330x328.jpg 330w, https:\/\/www.qualidanse.fr\/wp-inside\/uploads\/sites\/18\/2020\/07\/screenshot_2020-07-01-rossana-visone-rossolatino--photos-et-videos-instagram-1-200x200.jpg 200w, https:\/\/www.qualidanse.fr\/wp-inside\/uploads\/sites\/18\/2020\/07\/screenshot_2020-07-01-rossana-visone-rossolatino--photos-et-videos-instagram-1-151x150.jpg 151w\" sizes=\"auto, (max-width: 495px) 100vw, 495px\" \/>\n\t\t\t<\/dt><\/dl><dl class='gallery-item'>\n\t\t\t<dt class='gallery-icon landscape'>\n\t\t\t\t<img loading=\"lazy\" decoding=\"async\" width=\"600\" height=\"583\" src=\"https:\/\/www.qualidanse.fr\/wp-inside\/uploads\/sites\/18\/2020\/07\/screenshot_2020-07-01-rossana-visone-rossolatino--photos-et-videos-instagram1.jpg\" class=\"attachment-full size-full\" alt=\"\" srcset=\"https:\/\/www.qualidanse.fr\/wp-inside\/uploads\/sites\/18\/2020\/07\/screenshot_2020-07-01-rossana-visone-rossolatino--photos-et-videos-instagram1.jpg 600w, https:\/\/www.qualidanse.fr\/wp-inside\/uploads\/sites\/18\/2020\/07\/screenshot_2020-07-01-rossana-visone-rossolatino--photos-et-videos-instagram1-300x292.jpg 300w, https:\/\/www.qualidanse.fr\/wp-inside\/uploads\/sites\/18\/2020\/07\/screenshot_2020-07-01-rossana-visone-rossolatino--photos-et-videos-instagram1-113x110.jpg 113w, https:\/\/www.qualidanse.fr\/wp-inside\/uploads\/sites\/18\/2020\/07\/screenshot_2020-07-01-rossana-visone-rossolatino--photos-et-videos-instagram1-226x220.jpg 226w, https:\/\/www.qualidanse.fr\/wp-inside\/uploads\/sites\/18\/2020\/07\/screenshot_2020-07-01-rossana-visone-rossolatino--photos-et-videos-instagram1-103x100.jpg 103w, https:\/\/www.qualidanse.fr\/wp-inside\/uploads\/sites\/18\/2020\/07\/screenshot_2020-07-01-rossana-visone-rossolatino--photos-et-videos-instagram1-330x321.jpg 330w, https:\/\/www.qualidanse.fr\/wp-inside\/uploads\/sites\/18\/2020\/07\/screenshot_2020-07-01-rossana-visone-rossolatino--photos-et-videos-instagram1-200x194.jpg 200w, https:\/\/www.qualidanse.fr\/wp-inside\/uploads\/sites\/18\/2020\/07\/screenshot_2020-07-01-rossana-visone-rossolatino--photos-et-videos-instagram1-154x150.jpg 154w\" sizes=\"auto, (max-width: 600px) 100vw, 600px\" \/>\n\t\t\t<\/dt><\/dl><dl class='gallery-item'>\n\t\t\t<dt class='gallery-icon landscape'>\n\t\t\t\t<img loading=\"lazy\" decoding=\"async\" width=\"600\" height=\"582\" src=\"https:\/\/www.qualidanse.fr\/wp-inside\/uploads\/sites\/18\/2020\/07\/screenshot_2020-07-01-rossana-visone-rossolatino--photos-et-videos-instagram2.jpg\" class=\"attachment-full size-full\" alt=\"\" srcset=\"https:\/\/www.qualidanse.fr\/wp-inside\/uploads\/sites\/18\/2020\/07\/screenshot_2020-07-01-rossana-visone-rossolatino--photos-et-videos-instagram2.jpg 600w, https:\/\/www.qualidanse.fr\/wp-inside\/uploads\/sites\/18\/2020\/07\/screenshot_2020-07-01-rossana-visone-rossolatino--photos-et-videos-instagram2-300x291.jpg 300w, https:\/\/www.qualidanse.fr\/wp-inside\/uploads\/sites\/18\/2020\/07\/screenshot_2020-07-01-rossana-visone-rossolatino--photos-et-videos-instagram2-113x110.jpg 113w, https:\/\/www.qualidanse.fr\/wp-inside\/uploads\/sites\/18\/2020\/07\/screenshot_2020-07-01-rossana-visone-rossolatino--photos-et-videos-instagram2-227x220.jpg 227w, https:\/\/www.qualidanse.fr\/wp-inside\/uploads\/sites\/18\/2020\/07\/screenshot_2020-07-01-rossana-visone-rossolatino--photos-et-videos-instagram2-103x100.jpg 103w, https:\/\/www.qualidanse.fr\/wp-inside\/uploads\/sites\/18\/2020\/07\/screenshot_2020-07-01-rossana-visone-rossolatino--photos-et-videos-instagram2-330x320.jpg 330w, https:\/\/www.qualidanse.fr\/wp-inside\/uploads\/sites\/18\/2020\/07\/screenshot_2020-07-01-rossana-visone-rossolatino--photos-et-videos-instagram2-200x194.jpg 200w, https:\/\/www.qualidanse.fr\/wp-inside\/uploads\/sites\/18\/2020\/07\/screenshot_2020-07-01-rossana-visone-rossolatino--photos-et-videos-instagram2-155x150.jpg 155w\" sizes=\"auto, (max-width: 600px) 100vw, 600px\" \/>\n\t\t\t<\/dt><\/dl><br style=\"clear: both\" \/>\n\t\t<\/div>\n\n","protected":false},"excerpt":{"rendered":"<p>Les chaussons &#8230; C\u00e9l\u00e8bre marque australienne de chaussons de danse, retrouvez les produits Bloch \u00e0 Paris chez FlashDance ! Les pointes Bloch sont connues pour leur solidit\u00e9. Nous disposons de [&hellip;]<\/p>\n","protected":false},"author":14,"featured_media":0,"parent":13,"menu_order":0,"comment_status":"closed","ping_status":"closed","template":"template-page-marque.php","meta":{"_acf_changed":false,"footnotes":""},"class_list":["post-589","page","type-page","status-publish","hentry","wp-sticky"],"acf":[],"yoast_head":"<!-- This site is optimized with the Yoast SEO plugin v27.5 - https:\/\/yoast.com\/product\/yoast-seo-wordpress\/ -->\n<title>Bloch \u00e0 Paris | la collection Bloch est chez Flashdance<\/title>\n<meta name=\"description\" content=\"Retrouvez chez FlashDance chaussons, pointes mais aussi claquettes et chaussures de caract\u00e8re Bloch chez Flashdance.\" \/>\n<meta name=\"robots\" content=\"index, follow, max-snippet:-1, max-image-preview:large, max-video-preview:-1\" \/>\n<link rel=\"canonical\" href=\"https:\/\/www.qualidanse.fr\/magasin-paris\/marques\/bloch\/\" \/>\n<meta property=\"og:locale\" content=\"fr_FR\" \/>\n<meta property=\"og:type\" content=\"article\" \/>\n<meta property=\"og:title\" content=\"Bloch \u00e0 Paris | la collection Bloch est chez Flashdance\" \/>\n<meta property=\"og:description\" content=\"Retrouvez chez FlashDance chaussons, pointes mais aussi claquettes et chaussures de caract\u00e8re Bloch chez Flashdance.\" \/>\n<meta property=\"og:url\" content=\"https:\/\/www.qualidanse.fr\/magasin-paris\/marques\/bloch\/\" \/>\n<meta property=\"og:site_name\" content=\"Flashdance\" \/>\n<meta property=\"article:modified_time\" content=\"2020-12-15T23:15:29+00:00\" \/>\n<meta property=\"og:image\" content=\"https:\/\/www.qualidanse.fr\/wp-inside\/uploads\/sites\/18\/2020\/07\/screenshot_2020-07-01-rossana-visone-rossolatino--photos-et-videos-instagram-1.jpg\" \/>\n<meta name=\"twitter:card\" content=\"summary_large_image\" \/>\n<meta name=\"twitter:label1\" content=\"Dur\u00e9e de lecture estim\u00e9e\" \/>\n\t<meta name=\"twitter:data1\" content=\"1 minute\" \/>\n<script type=\"application\/ld+json\" class=\"yoast-schema-graph\">{\"@context\":\"https:\\\/\\\/schema.org\",\"@graph\":[{\"@type\":\"WebPage\",\"@id\":\"https:\\\/\\\/www.qualidanse.fr\\\/magasin-paris\\\/marques\\\/bloch\\\/\",\"url\":\"https:\\\/\\\/www.qualidanse.fr\\\/magasin-paris\\\/marques\\\/bloch\\\/\",\"name\":\"Bloch \u00e0 Paris | la collection Bloch est chez Flashdance\",\"isPartOf\":{\"@id\":\"https:\\\/\\\/www.qualidanse.fr\\\/magasin-paris\\\/#website\"},\"datePublished\":\"2020-07-01T10:47:13+00:00\",\"dateModified\":\"2020-12-15T23:15:29+00:00\",\"description\":\"Retrouvez chez FlashDance chaussons, pointes mais aussi claquettes et chaussures de caract\u00e8re Bloch chez Flashdance.\",\"breadcrumb\":{\"@id\":\"https:\\\/\\\/www.qualidanse.fr\\\/magasin-paris\\\/marques\\\/bloch\\\/#breadcrumb\"},\"inLanguage\":\"fr-FR\",\"potentialAction\":[{\"@type\":\"ReadAction\",\"target\":[\"https:\\\/\\\/www.qualidanse.fr\\\/magasin-paris\\\/marques\\\/bloch\\\/\"]}]},{\"@type\":\"BreadcrumbList\",\"@id\":\"https:\\\/\\\/www.qualidanse.fr\\\/magasin-paris\\\/marques\\\/bloch\\\/#breadcrumb\",\"itemListElement\":[{\"@type\":\"ListItem\",\"position\":1,\"name\":\"Marques\",\"item\":\"https:\\\/\\\/www.qualidanse.fr\\\/magasin-paris\\\/marques\\\/\"},{\"@type\":\"ListItem\",\"position\":2,\"name\":\"Bloch\"}]},{\"@type\":\"WebSite\",\"@id\":\"https:\\\/\\\/www.qualidanse.fr\\\/magasin-paris\\\/#website\",\"url\":\"https:\\\/\\\/www.qualidanse.fr\\\/magasin-paris\\\/\",\"name\":\"Flashdance\",\"description\":\"\",\"potentialAction\":[{\"@type\":\"SearchAction\",\"target\":{\"@type\":\"EntryPoint\",\"urlTemplate\":\"https:\\\/\\\/www.qualidanse.fr\\\/magasin-paris\\\/?s={search_term_string}\"},\"query-input\":{\"@type\":\"PropertyValueSpecification\",\"valueRequired\":true,\"valueName\":\"search_term_string\"}}],\"inLanguage\":\"fr-FR\"}]}<\/script>\n<!-- \/ Yoast SEO plugin. -->","yoast_head_json":{"title":"Bloch \u00e0 Paris | la collection Bloch est chez Flashdance","description":"Retrouvez chez FlashDance chaussons, pointes mais aussi claquettes et chaussures de caract\u00e8re Bloch chez Flashdance.","robots":{"index":"index","follow":"follow","max-snippet":"max-snippet:-1","max-image-preview":"max-image-preview:large","max-video-preview":"max-video-preview:-1"},"canonical":"https:\/\/www.qualidanse.fr\/magasin-paris\/marques\/bloch\/","og_locale":"fr_FR","og_type":"article","og_title":"Bloch \u00e0 Paris | la collection Bloch est chez Flashdance","og_description":"Retrouvez chez FlashDance chaussons, pointes mais aussi claquettes et chaussures de caract\u00e8re Bloch chez Flashdance.","og_url":"https:\/\/www.qualidanse.fr\/magasin-paris\/marques\/bloch\/","og_site_name":"Flashdance","article_modified_time":"2020-12-15T23:15:29+00:00","og_image":[{"url":"https:\/\/www.qualidanse.fr\/wp-inside\/uploads\/sites\/18\/2020\/07\/screenshot_2020-07-01-rossana-visone-rossolatino--photos-et-videos-instagram-1.jpg","type":"","width":"","height":""}],"twitter_card":"summary_large_image","twitter_misc":{"Dur\u00e9e de lecture estim\u00e9e":"1 minute"},"schema":{"@context":"https:\/\/schema.org","@graph":[{"@type":"WebPage","@id":"https:\/\/www.qualidanse.fr\/magasin-paris\/marques\/bloch\/","url":"https:\/\/www.qualidanse.fr\/magasin-paris\/marques\/bloch\/","name":"Bloch \u00e0 Paris | la collection Bloch est chez Flashdance","isPartOf":{"@id":"https:\/\/www.qualidanse.fr\/magasin-paris\/#website"},"datePublished":"2020-07-01T10:47:13+00:00","dateModified":"2020-12-15T23:15:29+00:00","description":"Retrouvez chez FlashDance chaussons, pointes mais aussi claquettes et chaussures de caract\u00e8re Bloch chez Flashdance.","breadcrumb":{"@id":"https:\/\/www.qualidanse.fr\/magasin-paris\/marques\/bloch\/#breadcrumb"},"inLanguage":"fr-FR","potentialAction":[{"@type":"ReadAction","target":["https:\/\/www.qualidanse.fr\/magasin-paris\/marques\/bloch\/"]}]},{"@type":"BreadcrumbList","@id":"https:\/\/www.qualidanse.fr\/magasin-paris\/marques\/bloch\/#breadcrumb","itemListElement":[{"@type":"ListItem","position":1,"name":"Marques","item":"https:\/\/www.qualidanse.fr\/magasin-paris\/marques\/"},{"@type":"ListItem","position":2,"name":"Bloch"}]},{"@type":"WebSite","@id":"https:\/\/www.qualidanse.fr\/magasin-paris\/#website","url":"https:\/\/www.qualidanse.fr\/magasin-paris\/","name":"Flashdance","description":"","potentialAction":[{"@type":"SearchAction","target":{"@type":"EntryPoint","urlTemplate":"https:\/\/www.qualidanse.fr\/magasin-paris\/?s={search_term_string}"},"query-input":{"@type":"PropertyValueSpecification","valueRequired":true,"valueName":"search_term_string"}}],"inLanguage":"fr-FR"}]}},"_links":{"self":[{"href":"https:\/\/www.qualidanse.fr\/magasin-paris\/wp-json\/wp\/v2\/pages\/589","targetHints":{"allow":["GET"]}}],"collection":[{"href":"https:\/\/www.qualidanse.fr\/magasin-paris\/wp-json\/wp\/v2\/pages"}],"about":[{"href":"https:\/\/www.qualidanse.fr\/magasin-paris\/wp-json\/wp\/v2\/types\/page"}],"author":[{"embeddable":true,"href":"https:\/\/www.qualidanse.fr\/magasin-paris\/wp-json\/wp\/v2\/users\/14"}],"replies":[{"embeddable":true,"href":"https:\/\/www.qualidanse.fr\/magasin-paris\/wp-json\/wp\/v2\/comments?post=589"}],"version-history":[{"count":1,"href":"https:\/\/www.qualidanse.fr\/magasin-paris\/wp-json\/wp\/v2\/pages\/589\/revisions"}],"predecessor-version":[{"id":596,"href":"https:\/\/www.qualidanse.fr\/magasin-paris\/wp-json\/wp\/v2\/pages\/589\/revisions\/596"}],"up":[{"embeddable":true,"href":"https:\/\/www.qualidanse.fr\/magasin-paris\/wp-json\/wp\/v2\/pages\/13"}],"wp:attachment":[{"href":"https:\/\/www.qualidanse.fr\/magasin-paris\/wp-json\/wp\/v2\/media?parent=589"}],"curies":[{"name":"wp","href":"https:\/\/api.w.org\/{rel}","templated":true}]}}