{"id":13,"date":"2022-11-18T17:54:16","date_gmt":"2022-11-18T16:54:16","guid":{"rendered":"https:\/\/www.qualidanse.fr\/magasin-reims\/?page_id=13"},"modified":"2022-11-21T17:20:53","modified_gmt":"2022-11-21T16:20:53","slug":"le-magasin","status":"publish","type":"page","link":"https:\/\/www.qualidanse.fr\/magasin-reims\/le-magasin\/","title":{"rendered":"Le magasin"},"content":{"rendered":"<h2>Des conseils dispens\u00e9s par une sp\u00e9cialiste passionn\u00e9e<\/h2>\n<p>Christelle saura vous accueillir chaleureusement et toujours avec le sourire. Passionn\u00e9e de danse depuis toujours et ayant pratiqu\u00e9 la danse classique et danse de salon. Vous aider \u00e0 choisir en toute confiance sera ma priorit\u00e9. Quel que soit votre niveau, vous trouverez l\u2019article dont vous avez besoin.<\/p>\n<h2>La boutique \u00e0 l\u2019Entrechat vient \u00e0 vous<\/h2>\n<p>Chers professeurs, la boutique se d\u00e9place et vient \u00e0 vous pour habiller et chausser vos \u00e9l\u00e8ves.<\/p>\n<p>La boutique est \u00e0 vos c\u00f4t\u00e9s toute l\u2019ann\u00e9e pour r\u00e9pondre \u00e0 vos besoins.<\/p>\n\n\t\t<style type=\"text\/css\">\n\t\t\t#gallery-1 {\n\t\t\t\tmargin: auto;\n\t\t\t}\n\t\t\t#gallery-1 .gallery-item {\n\t\t\t\tfloat: left;\n\t\t\t\tmargin-top: 10px;\n\t\t\t\ttext-align: center;\n\t\t\t\twidth: 25%;\n\t\t\t}\n\t\t\t#gallery-1 img {\n\t\t\t\tborder: 2px solid #cfcfcf;\n\t\t\t}\n\t\t\t#gallery-1 .gallery-caption {\n\t\t\t\tmargin-left: 0;\n\t\t\t}\n\t\t\t\/* see gallery_shortcode() in wp-includes\/media.php *\/\n\t\t<\/style>\n\t\t<div id='gallery-1' class='gallery galleryid-13 gallery-columns-4 gallery-size-thumbnail'><dl class='gallery-item'>\n\t\t\t<dt class='gallery-icon portrait'>\n\t\t\t\t<a href='https:\/\/www.qualidanse.fr\/wp-inside\/uploads\/sites\/29\/2022\/11\/a-l-entrechat-magasin-reims-exterieur.jpg'><img loading=\"lazy\" decoding=\"async\" width=\"150\" height=\"150\" src=\"https:\/\/www.qualidanse.fr\/wp-inside\/uploads\/sites\/29\/2022\/11\/a-l-entrechat-magasin-reims-exterieur-150x150.jpg\" class=\"attachment-thumbnail size-thumbnail\" alt=\"\u00e0 L&#039;Entrechat - Magasin danse Reims\" srcset=\"https:\/\/www.qualidanse.fr\/wp-inside\/uploads\/sites\/29\/2022\/11\/a-l-entrechat-magasin-reims-exterieur-150x150.jpg 150w, https:\/\/www.qualidanse.fr\/wp-inside\/uploads\/sites\/29\/2022\/11\/a-l-entrechat-magasin-reims-exterieur-330x330.jpg 330w\" sizes=\"auto, (max-width: 150px) 100vw, 150px\" \/><\/a>\n\t\t\t<\/dt><\/dl><dl class='gallery-item'>\n\t\t\t<dt class='gallery-icon landscape'>\n\t\t\t\t<a href='https:\/\/www.qualidanse.fr\/wp-inside\/uploads\/sites\/29\/2022\/11\/a-l-entrechat-magasin-reims-vitrine.jpg'><img loading=\"lazy\" decoding=\"async\" width=\"150\" height=\"150\" src=\"https:\/\/www.qualidanse.fr\/wp-inside\/uploads\/sites\/29\/2022\/11\/a-l-entrechat-magasin-reims-vitrine-150x150.jpg\" class=\"attachment-thumbnail size-thumbnail\" alt=\"\u00e0 L&#039;Entrechat - Magasin danse Reims\" srcset=\"https:\/\/www.qualidanse.fr\/wp-inside\/uploads\/sites\/29\/2022\/11\/a-l-entrechat-magasin-reims-vitrine-150x150.jpg 150w, https:\/\/www.qualidanse.fr\/wp-inside\/uploads\/sites\/29\/2022\/11\/a-l-entrechat-magasin-reims-vitrine-330x330.jpg 330w\" sizes=\"auto, (max-width: 150px) 100vw, 150px\" \/><\/a>\n\t\t\t<\/dt><\/dl><dl class='gallery-item'>\n\t\t\t<dt class='gallery-icon portrait'>\n\t\t\t\t<a href='https:\/\/www.qualidanse.fr\/wp-inside\/uploads\/sites\/29\/2022\/11\/a-l-entrechat-magasin-reims-interieur-1.jpg'><img loading=\"lazy\" decoding=\"async\" width=\"150\" height=\"150\" src=\"https:\/\/www.qualidanse.fr\/wp-inside\/uploads\/sites\/29\/2022\/11\/a-l-entrechat-magasin-reims-interieur-1-150x150.jpg\" class=\"attachment-thumbnail size-thumbnail\" alt=\"\u00e0 L&#039;Entrechat - Magasin danse Reims\" srcset=\"https:\/\/www.qualidanse.fr\/wp-inside\/uploads\/sites\/29\/2022\/11\/a-l-entrechat-magasin-reims-interieur-1-150x150.jpg 150w, https:\/\/www.qualidanse.fr\/wp-inside\/uploads\/sites\/29\/2022\/11\/a-l-entrechat-magasin-reims-interieur-1-300x300.jpg 300w, https:\/\/www.qualidanse.fr\/wp-inside\/uploads\/sites\/29\/2022\/11\/a-l-entrechat-magasin-reims-interieur-1-109x110.jpg 109w, https:\/\/www.qualidanse.fr\/wp-inside\/uploads\/sites\/29\/2022\/11\/a-l-entrechat-magasin-reims-interieur-1-219x220.jpg 219w, https:\/\/www.qualidanse.fr\/wp-inside\/uploads\/sites\/29\/2022\/11\/a-l-entrechat-magasin-reims-interieur-1-100x100.jpg 100w, https:\/\/www.qualidanse.fr\/wp-inside\/uploads\/sites\/29\/2022\/11\/a-l-entrechat-magasin-reims-interieur-1-330x330.jpg 330w, https:\/\/www.qualidanse.fr\/wp-inside\/uploads\/sites\/29\/2022\/11\/a-l-entrechat-magasin-reims-interieur-1-328x330.jpg 328w, https:\/\/www.qualidanse.fr\/wp-inside\/uploads\/sites\/29\/2022\/11\/a-l-entrechat-magasin-reims-interieur-1-200x200.jpg 200w, https:\/\/www.qualidanse.fr\/wp-inside\/uploads\/sites\/29\/2022\/11\/a-l-entrechat-magasin-reims-interieur-1-149x150.jpg 149w, https:\/\/www.qualidanse.fr\/wp-inside\/uploads\/sites\/29\/2022\/11\/a-l-entrechat-magasin-reims-interieur-1.jpg 637w\" sizes=\"auto, (max-width: 150px) 100vw, 150px\" \/><\/a>\n\t\t\t<\/dt><\/dl><dl class='gallery-item'>\n\t\t\t<dt class='gallery-icon portrait'>\n\t\t\t\t<a href='https:\/\/www.qualidanse.fr\/wp-inside\/uploads\/sites\/29\/2022\/11\/a-l-entrechat-magasin-reims-interieur-2.jpg'><img loading=\"lazy\" decoding=\"async\" width=\"150\" height=\"150\" src=\"https:\/\/www.qualidanse.fr\/wp-inside\/uploads\/sites\/29\/2022\/11\/a-l-entrechat-magasin-reims-interieur-2-150x150.jpg\" class=\"attachment-thumbnail size-thumbnail\" alt=\"\u00e0 L&#039;Entrechat - Magasin danse Reims\" srcset=\"https:\/\/www.qualidanse.fr\/wp-inside\/uploads\/sites\/29\/2022\/11\/a-l-entrechat-magasin-reims-interieur-2-150x150.jpg 150w, https:\/\/www.qualidanse.fr\/wp-inside\/uploads\/sites\/29\/2022\/11\/a-l-entrechat-magasin-reims-interieur-2-330x330.jpg 330w\" sizes=\"auto, (max-width: 150px) 100vw, 150px\" \/><\/a>\n\t\t\t<\/dt><\/dl><br style=\"clear: both\" \/><dl class='gallery-item'>\n\t\t\t<dt class='gallery-icon landscape'>\n\t\t\t\t<a href='https:\/\/www.qualidanse.fr\/wp-inside\/uploads\/sites\/29\/2022\/11\/a-l-entrechat-magasin-reims-interieur-3.jpg'><img loading=\"lazy\" decoding=\"async\" width=\"150\" height=\"150\" src=\"https:\/\/www.qualidanse.fr\/wp-inside\/uploads\/sites\/29\/2022\/11\/a-l-entrechat-magasin-reims-interieur-3-150x150.jpg\" class=\"attachment-thumbnail size-thumbnail\" alt=\"\u00e0 L&#039;Entrechat - Magasin danse Reims\" srcset=\"https:\/\/www.qualidanse.fr\/wp-inside\/uploads\/sites\/29\/2022\/11\/a-l-entrechat-magasin-reims-interieur-3-150x150.jpg 150w, https:\/\/www.qualidanse.fr\/wp-inside\/uploads\/sites\/29\/2022\/11\/a-l-entrechat-magasin-reims-interieur-3-330x330.jpg 330w\" sizes=\"auto, (max-width: 150px) 100vw, 150px\" \/><\/a>\n\t\t\t<\/dt><\/dl><dl class='gallery-item'>\n\t\t\t<dt class='gallery-icon portrait'>\n\t\t\t\t<a href='https:\/\/www.qualidanse.fr\/wp-inside\/uploads\/sites\/29\/2022\/11\/a-l-entrechat-magasin-reims-interieur-4.jpg'><img loading=\"lazy\" decoding=\"async\" width=\"150\" height=\"150\" src=\"https:\/\/www.qualidanse.fr\/wp-inside\/uploads\/sites\/29\/2022\/11\/a-l-entrechat-magasin-reims-interieur-4-150x150.jpg\" class=\"attachment-thumbnail size-thumbnail\" alt=\"\u00e0 L&#039;Entrechat - Magasin danse Reims\" srcset=\"https:\/\/www.qualidanse.fr\/wp-inside\/uploads\/sites\/29\/2022\/11\/a-l-entrechat-magasin-reims-interieur-4-150x150.jpg 150w, https:\/\/www.qualidanse.fr\/wp-inside\/uploads\/sites\/29\/2022\/11\/a-l-entrechat-magasin-reims-interieur-4-330x330.jpg 330w\" sizes=\"auto, (max-width: 150px) 100vw, 150px\" \/><\/a>\n\t\t\t<\/dt><\/dl><dl class='gallery-item'>\n\t\t\t<dt class='gallery-icon portrait'>\n\t\t\t\t<a href='https:\/\/www.qualidanse.fr\/wp-inside\/uploads\/sites\/29\/2022\/11\/a-l-entrechat-magasin-reims-interieur-5.jpg'><img loading=\"lazy\" decoding=\"async\" width=\"150\" height=\"150\" src=\"https:\/\/www.qualidanse.fr\/wp-inside\/uploads\/sites\/29\/2022\/11\/a-l-entrechat-magasin-reims-interieur-5-150x150.jpg\" class=\"attachment-thumbnail size-thumbnail\" alt=\"\u00e0 L&#039;Entrechat - Magasin danse Reims\" srcset=\"https:\/\/www.qualidanse.fr\/wp-inside\/uploads\/sites\/29\/2022\/11\/a-l-entrechat-magasin-reims-interieur-5-150x150.jpg 150w, https:\/\/www.qualidanse.fr\/wp-inside\/uploads\/sites\/29\/2022\/11\/a-l-entrechat-magasin-reims-interieur-5-611x615.jpg 611w, https:\/\/www.qualidanse.fr\/wp-inside\/uploads\/sites\/29\/2022\/11\/a-l-entrechat-magasin-reims-interieur-5-330x330.jpg 330w\" sizes=\"auto, (max-width: 150px) 100vw, 150px\" \/><\/a>\n\t\t\t<\/dt><\/dl><dl class='gallery-item'>\n\t\t\t<dt class='gallery-icon portrait'>\n\t\t\t\t<a href='https:\/\/www.qualidanse.fr\/wp-inside\/uploads\/sites\/29\/2022\/11\/a-l-entrechat-magasin-reims-interieur-6.jpg'><img loading=\"lazy\" decoding=\"async\" width=\"150\" height=\"150\" src=\"https:\/\/www.qualidanse.fr\/wp-inside\/uploads\/sites\/29\/2022\/11\/a-l-entrechat-magasin-reims-interieur-6-150x150.jpg\" class=\"attachment-thumbnail size-thumbnail\" alt=\"\u00e0 L&#039;Entrechat - Magasin danse Reims\" srcset=\"https:\/\/www.qualidanse.fr\/wp-inside\/uploads\/sites\/29\/2022\/11\/a-l-entrechat-magasin-reims-interieur-6-150x150.jpg 150w, https:\/\/www.qualidanse.fr\/wp-inside\/uploads\/sites\/29\/2022\/11\/a-l-entrechat-magasin-reims-interieur-6-109x110.jpg 109w, https:\/\/www.qualidanse.fr\/wp-inside\/uploads\/sites\/29\/2022\/11\/a-l-entrechat-magasin-reims-interieur-6-99x100.jpg 99w, https:\/\/www.qualidanse.fr\/wp-inside\/uploads\/sites\/29\/2022\/11\/a-l-entrechat-magasin-reims-interieur-6-330x330.jpg 330w\" sizes=\"auto, (max-width: 150px) 100vw, 150px\" \/><\/a>\n\t\t\t<\/dt><\/dl><br style=\"clear: both\" \/>\n\t\t<\/div>\n\n","protected":false},"excerpt":{"rendered":"<p>Des conseils dispens\u00e9s par une sp\u00e9cialiste passionn\u00e9e Christelle saura vous accueillir chaleureusement et toujours avec le sourire. Passionn\u00e9e de danse depuis toujours et ayant pratiqu\u00e9 la danse classique et danse [&hellip;]<\/p>\n","protected":false},"author":3,"featured_media":0,"parent":0,"menu_order":0,"comment_status":"closed","ping_status":"closed","template":"","meta":{"_acf_changed":false,"footnotes":""},"class_list":["post-13","page","type-page","status-publish","hentry","wp-sticky"],"acf":[],"yoast_head":"<!-- This site is optimized with the Yoast SEO plugin v27.3 - https:\/\/yoast.com\/product\/yoast-seo-wordpress\/ -->\n<title>Le magasin<\/title>\n<meta name=\"robots\" content=\"index, follow, max-snippet:-1, max-image-preview:large, max-video-preview:-1\" \/>\n<link rel=\"canonical\" href=\"https:\/\/www.qualidanse.fr\/magasin-reims\/le-magasin\/\" \/>\n<meta property=\"og:locale\" content=\"fr_FR\" \/>\n<meta property=\"og:type\" content=\"article\" \/>\n<meta property=\"og:title\" content=\"Le magasin\" \/>\n<meta property=\"og:description\" content=\"Des conseils dispens\u00e9s par une sp\u00e9cialiste passionn\u00e9e Christelle saura vous accueillir chaleureusement et toujours avec le sourire. Passionn\u00e9e de danse depuis toujours et ayant pratiqu\u00e9 la danse classique et danse [&hellip;]\" \/>\n<meta property=\"og:url\" content=\"https:\/\/www.qualidanse.fr\/magasin-reims\/le-magasin\/\" \/>\n<meta property=\"og:site_name\" content=\"\u00e0 L&#039;Entrechat\" \/>\n<meta property=\"article:modified_time\" content=\"2022-11-21T16:20:53+00:00\" \/>\n<meta property=\"og:image\" content=\"https:\/\/www.qualidanse.fr\/wp-inside\/uploads\/sites\/29\/2022\/11\/a-l-entrechat-magasin-reims-exterieur-150x150.jpg\" \/>\n<meta name=\"twitter:card\" content=\"summary_large_image\" \/>\n<meta name=\"twitter:label1\" content=\"Dur\u00e9e de lecture estim\u00e9e\" \/>\n\t<meta name=\"twitter:data1\" content=\"1 minute\" \/>\n<script type=\"application\/ld+json\" class=\"yoast-schema-graph\">{\"@context\":\"https:\\\/\\\/schema.org\",\"@graph\":[{\"@type\":\"WebPage\",\"@id\":\"https:\\\/\\\/www.qualidanse.fr\\\/magasin-reims\\\/le-magasin\\\/\",\"url\":\"https:\\\/\\\/www.qualidanse.fr\\\/magasin-reims\\\/le-magasin\\\/\",\"name\":\"Le magasin\",\"isPartOf\":{\"@id\":\"https:\\\/\\\/www.qualidanse.fr\\\/magasin-reims\\\/#website\"},\"datePublished\":\"2022-11-18T16:54:16+00:00\",\"dateModified\":\"2022-11-21T16:20:53+00:00\",\"inLanguage\":\"fr-FR\",\"potentialAction\":[{\"@type\":\"ReadAction\",\"target\":[\"https:\\\/\\\/www.qualidanse.fr\\\/magasin-reims\\\/le-magasin\\\/\"]}]},{\"@type\":\"WebSite\",\"@id\":\"https:\\\/\\\/www.qualidanse.fr\\\/magasin-reims\\\/#website\",\"url\":\"https:\\\/\\\/www.qualidanse.fr\\\/magasin-reims\\\/\",\"name\":\"\u00e0 L&#039;Entrechat\",\"description\":\"\",\"potentialAction\":[{\"@type\":\"SearchAction\",\"target\":{\"@type\":\"EntryPoint\",\"urlTemplate\":\"https:\\\/\\\/www.qualidanse.fr\\\/magasin-reims\\\/?s={search_term_string}\"},\"query-input\":{\"@type\":\"PropertyValueSpecification\",\"valueRequired\":true,\"valueName\":\"search_term_string\"}}],\"inLanguage\":\"fr-FR\"}]}<\/script>\n<!-- \/ Yoast SEO plugin. -->","yoast_head_json":{"title":"Le magasin","robots":{"index":"index","follow":"follow","max-snippet":"max-snippet:-1","max-image-preview":"max-image-preview:large","max-video-preview":"max-video-preview:-1"},"canonical":"https:\/\/www.qualidanse.fr\/magasin-reims\/le-magasin\/","og_locale":"fr_FR","og_type":"article","og_title":"Le magasin","og_description":"Des conseils dispens\u00e9s par une sp\u00e9cialiste passionn\u00e9e Christelle saura vous accueillir chaleureusement et toujours avec le sourire. Passionn\u00e9e de danse depuis toujours et ayant pratiqu\u00e9 la danse classique et danse [&hellip;]","og_url":"https:\/\/www.qualidanse.fr\/magasin-reims\/le-magasin\/","og_site_name":"\u00e0 L&#039;Entrechat","article_modified_time":"2022-11-21T16:20:53+00:00","og_image":[{"url":"https:\/\/www.qualidanse.fr\/wp-inside\/uploads\/sites\/29\/2022\/11\/a-l-entrechat-magasin-reims-exterieur-150x150.jpg","type":"","width":"","height":""}],"twitter_card":"summary_large_image","twitter_misc":{"Dur\u00e9e de lecture estim\u00e9e":"1 minute"},"schema":{"@context":"https:\/\/schema.org","@graph":[{"@type":"WebPage","@id":"https:\/\/www.qualidanse.fr\/magasin-reims\/le-magasin\/","url":"https:\/\/www.qualidanse.fr\/magasin-reims\/le-magasin\/","name":"Le magasin","isPartOf":{"@id":"https:\/\/www.qualidanse.fr\/magasin-reims\/#website"},"datePublished":"2022-11-18T16:54:16+00:00","dateModified":"2022-11-21T16:20:53+00:00","inLanguage":"fr-FR","potentialAction":[{"@type":"ReadAction","target":["https:\/\/www.qualidanse.fr\/magasin-reims\/le-magasin\/"]}]},{"@type":"WebSite","@id":"https:\/\/www.qualidanse.fr\/magasin-reims\/#website","url":"https:\/\/www.qualidanse.fr\/magasin-reims\/","name":"\u00e0 L&#039;Entrechat","description":"","potentialAction":[{"@type":"SearchAction","target":{"@type":"EntryPoint","urlTemplate":"https:\/\/www.qualidanse.fr\/magasin-reims\/?s={search_term_string}"},"query-input":{"@type":"PropertyValueSpecification","valueRequired":true,"valueName":"search_term_string"}}],"inLanguage":"fr-FR"}]}},"_links":{"self":[{"href":"https:\/\/www.qualidanse.fr\/magasin-reims\/wp-json\/wp\/v2\/pages\/13","targetHints":{"allow":["GET"]}}],"collection":[{"href":"https:\/\/www.qualidanse.fr\/magasin-reims\/wp-json\/wp\/v2\/pages"}],"about":[{"href":"https:\/\/www.qualidanse.fr\/magasin-reims\/wp-json\/wp\/v2\/types\/page"}],"author":[{"embeddable":true,"href":"https:\/\/www.qualidanse.fr\/magasin-reims\/wp-json\/wp\/v2\/users\/3"}],"replies":[{"embeddable":true,"href":"https:\/\/www.qualidanse.fr\/magasin-reims\/wp-json\/wp\/v2\/comments?post=13"}],"version-history":[{"count":3,"href":"https:\/\/www.qualidanse.fr\/magasin-reims\/wp-json\/wp\/v2\/pages\/13\/revisions"}],"predecessor-version":[{"id":55,"href":"https:\/\/www.qualidanse.fr\/magasin-reims\/wp-json\/wp\/v2\/pages\/13\/revisions\/55"}],"wp:attachment":[{"href":"https:\/\/www.qualidanse.fr\/magasin-reims\/wp-json\/wp\/v2\/media?parent=13"}],"curies":[{"name":"wp","href":"https:\/\/api.w.org\/{rel}","templated":true}]}}