{"id":2,"date":"2018-08-30T17:13:23","date_gmt":"2018-08-30T15:13:23","guid":{"rendered":"https:\/\/www.qualidanse.fr\/marque-degas\/?page_id=2"},"modified":"2025-01-30T12:34:44","modified_gmt":"2025-01-30T11:34:44","slug":"page-d-exemple","status":"publish","type":"page","link":"https:\/\/www.qualidanse.fr\/marque-degas\/","title":{"rendered":"DEGAS"},"content":{"rendered":"<h2>DEGAS : un savoir-faire reconnu dans l&rsquo;univers de la danse<\/h2>\n<p>Depuis 1992, la marque DEGAS conserve la transmission de son <strong>savoir-faire<\/strong> et de ses valeurs en <strong>fabriquant en France<\/strong> l\u2019ensemble de ses cr\u00e9ations. C\u2019est dans l\u2019atelier familial que sont imagin\u00e9s, travaill\u00e9s et produits tous nos mod\u00e8les. DEGAS ou la plus fran\u00e7aise des marques de danse.<\/p>\n<p>L\u2019\u00e9quipe DEGAS \u00e9volue aujourd\u2019hui pour assurer le renouveau de la marque en perp\u00e9tuant ses lignes qui en font depuis toujours ans <strong>un style unique pour la danse<\/strong>.<\/p>\n<p>Fid\u00e8le \u00e0 son image d\u2019<strong>\u00e9l\u00e9gance<\/strong> et de <strong>qualit\u00e9<\/strong>, la collection est disponible dans les boutiques sp\u00e9cialis\u00e9es d\u2019articles de danse.<\/p>\n<p><strong>Fournisseur Officiel du Ballet de l\u2019Op\u00e9ra National de Paris<\/strong>, l\u2019Ecole de Danse de l\u2019Op\u00e9ra de Paris et DEGAS conjuguent un style et un savoir-faire fran\u00e7ais\u00a0: DEGAS habille les Petits Rats depuis 1992.<\/p>\n<p>Notre marque a \u00e9t\u00e9 choisie pour repr\u00e9senter le Lot lors de la <a href=\"https:\/\/www.qualidanse.fr\/marque-degas\/actualites\/debut-fev-degas-expose-a-lelysee\/\" target=\"_blank\" rel=\"noopener noreferrer\">Grande Exposition du Fabriqu\u00e9 en France<\/a> organis\u00e9e au Palais de l&rsquo;Elys\u00e9e en janvier 2020.<\/p>\n<h2>DEGAS : une collection vari\u00e9e de tenues de danse<\/h2>\n<p>La collection DEGAS se d\u00e9cline en plusieurs lignes\u00a0:<\/p>\n<ul>\n<li><strong>Ligne Ecoles de danse<\/strong>\u00a0: une s\u00e9lection des mod\u00e8les incontournables pour <a href=\"https:\/\/www.degas.fr\/ssfamille.php?pg_id_ssfamille=1537\" target=\"_blank\" rel=\"noopener noreferrer\">habiller les cours de danse<\/a> avec un tarif \u00e9tudi\u00e9 pour en faire une gamme accessible \u00e0 tous.<\/li>\n<li><strong>Tuniques et Justaucorps\u00a0<\/strong>: <a href=\"https:\/\/www.degas.fr\/famille-tuniques-et-justaucorps,20.html\" target=\"_blank\" rel=\"noopener noreferrer\">retrouvez l\u2019int\u00e9gralit\u00e9 de nos mod\u00e8les<\/a> avec ou sans jupette, des plus simples aux plus sophistiqu\u00e9s.<\/li>\n<li><strong>Danseurs<\/strong>\u00a0: toute une ligne pour les danseurs, petits et grands\u00a0!<\/li>\n<li><strong>Classes B\u00e9b\u00e9s<\/strong>\u00a0: une s\u00e9lection pour les petites \u00e9toiles\u00a0!<\/li>\n<li><strong>Chaussons et Collants<\/strong>\u00a0: DEGAS c\u2019est \u00e9galement une paire de demi-pointes embl\u00e9matique et une ligne de pointes \u00e9tudi\u00e9e sp\u00e9cialement pour les d\u00e9butantes.<\/li>\n<li><strong>Sacs et Accessoires<\/strong>\u00a0: retrouvez nos sacs couture et les accessoires qui agr\u00e9menteront votre tenue.<\/li>\n<li><b>\u00c9chauffement\u00a0<\/b>: avant et apr\u00e8s le cours. De la combinaison en passant par le pantalon, les cache-c\u0153urs et les hauts sportswear, trouvez la tenue confortable id\u00e9ale.<\/li>\n<li><strong>Sc\u00e8ne\u00a0<\/strong>: robes, jupes et tutus. Un choix de robes d\u2019adage et de tutus pour la sc\u00e8ne, en concours ou en spectacle.<\/li>\n<\/ul>\n<h2>DEGAS : le partenaire des boutiques sp\u00e9cialis\u00e9es d&rsquo;articles de danse<\/h2>\n<p>DEGAS vous lance une invitation \u00e0 la danse. En poussant la porte de votre <a href=\"https:\/\/www.qualidanse.fr\/magasins\/\" target=\"_blank\" rel=\"noopener noreferrer\">boutique sp\u00e9cialis\u00e9e<\/a> en articles de danse\u00a0et labellis\u00e9e <strong>Qualidanse<\/strong>, vous d\u00e9couvrirez l\u2019univers d\u00e9licat et raffin\u00e9 de DEGAS :<\/p>\n<p><a href=\"https:\/\/www.qualidanse.fr\/magasin-angers\/\">DANSES ET PLAGE<\/a> \u00e0 Angers, <a href=\"https:\/\/www.qualidanse.fr\/magasin-aubagne\/\">DANSE <\/a>\u00e0 Aubagne, <a href=\"https:\/\/www.qualidanse.fr\/magasin-avignon\/\">MEDIA DANSE<\/a> \u00e0 Avignon, <a href=\"https:\/\/www.qualidanse.fr\/magasin-biarritz\/\">BIARRITZ DANSE<\/a> \u00e0 Biarritz, <a href=\"https:\/\/www.qualidanse.fr\/magasin-montpellier\/\">ESPRIT DANSE<\/a> \u00e0 Montpellier-Clapiers, <a href=\"https:\/\/www.qualidanse.fr\/magasin-coppelia-lyon\/\">COPPELIA<\/a> \u00e0 Lyon, <a href=\"https:\/\/www.qualidanse.fr\/magasin-glace-danse-lyon\/\">GLACE DANSE<\/a> \u00e0 Lyon, <a href=\"https:\/\/www.qualidanse.fr\/magasin-orleans\/\">STALA DANSE<\/a> \u00e0 Orl\u00e9ans, <a href=\"https:\/\/www.qualidanse.fr\/magasin-paris\/\" target=\"_blank\" rel=\"noopener noreferrer\">FLASHDANCE<\/a> \u00e0 Paris, <a href=\"https:\/\/www.qualidanse.fr\/magasin-evry\/\" target=\"_blank\" rel=\"noopener noreferrer\">LE MONDE DE LA DANSE<\/a> \u00e0 Sainte Genevi\u00e8ve des Bois.<\/p>\n<p>En rejoignant le r\u00e9seau <a href=\"https:\/\/www.qualidanse.fr\/\">Qualidanse<\/a>, <a href=\"http:\/\/www.degas.fr\/\" target=\"_blank\" rel=\"noopener noreferrer\">DEGAS<\/a> accorde sa confiance aux boutiques sp\u00e9cialis\u00e9es et permet ainsi la collaboration des danseurs, des professeurs, des boutiques et de tous les passionn\u00e9s de danse pour repr\u00e9senter notre belle marque et vous apporter le conseil et le service de proximit\u00e9.<\/p>\n","protected":false},"excerpt":{"rendered":"<p>DEGAS : un savoir-faire reconnu dans l&rsquo;univers de la danse Depuis 1992, la marque DEGAS conserve la transmission de son savoir-faire et de ses valeurs en fabriquant en France l\u2019ensemble [&hellip;]<\/p>\n","protected":false},"author":3,"featured_media":0,"parent":0,"menu_order":0,"comment_status":"closed","ping_status":"closed","template":"","meta":{"_acf_changed":false,"footnotes":""},"class_list":["post-2","page","type-page","status-publish","hentry","wp-sticky"],"acf":[],"yoast_head":"<!-- This site is optimized with the Yoast SEO plugin v27.5 - https:\/\/yoast.com\/product\/yoast-seo-wordpress\/ -->\n<title>Marque de danse DEGAS, tenues danse classique<\/title>\n<meta name=\"description\" content=\"La marque DEGAS, labellis\u00e9e Qualidanse, fabrique des tenues, chaussons et accessoires pour la danse classique. Fabrication fran\u00e7aise.\" \/>\n<meta name=\"robots\" content=\"index, follow, max-snippet:-1, max-image-preview:large, max-video-preview:-1\" \/>\n<link rel=\"canonical\" href=\"https:\/\/www.qualidanse.fr\/marque-degas\/\" \/>\n<meta property=\"og:locale\" content=\"fr_FR\" \/>\n<meta property=\"og:type\" content=\"article\" \/>\n<meta property=\"og:title\" content=\"Marque de danse DEGAS, tenues danse classique\" \/>\n<meta property=\"og:description\" content=\"La marque DEGAS, labellis\u00e9e Qualidanse, fabrique des tenues, chaussons et accessoires pour la danse classique. Fabrication fran\u00e7aise.\" \/>\n<meta property=\"og:url\" content=\"https:\/\/www.qualidanse.fr\/marque-degas\/\" \/>\n<meta property=\"og:site_name\" content=\"Degas\" \/>\n<meta property=\"article:modified_time\" content=\"2025-01-30T11:34:44+00:00\" \/>\n<meta name=\"twitter:card\" content=\"summary_large_image\" \/>\n<meta name=\"twitter:label1\" content=\"Dur\u00e9e de lecture estim\u00e9e\" \/>\n\t<meta name=\"twitter:data1\" content=\"2 minutes\" \/>\n<script type=\"application\/ld+json\" class=\"yoast-schema-graph\">{\"@context\":\"https:\\\/\\\/schema.org\",\"@graph\":[{\"@type\":\"WebPage\",\"@id\":\"https:\\\/\\\/www.qualidanse.fr\\\/marque-degas\\\/\",\"url\":\"https:\\\/\\\/www.qualidanse.fr\\\/marque-degas\\\/\",\"name\":\"Marque de danse DEGAS, tenues danse classique\",\"isPartOf\":{\"@id\":\"https:\\\/\\\/www.qualidanse.fr\\\/marque-degas\\\/#website\"},\"datePublished\":\"2018-08-30T15:13:23+00:00\",\"dateModified\":\"2025-01-30T11:34:44+00:00\",\"description\":\"La marque DEGAS, labellis\u00e9e Qualidanse, fabrique des tenues, chaussons et accessoires pour la danse classique. Fabrication fran\u00e7aise.\",\"inLanguage\":\"fr-FR\",\"potentialAction\":[{\"@type\":\"ReadAction\",\"target\":[\"https:\\\/\\\/www.qualidanse.fr\\\/marque-degas\\\/\"]}]},{\"@type\":\"WebSite\",\"@id\":\"https:\\\/\\\/www.qualidanse.fr\\\/marque-degas\\\/#website\",\"url\":\"https:\\\/\\\/www.qualidanse.fr\\\/marque-degas\\\/\",\"name\":\"Degas\",\"description\":\"\",\"potentialAction\":[{\"@type\":\"SearchAction\",\"target\":{\"@type\":\"EntryPoint\",\"urlTemplate\":\"https:\\\/\\\/www.qualidanse.fr\\\/marque-degas\\\/?s={search_term_string}\"},\"query-input\":{\"@type\":\"PropertyValueSpecification\",\"valueRequired\":true,\"valueName\":\"search_term_string\"}}],\"inLanguage\":\"fr-FR\"}]}<\/script>\n<!-- \/ Yoast SEO plugin. -->","yoast_head_json":{"title":"Marque de danse DEGAS, tenues danse classique","description":"La marque DEGAS, labellis\u00e9e Qualidanse, fabrique des tenues, chaussons et accessoires pour la danse classique. Fabrication fran\u00e7aise.","robots":{"index":"index","follow":"follow","max-snippet":"max-snippet:-1","max-image-preview":"max-image-preview:large","max-video-preview":"max-video-preview:-1"},"canonical":"https:\/\/www.qualidanse.fr\/marque-degas\/","og_locale":"fr_FR","og_type":"article","og_title":"Marque de danse DEGAS, tenues danse classique","og_description":"La marque DEGAS, labellis\u00e9e Qualidanse, fabrique des tenues, chaussons et accessoires pour la danse classique. Fabrication fran\u00e7aise.","og_url":"https:\/\/www.qualidanse.fr\/marque-degas\/","og_site_name":"Degas","article_modified_time":"2025-01-30T11:34:44+00:00","twitter_card":"summary_large_image","twitter_misc":{"Dur\u00e9e de lecture estim\u00e9e":"2 minutes"},"schema":{"@context":"https:\/\/schema.org","@graph":[{"@type":"WebPage","@id":"https:\/\/www.qualidanse.fr\/marque-degas\/","url":"https:\/\/www.qualidanse.fr\/marque-degas\/","name":"Marque de danse DEGAS, tenues danse classique","isPartOf":{"@id":"https:\/\/www.qualidanse.fr\/marque-degas\/#website"},"datePublished":"2018-08-30T15:13:23+00:00","dateModified":"2025-01-30T11:34:44+00:00","description":"La marque DEGAS, labellis\u00e9e Qualidanse, fabrique des tenues, chaussons et accessoires pour la danse classique. Fabrication fran\u00e7aise.","inLanguage":"fr-FR","potentialAction":[{"@type":"ReadAction","target":["https:\/\/www.qualidanse.fr\/marque-degas\/"]}]},{"@type":"WebSite","@id":"https:\/\/www.qualidanse.fr\/marque-degas\/#website","url":"https:\/\/www.qualidanse.fr\/marque-degas\/","name":"Degas","description":"","potentialAction":[{"@type":"SearchAction","target":{"@type":"EntryPoint","urlTemplate":"https:\/\/www.qualidanse.fr\/marque-degas\/?s={search_term_string}"},"query-input":{"@type":"PropertyValueSpecification","valueRequired":true,"valueName":"search_term_string"}}],"inLanguage":"fr-FR"}]}},"_links":{"self":[{"href":"https:\/\/www.qualidanse.fr\/marque-degas\/wp-json\/wp\/v2\/pages\/2","targetHints":{"allow":["GET"]}}],"collection":[{"href":"https:\/\/www.qualidanse.fr\/marque-degas\/wp-json\/wp\/v2\/pages"}],"about":[{"href":"https:\/\/www.qualidanse.fr\/marque-degas\/wp-json\/wp\/v2\/types\/page"}],"author":[{"embeddable":true,"href":"https:\/\/www.qualidanse.fr\/marque-degas\/wp-json\/wp\/v2\/users\/3"}],"replies":[{"embeddable":true,"href":"https:\/\/www.qualidanse.fr\/marque-degas\/wp-json\/wp\/v2\/comments?post=2"}],"version-history":[{"count":21,"href":"https:\/\/www.qualidanse.fr\/marque-degas\/wp-json\/wp\/v2\/pages\/2\/revisions"}],"predecessor-version":[{"id":642,"href":"https:\/\/www.qualidanse.fr\/marque-degas\/wp-json\/wp\/v2\/pages\/2\/revisions\/642"}],"wp:attachment":[{"href":"https:\/\/www.qualidanse.fr\/marque-degas\/wp-json\/wp\/v2\/media?parent=2"}],"curies":[{"name":"wp","href":"https:\/\/api.w.org\/{rel}","templated":true}]}}