{"id":35,"date":"2018-08-30T18:19:36","date_gmt":"2018-08-30T16:19:36","guid":{"rendered":"https:\/\/www.qualidanse.fr\/marque-degas\/?page_id=35"},"modified":"2025-01-30T12:37:11","modified_gmt":"2025-01-30T11:37:11","slug":"a-propos","status":"publish","type":"page","link":"https:\/\/www.qualidanse.fr\/marque-degas\/a-propos\/","title":{"rendered":"La marque"},"content":{"rendered":"<p>Nous vous invitons \u00e0 d\u00e9couvrir l\u2019ensemble de notre collection sur notre site internet et dans les boutiques partenaires !<\/p>\n<p>Chaque nouvelle session de photos donne lieu \u00e0 une mise \u00e0 jour de notre site et de la pr\u00e9sentation de nos mod\u00e8les.<\/p>\n<p>Vous pouvez \u00e9galement suivre notre actualit\u00e9 sur notre page <strong><a href=\"https:\/\/www.instagram.com\/degas_france\/\" target=\"_blank\" rel=\"noopener noreferrer\">Instagram<\/a><\/strong> et notre page <strong><a href=\"https:\/\/www.facebook.com\/DegasDanse\/\" target=\"_blank\" rel=\"noopener noreferrer\">Facebook<\/a><\/strong>.\u00a0 Nous suivons de pr\u00e8s l\u2019actualit\u00e9 de la danse avec ses concours et ses spectacles. Nous avons grand plaisir \u00e0 partager vos clich\u00e9s lorsque vous repr\u00e9sentez notre belle marque. Nous organisons r\u00e9guli\u00e8rement des jeux\/concours en partenariat avec les boutiques sp\u00e9cialis\u00e9es. Suivez-nous et abonnez-vous !<br \/>\n<img decoding=\"async\" src=\"https:\/\/www.qualidanse.fr\/wp-inside\/uploads\/sites\/19\/2024\/04\/degas-nouvelle-collection-danse-lichen-1024x683.jpg\" class=\"aligncenter size-large\" \/><\/p>\n<h2>DEGAS : sp\u00e9cialiste des tenues pour la danse classique<\/h2>\n<p>Depuis 1992, la maison DEGAS est devenue une r\u00e9f\u00e9rence dans la fabrication de v\u00eatements pour la danse et plus sp\u00e9cifiquement de<a href=\"https:\/\/www.qualidanse.fr\/marque-degas\/rayons\/tuniques-et-justaucorps\/\" target=\"_blank\" rel=\"noopener noreferrer\"> justaucorps et tuniques<\/a> pour la danse classique.<\/p>\n<p>Notre palette de coloris pastels avec tulles assortis \u00e9tait \u00e0 l\u2019\u00e9poque une premi\u00e8re ! Certains de nos mod\u00e8les comme la tunique 25, le justaucorps 9501 ou bien nos tuniques avec la jupette partant de sous la poitrine ont \u00e9t\u00e9 repris par de tr\u00e8s nombreuses marques. Nos justaucorps et tuniques se retrouvent sur toutes les sc\u00e8nes de concours.<\/p>\n<h2>DEGAS : partenaire des magasins sp\u00e9cialis\u00e9s en articles de danse<\/h2>\n<p>Depuis 1992, la maison DEGAS s\u2019appuie sur le r\u00e9seau des<a href=\"https:\/\/www.qualidanse.fr\/marque-degas\/magasins\/\" target=\"_blank\" rel=\"noopener noreferrer\"> boutiques sp\u00e9cialis\u00e9es<\/a> en articles de danse en France et \u00e0 l\u2019\u00e9tranger. Nous pensons que les boutiques sp\u00e9cialis\u00e9es sont les partenaires ad\u00e9quats pour \u00e9quiper danseuses et danseurs de tous niveaux.<\/p>\n<p>Rendez-vous dans les boutiques d&rsquo;articles de danse pour d\u00e9couvrir chaque ann\u00e9e notre nouvelle collection : le justaucorps de danse est au centre de toutes nos attentions mais nous cr\u00e9ons \u00e9galement des tenues d&rsquo;\u00e9chauffement confortables.<\/p>\n<p>C\u2019est par leur interm\u00e9diaire que les \u00e9coles de danse, professeurs de danse, conservatoires, associations \u2026 peuvent choisir et conseiller nos mod\u00e8les \u00e0 leurs \u00e9l\u00e8ves. Certains revendeurs suivent la marque depuis sa cr\u00e9ation et sauront vous faire partager leurs exp\u00e9riences et leurs pr\u00e9cieux conseils.<\/p>\n<h2>DEGAS\u00a0: partenaire des professeurs de danse<\/h2>\n<p>Depuis 1992, la maison DEGAS s\u2019applique \u00e0 r\u00e9pondre aux exigences des professeurs de danse et des \u00e9coles de danse. Nous sommes tr\u00e8s fiers que l\u2019Ecole de danse du Ballet de l\u2019Op\u00e9ra de Paris nous accorde sa confiance en nous faisant fabriquer des tenues qui leur sont propres. Nous suivons nos coloris d\u2019une saison \u00e0 l\u2019autre, permettant ainsi aux professeurs de danse qui choisissent nos tenues de s\u2019engager sur plusieurs ann\u00e9es sans avoir \u00e0 en changer.<\/p>\n<p>Du studio \u00e0 la <a href=\"https:\/\/www.qualidanse.fr\/marque-degas\/rayons\/scene\/\" target=\"_blank\" rel=\"noopener noreferrer\">sc\u00e8ne<\/a>, la maison DEGAS est en mesure de r\u00e9pondre \u00e0 toutes vos exigences et vous accompagne dans la r\u00e9alisation de vos tutus et de vos costumes pour vos spectacles de fin d\u2019ann\u00e9e. Si vous rencontrez des difficult\u00e9s pour trouver un revendeur, contactez-nous via notre page <a href=\"https:\/\/www.facebook.com\/DegasDanse\/\" target=\"_blank\" rel=\"noopener noreferrer\">Facebook\u00a0<\/a>!<\/p>\n\n\t\t<style type=\"text\/css\">\n\t\t\t#gallery-1 {\n\t\t\t\tmargin: auto;\n\t\t\t}\n\t\t\t#gallery-1 .gallery-item {\n\t\t\t\tfloat: left;\n\t\t\t\tmargin-top: 10px;\n\t\t\t\ttext-align: center;\n\t\t\t\twidth: 50%;\n\t\t\t}\n\t\t\t#gallery-1 img {\n\t\t\t\tborder: 2px solid #cfcfcf;\n\t\t\t}\n\t\t\t#gallery-1 .gallery-caption {\n\t\t\t\tmargin-left: 0;\n\t\t\t}\n\t\t\t\/* see gallery_shortcode() in wp-includes\/media.php *\/\n\t\t<\/style>\n\t\t<div id='gallery-1' class='gallery galleryid-35 gallery-columns-2 gallery-size-full'><dl class='gallery-item'>\n\t\t\t<dt class='gallery-icon landscape'>\n\t\t\t\t<a href='https:\/\/www.qualidanse.fr\/wp-inside\/uploads\/sites\/19\/2025\/01\/97bianca_fouege_opale_terracotta_lichen_2.jpg'><img loading=\"lazy\" decoding=\"async\" width=\"1178\" height=\"786\" src=\"https:\/\/www.qualidanse.fr\/wp-inside\/uploads\/sites\/19\/2025\/01\/97bianca_fouege_opale_terracotta_lichen_2.jpg\" class=\"attachment-full size-full\" alt=\"\" srcset=\"https:\/\/www.qualidanse.fr\/wp-inside\/uploads\/sites\/19\/2025\/01\/97bianca_fouege_opale_terracotta_lichen_2.jpg 1178w, https:\/\/www.qualidanse.fr\/wp-inside\/uploads\/sites\/19\/2025\/01\/97bianca_fouege_opale_terracotta_lichen_2-300x200.jpg 300w, https:\/\/www.qualidanse.fr\/wp-inside\/uploads\/sites\/19\/2025\/01\/97bianca_fouege_opale_terracotta_lichen_2-1024x683.jpg 1024w, https:\/\/www.qualidanse.fr\/wp-inside\/uploads\/sites\/19\/2025\/01\/97bianca_fouege_opale_terracotta_lichen_2-768x512.jpg 768w, https:\/\/www.qualidanse.fr\/wp-inside\/uploads\/sites\/19\/2025\/01\/97bianca_fouege_opale_terracotta_lichen_2-165x110.jpg 165w, https:\/\/www.qualidanse.fr\/wp-inside\/uploads\/sites\/19\/2025\/01\/97bianca_fouege_opale_terracotta_lichen_2-330x220.jpg 330w, https:\/\/www.qualidanse.fr\/wp-inside\/uploads\/sites\/19\/2025\/01\/97bianca_fouege_opale_terracotta_lichen_2-150x100.jpg 150w, https:\/\/www.qualidanse.fr\/wp-inside\/uploads\/sites\/19\/2025\/01\/97bianca_fouege_opale_terracotta_lichen_2-200x133.jpg 200w, https:\/\/www.qualidanse.fr\/wp-inside\/uploads\/sites\/19\/2025\/01\/97bianca_fouege_opale_terracotta_lichen_2-225x150.jpg 225w\" sizes=\"auto, (max-width: 1178px) 100vw, 1178px\" \/><\/a>\n\t\t\t<\/dt><\/dl><dl class='gallery-item'>\n\t\t\t<dt class='gallery-icon landscape'>\n\t\t\t\t<a href='https:\/\/www.qualidanse.fr\/wp-inside\/uploads\/sites\/19\/2019\/05\/qualidanse-marque-degas-a-propos-gallerie-3.jpg'><img loading=\"lazy\" decoding=\"async\" width=\"1200\" height=\"800\" src=\"https:\/\/www.qualidanse.fr\/wp-inside\/uploads\/sites\/19\/2019\/05\/qualidanse-marque-degas-a-propos-gallerie-3.jpg\" class=\"attachment-full size-full\" alt=\"Qualidanse Degas\" srcset=\"https:\/\/www.qualidanse.fr\/wp-inside\/uploads\/sites\/19\/2019\/05\/qualidanse-marque-degas-a-propos-gallerie-3.jpg 1200w, https:\/\/www.qualidanse.fr\/wp-inside\/uploads\/sites\/19\/2019\/05\/qualidanse-marque-degas-a-propos-gallerie-3-300x200.jpg 300w, https:\/\/www.qualidanse.fr\/wp-inside\/uploads\/sites\/19\/2019\/05\/qualidanse-marque-degas-a-propos-gallerie-3-768x512.jpg 768w, https:\/\/www.qualidanse.fr\/wp-inside\/uploads\/sites\/19\/2019\/05\/qualidanse-marque-degas-a-propos-gallerie-3-1024x683.jpg 1024w, https:\/\/www.qualidanse.fr\/wp-inside\/uploads\/sites\/19\/2019\/05\/qualidanse-marque-degas-a-propos-gallerie-3-165x110.jpg 165w, https:\/\/www.qualidanse.fr\/wp-inside\/uploads\/sites\/19\/2019\/05\/qualidanse-marque-degas-a-propos-gallerie-3-330x220.jpg 330w, https:\/\/www.qualidanse.fr\/wp-inside\/uploads\/sites\/19\/2019\/05\/qualidanse-marque-degas-a-propos-gallerie-3-150x100.jpg 150w, https:\/\/www.qualidanse.fr\/wp-inside\/uploads\/sites\/19\/2019\/05\/qualidanse-marque-degas-a-propos-gallerie-3-200x133.jpg 200w, https:\/\/www.qualidanse.fr\/wp-inside\/uploads\/sites\/19\/2019\/05\/qualidanse-marque-degas-a-propos-gallerie-3-225x150.jpg 225w\" sizes=\"auto, (max-width: 1200px) 100vw, 1200px\" \/><\/a>\n\t\t\t<\/dt><\/dl><br style=\"clear: both\" \/>\n\t\t<\/div>\n\n","protected":false},"excerpt":{"rendered":"<p>Nous vous invitons \u00e0 d\u00e9couvrir l\u2019ensemble de notre collection sur notre site internet et dans les boutiques partenaires ! Chaque nouvelle session de photos donne lieu \u00e0 une mise \u00e0 [&hellip;]<\/p>\n","protected":false},"author":3,"featured_media":0,"parent":0,"menu_order":10,"comment_status":"closed","ping_status":"closed","template":"","meta":{"_acf_changed":false,"footnotes":""},"class_list":["post-35","page","type-page","status-publish","hentry","wp-sticky"],"acf":[],"yoast_head":"<!-- This site is optimized with the Yoast SEO plugin v27.5 - https:\/\/yoast.com\/product\/yoast-seo-wordpress\/ -->\n<title>Justaucorps et tuniques danse classique, marque DEGAS<\/title>\n<meta name=\"description\" content=\"Sp\u00e9cialiste de la danse classique, la marque DEGAS cr\u00e9\u00e9 depuis 1992 des justaucorps et tuniques, et des tenues de sc\u00e8ne.\" \/>\n<meta name=\"robots\" content=\"index, follow, max-snippet:-1, max-image-preview:large, max-video-preview:-1\" \/>\n<link rel=\"canonical\" href=\"https:\/\/www.qualidanse.fr\/marque-degas\/a-propos\/\" \/>\n<meta property=\"og:locale\" content=\"fr_FR\" \/>\n<meta property=\"og:type\" content=\"article\" \/>\n<meta property=\"og:title\" content=\"Justaucorps et tuniques danse classique, marque DEGAS\" \/>\n<meta property=\"og:description\" content=\"Sp\u00e9cialiste de la danse classique, la marque DEGAS cr\u00e9\u00e9 depuis 1992 des justaucorps et tuniques, et des tenues de sc\u00e8ne.\" \/>\n<meta property=\"og:url\" content=\"https:\/\/www.qualidanse.fr\/marque-degas\/a-propos\/\" \/>\n<meta property=\"og:site_name\" content=\"Degas\" \/>\n<meta property=\"article:modified_time\" content=\"2025-01-30T11:37:11+00:00\" \/>\n<meta property=\"og:image\" content=\"https:\/\/www.qualidanse.fr\/wp-inside\/uploads\/sites\/19\/2025\/01\/97bianca_fouege_opale_terracotta_lichen_2.jpg\" \/>\n<meta name=\"twitter:card\" content=\"summary_large_image\" \/>\n<meta name=\"twitter:label1\" content=\"Dur\u00e9e de lecture estim\u00e9e\" \/>\n\t<meta name=\"twitter:data1\" content=\"2 minutes\" \/>\n<script type=\"application\/ld+json\" class=\"yoast-schema-graph\">{\"@context\":\"https:\\\/\\\/schema.org\",\"@graph\":[{\"@type\":\"WebPage\",\"@id\":\"https:\\\/\\\/www.qualidanse.fr\\\/marque-degas\\\/a-propos\\\/\",\"url\":\"https:\\\/\\\/www.qualidanse.fr\\\/marque-degas\\\/a-propos\\\/\",\"name\":\"Justaucorps et tuniques danse classique, marque DEGAS\",\"isPartOf\":{\"@id\":\"https:\\\/\\\/www.qualidanse.fr\\\/marque-degas\\\/#website\"},\"primaryImageOfPage\":{\"@id\":\"https:\\\/\\\/www.qualidanse.fr\\\/marque-degas\\\/a-propos\\\/#primaryimage\"},\"image\":{\"@id\":\"https:\\\/\\\/www.qualidanse.fr\\\/marque-degas\\\/a-propos\\\/#primaryimage\"},\"thumbnailUrl\":\"https:\\\/\\\/www.qualidanse.fr\\\/wp-inside\\\/uploads\\\/sites\\\/19\\\/2024\\\/04\\\/degas-nouvelle-collection-danse-lichen-1024x683.jpg\",\"datePublished\":\"2018-08-30T16:19:36+00:00\",\"dateModified\":\"2025-01-30T11:37:11+00:00\",\"description\":\"Sp\u00e9cialiste de la danse classique, la marque DEGAS cr\u00e9\u00e9 depuis 1992 des justaucorps et tuniques, et des tenues de sc\u00e8ne.\",\"inLanguage\":\"fr-FR\",\"potentialAction\":[{\"@type\":\"ReadAction\",\"target\":[\"https:\\\/\\\/www.qualidanse.fr\\\/marque-degas\\\/a-propos\\\/\"]}]},{\"@type\":\"ImageObject\",\"inLanguage\":\"fr-FR\",\"@id\":\"https:\\\/\\\/www.qualidanse.fr\\\/marque-degas\\\/a-propos\\\/#primaryimage\",\"url\":\"https:\\\/\\\/www.qualidanse.fr\\\/wp-inside\\\/uploads\\\/sites\\\/19\\\/2024\\\/04\\\/degas-nouvelle-collection-danse-lichen-1024x683.jpg\",\"contentUrl\":\"https:\\\/\\\/www.qualidanse.fr\\\/wp-inside\\\/uploads\\\/sites\\\/19\\\/2024\\\/04\\\/degas-nouvelle-collection-danse-lichen-1024x683.jpg\"},{\"@type\":\"WebSite\",\"@id\":\"https:\\\/\\\/www.qualidanse.fr\\\/marque-degas\\\/#website\",\"url\":\"https:\\\/\\\/www.qualidanse.fr\\\/marque-degas\\\/\",\"name\":\"Degas\",\"description\":\"\",\"potentialAction\":[{\"@type\":\"SearchAction\",\"target\":{\"@type\":\"EntryPoint\",\"urlTemplate\":\"https:\\\/\\\/www.qualidanse.fr\\\/marque-degas\\\/?s={search_term_string}\"},\"query-input\":{\"@type\":\"PropertyValueSpecification\",\"valueRequired\":true,\"valueName\":\"search_term_string\"}}],\"inLanguage\":\"fr-FR\"}]}<\/script>\n<!-- \/ Yoast SEO plugin. -->","yoast_head_json":{"title":"Justaucorps et tuniques danse classique, marque DEGAS","description":"Sp\u00e9cialiste de la danse classique, la marque DEGAS cr\u00e9\u00e9 depuis 1992 des justaucorps et tuniques, et des tenues de sc\u00e8ne.","robots":{"index":"index","follow":"follow","max-snippet":"max-snippet:-1","max-image-preview":"max-image-preview:large","max-video-preview":"max-video-preview:-1"},"canonical":"https:\/\/www.qualidanse.fr\/marque-degas\/a-propos\/","og_locale":"fr_FR","og_type":"article","og_title":"Justaucorps et tuniques danse classique, marque DEGAS","og_description":"Sp\u00e9cialiste de la danse classique, la marque DEGAS cr\u00e9\u00e9 depuis 1992 des justaucorps et tuniques, et des tenues de sc\u00e8ne.","og_url":"https:\/\/www.qualidanse.fr\/marque-degas\/a-propos\/","og_site_name":"Degas","article_modified_time":"2025-01-30T11:37:11+00:00","og_image":[{"url":"https:\/\/www.qualidanse.fr\/wp-inside\/uploads\/sites\/19\/2025\/01\/97bianca_fouege_opale_terracotta_lichen_2.jpg","type":"","width":"","height":""}],"twitter_card":"summary_large_image","twitter_misc":{"Dur\u00e9e de lecture estim\u00e9e":"2 minutes"},"schema":{"@context":"https:\/\/schema.org","@graph":[{"@type":"WebPage","@id":"https:\/\/www.qualidanse.fr\/marque-degas\/a-propos\/","url":"https:\/\/www.qualidanse.fr\/marque-degas\/a-propos\/","name":"Justaucorps et tuniques danse classique, marque DEGAS","isPartOf":{"@id":"https:\/\/www.qualidanse.fr\/marque-degas\/#website"},"primaryImageOfPage":{"@id":"https:\/\/www.qualidanse.fr\/marque-degas\/a-propos\/#primaryimage"},"image":{"@id":"https:\/\/www.qualidanse.fr\/marque-degas\/a-propos\/#primaryimage"},"thumbnailUrl":"https:\/\/www.qualidanse.fr\/wp-inside\/uploads\/sites\/19\/2024\/04\/degas-nouvelle-collection-danse-lichen-1024x683.jpg","datePublished":"2018-08-30T16:19:36+00:00","dateModified":"2025-01-30T11:37:11+00:00","description":"Sp\u00e9cialiste de la danse classique, la marque DEGAS cr\u00e9\u00e9 depuis 1992 des justaucorps et tuniques, et des tenues de sc\u00e8ne.","inLanguage":"fr-FR","potentialAction":[{"@type":"ReadAction","target":["https:\/\/www.qualidanse.fr\/marque-degas\/a-propos\/"]}]},{"@type":"ImageObject","inLanguage":"fr-FR","@id":"https:\/\/www.qualidanse.fr\/marque-degas\/a-propos\/#primaryimage","url":"https:\/\/www.qualidanse.fr\/wp-inside\/uploads\/sites\/19\/2024\/04\/degas-nouvelle-collection-danse-lichen-1024x683.jpg","contentUrl":"https:\/\/www.qualidanse.fr\/wp-inside\/uploads\/sites\/19\/2024\/04\/degas-nouvelle-collection-danse-lichen-1024x683.jpg"},{"@type":"WebSite","@id":"https:\/\/www.qualidanse.fr\/marque-degas\/#website","url":"https:\/\/www.qualidanse.fr\/marque-degas\/","name":"Degas","description":"","potentialAction":[{"@type":"SearchAction","target":{"@type":"EntryPoint","urlTemplate":"https:\/\/www.qualidanse.fr\/marque-degas\/?s={search_term_string}"},"query-input":{"@type":"PropertyValueSpecification","valueRequired":true,"valueName":"search_term_string"}}],"inLanguage":"fr-FR"}]}},"_links":{"self":[{"href":"https:\/\/www.qualidanse.fr\/marque-degas\/wp-json\/wp\/v2\/pages\/35","targetHints":{"allow":["GET"]}}],"collection":[{"href":"https:\/\/www.qualidanse.fr\/marque-degas\/wp-json\/wp\/v2\/pages"}],"about":[{"href":"https:\/\/www.qualidanse.fr\/marque-degas\/wp-json\/wp\/v2\/types\/page"}],"author":[{"embeddable":true,"href":"https:\/\/www.qualidanse.fr\/marque-degas\/wp-json\/wp\/v2\/users\/3"}],"replies":[{"embeddable":true,"href":"https:\/\/www.qualidanse.fr\/marque-degas\/wp-json\/wp\/v2\/comments?post=35"}],"version-history":[{"count":17,"href":"https:\/\/www.qualidanse.fr\/marque-degas\/wp-json\/wp\/v2\/pages\/35\/revisions"}],"predecessor-version":[{"id":645,"href":"https:\/\/www.qualidanse.fr\/marque-degas\/wp-json\/wp\/v2\/pages\/35\/revisions\/645"}],"wp:attachment":[{"href":"https:\/\/www.qualidanse.fr\/marque-degas\/wp-json\/wp\/v2\/media?parent=35"}],"curies":[{"name":"wp","href":"https:\/\/api.w.org\/{rel}","templated":true}]}}