{"id":9,"date":"2019-01-17T10:41:50","date_gmt":"2019-01-17T09:41:50","guid":{"rendered":"https:\/\/www.qualidanse.fr\/marque-merlet\/?page_id=9"},"modified":"2025-02-25T16:09:53","modified_gmt":"2025-02-25T15:09:53","slug":"a-propos","status":"publish","type":"page","link":"https:\/\/www.qualidanse.fr\/marque-merlet\/a-propos\/","title":{"rendered":"La marque"},"content":{"rendered":"<p>&nbsp;<\/p>\n<p><strong>Fabricant depuis 1974, Merlet consacre son savoir-faire et sa passion de la danse \u00e0 la conception et la fabrication de chaussons et chaussures de danse, dans la plus pure tradition des maitres chaussonniers.<\/strong><\/p>\n<p>&nbsp;<\/p>\n\n\t\t<style type=\"text\/css\">\n\t\t\t#gallery-1 {\n\t\t\t\tmargin: auto;\n\t\t\t}\n\t\t\t#gallery-1 .gallery-item {\n\t\t\t\tfloat: left;\n\t\t\t\tmargin-top: 10px;\n\t\t\t\ttext-align: center;\n\t\t\t\twidth: 50%;\n\t\t\t}\n\t\t\t#gallery-1 img {\n\t\t\t\tborder: 2px solid #cfcfcf;\n\t\t\t}\n\t\t\t#gallery-1 .gallery-caption {\n\t\t\t\tmargin-left: 0;\n\t\t\t}\n\t\t\t\/* see gallery_shortcode() in wp-includes\/media.php *\/\n\t\t<\/style>\n\t\t<div id='gallery-1' class='gallery galleryid-9 gallery-columns-2 gallery-size-medium'><dl class='gallery-item'>\n\t\t\t<dt class='gallery-icon landscape'>\n\t\t\t\t<a href='https:\/\/www.qualidanse.fr\/marque-merlet\/a-propos\/design-sans-titre-2025-02-25t160509-186\/'><img loading=\"lazy\" decoding=\"async\" width=\"300\" height=\"300\" src=\"https:\/\/www.qualidanse.fr\/wp-inside\/uploads\/sites\/20\/2025\/02\/design-sans-titre-2025-02-25t160509.186-300x300.jpg\" class=\"attachment-medium size-medium\" alt=\"\" srcset=\"https:\/\/www.qualidanse.fr\/wp-inside\/uploads\/sites\/20\/2025\/02\/design-sans-titre-2025-02-25t160509.186-300x300.jpg 300w, https:\/\/www.qualidanse.fr\/wp-inside\/uploads\/sites\/20\/2025\/02\/design-sans-titre-2025-02-25t160509.186-1024x1024.jpg 1024w, https:\/\/www.qualidanse.fr\/wp-inside\/uploads\/sites\/20\/2025\/02\/design-sans-titre-2025-02-25t160509.186-150x150.jpg 150w, https:\/\/www.qualidanse.fr\/wp-inside\/uploads\/sites\/20\/2025\/02\/design-sans-titre-2025-02-25t160509.186-768x768.jpg 768w, https:\/\/www.qualidanse.fr\/wp-inside\/uploads\/sites\/20\/2025\/02\/design-sans-titre-2025-02-25t160509.186-110x110.jpg 110w, https:\/\/www.qualidanse.fr\/wp-inside\/uploads\/sites\/20\/2025\/02\/design-sans-titre-2025-02-25t160509.186-220x220.jpg 220w, https:\/\/www.qualidanse.fr\/wp-inside\/uploads\/sites\/20\/2025\/02\/design-sans-titre-2025-02-25t160509.186-100x100.jpg 100w, https:\/\/www.qualidanse.fr\/wp-inside\/uploads\/sites\/20\/2025\/02\/design-sans-titre-2025-02-25t160509.186-330x330.jpg 330w, https:\/\/www.qualidanse.fr\/wp-inside\/uploads\/sites\/20\/2025\/02\/design-sans-titre-2025-02-25t160509.186-200x200.jpg 200w, https:\/\/www.qualidanse.fr\/wp-inside\/uploads\/sites\/20\/2025\/02\/design-sans-titre-2025-02-25t160509.186.jpg 1080w\" sizes=\"auto, (max-width: 300px) 100vw, 300px\" \/><\/a>\n\t\t\t<\/dt><\/dl><dl class='gallery-item'>\n\t\t\t<dt class='gallery-icon landscape'>\n\t\t\t\t<a href='https:\/\/www.qualidanse.fr\/marque-merlet\/a-propos\/design-sans-titre-2025-02-25t160359-190\/'><img loading=\"lazy\" decoding=\"async\" width=\"300\" height=\"300\" src=\"https:\/\/www.qualidanse.fr\/wp-inside\/uploads\/sites\/20\/2025\/02\/design-sans-titre-2025-02-25t160359.190-300x300.jpg\" class=\"attachment-medium size-medium\" alt=\"\" srcset=\"https:\/\/www.qualidanse.fr\/wp-inside\/uploads\/sites\/20\/2025\/02\/design-sans-titre-2025-02-25t160359.190-300x300.jpg 300w, https:\/\/www.qualidanse.fr\/wp-inside\/uploads\/sites\/20\/2025\/02\/design-sans-titre-2025-02-25t160359.190-1024x1024.jpg 1024w, https:\/\/www.qualidanse.fr\/wp-inside\/uploads\/sites\/20\/2025\/02\/design-sans-titre-2025-02-25t160359.190-150x150.jpg 150w, https:\/\/www.qualidanse.fr\/wp-inside\/uploads\/sites\/20\/2025\/02\/design-sans-titre-2025-02-25t160359.190-768x768.jpg 768w, https:\/\/www.qualidanse.fr\/wp-inside\/uploads\/sites\/20\/2025\/02\/design-sans-titre-2025-02-25t160359.190-110x110.jpg 110w, https:\/\/www.qualidanse.fr\/wp-inside\/uploads\/sites\/20\/2025\/02\/design-sans-titre-2025-02-25t160359.190-220x220.jpg 220w, https:\/\/www.qualidanse.fr\/wp-inside\/uploads\/sites\/20\/2025\/02\/design-sans-titre-2025-02-25t160359.190-100x100.jpg 100w, https:\/\/www.qualidanse.fr\/wp-inside\/uploads\/sites\/20\/2025\/02\/design-sans-titre-2025-02-25t160359.190-330x330.jpg 330w, https:\/\/www.qualidanse.fr\/wp-inside\/uploads\/sites\/20\/2025\/02\/design-sans-titre-2025-02-25t160359.190-200x200.jpg 200w, https:\/\/www.qualidanse.fr\/wp-inside\/uploads\/sites\/20\/2025\/02\/design-sans-titre-2025-02-25t160359.190.jpg 1080w\" sizes=\"auto, (max-width: 300px) 100vw, 300px\" \/><\/a>\n\t\t\t<\/dt><\/dl><br style=\"clear: both\" \/>\n\t\t<\/div>\n\n<p>&nbsp;<\/p>\n<p>Une attention toute particuli\u00e8re est accord\u00e9e \u00e0 chaque d\u00e9tail afin de garantir aux danseuses et aux danseurs <strong>un produit d&rsquo;une qualit\u00e9 et d&rsquo;une finition parfaites.<\/strong> Chaque paire est d\u00e9velopp\u00e9e avec soin dans notre atelier de Verneuil-sur-Vienne, \u00e0 c\u00f4t\u00e9 de Limoges, et fait l\u2019objet d\u2019un contr\u00f4le rigoureux.<\/p>\n<p>&nbsp;<\/p>\n<p>Conscient que la danse est un art exigent, <strong>Merlet se r\u00e9invente chaque jour gr\u00e2ce \u00e0 de nouvelles techniques<\/strong>, et propose des produits innovants, imagin\u00e9s et cr\u00e9\u00e9s \u00e0 partir des besoins de danseurs de tous niveaux.<\/p>\n<p>&nbsp;<\/p>\n<p>En 2024, <strong>MERLET DANCE a c\u00e9l\u00e9br\u00e9 ses 50 ans<\/strong> au service des danseuses et danseurs du monde entier. Un anniversaire qui a \u00e9t\u00e9 marqu\u00e9 par la cr\u00e9ation d&rsquo;une paire de pointes sp\u00e9ciale et collector, fabriqu\u00e9e en 200 exemplaires seulement.<\/p>\n<p>&nbsp;<\/p>\n<p>Cette ann\u00e9e, Merlet place au c\u0153ur de sa d\u00e9marche <strong>l\u2019accessibilit\u00e9 de la danse pour tous<\/strong>. Parmi les temps forts de 2025, la cr\u00e9ation d&rsquo;une nouvelle paire de pointes C\u00c9LIA ainsi qu&rsquo;une paire de demies-pointes SOELIE, t\u00e9moigne de notre engagement constant \u00e0 innover pour r\u00e9pondre aux besoins des danseurs. Merlet poursuit ainsi sa qu\u00eate de perfection, garantissant une qualit\u00e9 absolue et un confort in\u00e9gal\u00e9 pour chaque passionn\u00e9 de danse.<\/p>\n<p>&nbsp;<\/p>\n\n\t\t<style type=\"text\/css\">\n\t\t\t#gallery-2 {\n\t\t\t\tmargin: auto;\n\t\t\t}\n\t\t\t#gallery-2 .gallery-item {\n\t\t\t\tfloat: left;\n\t\t\t\tmargin-top: 10px;\n\t\t\t\ttext-align: center;\n\t\t\t\twidth: 50%;\n\t\t\t}\n\t\t\t#gallery-2 img {\n\t\t\t\tborder: 2px solid #cfcfcf;\n\t\t\t}\n\t\t\t#gallery-2 .gallery-caption {\n\t\t\t\tmargin-left: 0;\n\t\t\t}\n\t\t\t\/* see gallery_shortcode() in wp-includes\/media.php *\/\n\t\t<\/style>\n\t\t<div id='gallery-2' class='gallery galleryid-9 gallery-columns-2 gallery-size-medium'><dl class='gallery-item'>\n\t\t\t<dt class='gallery-icon landscape'>\n\t\t\t\t<a href='https:\/\/www.qualidanse.fr\/marque-merlet\/a-propos\/design-sans-titre-2025-02-25t160641-583\/'><img loading=\"lazy\" decoding=\"async\" width=\"300\" height=\"300\" src=\"https:\/\/www.qualidanse.fr\/wp-inside\/uploads\/sites\/20\/2025\/02\/design-sans-titre-2025-02-25t160641.583-300x300.jpg\" class=\"attachment-medium size-medium\" alt=\"\" srcset=\"https:\/\/www.qualidanse.fr\/wp-inside\/uploads\/sites\/20\/2025\/02\/design-sans-titre-2025-02-25t160641.583-300x300.jpg 300w, https:\/\/www.qualidanse.fr\/wp-inside\/uploads\/sites\/20\/2025\/02\/design-sans-titre-2025-02-25t160641.583-1024x1024.jpg 1024w, https:\/\/www.qualidanse.fr\/wp-inside\/uploads\/sites\/20\/2025\/02\/design-sans-titre-2025-02-25t160641.583-150x150.jpg 150w, https:\/\/www.qualidanse.fr\/wp-inside\/uploads\/sites\/20\/2025\/02\/design-sans-titre-2025-02-25t160641.583-768x768.jpg 768w, https:\/\/www.qualidanse.fr\/wp-inside\/uploads\/sites\/20\/2025\/02\/design-sans-titre-2025-02-25t160641.583-110x110.jpg 110w, https:\/\/www.qualidanse.fr\/wp-inside\/uploads\/sites\/20\/2025\/02\/design-sans-titre-2025-02-25t160641.583-220x220.jpg 220w, https:\/\/www.qualidanse.fr\/wp-inside\/uploads\/sites\/20\/2025\/02\/design-sans-titre-2025-02-25t160641.583-100x100.jpg 100w, https:\/\/www.qualidanse.fr\/wp-inside\/uploads\/sites\/20\/2025\/02\/design-sans-titre-2025-02-25t160641.583-330x330.jpg 330w, https:\/\/www.qualidanse.fr\/wp-inside\/uploads\/sites\/20\/2025\/02\/design-sans-titre-2025-02-25t160641.583-200x200.jpg 200w, https:\/\/www.qualidanse.fr\/wp-inside\/uploads\/sites\/20\/2025\/02\/design-sans-titre-2025-02-25t160641.583.jpg 1080w\" sizes=\"auto, (max-width: 300px) 100vw, 300px\" \/><\/a>\n\t\t\t<\/dt><\/dl><dl class='gallery-item'>\n\t\t\t<dt class='gallery-icon landscape'>\n\t\t\t\t<a href='https:\/\/www.qualidanse.fr\/marque-merlet\/a-propos\/design-sans-titre-2025-02-25t160757-617\/'><img loading=\"lazy\" decoding=\"async\" width=\"300\" height=\"300\" src=\"https:\/\/www.qualidanse.fr\/wp-inside\/uploads\/sites\/20\/2025\/02\/design-sans-titre-2025-02-25t160757.617-300x300.jpg\" class=\"attachment-medium size-medium\" alt=\"\" srcset=\"https:\/\/www.qualidanse.fr\/wp-inside\/uploads\/sites\/20\/2025\/02\/design-sans-titre-2025-02-25t160757.617-300x300.jpg 300w, https:\/\/www.qualidanse.fr\/wp-inside\/uploads\/sites\/20\/2025\/02\/design-sans-titre-2025-02-25t160757.617-1024x1024.jpg 1024w, https:\/\/www.qualidanse.fr\/wp-inside\/uploads\/sites\/20\/2025\/02\/design-sans-titre-2025-02-25t160757.617-150x150.jpg 150w, https:\/\/www.qualidanse.fr\/wp-inside\/uploads\/sites\/20\/2025\/02\/design-sans-titre-2025-02-25t160757.617-768x768.jpg 768w, https:\/\/www.qualidanse.fr\/wp-inside\/uploads\/sites\/20\/2025\/02\/design-sans-titre-2025-02-25t160757.617-110x110.jpg 110w, https:\/\/www.qualidanse.fr\/wp-inside\/uploads\/sites\/20\/2025\/02\/design-sans-titre-2025-02-25t160757.617-220x220.jpg 220w, https:\/\/www.qualidanse.fr\/wp-inside\/uploads\/sites\/20\/2025\/02\/design-sans-titre-2025-02-25t160757.617-100x100.jpg 100w, https:\/\/www.qualidanse.fr\/wp-inside\/uploads\/sites\/20\/2025\/02\/design-sans-titre-2025-02-25t160757.617-330x330.jpg 330w, https:\/\/www.qualidanse.fr\/wp-inside\/uploads\/sites\/20\/2025\/02\/design-sans-titre-2025-02-25t160757.617-200x200.jpg 200w, https:\/\/www.qualidanse.fr\/wp-inside\/uploads\/sites\/20\/2025\/02\/design-sans-titre-2025-02-25t160757.617.jpg 1080w\" sizes=\"auto, (max-width: 300px) 100vw, 300px\" \/><\/a>\n\t\t\t<\/dt><\/dl><br style=\"clear: both\" \/>\n\t\t<\/div>\n\n","protected":false},"excerpt":{"rendered":"<p>&nbsp; Fabricant depuis 1974, Merlet consacre son savoir-faire et sa passion de la danse \u00e0 la conception et la fabrication de chaussons et chaussures de danse, dans la plus pure [&hellip;]<\/p>\n","protected":false},"author":3,"featured_media":0,"parent":0,"menu_order":10,"comment_status":"closed","ping_status":"closed","template":"","meta":{"_acf_changed":false,"footnotes":""},"class_list":["post-9","page","type-page","status-publish","hentry","wp-sticky"],"acf":[],"yoast_head":"<!-- This site is optimized with the Yoast SEO plugin v27.5 - https:\/\/yoast.com\/product\/yoast-seo-wordpress\/ -->\n<title>La marque | Fabrication chaussures de danse<\/title>\n<meta name=\"description\" content=\"Sp\u00e9cialiste de la chaussure de danse depuis 1974, la marque Merlet confectionne ses produits en France pr\u00e8s de Limoges.\" \/>\n<meta name=\"robots\" content=\"index, follow, max-snippet:-1, max-image-preview:large, max-video-preview:-1\" \/>\n<link rel=\"canonical\" href=\"https:\/\/www.qualidanse.fr\/marque-merlet\/a-propos\/\" \/>\n<meta property=\"og:locale\" content=\"fr_FR\" \/>\n<meta property=\"og:type\" content=\"article\" \/>\n<meta property=\"og:title\" content=\"La marque | Fabrication chaussures de danse\" \/>\n<meta property=\"og:description\" content=\"Sp\u00e9cialiste de la chaussure de danse depuis 1974, la marque Merlet confectionne ses produits en France pr\u00e8s de Limoges.\" \/>\n<meta property=\"og:url\" content=\"https:\/\/www.qualidanse.fr\/marque-merlet\/a-propos\/\" \/>\n<meta property=\"og:site_name\" content=\"Merlet\" \/>\n<meta property=\"article:modified_time\" content=\"2025-02-25T15:09:53+00:00\" \/>\n<meta property=\"og:image\" content=\"https:\/\/www.qualidanse.fr\/wp-inside\/uploads\/sites\/20\/2025\/02\/design-sans-titre-2025-02-25t160509.186-300x300.jpg\" \/>\n<meta name=\"twitter:card\" content=\"summary_large_image\" \/>\n<meta name=\"twitter:label1\" content=\"Dur\u00e9e de lecture estim\u00e9e\" \/>\n\t<meta name=\"twitter:data1\" content=\"1 minute\" \/>\n<script type=\"application\/ld+json\" class=\"yoast-schema-graph\">{\"@context\":\"https:\\\/\\\/schema.org\",\"@graph\":[{\"@type\":\"WebPage\",\"@id\":\"https:\\\/\\\/www.qualidanse.fr\\\/marque-merlet\\\/a-propos\\\/\",\"url\":\"https:\\\/\\\/www.qualidanse.fr\\\/marque-merlet\\\/a-propos\\\/\",\"name\":\"La marque | Fabrication chaussures de danse\",\"isPartOf\":{\"@id\":\"https:\\\/\\\/www.qualidanse.fr\\\/marque-merlet\\\/#website\"},\"datePublished\":\"2019-01-17T09:41:50+00:00\",\"dateModified\":\"2025-02-25T15:09:53+00:00\",\"description\":\"Sp\u00e9cialiste de la chaussure de danse depuis 1974, la marque Merlet confectionne ses produits en France pr\u00e8s de Limoges.\",\"inLanguage\":\"fr-FR\",\"potentialAction\":[{\"@type\":\"ReadAction\",\"target\":[\"https:\\\/\\\/www.qualidanse.fr\\\/marque-merlet\\\/a-propos\\\/\"]}]},{\"@type\":\"WebSite\",\"@id\":\"https:\\\/\\\/www.qualidanse.fr\\\/marque-merlet\\\/#website\",\"url\":\"https:\\\/\\\/www.qualidanse.fr\\\/marque-merlet\\\/\",\"name\":\"Merlet\",\"description\":\"\",\"potentialAction\":[{\"@type\":\"SearchAction\",\"target\":{\"@type\":\"EntryPoint\",\"urlTemplate\":\"https:\\\/\\\/www.qualidanse.fr\\\/marque-merlet\\\/?s={search_term_string}\"},\"query-input\":{\"@type\":\"PropertyValueSpecification\",\"valueRequired\":true,\"valueName\":\"search_term_string\"}}],\"inLanguage\":\"fr-FR\"}]}<\/script>\n<!-- \/ Yoast SEO plugin. -->","yoast_head_json":{"title":"La marque | Fabrication chaussures de danse","description":"Sp\u00e9cialiste de la chaussure de danse depuis 1974, la marque Merlet confectionne ses produits en France pr\u00e8s de Limoges.","robots":{"index":"index","follow":"follow","max-snippet":"max-snippet:-1","max-image-preview":"max-image-preview:large","max-video-preview":"max-video-preview:-1"},"canonical":"https:\/\/www.qualidanse.fr\/marque-merlet\/a-propos\/","og_locale":"fr_FR","og_type":"article","og_title":"La marque | Fabrication chaussures de danse","og_description":"Sp\u00e9cialiste de la chaussure de danse depuis 1974, la marque Merlet confectionne ses produits en France pr\u00e8s de Limoges.","og_url":"https:\/\/www.qualidanse.fr\/marque-merlet\/a-propos\/","og_site_name":"Merlet","article_modified_time":"2025-02-25T15:09:53+00:00","og_image":[{"url":"https:\/\/www.qualidanse.fr\/wp-inside\/uploads\/sites\/20\/2025\/02\/design-sans-titre-2025-02-25t160509.186-300x300.jpg","type":"","width":"","height":""}],"twitter_card":"summary_large_image","twitter_misc":{"Dur\u00e9e de lecture estim\u00e9e":"1 minute"},"schema":{"@context":"https:\/\/schema.org","@graph":[{"@type":"WebPage","@id":"https:\/\/www.qualidanse.fr\/marque-merlet\/a-propos\/","url":"https:\/\/www.qualidanse.fr\/marque-merlet\/a-propos\/","name":"La marque | Fabrication chaussures de danse","isPartOf":{"@id":"https:\/\/www.qualidanse.fr\/marque-merlet\/#website"},"datePublished":"2019-01-17T09:41:50+00:00","dateModified":"2025-02-25T15:09:53+00:00","description":"Sp\u00e9cialiste de la chaussure de danse depuis 1974, la marque Merlet confectionne ses produits en France pr\u00e8s de Limoges.","inLanguage":"fr-FR","potentialAction":[{"@type":"ReadAction","target":["https:\/\/www.qualidanse.fr\/marque-merlet\/a-propos\/"]}]},{"@type":"WebSite","@id":"https:\/\/www.qualidanse.fr\/marque-merlet\/#website","url":"https:\/\/www.qualidanse.fr\/marque-merlet\/","name":"Merlet","description":"","potentialAction":[{"@type":"SearchAction","target":{"@type":"EntryPoint","urlTemplate":"https:\/\/www.qualidanse.fr\/marque-merlet\/?s={search_term_string}"},"query-input":{"@type":"PropertyValueSpecification","valueRequired":true,"valueName":"search_term_string"}}],"inLanguage":"fr-FR"}]}},"_links":{"self":[{"href":"https:\/\/www.qualidanse.fr\/marque-merlet\/wp-json\/wp\/v2\/pages\/9","targetHints":{"allow":["GET"]}}],"collection":[{"href":"https:\/\/www.qualidanse.fr\/marque-merlet\/wp-json\/wp\/v2\/pages"}],"about":[{"href":"https:\/\/www.qualidanse.fr\/marque-merlet\/wp-json\/wp\/v2\/types\/page"}],"author":[{"embeddable":true,"href":"https:\/\/www.qualidanse.fr\/marque-merlet\/wp-json\/wp\/v2\/users\/3"}],"replies":[{"embeddable":true,"href":"https:\/\/www.qualidanse.fr\/marque-merlet\/wp-json\/wp\/v2\/comments?post=9"}],"version-history":[{"count":31,"href":"https:\/\/www.qualidanse.fr\/marque-merlet\/wp-json\/wp\/v2\/pages\/9\/revisions"}],"predecessor-version":[{"id":222,"href":"https:\/\/www.qualidanse.fr\/marque-merlet\/wp-json\/wp\/v2\/pages\/9\/revisions\/222"}],"wp:attachment":[{"href":"https:\/\/www.qualidanse.fr\/marque-merlet\/wp-json\/wp\/v2\/media?parent=9"}],"curies":[{"name":"wp","href":"https:\/\/api.w.org\/{rel}","templated":true}]}}