{"id":7,"date":"2025-01-28T15:03:28","date_gmt":"2025-01-28T14:03:28","guid":{"rendered":"https:\/\/www.qualidanse.fr\/marque-werner-kern\/?page_id=7"},"modified":"2026-01-11T16:00:30","modified_gmt":"2026-01-11T15:00:30","slug":"werner-kern","status":"publish","type":"page","link":"https:\/\/www.qualidanse.fr\/marque-werner-kern\/","title":{"rendered":"Werner Kern"},"content":{"rendered":"\n\t\t<style type=\"text\/css\">\n\t\t\t#gallery-1 {\n\t\t\t\tmargin: auto;\n\t\t\t}\n\t\t\t#gallery-1 .gallery-item {\n\t\t\t\tfloat: left;\n\t\t\t\tmargin-top: 10px;\n\t\t\t\ttext-align: center;\n\t\t\t\twidth: 25%;\n\t\t\t}\n\t\t\t#gallery-1 img {\n\t\t\t\tborder: 2px solid #cfcfcf;\n\t\t\t}\n\t\t\t#gallery-1 .gallery-caption {\n\t\t\t\tmargin-left: 0;\n\t\t\t}\n\t\t\t\/* see gallery_shortcode() in wp-includes\/media.php *\/\n\t\t<\/style>\n\t\t<div id='gallery-1' class='gallery galleryid-7 gallery-columns-4 gallery-size-medium'><dl class='gallery-item'>\n\t\t\t<dt class='gallery-icon landscape'>\n\t\t\t\t<a href='https:\/\/www.qualidanse.fr\/marque-werner-kern\/l1180192\/'><img loading=\"lazy\" decoding=\"async\" width=\"300\" height=\"200\" src=\"https:\/\/www.qualidanse.fr\/wp-inside\/uploads\/sites\/22\/2026\/01\/l1180192-300x200.jpg\" class=\"attachment-medium size-medium\" alt=\"\" srcset=\"https:\/\/www.qualidanse.fr\/wp-inside\/uploads\/sites\/22\/2026\/01\/l1180192-300x200.jpg 300w, https:\/\/www.qualidanse.fr\/wp-inside\/uploads\/sites\/22\/2026\/01\/l1180192-1024x683.jpg 1024w, https:\/\/www.qualidanse.fr\/wp-inside\/uploads\/sites\/22\/2026\/01\/l1180192-768x512.jpg 768w, https:\/\/www.qualidanse.fr\/wp-inside\/uploads\/sites\/22\/2026\/01\/l1180192-1536x1025.jpg 1536w, https:\/\/www.qualidanse.fr\/wp-inside\/uploads\/sites\/22\/2026\/01\/l1180192-165x110.jpg 165w, https:\/\/www.qualidanse.fr\/wp-inside\/uploads\/sites\/22\/2026\/01\/l1180192-330x220.jpg 330w, https:\/\/www.qualidanse.fr\/wp-inside\/uploads\/sites\/22\/2026\/01\/l1180192-150x100.jpg 150w, https:\/\/www.qualidanse.fr\/wp-inside\/uploads\/sites\/22\/2026\/01\/l1180192-200x133.jpg 200w, https:\/\/www.qualidanse.fr\/wp-inside\/uploads\/sites\/22\/2026\/01\/l1180192-225x150.jpg 225w, https:\/\/www.qualidanse.fr\/wp-inside\/uploads\/sites\/22\/2026\/01\/l1180192.jpg 2000w\" sizes=\"auto, (max-width: 300px) 100vw, 300px\" \/><\/a>\n\t\t\t<\/dt><\/dl><dl class='gallery-item'>\n\t\t\t<dt class='gallery-icon landscape'>\n\t\t\t\t<a href='https:\/\/www.qualidanse.fr\/marque-werner-kern\/l1180022\/'><img loading=\"lazy\" decoding=\"async\" width=\"300\" height=\"200\" src=\"https:\/\/www.qualidanse.fr\/wp-inside\/uploads\/sites\/22\/2026\/01\/l1180022-300x200.jpg\" class=\"attachment-medium size-medium\" alt=\"\" srcset=\"https:\/\/www.qualidanse.fr\/wp-inside\/uploads\/sites\/22\/2026\/01\/l1180022-300x200.jpg 300w, https:\/\/www.qualidanse.fr\/wp-inside\/uploads\/sites\/22\/2026\/01\/l1180022-1024x683.jpg 1024w, https:\/\/www.qualidanse.fr\/wp-inside\/uploads\/sites\/22\/2026\/01\/l1180022-768x512.jpg 768w, https:\/\/www.qualidanse.fr\/wp-inside\/uploads\/sites\/22\/2026\/01\/l1180022-1536x1025.jpg 1536w, https:\/\/www.qualidanse.fr\/wp-inside\/uploads\/sites\/22\/2026\/01\/l1180022-165x110.jpg 165w, https:\/\/www.qualidanse.fr\/wp-inside\/uploads\/sites\/22\/2026\/01\/l1180022-330x220.jpg 330w, https:\/\/www.qualidanse.fr\/wp-inside\/uploads\/sites\/22\/2026\/01\/l1180022-150x100.jpg 150w, https:\/\/www.qualidanse.fr\/wp-inside\/uploads\/sites\/22\/2026\/01\/l1180022-200x133.jpg 200w, https:\/\/www.qualidanse.fr\/wp-inside\/uploads\/sites\/22\/2026\/01\/l1180022-225x150.jpg 225w, https:\/\/www.qualidanse.fr\/wp-inside\/uploads\/sites\/22\/2026\/01\/l1180022.jpg 2000w\" sizes=\"auto, (max-width: 300px) 100vw, 300px\" \/><\/a>\n\t\t\t<\/dt><\/dl><dl class='gallery-item'>\n\t\t\t<dt class='gallery-icon landscape'>\n\t\t\t\t<a href='https:\/\/www.qualidanse.fr\/marque-werner-kern\/l1170799\/'><img loading=\"lazy\" decoding=\"async\" width=\"300\" height=\"200\" src=\"https:\/\/www.qualidanse.fr\/wp-inside\/uploads\/sites\/22\/2026\/01\/l1170799-300x200.jpg\" class=\"attachment-medium size-medium\" alt=\"\" srcset=\"https:\/\/www.qualidanse.fr\/wp-inside\/uploads\/sites\/22\/2026\/01\/l1170799-300x200.jpg 300w, https:\/\/www.qualidanse.fr\/wp-inside\/uploads\/sites\/22\/2026\/01\/l1170799-1024x683.jpg 1024w, https:\/\/www.qualidanse.fr\/wp-inside\/uploads\/sites\/22\/2026\/01\/l1170799-768x512.jpg 768w, https:\/\/www.qualidanse.fr\/wp-inside\/uploads\/sites\/22\/2026\/01\/l1170799-1536x1025.jpg 1536w, https:\/\/www.qualidanse.fr\/wp-inside\/uploads\/sites\/22\/2026\/01\/l1170799-165x110.jpg 165w, https:\/\/www.qualidanse.fr\/wp-inside\/uploads\/sites\/22\/2026\/01\/l1170799-330x220.jpg 330w, https:\/\/www.qualidanse.fr\/wp-inside\/uploads\/sites\/22\/2026\/01\/l1170799-150x100.jpg 150w, https:\/\/www.qualidanse.fr\/wp-inside\/uploads\/sites\/22\/2026\/01\/l1170799-200x133.jpg 200w, https:\/\/www.qualidanse.fr\/wp-inside\/uploads\/sites\/22\/2026\/01\/l1170799-225x150.jpg 225w, https:\/\/www.qualidanse.fr\/wp-inside\/uploads\/sites\/22\/2026\/01\/l1170799.jpg 2000w\" sizes=\"auto, (max-width: 300px) 100vw, 300px\" \/><\/a>\n\t\t\t<\/dt><\/dl><dl class='gallery-item'>\n\t\t\t<dt class='gallery-icon landscape'>\n\t\t\t\t<a href='https:\/\/www.qualidanse.fr\/marque-werner-kern\/l1170763\/'><img loading=\"lazy\" decoding=\"async\" width=\"300\" height=\"200\" src=\"https:\/\/www.qualidanse.fr\/wp-inside\/uploads\/sites\/22\/2026\/01\/l1170763-300x200.jpg\" class=\"attachment-medium size-medium\" alt=\"\" srcset=\"https:\/\/www.qualidanse.fr\/wp-inside\/uploads\/sites\/22\/2026\/01\/l1170763-300x200.jpg 300w, https:\/\/www.qualidanse.fr\/wp-inside\/uploads\/sites\/22\/2026\/01\/l1170763-1024x683.jpg 1024w, https:\/\/www.qualidanse.fr\/wp-inside\/uploads\/sites\/22\/2026\/01\/l1170763-768x512.jpg 768w, https:\/\/www.qualidanse.fr\/wp-inside\/uploads\/sites\/22\/2026\/01\/l1170763-1536x1025.jpg 1536w, https:\/\/www.qualidanse.fr\/wp-inside\/uploads\/sites\/22\/2026\/01\/l1170763-165x110.jpg 165w, https:\/\/www.qualidanse.fr\/wp-inside\/uploads\/sites\/22\/2026\/01\/l1170763-330x220.jpg 330w, https:\/\/www.qualidanse.fr\/wp-inside\/uploads\/sites\/22\/2026\/01\/l1170763-150x100.jpg 150w, https:\/\/www.qualidanse.fr\/wp-inside\/uploads\/sites\/22\/2026\/01\/l1170763-200x133.jpg 200w, https:\/\/www.qualidanse.fr\/wp-inside\/uploads\/sites\/22\/2026\/01\/l1170763-225x150.jpg 225w, https:\/\/www.qualidanse.fr\/wp-inside\/uploads\/sites\/22\/2026\/01\/l1170763.jpg 2000w\" sizes=\"auto, (max-width: 300px) 100vw, 300px\" \/><\/a>\n\t\t\t<\/dt><\/dl><br style=\"clear: both\" \/>\n\t\t<\/div>\n\n<p><strong>Werner Kern est une soci\u00e9t\u00e9 familiale<\/strong>, sp\u00e9cialis\u00e9e dans la cr\u00e9ation et la fabrication de chaussures de danse. La soci\u00e9t\u00e9 a \u00e9t\u00e9 cr\u00e9\u00e9e par Monsieur Werner Kern en 1954 qui depuis, a pass\u00e9 le flambeau \u00e0 ses enfants.<\/p>\n<p>Nous proposons 3 gammes de chaussures (et de sneakers) <strong>de danse de salon et sportive.<\/strong><\/p>\n<p>Chez Werner Kern nous avons \u00e0 c\u0153ur de proposer, dans toutes nos diff\u00e9rentes gammes,<strong> un large choix de mod\u00e8les, \u00e9galement pour MONSIEUR.<\/strong><\/p>\n<p>Pour les dames, chacune trouvera dans nos gammes une chaussure id\u00e9ale pour la morphologie de son pied. Diff\u00e9rentes hauteurs de talons, de 1 \u00e0 8cm, des chaussures \u00e0 bout ouverts ou \u00e0 bouts ferm\u00e9s, et des mod\u00e8les plus ou moins larges. <strong>Tout, dans nos mod\u00e8les de chaussures de danse, a \u00e9t\u00e9 pens\u00e9 pour \u00e9pouser au mieux les pieds des danseuses<\/strong>.<\/p>\n<h2>WERNER KERN<\/h2>\n<p>Des chaussures de danse tr\u00e8s confortables proposant une ligne sp\u00e9ciale \u2018<strong>confort<\/strong>\u2019 pr\u00e9sentant une semelle pr\u00e9form\u00e9e ainsi que des chaussures avec semelles int\u00e9rieures amovibles. Elles sont confectionn\u00e9es dans des cuirs italiens de tr\u00e8s grande qualit\u00e9.<\/p>\n<p>Toutes les chaussures de danse Werner Kern sont manufactur\u00e9es dans notre usine en Italie.<\/p>\n\n\t\t<style type=\"text\/css\">\n\t\t\t#gallery-2 {\n\t\t\t\tmargin: auto;\n\t\t\t}\n\t\t\t#gallery-2 .gallery-item {\n\t\t\t\tfloat: left;\n\t\t\t\tmargin-top: 10px;\n\t\t\t\ttext-align: center;\n\t\t\t\twidth: 100%;\n\t\t\t}\n\t\t\t#gallery-2 img {\n\t\t\t\tborder: 2px solid #cfcfcf;\n\t\t\t}\n\t\t\t#gallery-2 .gallery-caption {\n\t\t\t\tmargin-left: 0;\n\t\t\t}\n\t\t\t\/* see gallery_shortcode() in wp-includes\/media.php *\/\n\t\t<\/style>\n\t\t<div id='gallery-2' class='gallery galleryid-7 gallery-columns-1 gallery-size-medium'><dl class='gallery-item'>\n\t\t\t<dt class='gallery-icon landscape'>\n\t\t\t\t<a href='https:\/\/www.qualidanse.fr\/marque-werner-kern\/gruppenbild_italien\/'><img loading=\"lazy\" decoding=\"async\" width=\"300\" height=\"220\" src=\"https:\/\/www.qualidanse.fr\/wp-inside\/uploads\/sites\/22\/2025\/01\/gruppenbild_italien-300x220.jpg\" class=\"attachment-medium size-medium\" alt=\"\" srcset=\"https:\/\/www.qualidanse.fr\/wp-inside\/uploads\/sites\/22\/2025\/01\/gruppenbild_italien-300x220.jpg 300w, https:\/\/www.qualidanse.fr\/wp-inside\/uploads\/sites\/22\/2025\/01\/gruppenbild_italien-1024x750.jpg 1024w, https:\/\/www.qualidanse.fr\/wp-inside\/uploads\/sites\/22\/2025\/01\/gruppenbild_italien-768x563.jpg 768w, https:\/\/www.qualidanse.fr\/wp-inside\/uploads\/sites\/22\/2025\/01\/gruppenbild_italien-150x110.jpg 150w, https:\/\/www.qualidanse.fr\/wp-inside\/uploads\/sites\/22\/2025\/01\/gruppenbild_italien-136x100.jpg 136w, https:\/\/www.qualidanse.fr\/wp-inside\/uploads\/sites\/22\/2025\/01\/gruppenbild_italien-330x242.jpg 330w, https:\/\/www.qualidanse.fr\/wp-inside\/uploads\/sites\/22\/2025\/01\/gruppenbild_italien-200x147.jpg 200w, https:\/\/www.qualidanse.fr\/wp-inside\/uploads\/sites\/22\/2025\/01\/gruppenbild_italien-205x150.jpg 205w, https:\/\/www.qualidanse.fr\/wp-inside\/uploads\/sites\/22\/2025\/01\/gruppenbild_italien.jpg 1500w\" sizes=\"auto, (max-width: 300px) 100vw, 300px\" \/><\/a>\n\t\t\t<\/dt><\/dl><br style=\"clear: both\" \/>\n\t\t<\/div>\n\n<h2>NUEVA EPOCA<\/h2>\n<p>Une ligne de chaussures de danse <strong>haut de gamme<\/strong> destin\u00e9e principalement \u00e0 la <strong>danse Latine et au tango<br \/>\n<\/strong><\/p>\n<p>Les mod\u00e8les Nueva Epoca sont fabriqu\u00e9s dans des cuirs Italiens de tr\u00e8s grande qualit\u00e9, et sont manufactur\u00e9es dans notre usine en Italie.<\/p>\n\n\t\t<style type=\"text\/css\">\n\t\t\t#gallery-3 {\n\t\t\t\tmargin: auto;\n\t\t\t}\n\t\t\t#gallery-3 .gallery-item {\n\t\t\t\tfloat: left;\n\t\t\t\tmargin-top: 10px;\n\t\t\t\ttext-align: center;\n\t\t\t\twidth: 100%;\n\t\t\t}\n\t\t\t#gallery-3 img {\n\t\t\t\tborder: 2px solid #cfcfcf;\n\t\t\t}\n\t\t\t#gallery-3 .gallery-caption {\n\t\t\t\tmargin-left: 0;\n\t\t\t}\n\t\t\t\/* see gallery_shortcode() in wp-includes\/media.php *\/\n\t\t<\/style>\n\t\t<div id='gallery-3' class='gallery galleryid-7 gallery-columns-1 gallery-size-medium'><dl class='gallery-item'>\n\t\t\t<dt class='gallery-icon landscape'>\n\t\t\t\t<a href='https:\/\/www.qualidanse.fr\/marque-werner-kern\/echtes-leder\/'><img loading=\"lazy\" decoding=\"async\" width=\"300\" height=\"243\" src=\"https:\/\/www.qualidanse.fr\/wp-inside\/uploads\/sites\/22\/2025\/01\/echtes-leder-300x243.jpg\" class=\"attachment-medium size-medium\" alt=\"\" srcset=\"https:\/\/www.qualidanse.fr\/wp-inside\/uploads\/sites\/22\/2025\/01\/echtes-leder-300x243.jpg 300w, https:\/\/www.qualidanse.fr\/wp-inside\/uploads\/sites\/22\/2025\/01\/echtes-leder-1024x829.jpg 1024w, https:\/\/www.qualidanse.fr\/wp-inside\/uploads\/sites\/22\/2025\/01\/echtes-leder-768x622.jpg 768w, https:\/\/www.qualidanse.fr\/wp-inside\/uploads\/sites\/22\/2025\/01\/echtes-leder-136x110.jpg 136w, https:\/\/www.qualidanse.fr\/wp-inside\/uploads\/sites\/22\/2025\/01\/echtes-leder-272x220.jpg 272w, https:\/\/www.qualidanse.fr\/wp-inside\/uploads\/sites\/22\/2025\/01\/echtes-leder-123x100.jpg 123w, https:\/\/www.qualidanse.fr\/wp-inside\/uploads\/sites\/22\/2025\/01\/echtes-leder-330x267.jpg 330w, https:\/\/www.qualidanse.fr\/wp-inside\/uploads\/sites\/22\/2025\/01\/echtes-leder-200x162.jpg 200w, https:\/\/www.qualidanse.fr\/wp-inside\/uploads\/sites\/22\/2025\/01\/echtes-leder-185x150.jpg 185w, https:\/\/www.qualidanse.fr\/wp-inside\/uploads\/sites\/22\/2025\/01\/echtes-leder.jpg 1300w\" sizes=\"auto, (max-width: 300px) 100vw, 300px\" \/><\/a>\n\t\t\t<\/dt><\/dl><br style=\"clear: both\" \/>\n\t\t<\/div>\n\n<h2>ANNA KERN<\/h2>\n<p>La ligne de chaussures de danse Anna Kern pr\u00e9sente une offre diff\u00e9rente : lignes \u00e0 prix doux, allant de la chaussure \u00e0 talon de 1 cm &#8211;<strong>West Coast<\/strong>&#8211; \u00e0 la chaussure \u00e0 plateau et talon de 9cm en passant par des <strong>sneakers<\/strong> et les chaussures \u00e0 <strong>strass<\/strong>.<\/p>\n<p>&nbsp;<\/p>\n<p><em><strong>NOUS VOUS PROPOSONS DES CHAUSSURES POUR TOUTE LES DANSES SPORTIVES\u00a0:<\/strong><\/em><\/p>\n<div class=\"row\">\n<div class=\"small-12 medium-6 columns\" style=\"padding-bottom: 20px\">\n<ul>\n<li>Danses latines<\/li>\n<li>tango argentin<\/li>\n<li>west coast<\/li>\n<li>bachata<\/li>\n<li>valse<\/li>\n<li>slow fox<\/li>\n<li>quick step<\/li>\n<li>samba<\/li>\n<li>chachacha<\/li>\n<\/ul>\n<\/div>\n<div class=\"small-12 medium-6 columns\">\n<ul>\n<li>rumba<\/li>\n<li>paso doble<\/li>\n<li>give<\/li>\n<li>country<\/li>\n<li>kizomba<\/li>\n<li>rock<\/li>\n<li>salsa<\/li>\n<li>lindy hop<\/li>\n<li>bougie woogie<\/li>\n<\/ul>\n<\/div>\n<\/div>\n","protected":false},"excerpt":{"rendered":"<p>Werner Kern est une soci\u00e9t\u00e9 familiale, sp\u00e9cialis\u00e9e dans la cr\u00e9ation et la fabrication de chaussures de danse. La soci\u00e9t\u00e9 a \u00e9t\u00e9 cr\u00e9\u00e9e par Monsieur Werner Kern en 1954 qui depuis, [&hellip;]<\/p>\n","protected":false},"author":3,"featured_media":0,"parent":0,"menu_order":0,"comment_status":"closed","ping_status":"closed","template":"","meta":{"_acf_changed":false,"footnotes":""},"class_list":["post-7","page","type-page","status-publish","hentry","wp-sticky"],"acf":[],"yoast_head":"<!-- This site is optimized with the Yoast SEO plugin v27.6 - https:\/\/yoast.com\/product\/yoast-seo-wordpress\/ -->\n<title>Chaussures de danse de salon &amp; sportive, marque de danse<\/title>\n<meta name=\"description\" content=\"La marque de danse Werner Kern, labellis\u00e9e Qualidanse, propose des chaussures de danse de salon et danse sportive.\" \/>\n<meta name=\"robots\" content=\"index, follow, max-snippet:-1, max-image-preview:large, max-video-preview:-1\" \/>\n<link rel=\"canonical\" href=\"https:\/\/www.qualidanse.fr\/marque-werner-kern\/\" \/>\n<meta property=\"og:locale\" content=\"fr_FR\" \/>\n<meta property=\"og:type\" content=\"article\" \/>\n<meta property=\"og:title\" content=\"Chaussures de danse de salon &amp; sportive, marque de danse\" \/>\n<meta property=\"og:description\" content=\"La marque de danse Werner Kern, labellis\u00e9e Qualidanse, propose des chaussures de danse de salon et danse sportive.\" \/>\n<meta property=\"og:url\" content=\"https:\/\/www.qualidanse.fr\/marque-werner-kern\/\" \/>\n<meta property=\"og:site_name\" content=\"Werner Kern\" \/>\n<meta property=\"article:modified_time\" content=\"2026-01-11T15:00:30+00:00\" \/>\n<meta property=\"og:image\" content=\"https:\/\/www.qualidanse.fr\/wp-inside\/uploads\/sites\/22\/2026\/01\/l1180192-300x200.jpg\" \/>\n<meta name=\"twitter:card\" content=\"summary_large_image\" \/>\n<meta name=\"twitter:label1\" content=\"Dur\u00e9e de lecture estim\u00e9e\" \/>\n\t<meta name=\"twitter:data1\" content=\"2 minutes\" \/>\n<script type=\"application\/ld+json\" class=\"yoast-schema-graph\">{\"@context\":\"https:\\\/\\\/schema.org\",\"@graph\":[{\"@type\":\"WebPage\",\"@id\":\"https:\\\/\\\/www.qualidanse.fr\\\/marque-werner-kern\\\/\",\"url\":\"https:\\\/\\\/www.qualidanse.fr\\\/marque-werner-kern\\\/\",\"name\":\"Chaussures de danse de salon & sportive, marque de danse\",\"isPartOf\":{\"@id\":\"https:\\\/\\\/www.qualidanse.fr\\\/marque-werner-kern\\\/#website\"},\"datePublished\":\"2025-01-28T14:03:28+00:00\",\"dateModified\":\"2026-01-11T15:00:30+00:00\",\"description\":\"La marque de danse Werner Kern, labellis\u00e9e Qualidanse, propose des chaussures de danse de salon et danse sportive.\",\"inLanguage\":\"fr-FR\",\"potentialAction\":[{\"@type\":\"ReadAction\",\"target\":[\"https:\\\/\\\/www.qualidanse.fr\\\/marque-werner-kern\\\/\"]}]},{\"@type\":\"WebSite\",\"@id\":\"https:\\\/\\\/www.qualidanse.fr\\\/marque-werner-kern\\\/#website\",\"url\":\"https:\\\/\\\/www.qualidanse.fr\\\/marque-werner-kern\\\/\",\"name\":\"Werner Kern\",\"description\":\"\",\"potentialAction\":[{\"@type\":\"SearchAction\",\"target\":{\"@type\":\"EntryPoint\",\"urlTemplate\":\"https:\\\/\\\/www.qualidanse.fr\\\/marque-werner-kern\\\/?s={search_term_string}\"},\"query-input\":{\"@type\":\"PropertyValueSpecification\",\"valueRequired\":true,\"valueName\":\"search_term_string\"}}],\"inLanguage\":\"fr-FR\"}]}<\/script>\n<!-- \/ Yoast SEO plugin. -->","yoast_head_json":{"title":"Chaussures de danse de salon & sportive, marque de danse","description":"La marque de danse Werner Kern, labellis\u00e9e Qualidanse, propose des chaussures de danse de salon et danse sportive.","robots":{"index":"index","follow":"follow","max-snippet":"max-snippet:-1","max-image-preview":"max-image-preview:large","max-video-preview":"max-video-preview:-1"},"canonical":"https:\/\/www.qualidanse.fr\/marque-werner-kern\/","og_locale":"fr_FR","og_type":"article","og_title":"Chaussures de danse de salon & sportive, marque de danse","og_description":"La marque de danse Werner Kern, labellis\u00e9e Qualidanse, propose des chaussures de danse de salon et danse sportive.","og_url":"https:\/\/www.qualidanse.fr\/marque-werner-kern\/","og_site_name":"Werner Kern","article_modified_time":"2026-01-11T15:00:30+00:00","og_image":[{"url":"https:\/\/www.qualidanse.fr\/wp-inside\/uploads\/sites\/22\/2026\/01\/l1180192-300x200.jpg","type":"","width":"","height":""}],"twitter_card":"summary_large_image","twitter_misc":{"Dur\u00e9e de lecture estim\u00e9e":"2 minutes"},"schema":{"@context":"https:\/\/schema.org","@graph":[{"@type":"WebPage","@id":"https:\/\/www.qualidanse.fr\/marque-werner-kern\/","url":"https:\/\/www.qualidanse.fr\/marque-werner-kern\/","name":"Chaussures de danse de salon & sportive, marque de danse","isPartOf":{"@id":"https:\/\/www.qualidanse.fr\/marque-werner-kern\/#website"},"datePublished":"2025-01-28T14:03:28+00:00","dateModified":"2026-01-11T15:00:30+00:00","description":"La marque de danse Werner Kern, labellis\u00e9e Qualidanse, propose des chaussures de danse de salon et danse sportive.","inLanguage":"fr-FR","potentialAction":[{"@type":"ReadAction","target":["https:\/\/www.qualidanse.fr\/marque-werner-kern\/"]}]},{"@type":"WebSite","@id":"https:\/\/www.qualidanse.fr\/marque-werner-kern\/#website","url":"https:\/\/www.qualidanse.fr\/marque-werner-kern\/","name":"Werner Kern","description":"","potentialAction":[{"@type":"SearchAction","target":{"@type":"EntryPoint","urlTemplate":"https:\/\/www.qualidanse.fr\/marque-werner-kern\/?s={search_term_string}"},"query-input":{"@type":"PropertyValueSpecification","valueRequired":true,"valueName":"search_term_string"}}],"inLanguage":"fr-FR"}]}},"_links":{"self":[{"href":"https:\/\/www.qualidanse.fr\/marque-werner-kern\/wp-json\/wp\/v2\/pages\/7","targetHints":{"allow":["GET"]}}],"collection":[{"href":"https:\/\/www.qualidanse.fr\/marque-werner-kern\/wp-json\/wp\/v2\/pages"}],"about":[{"href":"https:\/\/www.qualidanse.fr\/marque-werner-kern\/wp-json\/wp\/v2\/types\/page"}],"author":[{"embeddable":true,"href":"https:\/\/www.qualidanse.fr\/marque-werner-kern\/wp-json\/wp\/v2\/users\/3"}],"replies":[{"embeddable":true,"href":"https:\/\/www.qualidanse.fr\/marque-werner-kern\/wp-json\/wp\/v2\/comments?post=7"}],"version-history":[{"count":19,"href":"https:\/\/www.qualidanse.fr\/marque-werner-kern\/wp-json\/wp\/v2\/pages\/7\/revisions"}],"predecessor-version":[{"id":277,"href":"https:\/\/www.qualidanse.fr\/marque-werner-kern\/wp-json\/wp\/v2\/pages\/7\/revisions\/277"}],"wp:attachment":[{"href":"https:\/\/www.qualidanse.fr\/marque-werner-kern\/wp-json\/wp\/v2\/media?parent=7"}],"curies":[{"name":"wp","href":"https:\/\/api.w.org\/{rel}","templated":true}]}}